{"id":8202,"date":"2024-05-31T09:31:22","date_gmt":"2024-05-31T09:31:22","guid":{"rendered":"https:\/\/coscyl.com\/?page_id=8202"},"modified":"2024-06-20T09:36:06","modified_gmt":"2024-06-20T09:36:06","slug":"podcast-cuaderno-sonoro","status":"publish","type":"page","link":"https:\/\/coscyl.com\/en\/podcast-cuaderno-sonoro\/","title":{"rendered":"Podcast \u00abCuaderno sonoro\u00bb"},"content":{"rendered":"<div data-elementor-type=\"wp-page\" data-elementor-id=\"8202\" class=\"elementor elementor-8202\" data-elementor-post-type=\"page\">\n\t\t\t\t<div class=\"elementor-element elementor-element-1bd9d42 e-con-full e-flex e-con e-parent\" data-id=\"1bd9d42\" data-element_type=\"container\" data-settings=\"{&quot;background_background&quot;:&quot;classic&quot;}\">\n\t\t<div class=\"elementor-element elementor-element-85364dc e-con-full e-flex e-con e-child\" data-id=\"85364dc\" data-element_type=\"container\">\n\t\t\t\t<div class=\"elementor-element elementor-element-7a3b68b elementor-widget elementor-widget-heading\" data-id=\"7a3b68b\" data-element_type=\"widget\" data-widget_type=\"heading.default\">\n\t\t\t\t<div class=\"elementor-widget-container\">\n\t\t\t\t\t<h2 class=\"elementor-heading-title elementor-size-default\">Podcast<\/h2>\t\t\t\t<\/div>\n\t\t\t\t<\/div>\n\t\t\t\t<div class=\"elementor-element elementor-element-09a5268 elementor-widget elementor-widget-heading\" data-id=\"09a5268\" data-element_type=\"widget\" data-widget_type=\"heading.default\">\n\t\t\t\t<div class=\"elementor-widget-container\">\n\t\t\t\t\t<h2 class=\"elementor-heading-title elementor-size-default\">Cuaderno sonoro<\/h2>\t\t\t\t<\/div>\n\t\t\t\t<\/div>\n\t\t\t\t<div class=\"elementor-element elementor-element-2b90929 elementor-widget-divider--view-line elementor-widget elementor-widget-divider\" data-id=\"2b90929\" data-element_type=\"widget\" data-widget_type=\"divider.default\">\n\t\t\t\t<div class=\"elementor-widget-container\">\n\t\t\t\t\t\t\t<div class=\"elementor-divider\">\n\t\t\t<span class=\"elementor-divider-separator\">\n\t\t\t\t\t\t<\/span>\n\t\t<\/div>\n\t\t\t\t\t\t<\/div>\n\t\t\t\t<\/div>\n\t\t\t\t<\/div>\n\t\t\t\t<\/div>\n\t\t<div class=\"elementor-element elementor-element-7302a77 e-flex e-con-boxed e-con e-parent\" data-id=\"7302a77\" data-element_type=\"container\" data-settings=\"{&quot;background_background&quot;:&quot;classic&quot;}\">\n\t\t\t\t\t<div class=\"e-con-inner\">\n\t\t<div class=\"elementor-element elementor-element-fec150e e-flex e-con-boxed e-con e-child\" data-id=\"fec150e\" data-element_type=\"container\">\n\t\t\t\t\t<div class=\"e-con-inner\">\n\t\t\t\t<div class=\"elementor-element elementor-element-59d6141 elementor-widget elementor-widget-image\" data-id=\"59d6141\" data-element_type=\"widget\" data-widget_type=\"image.default\">\n\t\t\t\t<div class=\"elementor-widget-container\">\n\t\t\t\t\t\t\t\t\t\t\t\t\t\t\t<img decoding=\"async\" width=\"150\" height=\"150\" src=\"https:\/\/coscyl.com\/wp-content\/uploads\/2024\/05\/cuaderno-sonoro-150x150.png\" class=\"attachment-thumbnail size-thumbnail wp-image-8204\" alt=\"\" srcset=\"https:\/\/coscyl.com\/wp-content\/uploads\/2024\/05\/cuaderno-sonoro-150x150.png 150w, https:\/\/coscyl.com\/wp-content\/uploads\/2024\/05\/cuaderno-sonoro-300x300.png 300w, https:\/\/coscyl.com\/wp-content\/uploads\/2024\/05\/cuaderno-sonoro-12x12.png 12w, https:\/\/coscyl.com\/wp-content\/uploads\/2024\/05\/cuaderno-sonoro.png 500w\" sizes=\"(max-width: 150px) 100vw, 150px\" \/>\t\t\t\t\t\t\t\t\t\t\t\t\t\t\t<\/div>\n\t\t\t\t<\/div>\n\t\t<div class=\"elementor-element elementor-element-8535609 e-flex e-con-boxed e-con e-child\" data-id=\"8535609\" data-element_type=\"container\">\n\t\t\t\t\t<div class=\"e-con-inner\">\n\t\t\t\t<div class=\"elementor-element elementor-element-a71d743 elementor-widget elementor-widget-text-editor\" data-id=\"a71d743\" data-element_type=\"widget\" data-widget_type=\"text-editor.default\">\n\t\t\t\t<div class=\"elementor-widget-container\">\n\t\t\t\t\t\t\t\t\t<p>Sonido y silencio compone esta serie de podcast elaborados por el alumnado\u00a0<span style=\"text-align: var(--text-align); font-size: 1rem;\">del CoSCyL. Breves dosis de conocimiento aptas para todos los p\u00fablicos sobre\u00a0<\/span><span style=\"text-align: var(--text-align); font-size: 1rem;\">m\u00fasicas de todos los gustos.<\/span><\/p>\t\t\t\t\t\t\t\t<\/div>\n\t\t\t\t<\/div>\n\t\t\t\t\t<\/div>\n\t\t\t\t<\/div>\n\t\t\t\t\t<\/div>\n\t\t\t\t<\/div>\n\t\t<div class=\"elementor-element elementor-element-1b22d7e e-flex e-con-boxed e-con e-child\" data-id=\"1b22d7e\" data-element_type=\"container\">\n\t\t\t\t\t<div class=\"e-con-inner\">\n\t\t\t\t<div class=\"elementor-element elementor-element-c8dbde2 elementor-widget elementor-widget-heading\" data-id=\"c8dbde2\" data-element_type=\"widget\" data-widget_type=\"heading.default\">\n\t\t\t\t<div class=\"elementor-widget-container\">\n\t\t\t\t\t<h2 class=\"elementor-heading-title elementor-size-default\">Episodios<\/h2>\t\t\t\t<\/div>\n\t\t\t\t<\/div>\n\t\t\t\t<div class=\"elementor-element elementor-element-2308d51 elementor-widget elementor-widget-text-editor\" data-id=\"2308d51\" data-element_type=\"widget\" data-widget_type=\"text-editor.default\">\n\t\t\t\t<div class=\"elementor-widget-container\">\n\t\t\t\t\t\t\t\t\t<p dir=\"ltr\" style=\"line-height: 1.2; margin-top: 0pt; margin-bottom: 0pt;\"><span style=\"font-size: 12pt; font-family: Aptos; color: #000000; background-color: transparent; font-weight: bold; font-style: normal; font-variant-ligatures: normal; font-variant-caps: normal; font-variant-alternates: normal; font-variant-numeric: normal; font-variant-east-asian: normal; font-variant-position: normal; text-decoration: none; vertical-align: baseline; white-space: pre-wrap;\">C. S. 1<\/span><span style=\"font-size: 12pt; font-family: Aptos; color: #000000; background-color: transparent; font-weight: 400; font-style: normal; font-variant-ligatures: normal; font-variant-caps: normal; font-variant-alternates: normal; font-variant-numeric: normal; font-variant-east-asian: normal; font-variant-position: normal; text-decoration: none; vertical-align: baseline; white-space: pre-wrap;\">. <\/span><span style=\"font-size: 12pt; font-family: Aptos; color: #000000; background-color: transparent; font-weight: 400; font-style: italic; font-variant-ligatures: normal; font-variant-caps: normal; font-variant-alternates: normal; font-variant-numeric: normal; font-variant-east-asian: normal; font-variant-position: normal; text-decoration: none; vertical-align: baseline; white-space: pre-wrap;\">Los g\u00e9neros en la Magna Antolog\u00eda del folklore musical de Espa\u00f1a, de Manuel Garc\u00eda Matos.<\/span><\/p>\n<p><span style=\"color: #000000; font-family: Aptos; font-size: 12pt; white-space: pre-wrap; text-align: var(--text-align);\">\u00abLa Magna\u00bb, como se denomina coloquialmente, es una colecci\u00f3n sonora de referencia para aquellos interesados en acercarse a la m\u00fasica tradicional de Espa\u00f1a. En este cap\u00edtulo os desvelamos que m\u00e1s all\u00e1 del sonido, este repertorio conlleva una funcionalidad asociada, inherente y necesaria para su existencia, m\u00e1s all\u00e1 de disfrute o valor est\u00e9tico.<\/span><\/p>\n<p dir=\"ltr\" style=\"line-height: 1.2; margin-top: 0pt; margin-bottom: 0pt;\">\n<\/p>\t\t\t\t\t\t\t\t<\/div>\n\t\t\t\t<\/div>\n\t\t\t\t<div class=\"elementor-element elementor-element-9af8c1c elementor-widget elementor-widget-audio\" data-id=\"9af8c1c\" data-element_type=\"widget\" data-widget_type=\"audio.default\">\n\t\t\t\t<div class=\"elementor-widget-container\">\n\t\t\t\t\t\t\t\t<div class=\"elementor-soundcloud-wrapper\">\n\t\t\t\t<iframe width=\"800\" height=\"200\" frameborder=\"no\" src=\"https:\/\/w.soundcloud.com\/player\/?visual=false&#038;url=https%3A%2F%2Fapi.soundcloud.com%2Ftracks%2F1843862535&#038;show_artwork=false&#038;maxheight=1000&#038;maxwidth=800&#038;auto_play=false&#038;buying=false&#038;liking=false&#038;download=false&#038;sharing=true&#038;show_comments=false&#038;show_playcount=false&#038;show_user=false&#038;color\"><\/iframe>\t\t\t<\/div>\n\t\t\t\t\t\t\t<\/div>\n\t\t\t\t<\/div>\n\t\t\t\t<div class=\"elementor-element elementor-element-ab3019a elementor-widget elementor-widget-text-editor\" data-id=\"ab3019a\" data-element_type=\"widget\" data-widget_type=\"text-editor.default\">\n\t\t\t\t<div class=\"elementor-widget-container\">\n\t\t\t\t\t\t\t\t\t<p dir=\"ltr\" style=\"line-height: 1.2; margin-top: 0pt; margin-bottom: 0pt;\"><span style=\"font-size: 12pt; font-family: Aptos; color: #000000; background-color: transparent; font-weight: bold; font-style: normal; font-variant-ligatures: normal; font-variant-caps: normal; font-variant-alternates: normal; font-variant-numeric: normal; font-variant-east-asian: normal; font-variant-position: normal; text-decoration: none; vertical-align: baseline; white-space: pre-wrap;\">C. S. 2<\/span><span style=\"font-size: 12pt; font-family: Aptos; color: #000000; background-color: transparent; font-weight: 400; font-style: normal; font-variant-ligatures: normal; font-variant-caps: normal; font-variant-alternates: normal; font-variant-numeric: normal; font-variant-east-asian: normal; font-variant-position: normal; text-decoration: none; vertical-align: baseline; white-space: pre-wrap;\">. <\/span><span style=\"font-size: 12pt; font-family: Aptos; color: #000000; background-color: transparent; font-weight: 400; font-style: italic; font-variant-ligatures: normal; font-variant-caps: normal; font-variant-alternates: normal; font-variant-numeric: normal; font-variant-east-asian: normal; font-variant-position: normal; text-decoration: none; vertical-align: baseline; white-space: pre-wrap;\">Alan Lomax, un americano en Castilla y Le\u00f3n.<\/span><\/p><p dir=\"ltr\" style=\"line-height: 1.2; margin-top: 0pt; margin-bottom: 0pt;\"><span style=\"font-size: 12pt; font-family: Aptos; color: #000000; background-color: transparent; font-weight: 400; font-style: normal; font-variant-ligatures: normal; font-variant-caps: normal; font-variant-alternates: normal; font-variant-numeric: normal; font-variant-east-asian: normal; font-variant-position: normal; text-decoration: none; vertical-align: baseline; white-space: pre-wrap;\">Corr\u00eda el a\u00f1o 1952 y Espa\u00f1a recib\u00eda la visita de un etnomusic\u00f3logo americano y su asistente, nos estamos refiriendo a Alan Lomax y Jeanette Bell. En este cap\u00edtulo centraremos nuestra atenci\u00f3n en las grabaciones realizadas en la comunidad castellanoleonesa y os mostraremos el valor documental que suponen para el estudio posterior del repertorio en la primera etapa de la dictadura franquista.<\/span><\/p><p dir=\"ltr\" style=\"line-height: 1.2; margin-top: 0pt; margin-bottom: 0pt;\">\u00a0<\/p>\t\t\t\t\t\t\t\t<\/div>\n\t\t\t\t<\/div>\n\t\t\t\t<div class=\"elementor-element elementor-element-31b7e85 elementor-widget elementor-widget-audio\" data-id=\"31b7e85\" data-element_type=\"widget\" data-widget_type=\"audio.default\">\n\t\t\t\t<div class=\"elementor-widget-container\">\n\t\t\t\t\t\t\t\t<div class=\"elementor-soundcloud-wrapper\">\n\t\t\t\t<iframe width=\"800\" height=\"200\" frameborder=\"no\" src=\"https:\/\/w.soundcloud.com\/player\/?visual=false&#038;url=https%3A%2F%2Fapi.soundcloud.com%2Ftracks%2F1843868742&#038;show_artwork=false&#038;maxheight=1000&#038;maxwidth=800&#038;auto_play=false&#038;buying=false&#038;liking=false&#038;download=false&#038;sharing=true&#038;show_comments=false&#038;show_playcount=false&#038;show_user=false&#038;color\"><\/iframe>\t\t\t<\/div>\n\t\t\t\t\t\t\t<\/div>\n\t\t\t\t<\/div>\n\t\t\t\t\t<\/div>\n\t\t\t\t<\/div>\n\t\t\t\t\t<\/div>\n\t\t\t\t<\/div>\n\t\t\t\t<\/div>","protected":false},"excerpt":{"rendered":"<p>Podcast Cuaderno sonoro Sonido y silencio compone esta serie de podcast elaborados por el alumnado\u00a0del CoSCyL. Breves dosis de conocimiento aptas para todos los p\u00fablicos sobre\u00a0m\u00fasicas de todos los gustos. Episodios C. S. 1. Los g\u00e9neros en la Magna Antolog\u00eda del folklore musical de Espa\u00f1a, de Manuel Garc\u00eda Matos. \u00abLa Magna\u00bb, como se denomina coloquialmente, [&hellip;]<\/p>","protected":false},"author":5,"featured_media":0,"parent":0,"menu_order":0,"comment_status":"closed","ping_status":"closed","template":"","meta":{"footnotes":""},"class_list":["post-8202","page","type-page","status-publish","hentry"],"_links":{"self":[{"href":"https:\/\/coscyl.com\/en\/wp-json\/wp\/v2\/pages\/8202","targetHints":{"allow":["GET"]}}],"collection":[{"href":"https:\/\/coscyl.com\/en\/wp-json\/wp\/v2\/pages"}],"about":[{"href":"https:\/\/coscyl.com\/en\/wp-json\/wp\/v2\/types\/page"}],"author":[{"embeddable":true,"href":"https:\/\/coscyl.com\/en\/wp-json\/wp\/v2\/users\/5"}],"replies":[{"embeddable":true,"href":"https:\/\/coscyl.com\/en\/wp-json\/wp\/v2\/comments?post=8202"}],"version-history":[{"count":19,"href":"https:\/\/coscyl.com\/en\/wp-json\/wp\/v2\/pages\/8202\/revisions"}],"predecessor-version":[{"id":8325,"href":"https:\/\/coscyl.com\/en\/wp-json\/wp\/v2\/pages\/8202\/revisions\/8325"}],"wp:attachment":[{"href":"https:\/\/coscyl.com\/en\/wp-json\/wp\/v2\/media?parent=8202"}],"curies":[{"name":"wp","href":"https:\/\/api.w.org\/{rel}","templated":true}]}}