{"id":8167,"date":"2024-05-24T17:39:57","date_gmt":"2024-05-24T17:39:57","guid":{"rendered":"https:\/\/coscyl.com\/?page_id=8167"},"modified":"2024-05-24T17:43:47","modified_gmt":"2024-05-24T17:43:47","slug":"codice-tic","status":"publish","type":"page","link":"https:\/\/coscyl.com\/en\/codice-tic\/","title":{"rendered":"C\u00f3dice TIC"},"content":{"rendered":"<div data-elementor-type=\"wp-page\" data-elementor-id=\"8167\" class=\"elementor elementor-8167\" data-elementor-post-type=\"page\">\n\t\t\t\t<div class=\"elementor-element elementor-element-8b06fc1 e-flex e-con-boxed e-con e-parent\" data-id=\"8b06fc1\" data-element_type=\"container\">\n\t\t\t\t\t<div class=\"e-con-inner\">\n\t\t\t\t<div class=\"elementor-element elementor-element-4aa86db elementor-invisible elementor-widget elementor-widget-heading\" data-id=\"4aa86db\" data-element_type=\"widget\" data-settings=\"{&quot;_animation&quot;:&quot;fadeIn&quot;}\" data-widget_type=\"heading.default\">\n\t\t\t\t<div class=\"elementor-widget-container\">\n\t\t\t\t\t<h2 class=\"elementor-heading-title elementor-size-default\">Plan C\u00f3dice TIC<\/h2>\t\t\t\t<\/div>\n\t\t\t\t<\/div>\n\t\t\t\t<div class=\"elementor-element elementor-element-5fb9443 elementor-widget-divider--view-line elementor-widget elementor-widget-divider\" data-id=\"5fb9443\" data-element_type=\"widget\" data-widget_type=\"divider.default\">\n\t\t\t\t<div class=\"elementor-widget-container\">\n\t\t\t\t\t\t\t<div class=\"elementor-divider\">\n\t\t\t<span class=\"elementor-divider-separator\">\n\t\t\t\t\t\t<\/span>\n\t\t<\/div>\n\t\t\t\t\t\t<\/div>\n\t\t\t\t<\/div>\n\t\t<div class=\"elementor-element elementor-element-d6bcf89 e-flex e-con-boxed e-con e-child\" data-id=\"d6bcf89\" data-element_type=\"container\">\n\t\t\t\t\t<div class=\"e-con-inner\">\n\t\t\t\t<div class=\"elementor-element elementor-element-d78f77d elementor-widget elementor-widget-text-editor\" data-id=\"d78f77d\" data-element_type=\"widget\" data-widget_type=\"text-editor.default\">\n\t\t\t\t<div class=\"elementor-widget-container\">\n\t\t\t\t\t\t\t\t\t<p><span style=\"color: #ffffff;\">El presente proyecto tiene como objeto establecer una propuesta de acciones dirigidas a potenciar mediante el uso de las TIC tanto los principios educativos expuestos en el proyecto educativo de centro del Conservatorio Superior de Castilla y Le\u00f3n, como todo lo concerniente a la gesti\u00f3n y organizaci\u00f3n del centro y lo relacionado con la infraestructura tanto f\u00edsica como digital del COSCYL.<\/span><\/p>\t\t\t\t\t\t\t\t<\/div>\n\t\t\t\t<\/div>\n\t\t\t\t<div class=\"elementor-element elementor-element-9191c06 elementor-align-center elementor-invisible elementor-widget elementor-widget-elementskit-button\" data-id=\"9191c06\" data-element_type=\"widget\" data-settings=\"{&quot;_animation&quot;:&quot;fadeIn&quot;}\" data-widget_type=\"elementskit-button.default\">\n\t\t\t\t<div class=\"elementor-widget-container\">\n\t\t\t\t\t<div class=\"ekit-wid-con\" >\t\t<div class=\"ekit-btn-wraper\">\n\t\t\t\t\t\t\t<a href=\"https:\/\/coscyl.com\/wp-content\/uploads\/2023\/07\/Plan-CoDiCe-TIC-COSCYL-con-banners-nuevos.pdf\" class=\"elementskit-btn  whitespace--normal\" id=\"\">\n\t\t\t\t\tDESCARGAR PDF\t\t\t\t<\/a>\n\t\t\t\t\t<\/div>\n        <\/div>\t\t\t\t<\/div>\n\t\t\t\t<\/div>\n\t\t\t\t\t<\/div>\n\t\t\t\t<\/div>\n\t\t\t\t<div class=\"elementor-element elementor-element-d87df56 elementor-widget elementor-widget-image\" data-id=\"d87df56\" data-element_type=\"widget\" data-widget_type=\"image.default\">\n\t\t\t\t<div class=\"elementor-widget-container\">\n\t\t\t\t\t\t\t\t\t\t\t\t\t\t\t<img fetchpriority=\"high\" decoding=\"async\" width=\"2560\" height=\"198\" src=\"https:\/\/coscyl.com\/wp-content\/uploads\/2024\/05\/codicetic-scaled.jpg\" class=\"attachment-full size-full wp-image-8169\" alt=\"\" srcset=\"https:\/\/coscyl.com\/wp-content\/uploads\/2024\/05\/codicetic-scaled.jpg 2560w, https:\/\/coscyl.com\/wp-content\/uploads\/2024\/05\/codicetic-300x23.jpg 300w, https:\/\/coscyl.com\/wp-content\/uploads\/2024\/05\/codicetic-1024x79.jpg 1024w, https:\/\/coscyl.com\/wp-content\/uploads\/2024\/05\/codicetic-768x60.jpg 768w, https:\/\/coscyl.com\/wp-content\/uploads\/2024\/05\/codicetic-1536x119.jpg 1536w, https:\/\/coscyl.com\/wp-content\/uploads\/2024\/05\/codicetic-2048x159.jpg 2048w, https:\/\/coscyl.com\/wp-content\/uploads\/2024\/05\/codicetic-18x1.jpg 18w\" sizes=\"(max-width: 2560px) 100vw, 2560px\" \/>\t\t\t\t\t\t\t\t\t\t\t\t\t\t\t<\/div>\n\t\t\t\t<\/div>\n\t\t\t\t\t<\/div>\n\t\t\t\t<\/div>\n\t\t\t\t<\/div>","protected":false},"excerpt":{"rendered":"<p>Plan C\u00f3dice TIC El presente proyecto tiene como objeto establecer una propuesta de acciones dirigidas a potenciar mediante el uso de las TIC tanto los principios educativos expuestos en el proyecto educativo de centro del Conservatorio Superior de Castilla y Le\u00f3n, como todo lo concerniente a la gesti\u00f3n y organizaci\u00f3n del centro y lo relacionado [&hellip;]<\/p>","protected":false},"author":5,"featured_media":0,"parent":0,"menu_order":0,"comment_status":"closed","ping_status":"closed","template":"","meta":{"footnotes":""},"class_list":["post-8167","page","type-page","status-publish","hentry"],"_links":{"self":[{"href":"https:\/\/coscyl.com\/en\/wp-json\/wp\/v2\/pages\/8167","targetHints":{"allow":["GET"]}}],"collection":[{"href":"https:\/\/coscyl.com\/en\/wp-json\/wp\/v2\/pages"}],"about":[{"href":"https:\/\/coscyl.com\/en\/wp-json\/wp\/v2\/types\/page"}],"author":[{"embeddable":true,"href":"https:\/\/coscyl.com\/en\/wp-json\/wp\/v2\/users\/5"}],"replies":[{"embeddable":true,"href":"https:\/\/coscyl.com\/en\/wp-json\/wp\/v2\/comments?post=8167"}],"version-history":[{"count":4,"href":"https:\/\/coscyl.com\/en\/wp-json\/wp\/v2\/pages\/8167\/revisions"}],"predecessor-version":[{"id":8175,"href":"https:\/\/coscyl.com\/en\/wp-json\/wp\/v2\/pages\/8167\/revisions\/8175"}],"wp:attachment":[{"href":"https:\/\/coscyl.com\/en\/wp-json\/wp\/v2\/media?parent=8167"}],"curies":[{"name":"wp","href":"https:\/\/api.w.org\/{rel}","templated":true}]}}