{"id":4947,"date":"2023-08-09T11:54:59","date_gmt":"2023-08-09T11:54:59","guid":{"rendered":"http:\/\/www.coscyl.com\/?page_id=4947"},"modified":"2023-08-09T11:55:21","modified_gmt":"2023-08-09T11:55:21","slug":"politica-de-cookies","status":"publish","type":"page","link":"https:\/\/coscyl.com\/en\/politica-de-cookies\/","title":{"rendered":"Pol\u00edtica de Cookies"},"content":{"rendered":"<div data-elementor-type=\"wp-page\" data-elementor-id=\"4947\" class=\"elementor elementor-4947\" data-elementor-post-type=\"page\">\n\t\t\t\t<div class=\"elementor-element elementor-element-1122903 e-con-full e-flex e-con e-parent\" data-id=\"1122903\" data-element_type=\"container\">\n\t\t\t\t<div class=\"elementor-element elementor-element-872b847 elementor-widget elementor-widget-heading\" data-id=\"872b847\" data-element_type=\"widget\" data-widget_type=\"heading.default\">\n\t\t\t\t<div class=\"elementor-widget-container\">\n\t\t\t\t\t<h2 class=\"elementor-heading-title elementor-size-default\">Pol\u00edtica de Cookies<\/h2>\t\t\t\t<\/div>\n\t\t\t\t<\/div>\n\t\t\t\t<div class=\"elementor-element elementor-element-e8be251 elementor-widget-divider--view-line elementor-widget elementor-widget-divider\" data-id=\"e8be251\" data-element_type=\"widget\" data-widget_type=\"divider.default\">\n\t\t\t\t<div class=\"elementor-widget-container\">\n\t\t\t\t\t\t\t<div class=\"elementor-divider\">\n\t\t\t<span class=\"elementor-divider-separator\">\n\t\t\t\t\t\t<\/span>\n\t\t<\/div>\n\t\t\t\t\t\t<\/div>\n\t\t\t\t<\/div>\n\t\t\t\t<\/div>\n\t\t<div class=\"elementor-element elementor-element-3763fca e-con-full e-flex e-con e-parent\" data-id=\"3763fca\" data-element_type=\"container\" id=\"master-content\" data-settings=\"{&quot;background_background&quot;:&quot;classic&quot;}\">\n\t\t<div class=\"elementor-element elementor-element-c2ee0c0 e-con-full e-flex elementor-invisible e-con e-parent\" data-id=\"c2ee0c0\" data-element_type=\"container\" data-settings=\"{&quot;animation&quot;:&quot;fadeIn&quot;}\">\n\t\t<div class=\"elementor-element elementor-element-18676a2 e-con-full e-flex e-con e-parent\" data-id=\"18676a2\" data-element_type=\"container\">\n\t\t\t\t<div class=\"elementor-element elementor-element-2293580 elementor-widget elementor-widget-text-editor\" data-id=\"2293580\" data-element_type=\"widget\" data-widget_type=\"text-editor.default\">\n\t\t\t\t<div class=\"elementor-widget-container\">\n\t\t\t\t\t\t\t\t\t<p>En cumplimiento de la Ley 34\/2002, de 11 de julio, de Servicios de la Sociedad de la Informaci\u00f3n y Comercio Electr\u00f3nico le informamos de que este sitio web, al igual que la mayor\u00eda de los sitios en Internet, usa Cookies para mejorar y optimizar la experiencia del usuario.<\/p><p><strong>\u00bfQu\u00e9 son las cookies?<\/strong><br \/>Una cookie es un peque\u00f1o archivo que se descarga en el equipo del usuario con la finalidad de almacenar datos, los cuales podr\u00e1n ser actualizados y recuperados por la entidad responsable de su instalaci\u00f3n.<\/p><p><strong>\u00bfQu\u00e9 tipo de Cookies utiliza esta p\u00e1gina web?<\/strong><br \/>\u2010 UTMA: Esta cookie genera un ID de usuario \u00fanico, que es el que se utiliza para hacer recuento de cuantas veces visita el sitio un usuario. Tambi\u00e9n registra cuando fue la primera y la \u00faltima vez que visti\u00f3 la web. Esta cookie es de tipo persistente pues tarda aproximadamente 2 a\u00f1os en caducar.<br \/>\u2010 UTMB y UTMC: Se utilizan para calcular cuando se ha terminado una sesi\u00f3n. La UTMB registra la hora de llegada a la p\u00e1gina mientras que la UTMC comprueba si se debe mantener la sesi\u00f3n abierta o se debe crear una sesi\u00f3n nueva. La UTMB caduca a los 30 minutos desde el \u00faltimo registro de p\u00e1gina vista mientras que la UTMC es una variable de sesi\u00f3n, por lo que se elimina autom\u00e1ticamente al cambiar de web o al cerrar el navegador.<br \/>Cuando se carga la p\u00e1gina, si la UTMC no existe, se considera que es una sesi\u00f3n nueva. Si a\u00fan existe, se mantiene la sesi\u00f3n abierta. S\u00f3lo se puede calcular el tiempo en p\u00e1gina hasta la pen\u00faltima p\u00e1gina vista, ya que para calcular el tiempo se hace la resta entre el valor de la UTMB en la p\u00e1gina actual y el valor de la UTMN en la p\u00e1gina anterior.<br \/>\u2010 UTMZ: Esta cookie es la que se encarga de registrar el origen del usuario, as\u00ed como las keywords. Tiene una caducidad de 6 meses, aunque se renueva cada vez que se visita la web siempre que no sea una visita directa.<br \/>\u2010 UTMV: Esta cookie es opcional pues s\u00f3lo se emplea cuando se usan variables personalizadas por ejemplo para segmentar datos demogr\u00e1ficos como sexo o edad del visitante obtenidos a partir de los datos de registro. Es una cookie persistente<br \/>\u2010 UTMZ: Se utiliza en conjunci\u00f3n con Google Website Optimizer.<\/p><p><strong>\u00bfC\u00f3mo puede configurar sus Cookies?<\/strong><br \/>Al navegar y continuar en nuestro sitio web estar\u00e1 consintiendo el uso de las Cookies en las\u00a0condiciones contenidas en la presente Pol\u00edtica de Cookies. Usted como usuario tiene la posibilidad de ejercer su derecho a bloquear, eliminar y rechazar el uso de Cookies, en todo momento, modificando las opciones de su navegador.<\/p><p><strong>\u00bfQu\u00e9 ocurre si se deshabilitan las Cookies?<\/strong><br \/>Algunas funcionalidades de los Servicios y \u00e1reas de este sitio web podr\u00edan no funcionar correctamente si se deshabilitan las cookies.<\/p><p><strong>Actualizaci\u00f3n de la Pol\u00edtica de Cookies<\/strong><br \/>Es posible que actualicemos la Pol\u00edtica de Cookies de nuestra p\u00e1gina web, por ello le recomendamos revisar esta pol\u00edtica cada vez que acceda a nuestro sitio web con el objetivo de estar adecuadamente informado sobre c\u00f3mo y para qu\u00e9 usamos las cookies.<\/p>\t\t\t\t\t\t\t\t<\/div>\n\t\t\t\t<\/div>\n\t\t\t\t<\/div>\n\t\t<div class=\"elementor-element elementor-element-57da5bf e-con-full e-flex e-con e-parent\" data-id=\"57da5bf\" data-element_type=\"container\">\n\t\t\t\t<\/div>\n\t\t<div class=\"elementor-element elementor-element-bb9cc56 e-con-full e-flex e-con e-parent\" data-id=\"bb9cc56\" data-element_type=\"container\">\n\t\t\t\t<\/div>\n\t\t\t\t<\/div>\n\t\t\t\t<\/div>\n\t\t\t\t<\/div>","protected":false},"excerpt":{"rendered":"<p>Pol\u00edtica de Cookies En cumplimiento de la Ley 34\/2002, de 11 de julio, de Servicios de la Sociedad de la Informaci\u00f3n y Comercio Electr\u00f3nico le informamos de que este sitio web, al igual que la mayor\u00eda de los sitios en Internet, usa Cookies para mejorar y optimizar la experiencia del usuario. \u00bfQu\u00e9 son las cookies?Una [&hellip;]<\/p>","protected":false},"author":1,"featured_media":0,"parent":0,"menu_order":0,"comment_status":"closed","ping_status":"closed","template":"elementor_header_footer","meta":{"footnotes":""},"class_list":["post-4947","page","type-page","status-publish","hentry"],"_links":{"self":[{"href":"https:\/\/coscyl.com\/en\/wp-json\/wp\/v2\/pages\/4947","targetHints":{"allow":["GET"]}}],"collection":[{"href":"https:\/\/coscyl.com\/en\/wp-json\/wp\/v2\/pages"}],"about":[{"href":"https:\/\/coscyl.com\/en\/wp-json\/wp\/v2\/types\/page"}],"author":[{"embeddable":true,"href":"https:\/\/coscyl.com\/en\/wp-json\/wp\/v2\/users\/1"}],"replies":[{"embeddable":true,"href":"https:\/\/coscyl.com\/en\/wp-json\/wp\/v2\/comments?post=4947"}],"version-history":[{"count":4,"href":"https:\/\/coscyl.com\/en\/wp-json\/wp\/v2\/pages\/4947\/revisions"}],"predecessor-version":[{"id":4951,"href":"https:\/\/coscyl.com\/en\/wp-json\/wp\/v2\/pages\/4947\/revisions\/4951"}],"wp:attachment":[{"href":"https:\/\/coscyl.com\/en\/wp-json\/wp\/v2\/media?parent=4947"}],"curies":[{"name":"wp","href":"https:\/\/api.w.org\/{rel}","templated":true}]}}