{"id":4942,"date":"2023-08-09T11:53:56","date_gmt":"2023-08-09T11:53:56","guid":{"rendered":"http:\/\/www.coscyl.com\/?page_id=4942"},"modified":"2023-08-09T11:54:24","modified_gmt":"2023-08-09T11:54:24","slug":"aviso-legal","status":"publish","type":"page","link":"https:\/\/coscyl.com\/en\/aviso-legal\/","title":{"rendered":"Aviso Legal"},"content":{"rendered":"<div data-elementor-type=\"wp-page\" data-elementor-id=\"4942\" class=\"elementor elementor-4942\" data-elementor-post-type=\"page\">\n\t\t\t\t<div class=\"elementor-element elementor-element-1122903 e-con-full e-flex e-con e-parent\" data-id=\"1122903\" data-element_type=\"container\">\n\t\t\t\t<div class=\"elementor-element elementor-element-872b847 elementor-widget elementor-widget-heading\" data-id=\"872b847\" data-element_type=\"widget\" data-widget_type=\"heading.default\">\n\t\t\t\t<div class=\"elementor-widget-container\">\n\t\t\t\t\t<h2 class=\"elementor-heading-title elementor-size-default\">Aviso Legal<\/h2>\t\t\t\t<\/div>\n\t\t\t\t<\/div>\n\t\t\t\t<div class=\"elementor-element elementor-element-e8be251 elementor-widget-divider--view-line elementor-widget elementor-widget-divider\" data-id=\"e8be251\" data-element_type=\"widget\" data-widget_type=\"divider.default\">\n\t\t\t\t<div class=\"elementor-widget-container\">\n\t\t\t\t\t\t\t<div class=\"elementor-divider\">\n\t\t\t<span class=\"elementor-divider-separator\">\n\t\t\t\t\t\t<\/span>\n\t\t<\/div>\n\t\t\t\t\t\t<\/div>\n\t\t\t\t<\/div>\n\t\t\t\t<\/div>\n\t\t<div class=\"elementor-element elementor-element-3763fca e-con-full e-flex e-con e-parent\" data-id=\"3763fca\" data-element_type=\"container\" id=\"master-content\" data-settings=\"{&quot;background_background&quot;:&quot;classic&quot;}\">\n\t\t<div class=\"elementor-element elementor-element-c2ee0c0 e-con-full e-flex elementor-invisible e-con e-parent\" data-id=\"c2ee0c0\" data-element_type=\"container\" data-settings=\"{&quot;animation&quot;:&quot;fadeIn&quot;}\">\n\t\t<div class=\"elementor-element elementor-element-18676a2 e-con-full e-flex e-con e-parent\" data-id=\"18676a2\" data-element_type=\"container\">\n\t\t\t\t<div class=\"elementor-element elementor-element-2293580 elementor-widget elementor-widget-text-editor\" data-id=\"2293580\" data-element_type=\"widget\" data-widget_type=\"text-editor.default\">\n\t\t\t\t<div class=\"elementor-widget-container\">\n\t\t\t\t\t\t\t\t\t<p><strong>Identificaci\u00f3n del titular del dominio<\/strong><br \/>En cumplimiento del deber de informaci\u00f3n recogido en el art\u00edculo 10 de la Ley 34\/2002, de\u00a011 de julio, de Servicios de la Sociedad de la Informaci\u00f3n y del Comercio Electr\u00f3nico, a<br \/>continuaci\u00f3n se publican los siguientes datos de identificaci\u00f3n del titular de esta web:<br \/>Dominio en internet: www.coscyl.com<br \/>Titular: Conservatorio Superior de M\u00fasica de Castilla y Le\u00f3n (COSCYL)<br \/>Domicilio social: Calle Lazarillo de Tormes, n\u00ba54-70, 37005 Salamanca<br \/>CIF: Q-3768008-I<br \/>Tel\u00e9fono de contacto: 923282115<br \/>Email de contacto: info@coscyl.com<\/p><p><strong>1. Condiciones de acceso.<\/strong><br \/>Se entender\u00e1 como usuario a la persona que acceda y utilice esta web. La finalidad de esta web es facilitar informaci\u00f3n sobre la actividad del COSCYL. Su utilizaci\u00f3n supone la aceptaci\u00f3n plena por el Usuario de estas condiciones. El usuario asume la responsabilidad del uso que pueda hacer de esta web. Dicha responsabilidad se extiende al registro que fuera necesario para acceder a determinados servicios o contenidos. El usuario ser\u00e1 responsable de aportar informaci\u00f3n veraz y l\u00edcita en el proceso de registro. Si no est\u00e1 de acuerdo con el contenido de estas condiciones deber\u00e1 abstenerse de hacer uso de la web, as\u00ed como de los servicios ofrecidos en ella.<\/p><p>El Usuario que accede al uso de la web y de los contenidos incluidos en la misma asume que lo hace de forma libre y consciente, bajo su exclusiva responsabilidad, y en consecuencia se compromete a:<br \/>\u2013 No utilizar la web para la realizaci\u00f3n de actividades contrarias a la ley, a la moral, al orden p\u00fablico, en general.<br \/>\u2013 Hacer un uso l\u00edcito y honrado conforme a las presentes Condiciones Generales, as\u00ed como abstenerse de realizar cualquier acto que pudiera da\u00f1ar, inutilizar, sobrecargar o deteriorar la web y\/o impedir el normal uso y utilizaci\u00f3n por parte del resto de Usuarios.<br \/>\u2013 No manipular o alterar cualquier contenido de la web sin el consentimiento expreso y por escrito de su titular. Cualquier alteraci\u00f3n, modificaci\u00f3n o manipulaci\u00f3n sin el consentimiento de su titular, exime a \u00e9ste de responsabilidad alguna.<br \/>\u2013 No reproducir, copiar, distribuir, comunicar p\u00fablicamente, transformar o modificar los contenidos, a menos que se cuente con la autorizaci\u00f3n del titular de los correspondientes derechos o ello resulte legalmente permitido; as\u00ed como suprimir, eludir o manipular el Copyright y dem\u00e1s datos identificativos de los derechos de COSCYL o de sus titulares incorporados a los contenidos.<br \/>\u2013 No introducir o difundir en la web programas de datos (virus o cualquier tipo de software de car\u00e1cter nocivo) susceptibles de provocar da\u00f1os en la web COSCYL no garantiza la disponibilidad y continuidad de la web ni se hace responsable de cualesquiera da\u00f1os y perjuicios puedan producirse, ni de los defectos t\u00e9cnicos, incluidos virus u otros elementos lesivos, cualquiera que sea la naturaleza, derivados del uso de la<br \/>informaci\u00f3n y de las materias contenidas en la web.<\/p><p><strong>2. Uso de cookies.<br \/><\/strong>Con el objeto de prestar un mejor servicio, COSCYL puede almacenar en el ordenador del Usuario peque\u00f1os ficheros de informaci\u00f3n denominados cookies, utilizados para el correcto funcionamiento de algunos de los servicios que se ofrecen, as\u00ed como para realizar estad\u00edsticas de uso, diagnosticar problemas en la web, y para la administraci\u00f3n de algunos de los servicios ofrecidos. Para limitar o restringir la admisi\u00f3n de cookies en su equipo, el Usuario puede configurar su navegador a estos efectos. Para m\u00e1s informaci\u00f3n, consultar el documento \u201cPol\u00edtica de Cookies\u201d.<\/p><p><strong>3. Responsabilidades.<\/strong><br \/>El Usuario responder\u00e1 de los da\u00f1os y perjuicios de toda naturaleza que COSCYL o cualquier\u00a0tercero pueda sufrir como consecuencia del incumplimiento de cualquiera de las obligaciones a las que queda sometido por las presentes Condiciones Generales.<br \/>Los enlaces (hiperv\u00ednculos) o contenidos de terceros que aparecen en esta web se facilitan con la finalidad de ampliar la informaci\u00f3n. Su inclusi\u00f3n no implica la aceptaci\u00f3n de dichos contenidos, ni la asociaci\u00f3n del Titular con los responsables de dichas p\u00e1ginas web, por lo que rechaza toda responsabilidad en relaci\u00f3n con los mismos, as\u00ed como por los da\u00f1os que pudieran causarse por cualquier motivo en su sistema\u00a0 inform\u00e1tico (equipo y aplicaciones), documentos o ficheros. El Titular s\u00f3lo podr\u00e1 ser responsable por dichos contenidos conforme a lo establecido en la Ley 34\/2002, de 11 de julio, de Servicios de la Sociedad de la Informaci\u00f3n y de Comercio Electr\u00f3nico, en caso de que, habiendo tenido conocimiento efectivo de su ilicitud o de que lesiona los bienes o intereses de un tercero, no suprima o inutilice el enlace a los<br \/>mismos.<br \/>El Titular no garantiza la fiabilidad, disponibilidad o continuidad de este sitio web ni de sus contenidos por motivos t\u00e9cnicos, de seguridad, control o mantenimiento del servicio, por fallos debidos al servidor que aloja los contenidos o de otros intermediarios o proveedores, por ataques contra el sistema inform\u00e1tico, ni por cualesquiera otros motivos que se deriven de causas que escapen a su control, por lo que rechaza cualquier responsabilidad, directa o indirecta, por los mismos.<\/p><p><strong>4. Propiedad Intelectual e Industrial.<\/strong><br \/>El Usuario reconoce que todos los contenidos de la web y, en concreto, de toda la\u00a0informaci\u00f3n y materiales, la estructura, selecci\u00f3n, ordenaci\u00f3n y prestaci\u00f3n de sus contenidos, programas y desarrollo de aplicaciones utilizados en relaci\u00f3n con ellos, est\u00e1n protegidos por derechos de propiedad intelectual e industrial propiedad del titular de la web o, en su caso, de terceros.<\/p><p>En ning\u00fan caso el acceso a los mismos o su utilizaci\u00f3n por parte del Usuario implicar\u00e1 ning\u00fan tipo de renuncia, transmisi\u00f3n o cesi\u00f3n total ni parcial de dichos derechos, ni confiere ning\u00fan derecho de utilizaci\u00f3n, alteraci\u00f3n, explotaci\u00f3n, reproducci\u00f3n, distribuci\u00f3n o comunicaci\u00f3n p\u00fablica sobre dichos contenidos sin la previa y expresa autorizaci\u00f3n espec\u00edficamente otorgada a tal efecto por parte de COSCYL o del tercero titular de los derechos afectados.<\/p><p>En el caso de que cualquier Usuario o un tercero consideren que cualquiera de los contenidos ha sido introducido en la web con violaci\u00f3n de sus derechos de Propiedad Intelectual o Industrial deber\u00e1 enviar una notificaci\u00f3n a COSCYL identific\u00e1ndose a s\u00ed mismo y al titular de los derechos de propiedad intelectual o industrial supuestamente infringidos, aportando t\u00edtulo o acreditaci\u00f3n de la representaci\u00f3n de los mencionados derechos.<\/p><p><strong>5. Pol\u00edtica de privacidad de datos.<br \/><\/strong>Al navegar por estas p\u00e1ginas, de forma autom\u00e1tica Ud. facilita al servidor de la web informaci\u00f3n relativa a su direcci\u00f3n IP (identificador \u00fanico para la transmisi\u00f3n de paquetes entre ordenadores conectados a Internet), fecha y hora de acceso, el hiperv\u00ednculo que le ha reenviado a \u00e9stas, su sistema operativo y el navegador utilizado. Sin perjuicio de que la Agencia Espa\u00f1ola de Protecci\u00f3n de Datos (en adelante, AEPD) considera la IP como dato de car\u00e1cter personal, el Titular no puede obtener por s\u00ed s\u00f3lo, ni tiene intenci\u00f3n de hacerlo a menos que se le cause alg\u00fan perjuicio, informaci\u00f3n alguna acerca del titular de la conexi\u00f3n a<br \/>Internet a la que corresponde. Estos datos ser\u00e1n guardados y utilizados \u00fanicamente para el control y realizaci\u00f3n de estad\u00edsticas de acceso y visitas a la web, y en ning\u00fan caso ser\u00e1n<br \/>comunicados o cedidos a terceros.<\/p><p>En caso de que Ud. establezca alg\u00fan tipo de comunicaci\u00f3n con el Titular, ya sea por medio de un formulario, tel\u00e9fono, fax, correo ordinario o electr\u00f3nico, sus datos ser\u00e1n tratados en los ficheros automatizados de el COSCYL con el fin de poderle prestar y ofrecer nuestros servicios as\u00ed como informarle de las mejoras ocurridas en nuestro sitio web. Fuera de los casos legalmente establecidos, sus datos no ser\u00e1n comunicados ni cedidos a terceros sin su consentimiento expreso.<\/p><p>Tiene Ud. derecho a acceder a dicho fichero para consultar sus datos, rectificarlos o cancelarlos, as\u00ed como a oponerse a todo tratamiento respecto de los mismos, con las excepciones y l\u00edmites establecidos en la legislaci\u00f3n aplicable. En caso de que desee ejercer dichos derechos, dirija al Titular una solicitud firmada a la direcci\u00f3n indicada en la secci\u00f3n Contacto de esta web, acompa\u00f1ando fotocopia de su DNI o documento equivalente.<\/p><p><strong>6. Confidencialidad.<\/strong><br \/>Toda informaci\u00f3n que cualquiera de las partes comunique o facilite a la otra o a la que tengan acceso cualquiera de ellas, ser\u00e1 considerada confidencial y no podr\u00e1 ser divulgada, mostrada, reproducida, copiada, discutida con terceros, ni empleada por ninguna de las partes para fines ajenos a los que motivaron su comunicaci\u00f3n.<\/p><p>\u00a9 Copyright 2018. CONSERVATORIO SUPERIOR DE M\u00daSICA DE CASTILLA Y LE\u00d3N. Todos los derechos reservados.<\/p>\t\t\t\t\t\t\t\t<\/div>\n\t\t\t\t<\/div>\n\t\t\t\t<\/div>\n\t\t<div class=\"elementor-element elementor-element-57da5bf e-con-full e-flex e-con e-parent\" data-id=\"57da5bf\" data-element_type=\"container\">\n\t\t\t\t<\/div>\n\t\t<div class=\"elementor-element elementor-element-bb9cc56 e-con-full e-flex e-con e-parent\" data-id=\"bb9cc56\" data-element_type=\"container\">\n\t\t\t\t<\/div>\n\t\t\t\t<\/div>\n\t\t\t\t<\/div>\n\t\t\t\t<\/div>","protected":false},"excerpt":{"rendered":"<p>Aviso Legal Identificaci\u00f3n del titular del dominioEn cumplimiento del deber de informaci\u00f3n recogido en el art\u00edculo 10 de la Ley 34\/2002, de\u00a011 de julio, de Servicios de la Sociedad de la Informaci\u00f3n y del Comercio Electr\u00f3nico, acontinuaci\u00f3n se publican los siguientes datos de identificaci\u00f3n del titular de esta web:Dominio en internet: www.coscyl.comTitular: Conservatorio Superior de [&hellip;]<\/p>","protected":false},"author":1,"featured_media":0,"parent":0,"menu_order":0,"comment_status":"closed","ping_status":"closed","template":"elementor_header_footer","meta":{"footnotes":""},"class_list":["post-4942","page","type-page","status-publish","hentry"],"_links":{"self":[{"href":"https:\/\/coscyl.com\/en\/wp-json\/wp\/v2\/pages\/4942","targetHints":{"allow":["GET"]}}],"collection":[{"href":"https:\/\/coscyl.com\/en\/wp-json\/wp\/v2\/pages"}],"about":[{"href":"https:\/\/coscyl.com\/en\/wp-json\/wp\/v2\/types\/page"}],"author":[{"embeddable":true,"href":"https:\/\/coscyl.com\/en\/wp-json\/wp\/v2\/users\/1"}],"replies":[{"embeddable":true,"href":"https:\/\/coscyl.com\/en\/wp-json\/wp\/v2\/comments?post=4942"}],"version-history":[{"count":4,"href":"https:\/\/coscyl.com\/en\/wp-json\/wp\/v2\/pages\/4942\/revisions"}],"predecessor-version":[{"id":4946,"href":"https:\/\/coscyl.com\/en\/wp-json\/wp\/v2\/pages\/4942\/revisions\/4946"}],"wp:attachment":[{"href":"https:\/\/coscyl.com\/en\/wp-json\/wp\/v2\/media?parent=4942"}],"curies":[{"name":"wp","href":"https:\/\/api.w.org\/{rel}","templated":true}]}}