{"id":4937,"date":"2023-08-09T11:52:34","date_gmt":"2023-08-09T11:52:34","guid":{"rendered":"http:\/\/www.coscyl.com\/?page_id=4937"},"modified":"2023-08-09T11:53:14","modified_gmt":"2023-08-09T11:53:14","slug":"politica-de-privacidad","status":"publish","type":"page","link":"https:\/\/coscyl.com\/en\/politica-de-privacidad\/","title":{"rendered":"Pol\u00edtica de Privacidad"},"content":{"rendered":"<div data-elementor-type=\"wp-page\" data-elementor-id=\"4937\" class=\"elementor elementor-4937\" data-elementor-post-type=\"page\">\n\t\t\t\t<div class=\"elementor-element elementor-element-1122903 e-con-full e-flex e-con e-parent\" data-id=\"1122903\" data-element_type=\"container\">\n\t\t\t\t<div class=\"elementor-element elementor-element-872b847 elementor-widget elementor-widget-heading\" data-id=\"872b847\" data-element_type=\"widget\" data-widget_type=\"heading.default\">\n\t\t\t\t<div class=\"elementor-widget-container\">\n\t\t\t\t\t<h2 class=\"elementor-heading-title elementor-size-default\">Pol\u00edtica de Privacidad<\/h2>\t\t\t\t<\/div>\n\t\t\t\t<\/div>\n\t\t\t\t<div class=\"elementor-element elementor-element-e8be251 elementor-widget-divider--view-line elementor-widget elementor-widget-divider\" data-id=\"e8be251\" data-element_type=\"widget\" data-widget_type=\"divider.default\">\n\t\t\t\t<div class=\"elementor-widget-container\">\n\t\t\t\t\t\t\t<div class=\"elementor-divider\">\n\t\t\t<span class=\"elementor-divider-separator\">\n\t\t\t\t\t\t<\/span>\n\t\t<\/div>\n\t\t\t\t\t\t<\/div>\n\t\t\t\t<\/div>\n\t\t\t\t<\/div>\n\t\t<div class=\"elementor-element elementor-element-3763fca e-con-full e-flex e-con e-parent\" data-id=\"3763fca\" data-element_type=\"container\" id=\"master-content\" data-settings=\"{&quot;background_background&quot;:&quot;classic&quot;}\">\n\t\t<div class=\"elementor-element elementor-element-c2ee0c0 e-con-full e-flex elementor-invisible e-con e-parent\" data-id=\"c2ee0c0\" data-element_type=\"container\" data-settings=\"{&quot;animation&quot;:&quot;fadeIn&quot;}\">\n\t\t<div class=\"elementor-element elementor-element-18676a2 e-con-full e-flex e-con e-parent\" data-id=\"18676a2\" data-element_type=\"container\">\n\t\t\t\t<div class=\"elementor-element elementor-element-2293580 elementor-widget elementor-widget-text-editor\" data-id=\"2293580\" data-element_type=\"widget\" data-widget_type=\"text-editor.default\">\n\t\t\t\t<div class=\"elementor-widget-container\">\n\t\t\t\t\t\t\t\t\t<p><strong>DATOS DEL RESPONSABLE DEL TRATAMIENTO DE LOS DATOS<\/strong><br \/>CONSERVATORIO SUPERIOR DE M\u00daSICA DE CASTILLA Y LE\u00d3N (COSCYL).<br \/>Direcci\u00f3n: Calle Lazarillo de Tormes, n\u00ba54-70, 37005 Salamanca<br \/>Tel\u00e9fono: 923282115<br \/>Email: info@coscyl.com<\/p><p><strong>1. Formularios de contacto disponibles en nuestra web.<\/strong><br \/>a. Finalidad: Dar contestaci\u00f3n a su solicitud de informaci\u00f3n realizada a trav\u00e9s del formulario de contacto.<br \/>b. Legitimaci\u00f3n. La legitimaci\u00f3n para el tratamiento de los datos de car\u00e1cter personal es el consentimiento expresado del interesado.<br \/>c. Destinarios. No se ceder\u00e1n datos a terceros salvo obligaci\u00f3n legal.<\/p><p><strong>2. Formulario de acceso a miembros de la web www.coscyl.com<\/strong><br \/>a. Finalidad.<br \/>\u2010 Gestionar su alta de usuario en nuestra p\u00e1gina web<br \/>\u2010 Proporcionarle informaci\u00f3n acerca de la tramitaci\u00f3n y el estado de sus avisos\/notificaciones.<br \/>b. Legitimaci\u00f3n. La legitimaci\u00f3n para el tratamiento de los datos de car\u00e1cter personal es el consentimiento expresado del interesado.<br \/>c. Destinarios. No se ceder\u00e1n datos a terceros salvo obligaci\u00f3n legal.<\/p><p><strong>3. Formulario de consultas\/sugerencias.<\/strong><br \/>a. Finalidad: Darle contestaci\u00f3n y gestionar su solicitud o reclamaci\u00f3n.<br \/>b. Legitimaci\u00f3n. La legitimaci\u00f3n para el tratamiento de los datos personales es el<br \/>consentimiento expreso del interesado al formular la consulta o sugerencia.<br \/>c. Destinatarios. No s\u00e9 ceder\u00e1n datos a terceros, salvo obligaci\u00f3n legal.<\/p><p><strong>DERECHOS EN EL TRATAMIENTO DE DATOS<\/strong><br \/>Para todos los tratamientos de datos presentes en esta pol\u00edtica de privacidad, podr\u00e1 ejercitar los derechos de acceso, rectificaci\u00f3n, supresi\u00f3n, oposici\u00f3n, as\u00ed como otros derechos<br \/>desarrollados en informaci\u00f3n adicional.<\/p><p><strong>INFORMACI\u00d3N ADICIONAL SOBRE PROTECCI\u00d3N DE DATOS<\/strong><br \/>Los datos que COSCYL pueda recopilar por el uso o navegaci\u00f3n de la p\u00e1gina web, a trav\u00e9s de nuestros formularios, o v\u00eda email, son datos de car\u00e1cter personal. A la hora de<br \/>cumplimentar cada uno de los formularios presentes en nuestra p\u00e1gina web existir\u00e1n una serie de datos obligatorios, cuyos campos se encuentran marcados con el s\u00edmbolo*. En el caso de no<br \/>rellenar tales campos, no se podr\u00e1n llevar a cabo las finalidades descritas de cada uno de los formularios.<br \/>En algunas ocasiones, le informamos de que por el simple uso y navegaci\u00f3n en nuestra<\/p><p>P\u00e1gina web, COSCYL almacenar\u00e1 datos relativos a:<br \/>\u2010 Direcci\u00f3n IP<br \/>\u2010 Versi\u00f3n del navegador<br \/>\u2010 Sistema operativo<br \/>\u2010 Duraci\u00f3n de la visita o navegaci\u00f3n por la P\u00e1gina web<br \/>Tal informaci\u00f3n puede almacenarse mediante Google Analytics, por lo que nos remitimos a la Pol\u00edtica de Privacidad de Google, ya que \u00e9ste recaba y trata tal informaci\u00f3n.<br \/>Del mismo modo, en la P\u00e1gina Web se facilita la utilidad de Google Maps, la cual puede tener acceso a su ubicaci\u00f3n, en el supuesto de que se lo permita. A este respecto, nos remitimos a la Pol\u00edtica de Privacidad utilizada por Google Maps, con el fin de conocer el uso y tratamiento de tales datos.<br \/>Todos estos datos no estar\u00e1n relacionados con un usuario concreto y se almacenar\u00e1n en nuestras bases de datos, con la finalidad de realizar an\u00e1lisis estad\u00edsticos, mejoras en la P\u00e1gina Web y\/o servicios sin que se comunique a otro tercero. Para mayor informaci\u00f3n visite nuestra Pol\u00edtica de Cookies.<br \/>COSCYL se reserva el derecho a modificar o adaptar la presente Pol\u00edtica de Privacidad en todo momento. Por lo tanto, le recomendamos que revise la misma cada vez que acceda a la P\u00e1gina Web. En el supuesto de que usuario se haya registrado en la p\u00e1gina web y acceda a su cuenta o perfil, al acceder a la misma, se le informar\u00e1 en el supuesto de que haya habido modificaciones sustanciales en relaci\u00f3n con el tratamiento de sus datos personales.<\/p><p><strong>\u00bfCon qu\u00e9 finalidad tratamos sus datos personales?<\/strong><br \/>La finalidad del tratamiento de los datos recabados mediante los formularios disponibles en nuestra p\u00e1gina web, o v\u00eda email, ser\u00e1 la descrita, en cada caso, en la informaci\u00f3n b\u00e1sica sobre<br \/>protecci\u00f3n de datos.<\/p><p><strong>\u00bfA qu\u00e9 destinatarios se comunicar\u00e1n sus datos?<\/strong><br \/>Tal y como se ha indicado en la informaci\u00f3n b\u00e1sica no se ceder\u00e1n datos a terceros salvo obligaci\u00f3n legal.<\/p><p><strong>\u00bfCu\u00e1les son sus derechos en relaci\u00f3n con el tratamiento de datos?<\/strong><br \/>Usted como titular de datos tiene derecho a obtener confirmaci\u00f3n sobre la existencia de un tratamiento de sus datos, a acceder a sus datos personales, solicitar la rectificaci\u00f3n de los datos que sean inexactos o, en su caso, solicitar la supresi\u00f3n, cuando entre otros motivos, los datos ya no sean necesarios para los fines para los que fueron recogidos o usted como interesado retire el consentimiento otorgado.<br \/>COSCYL tratar\u00e1 y conservar\u00e1 sus datos de acuerdo con la normativa vigente, sin perjuicio de que como interesado pueda solicitar en todo caso la limitaci\u00f3n del tratamiento de sus datos.<br \/>Tendr\u00e1 derecho a revocar en cualquier momento el consentimiento para cualquiera de los tratamientos para los que lo ha otorgado.<br \/>Para ejercitar sus derechos comun\u00edquese con nosotros a trav\u00e9s de la direcci\u00f3n de correo electr\u00f3nico info@coscyl.com.<br \/>Tendr\u00e1 derecho a presentar una reclamaci\u00f3n ante la Agencia Espa\u00f1ola de Protecci\u00f3n de Datos en el supuesto de que considere que no se ha atendido convenientemente el ejercicio de sus derechos. El plazo m\u00e1ximo para resolver ser\u00e1 el de un mes a contar desde la recepci\u00f3n de su solicitud.<\/p><p>En el caso de producirse alguna modificaci\u00f3n de sus datos, le agradecemos nos lo comunique debidamente por escrito con la finalidad de mantener sus datos actualizados.<\/p>\t\t\t\t\t\t\t\t<\/div>\n\t\t\t\t<\/div>\n\t\t\t\t<\/div>\n\t\t<div class=\"elementor-element elementor-element-57da5bf e-con-full e-flex e-con e-parent\" data-id=\"57da5bf\" data-element_type=\"container\">\n\t\t\t\t<\/div>\n\t\t<div class=\"elementor-element elementor-element-bb9cc56 e-con-full e-flex e-con e-parent\" data-id=\"bb9cc56\" data-element_type=\"container\">\n\t\t\t\t<\/div>\n\t\t\t\t<\/div>\n\t\t\t\t<\/div>\n\t\t\t\t<\/div>","protected":false},"excerpt":{"rendered":"<p>Pol\u00edtica de Privacidad DATOS DEL RESPONSABLE DEL TRATAMIENTO DE LOS DATOSCONSERVATORIO SUPERIOR DE M\u00daSICA DE CASTILLA Y LE\u00d3N (COSCYL).Direcci\u00f3n: Calle Lazarillo de Tormes, n\u00ba54-70, 37005 SalamancaTel\u00e9fono: 923282115Email: info@coscyl.com 1. Formularios de contacto disponibles en nuestra web.a. Finalidad: Dar contestaci\u00f3n a su solicitud de informaci\u00f3n realizada a trav\u00e9s del formulario de contacto.b. Legitimaci\u00f3n. La legitimaci\u00f3n para [&hellip;]<\/p>","protected":false},"author":1,"featured_media":0,"parent":0,"menu_order":0,"comment_status":"closed","ping_status":"closed","template":"elementor_header_footer","meta":{"footnotes":""},"class_list":["post-4937","page","type-page","status-publish","hentry"],"_links":{"self":[{"href":"https:\/\/coscyl.com\/en\/wp-json\/wp\/v2\/pages\/4937","targetHints":{"allow":["GET"]}}],"collection":[{"href":"https:\/\/coscyl.com\/en\/wp-json\/wp\/v2\/pages"}],"about":[{"href":"https:\/\/coscyl.com\/en\/wp-json\/wp\/v2\/types\/page"}],"author":[{"embeddable":true,"href":"https:\/\/coscyl.com\/en\/wp-json\/wp\/v2\/users\/1"}],"replies":[{"embeddable":true,"href":"https:\/\/coscyl.com\/en\/wp-json\/wp\/v2\/comments?post=4937"}],"version-history":[{"count":4,"href":"https:\/\/coscyl.com\/en\/wp-json\/wp\/v2\/pages\/4937\/revisions"}],"predecessor-version":[{"id":4941,"href":"https:\/\/coscyl.com\/en\/wp-json\/wp\/v2\/pages\/4937\/revisions\/4941"}],"wp:attachment":[{"href":"https:\/\/coscyl.com\/en\/wp-json\/wp\/v2\/media?parent=4937"}],"curies":[{"name":"wp","href":"https:\/\/api.w.org\/{rel}","templated":true}]}}