{"id":3707,"date":"2023-07-17T08:20:30","date_gmt":"2023-07-17T08:20:30","guid":{"rendered":"http:\/\/www.coscyl.com\/?page_id=3707"},"modified":"2025-10-24T10:36:20","modified_gmt":"2025-10-24T08:36:20","slug":"proyecto-etnoimus","status":"publish","type":"page","link":"https:\/\/coscyl.com\/en\/proyecto-etnoimus\/","title":{"rendered":"Proyecto Etnoimus"},"content":{"rendered":"<div data-elementor-type=\"wp-page\" data-elementor-id=\"3707\" class=\"elementor elementor-3707\" data-elementor-post-type=\"page\">\n\t\t\t\t<div class=\"elementor-element elementor-element-1122903 e-con-full e-flex e-con e-parent\" data-id=\"1122903\" data-element_type=\"container\">\n\t\t\t\t<div class=\"elementor-element elementor-element-872b847 elementor-widget elementor-widget-heading\" data-id=\"872b847\" data-element_type=\"widget\" data-widget_type=\"heading.default\">\n\t\t\t\t<div class=\"elementor-widget-container\">\n\t\t\t\t\t<h2 class=\"elementor-heading-title elementor-size-default\">Proyecto ETNOIMUS<\/h2>\t\t\t\t<\/div>\n\t\t\t\t<\/div>\n\t\t\t\t<div class=\"elementor-element elementor-element-e8be251 elementor-widget-divider--view-line elementor-widget elementor-widget-divider\" data-id=\"e8be251\" data-element_type=\"widget\" data-widget_type=\"divider.default\">\n\t\t\t\t<div class=\"elementor-widget-container\">\n\t\t\t\t\t\t\t<div class=\"elementor-divider\">\n\t\t\t<span class=\"elementor-divider-separator\">\n\t\t\t\t\t\t<\/span>\n\t\t<\/div>\n\t\t\t\t\t\t<\/div>\n\t\t\t\t<\/div>\n\t\t\t\t<div class=\"elementor-element elementor-element-927dd4b elementor-align-left elementor-widget__width-initial elementor-invisible elementor-widget elementor-widget-button\" data-id=\"927dd4b\" data-element_type=\"widget\" data-settings=\"{&quot;_animation&quot;:&quot;fadeInLeft&quot;}\" data-widget_type=\"button.default\">\n\t\t\t\t<div class=\"elementor-widget-container\">\n\t\t\t\t\t\t\t\t\t<div class=\"elementor-button-wrapper\">\n\t\t\t\t\t<a class=\"elementor-button elementor-button-link elementor-size-sm\" href=\"https:\/\/instrumentos.coscyl.com\/\" target=\"_blank\">\n\t\t\t\t\t\t<span class=\"elementor-button-content-wrapper\">\n\t\t\t\t\t\t<span class=\"elementor-button-icon\">\n\t\t\t\t<svg xmlns=\"http:\/\/www.w3.org\/2000\/svg\" xmlns:xlink=\"http:\/\/www.w3.org\/1999\/xlink\" xmlns:serif=\"http:\/\/www.serif.com\/\" width=\"100%\" height=\"100%\" viewbox=\"0 0 293 220\" xml:space=\"preserve\" style=\"fill-rule:evenodd;clip-rule:evenodd;stroke-linejoin:round;stroke-miterlimit:2;\">    <g transform=\"matrix(1,0,0,1,-203.94,-240.46)\">        <g transform=\"matrix(1,0,0,1,-6.06,72.48)\">            <path d=\"M376.74,371.22L392.58,387.06L502.12,277.52L392.58,167.98L376.74,183.816L459.24,266.316L210,266.316L210,288.718L459.24,288.718L376.74,371.22Z\" style=\"fill-rule:nonzero;\"><\/path>        <\/g>    <\/g><\/svg>\t\t\t<\/span>\n\t\t\t\t\t\t\t\t\t<span class=\"elementor-button-text\">ACCEDER AL PORTAL<\/span>\n\t\t\t\t\t<\/span>\n\t\t\t\t\t<\/a>\n\t\t\t\t<\/div>\n\t\t\t\t\t\t\t\t<\/div>\n\t\t\t\t<\/div>\n\t\t<div class=\"elementor-element elementor-element-e577121 e-con-full e-flex e-con e-child\" data-id=\"e577121\" data-element_type=\"container\">\n\t\t\t\t<\/div>\n\t\t\t\t<\/div>\n\t\t<div class=\"elementor-element elementor-element-3763fca e-con-full e-flex e-con e-parent\" data-id=\"3763fca\" data-element_type=\"container\" id=\"master-content\" data-settings=\"{&quot;background_background&quot;:&quot;classic&quot;}\">\n\t\t<div class=\"elementor-element elementor-element-c2ee0c0 e-con-full e-flex elementor-invisible e-con e-child\" data-id=\"c2ee0c0\" data-element_type=\"container\" data-settings=\"{&quot;animation&quot;:&quot;fadeIn&quot;}\">\n\t\t<div class=\"elementor-element elementor-element-18676a2 e-con-full e-flex e-con e-child\" data-id=\"18676a2\" data-element_type=\"container\">\n\t\t\t\t<div class=\"elementor-element elementor-element-2293580 elementor-widget elementor-widget-text-editor\" data-id=\"2293580\" data-element_type=\"widget\" data-widget_type=\"text-editor.default\">\n\t\t\t\t<div class=\"elementor-widget-container\">\n\t\t\t\t\t\t\t\t\t<p>\u201c<strong>ETNO<\/strong>musicolog\u00eda<strong>\u00a0I<\/strong>nstrumentos\u00a0<strong>MUS<\/strong>icales\u201d es un portal de organolog\u00eda creado por alumnos y profesores de la especialidad de Etnomusicolog\u00eda del COSCYL.<\/p><p>En el libro de Fran\u00e7ois-Ren\u00e8 Tranchefort, Los instrumentos musicales en el mundo (Alianza M\u00fasica) se recogen un total de 1.073 instrumentos aproximadamente. Esta publicaci\u00f3n sirve, a modo de cat\u00e1logo, como base para llevar a cabo las tareas de clasificaci\u00f3n y documentaci\u00f3n que se muestran en la p\u00e1gina. Cada ficha realizada aporta la siguiente informaci\u00f3n: Nombre (en lengua vern\u00e1cula), n\u00famero de clasificaci\u00f3n (Hornsbostel-Sachs), ubicaci\u00f3n, grupo \u00e9tnico, materiales y medidas, caracter\u00edsticas, funci\u00f3n social, interpretaci\u00f3n, enlaces ULRs.<\/p><p>(El objetivo es poner en pr\u00e1ctica recursos metodol\u00f3gicos vistos en clase. Por lo tanto, toda informaci\u00f3n contenida en esta web ha sido evaluada pero es susceptible de ser modificada)<\/p>\t\t\t\t\t\t\t\t<\/div>\n\t\t\t\t<\/div>\n\t\t\t\t<\/div>\n\t\t<div class=\"elementor-element elementor-element-57da5bf e-con-full e-flex e-con e-child\" data-id=\"57da5bf\" data-element_type=\"container\">\n\t\t\t\t<\/div>\n\t\t<div class=\"elementor-element elementor-element-bb9cc56 e-con-full e-flex e-con e-child\" data-id=\"bb9cc56\" data-element_type=\"container\">\n\t\t\t\t<\/div>\n\t\t\t\t<\/div>\n\t\t\t\t<\/div>\n\t\t\t\t<\/div>","protected":false},"excerpt":{"rendered":"<p>Proyecto ETNOIMUS ACCEDER AL PORTAL \u201cETNOmusicolog\u00eda\u00a0Instrumentos\u00a0MUSicales\u201d es un portal de organolog\u00eda creado por alumnos y profesores de la especialidad de Etnomusicolog\u00eda del COSCYL. En el libro de Fran\u00e7ois-Ren\u00e8 Tranchefort, Los instrumentos musicales en el mundo (Alianza M\u00fasica) se recogen un total de 1.073 instrumentos aproximadamente. Esta publicaci\u00f3n sirve, a modo de cat\u00e1logo, como base para [&hellip;]<\/p>","protected":false},"author":1,"featured_media":0,"parent":0,"menu_order":0,"comment_status":"closed","ping_status":"closed","template":"elementor_header_footer","meta":{"footnotes":""},"class_list":["post-3707","page","type-page","status-publish","hentry"],"_links":{"self":[{"href":"https:\/\/coscyl.com\/en\/wp-json\/wp\/v2\/pages\/3707","targetHints":{"allow":["GET"]}}],"collection":[{"href":"https:\/\/coscyl.com\/en\/wp-json\/wp\/v2\/pages"}],"about":[{"href":"https:\/\/coscyl.com\/en\/wp-json\/wp\/v2\/types\/page"}],"author":[{"embeddable":true,"href":"https:\/\/coscyl.com\/en\/wp-json\/wp\/v2\/users\/1"}],"replies":[{"embeddable":true,"href":"https:\/\/coscyl.com\/en\/wp-json\/wp\/v2\/comments?post=3707"}],"version-history":[{"count":22,"href":"https:\/\/coscyl.com\/en\/wp-json\/wp\/v2\/pages\/3707\/revisions"}],"predecessor-version":[{"id":11716,"href":"https:\/\/coscyl.com\/en\/wp-json\/wp\/v2\/pages\/3707\/revisions\/11716"}],"wp:attachment":[{"href":"https:\/\/coscyl.com\/en\/wp-json\/wp\/v2\/media?parent=3707"}],"curies":[{"name":"wp","href":"https:\/\/api.w.org\/{rel}","templated":true}]}}