{"id":3642,"date":"2023-07-17T07:27:38","date_gmt":"2023-07-17T07:27:38","guid":{"rendered":"http:\/\/www.coscyl.com\/?page_id=3642"},"modified":"2023-09-20T09:33:26","modified_gmt":"2023-09-20T09:33:26","slug":"grandes-proyectos","status":"publish","type":"page","link":"https:\/\/coscyl.com\/en\/grandes-proyectos\/","title":{"rendered":"Grandes Proyectos"},"content":{"rendered":"<div data-elementor-type=\"wp-page\" data-elementor-id=\"3642\" class=\"elementor elementor-3642\" data-elementor-post-type=\"page\">\n\t\t\t\t<div class=\"elementor-element elementor-element-1122903 e-con-full e-flex e-con e-parent\" data-id=\"1122903\" data-element_type=\"container\">\n\t\t\t\t<div class=\"elementor-element elementor-element-872b847 elementor-widget elementor-widget-heading\" data-id=\"872b847\" data-element_type=\"widget\" data-widget_type=\"heading.default\">\n\t\t\t\t<div class=\"elementor-widget-container\">\n\t\t\t\t\t<h2 class=\"elementor-heading-title elementor-size-default\">Grandes Proyectos<\/h2>\t\t\t\t<\/div>\n\t\t\t\t<\/div>\n\t\t\t\t<div class=\"elementor-element elementor-element-e8be251 elementor-widget-divider--view-line elementor-widget elementor-widget-divider\" data-id=\"e8be251\" data-element_type=\"widget\" data-widget_type=\"divider.default\">\n\t\t\t\t<div class=\"elementor-widget-container\">\n\t\t\t\t\t\t\t<div class=\"elementor-divider\">\n\t\t\t<span class=\"elementor-divider-separator\">\n\t\t\t\t\t\t<\/span>\n\t\t<\/div>\n\t\t\t\t\t\t<\/div>\n\t\t\t\t<\/div>\n\t\t<div class=\"elementor-element elementor-element-e577121 e-con-full e-flex e-con e-parent\" data-id=\"e577121\" data-element_type=\"container\">\n\t\t<div class=\"elementor-element elementor-element-807e065 e-con-full e-flex e-con e-parent\" data-id=\"807e065\" data-element_type=\"container\">\n\t\t\t\t<div class=\"elementor-element elementor-element-efbeb5f elementor-grid-tablet-1 elementor-grid-2 elementor-posts--thumbnail-right elementor-grid-mobile-1 load-more-align-center elementor-invisible elementor-widget elementor-widget-posts\" data-id=\"efbeb5f\" data-element_type=\"widget\" data-settings=\"{&quot;classic_columns_tablet&quot;:&quot;1&quot;,&quot;classic_row_gap_mobile&quot;:{&quot;unit&quot;:&quot;px&quot;,&quot;size&quot;:52,&quot;sizes&quot;:[]},&quot;pagination_type&quot;:&quot;load_more_on_click&quot;,&quot;_animation&quot;:&quot;fadeIn&quot;,&quot;classic_columns&quot;:&quot;2&quot;,&quot;classic_row_gap&quot;:{&quot;unit&quot;:&quot;px&quot;,&quot;size&quot;:30,&quot;sizes&quot;:[]},&quot;classic_columns_mobile&quot;:&quot;1&quot;,&quot;classic_row_gap_tablet&quot;:{&quot;unit&quot;:&quot;px&quot;,&quot;size&quot;:&quot;&quot;,&quot;sizes&quot;:[]},&quot;load_more_spinner&quot;:{&quot;value&quot;:&quot;fas fa-spinner&quot;,&quot;library&quot;:&quot;fa-solid&quot;}}\" data-widget_type=\"posts.classic\">\n\t\t\t\t<div class=\"elementor-widget-container\">\n\t\t\t\t\t\t\t<div class=\"elementor-posts-container elementor-posts elementor-posts--skin-classic elementor-grid\" role=\"list\">\n\t\t\t\t<article class=\"elementor-post elementor-grid-item post-3651 post type-post status-publish format-standard has-post-thumbnail hentry category-grandes-proyectos\" role=\"listitem\">\n\t\t\t\t<a class=\"elementor-post__thumbnail__link\" href=\"https:\/\/coscyl.com\/en\/banda-sinfonica\/\" tabindex=\"-1\" >\n\t\t\t<div class=\"elementor-post__thumbnail\"><img fetchpriority=\"high\" decoding=\"async\" width=\"2560\" height=\"1704\" src=\"https:\/\/coscyl.com\/wp-content\/uploads\/2023\/08\/Foto-orquesta-Coscyl-Jun-2023-scaled.jpg\" class=\"attachment-full size-full wp-image-4758\" alt=\"\" srcset=\"https:\/\/coscyl.com\/wp-content\/uploads\/2023\/08\/Foto-orquesta-Coscyl-Jun-2023-scaled.jpg 2560w, https:\/\/coscyl.com\/wp-content\/uploads\/2023\/08\/Foto-orquesta-Coscyl-Jun-2023-300x200.jpg 300w, https:\/\/coscyl.com\/wp-content\/uploads\/2023\/08\/Foto-orquesta-Coscyl-Jun-2023-1024x682.jpg 1024w, https:\/\/coscyl.com\/wp-content\/uploads\/2023\/08\/Foto-orquesta-Coscyl-Jun-2023-768x511.jpg 768w, https:\/\/coscyl.com\/wp-content\/uploads\/2023\/08\/Foto-orquesta-Coscyl-Jun-2023-1536x1022.jpg 1536w, https:\/\/coscyl.com\/wp-content\/uploads\/2023\/08\/Foto-orquesta-Coscyl-Jun-2023-2048x1363.jpg 2048w, https:\/\/coscyl.com\/wp-content\/uploads\/2023\/08\/Foto-orquesta-Coscyl-Jun-2023-18x12.jpg 18w\" sizes=\"(max-width: 2560px) 100vw, 2560px\" \/><\/div>\n\t\t<\/a>\n\t\t\t\t<div class=\"elementor-post__text\">\n\t\t\t\t<h3 class=\"elementor-post__title\">\n\t\t\t<a href=\"https:\/\/coscyl.com\/en\/banda-sinfonica\/\" >\n\t\t\t\tBanda Sinf\u00f3nica\t\t\t<\/a>\n\t\t<\/h3>\n\t\t\t\t<div class=\"elementor-post__excerpt\">\n\t\t\t<p>Las dimensiones de la Banda han ido ampli\u00e1ndose cada a\u00f1o y ya en el curso 2011\/12 reuni\u00f3 una plantilla de<\/p>\n\t\t<\/div>\n\t\t\t\t\t<div class=\"elementor-post__read-more-wrapper\">\n\t\t\n\t\t<a class=\"elementor-post__read-more\" href=\"https:\/\/coscyl.com\/en\/banda-sinfonica\/\" aria-label=\"Read more about Banda Sinf\u00f3nica\" tabindex=\"-1\" >\n\t\t\tLeer m\u00e1s\t\t<\/a>\n\n\t\t\t\t\t<\/div>\n\t\t\t\t<\/div>\n\t\t\t\t<\/article>\n\t\t\t\t<article class=\"elementor-post elementor-grid-item post-3653 post type-post status-publish format-standard has-post-thumbnail hentry category-grandes-proyectos\" role=\"listitem\">\n\t\t\t\t<a class=\"elementor-post__thumbnail__link\" href=\"https:\/\/coscyl.com\/en\/orquesta-barroca\/\" tabindex=\"-1\" >\n\t\t\t<div class=\"elementor-post__thumbnail\"><img decoding=\"async\" width=\"2560\" height=\"1707\" src=\"https:\/\/coscyl.com\/wp-content\/uploads\/2023\/08\/2022.11.15-Banda-Sinfonica-9-scaled.jpg\" class=\"attachment-full size-full wp-image-4744\" alt=\"\" srcset=\"https:\/\/coscyl.com\/wp-content\/uploads\/2023\/08\/2022.11.15-Banda-Sinfonica-9-scaled.jpg 2560w, https:\/\/coscyl.com\/wp-content\/uploads\/2023\/08\/2022.11.15-Banda-Sinfonica-9-300x200.jpg 300w, https:\/\/coscyl.com\/wp-content\/uploads\/2023\/08\/2022.11.15-Banda-Sinfonica-9-1024x683.jpg 1024w, https:\/\/coscyl.com\/wp-content\/uploads\/2023\/08\/2022.11.15-Banda-Sinfonica-9-768x512.jpg 768w, https:\/\/coscyl.com\/wp-content\/uploads\/2023\/08\/2022.11.15-Banda-Sinfonica-9-1536x1024.jpg 1536w, https:\/\/coscyl.com\/wp-content\/uploads\/2023\/08\/2022.11.15-Banda-Sinfonica-9-2048x1365.jpg 2048w, https:\/\/coscyl.com\/wp-content\/uploads\/2023\/08\/2022.11.15-Banda-Sinfonica-9-18x12.jpg 18w\" sizes=\"(max-width: 2560px) 100vw, 2560px\" \/><\/div>\n\t\t<\/a>\n\t\t\t\t<div class=\"elementor-post__text\">\n\t\t\t\t<h3 class=\"elementor-post__title\">\n\t\t\t<a href=\"https:\/\/coscyl.com\/en\/orquesta-barroca\/\" >\n\t\t\t\tOrquesta Barroca\t\t\t<\/a>\n\t\t<\/h3>\n\t\t\t\t<div class=\"elementor-post__excerpt\">\n\t\t\t<p>La Orquesta Barroca del Conservatorio Superior de Castilla y Le\u00f3n, naci\u00f3 en 1999 como grupo especializado en el repertorio de<\/p>\n\t\t<\/div>\n\t\t\t\t\t<div class=\"elementor-post__read-more-wrapper\">\n\t\t\n\t\t<a class=\"elementor-post__read-more\" href=\"https:\/\/coscyl.com\/en\/orquesta-barroca\/\" aria-label=\"Read more about Orquesta Barroca\" tabindex=\"-1\" >\n\t\t\tLeer m\u00e1s\t\t<\/a>\n\n\t\t\t\t\t<\/div>\n\t\t\t\t<\/div>\n\t\t\t\t<\/article>\n\t\t\t\t<article class=\"elementor-post elementor-grid-item post-3655 post type-post status-publish format-standard has-post-thumbnail hentry category-grandes-proyectos\" role=\"listitem\">\n\t\t\t\t<a class=\"elementor-post__thumbnail__link\" href=\"https:\/\/coscyl.com\/en\/universo-sax-2-13\/\" tabindex=\"-1\" >\n\t\t\t<div class=\"elementor-post__thumbnail\"><img decoding=\"async\" width=\"2560\" height=\"2560\" src=\"https:\/\/coscyl.com\/wp-content\/uploads\/2023\/08\/2022.11.15-Banda-Sinfonica-16-scaled.jpg\" class=\"attachment-full size-full wp-image-4751\" alt=\"\" srcset=\"https:\/\/coscyl.com\/wp-content\/uploads\/2023\/08\/2022.11.15-Banda-Sinfonica-16-scaled.jpg 2560w, https:\/\/coscyl.com\/wp-content\/uploads\/2023\/08\/2022.11.15-Banda-Sinfonica-16-300x300.jpg 300w, https:\/\/coscyl.com\/wp-content\/uploads\/2023\/08\/2022.11.15-Banda-Sinfonica-16-1024x1024.jpg 1024w, https:\/\/coscyl.com\/wp-content\/uploads\/2023\/08\/2022.11.15-Banda-Sinfonica-16-150x150.jpg 150w, https:\/\/coscyl.com\/wp-content\/uploads\/2023\/08\/2022.11.15-Banda-Sinfonica-16-768x768.jpg 768w, https:\/\/coscyl.com\/wp-content\/uploads\/2023\/08\/2022.11.15-Banda-Sinfonica-16-1536x1536.jpg 1536w, https:\/\/coscyl.com\/wp-content\/uploads\/2023\/08\/2022.11.15-Banda-Sinfonica-16-2048x2048.jpg 2048w, https:\/\/coscyl.com\/wp-content\/uploads\/2023\/08\/2022.11.15-Banda-Sinfonica-16-12x12.jpg 12w\" sizes=\"(max-width: 2560px) 100vw, 2560px\" \/><\/div>\n\t\t<\/a>\n\t\t\t\t<div class=\"elementor-post__text\">\n\t\t\t\t<h3 class=\"elementor-post__title\">\n\t\t\t<a href=\"https:\/\/coscyl.com\/en\/universo-sax-2-13\/\" >\n\t\t\t\tUniverso Sax 2.13\t\t\t<\/a>\n\t\t<\/h3>\n\t\t\t\t<div class=\"elementor-post__excerpt\">\n\t\t\t<p>UNIVERSO 2.13 SAX&nbsp;es el exponente art\u00edstico que nace en el aula de saxof\u00f3n del Conservatorio Superior de m\u00fasica de Castilla<\/p>\n\t\t<\/div>\n\t\t\t\t\t<div class=\"elementor-post__read-more-wrapper\">\n\t\t\n\t\t<a class=\"elementor-post__read-more\" href=\"https:\/\/coscyl.com\/en\/universo-sax-2-13\/\" aria-label=\"Read more about Universo Sax 2.13\" tabindex=\"-1\" >\n\t\t\tLeer m\u00e1s\t\t<\/a>\n\n\t\t\t\t\t<\/div>\n\t\t\t\t<\/div>\n\t\t\t\t<\/article>\n\t\t\t\t<article class=\"elementor-post elementor-grid-item post-3657 post type-post status-publish format-standard has-post-thumbnail hentry category-grandes-proyectos\" role=\"listitem\">\n\t\t\t\t<a class=\"elementor-post__thumbnail__link\" href=\"https:\/\/coscyl.com\/en\/big-band\/\" tabindex=\"-1\" >\n\t\t\t<div class=\"elementor-post__thumbnail\"><img loading=\"lazy\" decoding=\"async\" width=\"1430\" height=\"2560\" src=\"https:\/\/coscyl.com\/wp-content\/uploads\/2023\/08\/Ensemble-de-Percusion-del-COSCYL-3-scaled.jpg\" class=\"attachment-full size-full wp-image-4756\" alt=\"\" srcset=\"https:\/\/coscyl.com\/wp-content\/uploads\/2023\/08\/Ensemble-de-Percusion-del-COSCYL-3-scaled.jpg 1430w, https:\/\/coscyl.com\/wp-content\/uploads\/2023\/08\/Ensemble-de-Percusion-del-COSCYL-3-168x300.jpg 168w, https:\/\/coscyl.com\/wp-content\/uploads\/2023\/08\/Ensemble-de-Percusion-del-COSCYL-3-572x1024.jpg 572w, https:\/\/coscyl.com\/wp-content\/uploads\/2023\/08\/Ensemble-de-Percusion-del-COSCYL-3-768x1374.jpg 768w, https:\/\/coscyl.com\/wp-content\/uploads\/2023\/08\/Ensemble-de-Percusion-del-COSCYL-3-858x1536.jpg 858w, https:\/\/coscyl.com\/wp-content\/uploads\/2023\/08\/Ensemble-de-Percusion-del-COSCYL-3-1144x2048.jpg 1144w, https:\/\/coscyl.com\/wp-content\/uploads\/2023\/08\/Ensemble-de-Percusion-del-COSCYL-3-7x12.jpg 7w\" sizes=\"(max-width: 1430px) 100vw, 1430px\" \/><\/div>\n\t\t<\/a>\n\t\t\t\t<div class=\"elementor-post__text\">\n\t\t\t\t<h3 class=\"elementor-post__title\">\n\t\t\t<a href=\"https:\/\/coscyl.com\/en\/big-band\/\" >\n\t\t\t\tBig Band\t\t\t<\/a>\n\t\t<\/h3>\n\t\t\t\t<div class=\"elementor-post__excerpt\">\n\t\t\t<p>P\u00e1gina en construcci\u00f3n<\/p>\n\t\t<\/div>\n\t\t\t\t\t<div class=\"elementor-post__read-more-wrapper\">\n\t\t\n\t\t<a class=\"elementor-post__read-more\" href=\"https:\/\/coscyl.com\/en\/big-band\/\" aria-label=\"Read more about Big Band\" tabindex=\"-1\" >\n\t\t\tLeer m\u00e1s\t\t<\/a>\n\n\t\t\t\t\t<\/div>\n\t\t\t\t<\/div>\n\t\t\t\t<\/article>\n\t\t\t\t<article class=\"elementor-post elementor-grid-item post-3660 post type-post status-publish format-standard has-post-thumbnail hentry category-grandes-proyectos\" role=\"listitem\">\n\t\t\t\t<a class=\"elementor-post__thumbnail__link\" href=\"https:\/\/coscyl.com\/en\/orquesta-de-cuerda\/\" tabindex=\"-1\" >\n\t\t\t<div class=\"elementor-post__thumbnail\"><img loading=\"lazy\" decoding=\"async\" width=\"2560\" height=\"1440\" src=\"https:\/\/coscyl.com\/wp-content\/uploads\/2023\/08\/image00002-scaled.jpeg\" class=\"attachment-full size-full wp-image-4759\" alt=\"\" srcset=\"https:\/\/coscyl.com\/wp-content\/uploads\/2023\/08\/image00002-scaled.jpeg 2560w, https:\/\/coscyl.com\/wp-content\/uploads\/2023\/08\/image00002-300x169.jpeg 300w, https:\/\/coscyl.com\/wp-content\/uploads\/2023\/08\/image00002-1024x576.jpeg 1024w, https:\/\/coscyl.com\/wp-content\/uploads\/2023\/08\/image00002-768x432.jpeg 768w, https:\/\/coscyl.com\/wp-content\/uploads\/2023\/08\/image00002-1536x864.jpeg 1536w, https:\/\/coscyl.com\/wp-content\/uploads\/2023\/08\/image00002-2048x1152.jpeg 2048w, https:\/\/coscyl.com\/wp-content\/uploads\/2023\/08\/image00002-18x10.jpeg 18w\" sizes=\"(max-width: 2560px) 100vw, 2560px\" \/><\/div>\n\t\t<\/a>\n\t\t\t\t<div class=\"elementor-post__text\">\n\t\t\t\t<h3 class=\"elementor-post__title\">\n\t\t\t<a href=\"https:\/\/coscyl.com\/en\/orquesta-de-cuerda\/\" >\n\t\t\t\tOrquesta de Cuerda\t\t\t<\/a>\n\t\t<\/h3>\n\t\t\t\t<div class=\"elementor-post__excerpt\">\n\t\t\t<p>P\u00e1gina en construcci\u00f3n<\/p>\n\t\t<\/div>\n\t\t\t\t\t<div class=\"elementor-post__read-more-wrapper\">\n\t\t\n\t\t<a class=\"elementor-post__read-more\" href=\"https:\/\/coscyl.com\/en\/orquesta-de-cuerda\/\" aria-label=\"Read more about Orquesta de Cuerda\" tabindex=\"-1\" >\n\t\t\tLeer m\u00e1s\t\t<\/a>\n\n\t\t\t\t\t<\/div>\n\t\t\t\t<\/div>\n\t\t\t\t<\/article>\n\t\t\t\t<article class=\"elementor-post elementor-grid-item post-3662 post type-post status-publish format-standard has-post-thumbnail hentry category-grandes-proyectos\" role=\"listitem\">\n\t\t\t\t<a class=\"elementor-post__thumbnail__link\" href=\"https:\/\/coscyl.com\/en\/taller-de-musica-contemporanea\/\" tabindex=\"-1\" >\n\t\t\t<div class=\"elementor-post__thumbnail\"><img loading=\"lazy\" decoding=\"async\" width=\"2560\" height=\"2560\" src=\"https:\/\/coscyl.com\/wp-content\/uploads\/2023\/08\/2022.11.15-Banda-Sinfonica-1-scaled.jpg\" class=\"attachment-full size-full wp-image-4736\" alt=\"\" srcset=\"https:\/\/coscyl.com\/wp-content\/uploads\/2023\/08\/2022.11.15-Banda-Sinfonica-1-scaled.jpg 2560w, https:\/\/coscyl.com\/wp-content\/uploads\/2023\/08\/2022.11.15-Banda-Sinfonica-1-300x300.jpg 300w, https:\/\/coscyl.com\/wp-content\/uploads\/2023\/08\/2022.11.15-Banda-Sinfonica-1-1024x1024.jpg 1024w, https:\/\/coscyl.com\/wp-content\/uploads\/2023\/08\/2022.11.15-Banda-Sinfonica-1-150x150.jpg 150w, https:\/\/coscyl.com\/wp-content\/uploads\/2023\/08\/2022.11.15-Banda-Sinfonica-1-768x768.jpg 768w, https:\/\/coscyl.com\/wp-content\/uploads\/2023\/08\/2022.11.15-Banda-Sinfonica-1-1536x1536.jpg 1536w, https:\/\/coscyl.com\/wp-content\/uploads\/2023\/08\/2022.11.15-Banda-Sinfonica-1-2048x2048.jpg 2048w, https:\/\/coscyl.com\/wp-content\/uploads\/2023\/08\/2022.11.15-Banda-Sinfonica-1-12x12.jpg 12w\" sizes=\"(max-width: 2560px) 100vw, 2560px\" \/><\/div>\n\t\t<\/a>\n\t\t\t\t<div class=\"elementor-post__text\">\n\t\t\t\t<h3 class=\"elementor-post__title\">\n\t\t\t<a href=\"https:\/\/coscyl.com\/en\/taller-de-musica-contemporanea\/\" >\n\t\t\t\tTaller de M\u00fasica Contempor\u00e1nea\t\t\t<\/a>\n\t\t<\/h3>\n\t\t\t\t<div class=\"elementor-post__excerpt\">\n\t\t\t<p>El TaCoS (Taller de M\u00fasica Contempor\u00e1nea del Conservatorio Superior de M\u00fasica de Salamanca) acerca a los alumnos al mundo de<\/p>\n\t\t<\/div>\n\t\t\t\t\t<div class=\"elementor-post__read-more-wrapper\">\n\t\t\n\t\t<a class=\"elementor-post__read-more\" href=\"https:\/\/coscyl.com\/en\/taller-de-musica-contemporanea\/\" aria-label=\"Read more about Taller de M\u00fasica Contempor\u00e1nea\" tabindex=\"-1\" >\n\t\t\tLeer m\u00e1s\t\t<\/a>\n\n\t\t\t\t\t<\/div>\n\t\t\t\t<\/div>\n\t\t\t\t<\/article>\n\t\t\t\t<article class=\"elementor-post elementor-grid-item post-3664 post type-post status-publish format-standard has-post-thumbnail hentry category-grandes-proyectos\" role=\"listitem\">\n\t\t\t\t<a class=\"elementor-post__thumbnail__link\" href=\"https:\/\/coscyl.com\/en\/coro\/\" tabindex=\"-1\" >\n\t\t\t<div class=\"elementor-post__thumbnail\"><img loading=\"lazy\" decoding=\"async\" width=\"2560\" height=\"2560\" src=\"https:\/\/coscyl.com\/wp-content\/uploads\/2023\/08\/2022.11.15-Banda-Sinfonica-10-scaled.jpg\" class=\"attachment-full size-full wp-image-4745\" alt=\"\" srcset=\"https:\/\/coscyl.com\/wp-content\/uploads\/2023\/08\/2022.11.15-Banda-Sinfonica-10-scaled.jpg 2560w, https:\/\/coscyl.com\/wp-content\/uploads\/2023\/08\/2022.11.15-Banda-Sinfonica-10-300x300.jpg 300w, https:\/\/coscyl.com\/wp-content\/uploads\/2023\/08\/2022.11.15-Banda-Sinfonica-10-1024x1024.jpg 1024w, https:\/\/coscyl.com\/wp-content\/uploads\/2023\/08\/2022.11.15-Banda-Sinfonica-10-150x150.jpg 150w, https:\/\/coscyl.com\/wp-content\/uploads\/2023\/08\/2022.11.15-Banda-Sinfonica-10-768x768.jpg 768w, https:\/\/coscyl.com\/wp-content\/uploads\/2023\/08\/2022.11.15-Banda-Sinfonica-10-1536x1536.jpg 1536w, https:\/\/coscyl.com\/wp-content\/uploads\/2023\/08\/2022.11.15-Banda-Sinfonica-10-2048x2048.jpg 2048w, https:\/\/coscyl.com\/wp-content\/uploads\/2023\/08\/2022.11.15-Banda-Sinfonica-10-12x12.jpg 12w\" sizes=\"(max-width: 2560px) 100vw, 2560px\" \/><\/div>\n\t\t<\/a>\n\t\t\t\t<div class=\"elementor-post__text\">\n\t\t\t\t<h3 class=\"elementor-post__title\">\n\t\t\t<a href=\"https:\/\/coscyl.com\/en\/coro\/\" >\n\t\t\t\tCoro\t\t\t<\/a>\n\t\t<\/h3>\n\t\t\t\t<div class=\"elementor-post__excerpt\">\n\t\t\t<p>El Conservatorio Superior de M\u00fasica de Salamanca dispone de tres coros estables: Coro Sinf\u00f3nico, Coro de C\u00e1mara, y Coro de<\/p>\n\t\t<\/div>\n\t\t\t\t\t<div class=\"elementor-post__read-more-wrapper\">\n\t\t\n\t\t<a class=\"elementor-post__read-more\" href=\"https:\/\/coscyl.com\/en\/coro\/\" aria-label=\"Read more about Coro\" tabindex=\"-1\" >\n\t\t\tLeer m\u00e1s\t\t<\/a>\n\n\t\t\t\t\t<\/div>\n\t\t\t\t<\/div>\n\t\t\t\t<\/article>\n\t\t\t\t<article class=\"elementor-post elementor-grid-item post-3667 post type-post status-publish format-standard has-post-thumbnail hentry category-grandes-proyectos\" role=\"listitem\">\n\t\t\t\t<a class=\"elementor-post__thumbnail__link\" href=\"https:\/\/coscyl.com\/en\/orquesta-sinfonica\/\" tabindex=\"-1\" >\n\t\t\t<div class=\"elementor-post__thumbnail\"><img loading=\"lazy\" decoding=\"async\" width=\"2560\" height=\"2560\" src=\"https:\/\/coscyl.com\/wp-content\/uploads\/2023\/08\/2022.11.15-Banda-Sinfonica-8-scaled.jpg\" class=\"attachment-full size-full wp-image-4743\" alt=\"\" srcset=\"https:\/\/coscyl.com\/wp-content\/uploads\/2023\/08\/2022.11.15-Banda-Sinfonica-8-scaled.jpg 2560w, https:\/\/coscyl.com\/wp-content\/uploads\/2023\/08\/2022.11.15-Banda-Sinfonica-8-300x300.jpg 300w, https:\/\/coscyl.com\/wp-content\/uploads\/2023\/08\/2022.11.15-Banda-Sinfonica-8-1024x1024.jpg 1024w, https:\/\/coscyl.com\/wp-content\/uploads\/2023\/08\/2022.11.15-Banda-Sinfonica-8-150x150.jpg 150w, https:\/\/coscyl.com\/wp-content\/uploads\/2023\/08\/2022.11.15-Banda-Sinfonica-8-768x768.jpg 768w, https:\/\/coscyl.com\/wp-content\/uploads\/2023\/08\/2022.11.15-Banda-Sinfonica-8-1536x1536.jpg 1536w, https:\/\/coscyl.com\/wp-content\/uploads\/2023\/08\/2022.11.15-Banda-Sinfonica-8-2048x2048.jpg 2048w, https:\/\/coscyl.com\/wp-content\/uploads\/2023\/08\/2022.11.15-Banda-Sinfonica-8-12x12.jpg 12w\" sizes=\"(max-width: 2560px) 100vw, 2560px\" \/><\/div>\n\t\t<\/a>\n\t\t\t\t<div class=\"elementor-post__text\">\n\t\t\t\t<h3 class=\"elementor-post__title\">\n\t\t\t<a href=\"https:\/\/coscyl.com\/en\/orquesta-sinfonica\/\" >\n\t\t\t\tOrquesta Sinf\u00f3nica\t\t\t<\/a>\n\t\t<\/h3>\n\t\t\t\t<div class=\"elementor-post__excerpt\">\n\t\t\t<p>La Orquesta Sinf\u00f3nica del Conservatorio Superior de Salamanca naci\u00f3 en 1995 impulsada sobre todo por la iniciativa de la entonces<\/p>\n\t\t<\/div>\n\t\t\t\t\t<div class=\"elementor-post__read-more-wrapper\">\n\t\t\n\t\t<a class=\"elementor-post__read-more\" href=\"https:\/\/coscyl.com\/en\/orquesta-sinfonica\/\" aria-label=\"Read more about Orquesta Sinf\u00f3nica\" tabindex=\"-1\" >\n\t\t\tLeer m\u00e1s\t\t<\/a>\n\n\t\t\t\t\t<\/div>\n\t\t\t\t<\/div>\n\t\t\t\t<\/article>\n\t\t\t\t<article class=\"elementor-post elementor-grid-item post-3669 post type-post status-publish format-standard has-post-thumbnail hentry category-grandes-proyectos\" role=\"listitem\">\n\t\t\t\t<a class=\"elementor-post__thumbnail__link\" href=\"https:\/\/coscyl.com\/en\/taller-de-jazz-e-improvisacion\/\" tabindex=\"-1\" >\n\t\t\t<div class=\"elementor-post__thumbnail\"><img loading=\"lazy\" decoding=\"async\" width=\"2560\" height=\"2560\" src=\"https:\/\/coscyl.com\/wp-content\/uploads\/2023\/08\/2022.11.15-Banda-Sinfonica-5-scaled.jpg\" class=\"attachment-full size-full wp-image-4740\" alt=\"\" srcset=\"https:\/\/coscyl.com\/wp-content\/uploads\/2023\/08\/2022.11.15-Banda-Sinfonica-5-scaled.jpg 2560w, https:\/\/coscyl.com\/wp-content\/uploads\/2023\/08\/2022.11.15-Banda-Sinfonica-5-300x300.jpg 300w, https:\/\/coscyl.com\/wp-content\/uploads\/2023\/08\/2022.11.15-Banda-Sinfonica-5-1024x1024.jpg 1024w, https:\/\/coscyl.com\/wp-content\/uploads\/2023\/08\/2022.11.15-Banda-Sinfonica-5-150x150.jpg 150w, https:\/\/coscyl.com\/wp-content\/uploads\/2023\/08\/2022.11.15-Banda-Sinfonica-5-768x768.jpg 768w, https:\/\/coscyl.com\/wp-content\/uploads\/2023\/08\/2022.11.15-Banda-Sinfonica-5-1536x1536.jpg 1536w, https:\/\/coscyl.com\/wp-content\/uploads\/2023\/08\/2022.11.15-Banda-Sinfonica-5-2048x2048.jpg 2048w, https:\/\/coscyl.com\/wp-content\/uploads\/2023\/08\/2022.11.15-Banda-Sinfonica-5-12x12.jpg 12w\" sizes=\"(max-width: 2560px) 100vw, 2560px\" \/><\/div>\n\t\t<\/a>\n\t\t\t\t<div class=\"elementor-post__text\">\n\t\t\t\t<h3 class=\"elementor-post__title\">\n\t\t\t<a href=\"https:\/\/coscyl.com\/en\/taller-de-jazz-e-improvisacion\/\" >\n\t\t\t\tTaller de Jazz e Improvisaci\u00f3n\t\t\t<\/a>\n\t\t<\/h3>\n\t\t\t\t<div class=\"elementor-post__excerpt\">\n\t\t\t<p>El Taller de Jazz del Conservatorio Superior de M\u00fasica de Salamanca comienza en el curso 2004-2005, con el prop\u00f3sito de<\/p>\n\t\t<\/div>\n\t\t\t\t\t<div class=\"elementor-post__read-more-wrapper\">\n\t\t\n\t\t<a class=\"elementor-post__read-more\" href=\"https:\/\/coscyl.com\/en\/taller-de-jazz-e-improvisacion\/\" aria-label=\"Read more about Taller de Jazz e Improvisaci\u00f3n\" tabindex=\"-1\" >\n\t\t\tLeer m\u00e1s\t\t<\/a>\n\n\t\t\t\t\t<\/div>\n\t\t\t\t<\/div>\n\t\t\t\t<\/article>\n\t\t\t\t<article class=\"elementor-post elementor-grid-item post-3671 post type-post status-publish format-standard has-post-thumbnail hentry category-grandes-proyectos\" role=\"listitem\">\n\t\t\t\t<a class=\"elementor-post__thumbnail__link\" href=\"https:\/\/coscyl.com\/en\/taller-de-opera\/\" tabindex=\"-1\" >\n\t\t\t<div class=\"elementor-post__thumbnail\"><img loading=\"lazy\" decoding=\"async\" width=\"2560\" height=\"1707\" src=\"https:\/\/coscyl.com\/wp-content\/uploads\/2024\/06\/DSC_0117-2-scaled.jpg\" class=\"attachment-full size-full wp-image-8237\" alt=\"\" srcset=\"https:\/\/coscyl.com\/wp-content\/uploads\/2024\/06\/DSC_0117-2-scaled.jpg 2560w, https:\/\/coscyl.com\/wp-content\/uploads\/2024\/06\/DSC_0117-2-300x200.jpg 300w, https:\/\/coscyl.com\/wp-content\/uploads\/2024\/06\/DSC_0117-2-1024x683.jpg 1024w, https:\/\/coscyl.com\/wp-content\/uploads\/2024\/06\/DSC_0117-2-768x512.jpg 768w, https:\/\/coscyl.com\/wp-content\/uploads\/2024\/06\/DSC_0117-2-1536x1024.jpg 1536w, https:\/\/coscyl.com\/wp-content\/uploads\/2024\/06\/DSC_0117-2-2048x1365.jpg 2048w, https:\/\/coscyl.com\/wp-content\/uploads\/2024\/06\/DSC_0117-2-18x12.jpg 18w\" sizes=\"(max-width: 2560px) 100vw, 2560px\" \/><\/div>\n\t\t<\/a>\n\t\t\t\t<div class=\"elementor-post__text\">\n\t\t\t\t<h3 class=\"elementor-post__title\">\n\t\t\t<a href=\"https:\/\/coscyl.com\/en\/taller-de-opera\/\" >\n\t\t\t\tTaller de \u00d3pera\t\t\t<\/a>\n\t\t<\/h3>\n\t\t\t\t<div class=\"elementor-post__excerpt\">\n\t\t\t<p>El Taller de \u00d3pera naci\u00f3 con la pretensi\u00f3n de formar esc\u00e9nicamente al cantante en todas las disciplinas necesarias: t\u00e9cnica vocal,<\/p>\n\t\t<\/div>\n\t\t\t\t\t<div class=\"elementor-post__read-more-wrapper\">\n\t\t\n\t\t<a class=\"elementor-post__read-more\" href=\"https:\/\/coscyl.com\/en\/taller-de-opera\/\" aria-label=\"Read more about Taller de \u00d3pera\" tabindex=\"-1\" >\n\t\t\tLeer m\u00e1s\t\t<\/a>\n\n\t\t\t\t\t<\/div>\n\t\t\t\t<\/div>\n\t\t\t\t<\/article>\n\t\t\t\t<\/div>\n\t\t\t\t\t<span class=\"e-load-more-spinner\">\n\t\t\t\t<svg aria-hidden=\"true\" class=\"e-font-icon-svg e-fas-spinner\" viewbox=\"0 0 512 512\" xmlns=\"http:\/\/www.w3.org\/2000\/svg\"><path d=\"M304 48c0 26.51-21.49 48-48 48s-48-21.49-48-48 21.49-48 48-48 48 21.49 48 48zm-48 368c-26.51 0-48 21.49-48 48s21.49 48 48 48 48-21.49 48-48-21.49-48-48-48zm208-208c-26.51 0-48 21.49-48 48s21.49 48 48 48 48-21.49 48-48-21.49-48-48-48zM96 256c0-26.51-21.49-48-48-48S0 229.49 0 256s21.49 48 48 48 48-21.49 48-48zm12.922 99.078c-26.51 0-48 21.49-48 48s21.49 48 48 48 48-21.49 48-48c0-26.509-21.491-48-48-48zm294.156 0c-26.51 0-48 21.49-48 48s21.49 48 48 48 48-21.49 48-48c0-26.509-21.49-48-48-48zM108.922 60.922c-26.51 0-48 21.49-48 48s21.49 48 48 48 48-21.49 48-48-21.491-48-48-48z\"><\/path><\/svg>\t\t\t<\/span>\n\t\t\n\t\t\t\t\t\t<\/div>\n\t\t\t\t<\/div>\n\t\t\t\t<\/div>\n\t\t\t\t<\/div>\n\t\t\t\t<\/div>\n\t\t\t\t<\/div>","protected":false},"excerpt":{"rendered":"<p>Grandes Proyectos<\/p>","protected":false},"author":1,"featured_media":0,"parent":0,"menu_order":0,"comment_status":"closed","ping_status":"closed","template":"elementor_header_footer","meta":{"footnotes":""},"class_list":["post-3642","page","type-page","status-publish","hentry"],"_links":{"self":[{"href":"https:\/\/coscyl.com\/en\/wp-json\/wp\/v2\/pages\/3642","targetHints":{"allow":["GET"]}}],"collection":[{"href":"https:\/\/coscyl.com\/en\/wp-json\/wp\/v2\/pages"}],"about":[{"href":"https:\/\/coscyl.com\/en\/wp-json\/wp\/v2\/types\/page"}],"author":[{"embeddable":true,"href":"https:\/\/coscyl.com\/en\/wp-json\/wp\/v2\/users\/1"}],"replies":[{"embeddable":true,"href":"https:\/\/coscyl.com\/en\/wp-json\/wp\/v2\/comments?post=3642"}],"version-history":[{"count":13,"href":"https:\/\/coscyl.com\/en\/wp-json\/wp\/v2\/pages\/3642\/revisions"}],"predecessor-version":[{"id":5531,"href":"https:\/\/coscyl.com\/en\/wp-json\/wp\/v2\/pages\/3642\/revisions\/5531"}],"wp:attachment":[{"href":"https:\/\/coscyl.com\/en\/wp-json\/wp\/v2\/media?parent=3642"}],"curies":[{"name":"wp","href":"https:\/\/api.w.org\/{rel}","templated":true}]}}