{"id":3614,"date":"2023-07-17T07:03:38","date_gmt":"2023-07-17T07:03:38","guid":{"rendered":"http:\/\/www.coscyl.com\/?page_id=3614"},"modified":"2023-09-20T09:31:25","modified_gmt":"2023-09-20T09:31:25","slug":"ciclos-de-conciertos","status":"publish","type":"page","link":"https:\/\/coscyl.com\/en\/ciclos-de-conciertos\/","title":{"rendered":"Ciclos de conciertos"},"content":{"rendered":"<style>\/*! elementor - v3.15.0 - 20-08-2023 *\/\n.elementor-heading-title{padding:0;margin:0;line-height:1}.elementor-widget-heading .elementor-heading-title[class*=elementor-size-]>a{color:inherit;font-size:inherit;line-height:inherit}.elementor-widget-heading .elementor-heading-title.elementor-size-small{font-size:15px}.elementor-widget-heading .elementor-heading-title.elementor-size-medium{font-size:19px}.elementor-widget-heading .elementor-heading-title.elementor-size-large{font-size:29px}.elementor-widget-heading .elementor-heading-title.elementor-size-xl{font-size:39px}.elementor-widget-heading .elementor-heading-title.elementor-size-xxl{font-size:59px}<\/style>\n<h2>Ciclos de conciertos<\/h2>\n<style>\/*! elementor - v3.15.0 - 20-08-2023 *\/\n.elementor-widget-divider{--divider-border-style:none;--divider-border-width:1px;--divider-color:#0c0d0e;--divider-icon-size:20px;--divider-element-spacing:10px;--divider-pattern-height:24px;--divider-pattern-size:20px;--divider-pattern-url:none;--divider-pattern-repeat:repeat-x}.elementor-widget-divider .elementor-divider{display:flex}.elementor-widget-divider .elementor-divider__text{font-size:15px;line-height:1;max-width:95%}.elementor-widget-divider .elementor-divider__element{margin:0 var(--divider-element-spacing);flex-shrink:0}.elementor-widget-divider .elementor-icon{font-size:var(--divider-icon-size)}.elementor-widget-divider .elementor-divider-separator{display:flex;margin:0;direction:ltr}.elementor-widget-divider--view-line_icon .elementor-divider-separator,.elementor-widget-divider--view-line_text .elementor-divider-separator{align-items:center}.elementor-widget-divider--view-line_icon .elementor-divider-separator:after,.elementor-widget-divider--view-line_icon .elementor-divider-separator:before,.elementor-widget-divider--view-line_text .elementor-divider-separator:after,.elementor-widget-divider--view-line_text .elementor-divider-separator:before{display:block;content:\"\";border-bottom:0;flex-grow:1;border-top:var(--divider-border-width) var(--divider-border-style) var(--divider-color)}.elementor-widget-divider--element-align-left .elementor-divider .elementor-divider-separator>.elementor-divider__svg:first-of-type{flex-grow:0;flex-shrink:100}.elementor-widget-divider--element-align-left .elementor-divider-separator:before{content:none}.elementor-widget-divider--element-align-left .elementor-divider__element{margin-left:0}.elementor-widget-divider--element-align-right .elementor-divider .elementor-divider-separator>.elementor-divider__svg:last-of-type{flex-grow:0;flex-shrink:100}.elementor-widget-divider--element-align-right .elementor-divider-separator:after{content:none}.elementor-widget-divider--element-align-right .elementor-divider__element{margin-right:0}.elementor-widget-divider:not(.elementor-widget-divider--view-line_text):not(.elementor-widget-divider--view-line_icon) .elementor-divider-separator{border-top:var(--divider-border-width) var(--divider-border-style) var(--divider-color)}.elementor-widget-divider--separator-type-pattern{--divider-border-style:none}.elementor-widget-divider--separator-type-pattern.elementor-widget-divider--view-line .elementor-divider-separator,.elementor-widget-divider--separator-type-pattern:not(.elementor-widget-divider--view-line) .elementor-divider-separator:after,.elementor-widget-divider--separator-type-pattern:not(.elementor-widget-divider--view-line) .elementor-divider-separator:before,.elementor-widget-divider--separator-type-pattern:not([class*=elementor-widget-divider--view]) .elementor-divider-separator{width:100%;min-height:var(--divider-pattern-height);-webkit-mask-size:var(--divider-pattern-size) 100%;mask-size:var(--divider-pattern-size) 100%;-webkit-mask-repeat:var(--divider-pattern-repeat);mask-repeat:var(--divider-pattern-repeat);background-color:var(--divider-color);-webkit-mask-image:var(--divider-pattern-url);mask-image:var(--divider-pattern-url)}.elementor-widget-divider--no-spacing{--divider-pattern-size:auto}.elementor-widget-divider--bg-round{--divider-pattern-repeat:round}.rtl .elementor-widget-divider .elementor-divider__text{direction:rtl}.e-con-inner>.elementor-widget-divider,.e-con>.elementor-widget-divider{width:var(--container-widget-width,100%);--flex-grow:var(--container-widget-flex-grow)}<\/style>\n<p>Desde hace ya varios a\u00f1os, el Conservatorio Superior de M\u00fasica de Castilla y Le\u00f3n viene organizando diversos ciclos de conciertos, que son un complemento imprescindible para la formaci\u00f3n del alumnado, as\u00ed como un enriquecimiento de la vida cultural de la ciudad de Salamanca. En estos ciclos cobran una importancia especial aquellos en los que los int\u00e9rpretes son los propios alumnos quienes, de esta manera pueden dar sus primeros pasos en el escenario e ir adquiriendo experiencia.<\/p>\n<\/p>\n<p><\/p>\n<p>Los ciclos se dividen en:<\/p>\n<ul>\n<li>Grandes proyectos (eventos que implican a un grupo numeroso de personas, en su mayor\u00eda alumnos): Orquesta Sinf\u00f3nica, Orquesta Barroca, Coro, Banda Sinf\u00f3nica, Taller de M\u00fasica Contempor\u00e1nea, Taller de \u00d3pera, Taller de Jazz, Grupo de Metales, Universo Sax 2.13 y M\u00fasica Antigua. En muchos casos, est\u00e1n dirigidos por figuras de renombre del panorama musical internacional. Las actuaciones tienen lugar no s\u00f3lo en el propio conservatorio, sino tambi\u00e9n en salas diversas de Salamanca (CAEM, Catedral, Palacio de Congresos, etc.) u otras ciudades (Madrid, Le\u00f3n, Burgos, \u00c1vila, Valladolid, etc.).<\/li>\n<li>Conciertos de profesores: durante todo el curso, diversos profesores se presentan como solistas o en formaciones de c\u00e1mara bien con otros docentes del COSCYL, bien con sus propios grupos externos.<\/li>\n<li>Conciertos de alumnos: se realizan en el auditorio del centro una o varias veces por semana entre enero y mayo.<\/li>\n<li>Jueves Musicales del Casino: constituyen una excelente oportunidad para los alumnos de tocar en p\u00fablico en el mismo coraz\u00f3n de la ciudad, en el bello patio del Palacio de Figueroa.<\/li>\n<li>Ciclo del Centro de Estudios Brasile\u00f1os: la Universidad de Salamanca, a trav\u00e9s del mencionado CEB, colabora con el conservatorio en la organizaci\u00f3n de un concierto mensual, retransmitido en vivo por internet, en el teatro Juan del Encina.<\/li>\n<\/ul>\n<p><\/p>\n<p>Menci\u00f3n especial merece el convenio suscrito entre el COSCYL y el Cabildo Catedralicio de Salamanca, que permite, entre otras cosas, la realizaci\u00f3n de conciertos en sus dos majestuosos edificios. Tambi\u00e9n hay que destacar que los departamentos de Musicolog\u00eda y Composici\u00f3n colaboran en varios de los proyectos con conferencias, notas al programa, transcripci\u00f3n de partituras, creaci\u00f3n de nuevo repertorio, etc. Adem\u00e1s, la Asociaci\u00f3n de Estudiantes tambi\u00e9n contribuye con su Semana Cultural y otras actividades, como los conciertos de la OSDA (Orquesta Sinf\u00f3nica De Alumnos), que es una agrupaci\u00f3n gestionada, integrada y dirigida exclusivamente por el alumnado del centro.<\/p>\n<\/p>\n<article id=\"post-4995\">\n<h3><\/h3>\n<h3>ABIERTO EL PLAZO DE INSCRIPCI\u00d3N EN LOS CICLOS DE CONCIERTOS DEL COSCYL<\/h3>\n<h4><strong>Plazo de inscripci\u00f3n (excepto Grandes Proyectos): hasta el 30 de octubre a las 22 h.<\/strong><\/h4>\n<p><strong>(No se admitir\u00e1n solicitudes incompletas o fuera de plazo)<\/strong><\/p>\n<p>Para solicitar un recital en el Centro de Estudios Brasile\u00f1os, ser\u00e1 imprescindible la inclusi\u00f3n en el programa propuesto de al menos una obra de un compositor de Brasil. Para informaci\u00f3n acerca de c\u00f3mo conseguir las partituras gratuitamente, dir\u00edjase a la entidad en cuesti\u00f3n:<\/p>\n<p><strong>Palacio Maldonado<\/strong><br \/>Plaza de San Benito, 1<br \/>37002 Salamanca (Espa\u00f1a)<br \/>Tfno: +34 923 294 825<br \/>Fax: +34 923 294 587<br \/>E-mail:&nbsp;&nbsp;<a href=\"mailto:ceb@usal.es\">ceb@usal.es<\/a><\/p>\n<\/p>\n<p>En el caso de que se desee organizar un concierto ofrecido por artistas invitados, env\u00edese el programa en cualquiera de los formularios de inscripci\u00f3n. Es necesaria igualmente la foto de los int\u00e9rpretes. Para fijar fecha y hora y estudiar la viabilidad de la propuesta, el profesor responsable del contacto deber\u00e1 dirigirse bien por e-mail, bien por tel\u00e9fono o personalmente en el horario de atenci\u00f3n al p\u00fablico, a la Jefa del Departamento de Actividades Culturales.<\/p>\n<\/p>\n<h3><strong><br \/><\/strong><\/h3>\n<h3><strong>Documentaci\u00f3n para el ciclo de alumnos:<\/strong><\/h3>\n<ul>\n<li><a href=\"http:\/\/www.coscyl.com\/wp-content\/uploads\/2023\/07\/0_CiclosConciertos.docx\"><strong>Formulario para el ciclo de alumnos<\/strong><\/a><\/li>\n<li><strong><a href=\"http:\/\/www.coscyl.com\/wp-content\/uploads\/2023\/07\/0_CiclosConciertos.pdf\" target=\"_blank\" rel=\"noopener noreferrer\" download=\"0_CiclosConciertos\">Consentimiento para el tratamiento de im\u00e1genes\/v\u00eddeo<\/a><\/strong><\/li>\n<li><strong><a href=\"http:\/\/www.coscyl.com\/wp-content\/uploads\/2023\/07\/1_CiclosConciertos.docx\" target=\"_blank\" rel=\"noopener noreferrer\">Informe del profesor<\/a><\/strong><\/li>\n<li><strong><a href=\"http:\/\/www.coscyl.com\/wp-content\/uploads\/2023\/07\/1_CiclosConciertos.pdf\" target=\"_blank\" rel=\"noopener noreferrer\" download=\"1_CiclosConciertos\">Normativa ciclo de alumnos<\/a><\/strong><\/li>\n<\/ul>\n<h3><strong><br \/><\/strong><\/h3>\n<h3><strong>Documentaci\u00f3n para el ciclo de profesores:<\/strong><\/h3>\n<ul>\n<li><strong><a href=\"http:\/\/www.coscyl.com\/wp-content\/uploads\/2023\/07\/FORMULARIO-CICLO-PROFESORES.docx\" target=\"_blank\" rel=\"noopener noreferrer\" download=\"2_CiclosConciertos\">Formulario para el ciclo de profesores<\/a><\/strong><\/li>\n<\/ul>\n<h3><strong><br \/><\/strong><\/h3>\n<h3><strong>Documentaci\u00f3n para los Grandes Proyectos<\/strong><\/h3>\n<ul>\n<li><a href=\"http:\/\/www.coscyl.com\/wp-content\/uploads\/2023\/07\/0_CiclosConciertos.doc\" target=\"_blank\" rel=\"noopener noreferrer\"><strong>Formulario para los Grandes Proyectos<\/strong><\/a><\/li>\n<\/ul>\n<h3><strong><br \/><\/strong><\/h3>\n<h3><strong>Normativa<\/strong><\/h3>\n<ul>\n<li><strong><a href=\"http:\/\/www.coscyl.com\/wp-content\/uploads\/2023\/07\/3_CiclosConciertos.pdf\" target=\"_blank\" rel=\"noopener noreferrer\" download=\"3_CiclosConciertos\">Normativa de uso de grandes espacios<\/a><\/strong><\/li>\n<\/ul>\n<\/article>","protected":false},"excerpt":{"rendered":"<p>Ciclos de conciertos Desde hace ya varios a\u00f1os, el Conservatorio Superior de M\u00fasica de Castilla y Le\u00f3n viene organizando diversos ciclos de conciertos, que son un complemento imprescindible para la formaci\u00f3n del alumnado, as\u00ed como un enriquecimiento de la vida cultural de la ciudad de Salamanca. En estos ciclos cobran una importancia especial aquellos en [&hellip;]<\/p>","protected":false},"author":1,"featured_media":0,"parent":0,"menu_order":0,"comment_status":"closed","ping_status":"closed","template":"","meta":{"footnotes":""},"class_list":["post-3614","page","type-page","status-publish","hentry"],"_links":{"self":[{"href":"https:\/\/coscyl.com\/en\/wp-json\/wp\/v2\/pages\/3614","targetHints":{"allow":["GET"]}}],"collection":[{"href":"https:\/\/coscyl.com\/en\/wp-json\/wp\/v2\/pages"}],"about":[{"href":"https:\/\/coscyl.com\/en\/wp-json\/wp\/v2\/types\/page"}],"author":[{"embeddable":true,"href":"https:\/\/coscyl.com\/en\/wp-json\/wp\/v2\/users\/1"}],"replies":[{"embeddable":true,"href":"https:\/\/coscyl.com\/en\/wp-json\/wp\/v2\/comments?post=3614"}],"version-history":[{"count":22,"href":"https:\/\/coscyl.com\/en\/wp-json\/wp\/v2\/pages\/3614\/revisions"}],"predecessor-version":[{"id":5522,"href":"https:\/\/coscyl.com\/en\/wp-json\/wp\/v2\/pages\/3614\/revisions\/5522"}],"wp:attachment":[{"href":"https:\/\/coscyl.com\/en\/wp-json\/wp\/v2\/media?parent=3614"}],"curies":[{"name":"wp","href":"https:\/\/api.w.org\/{rel}","templated":true}]}}