{"id":3474,"date":"2023-07-13T17:07:03","date_gmt":"2023-07-13T17:07:03","guid":{"rendered":"http:\/\/www.coscyl.com\/?page_id=3474"},"modified":"2024-11-14T15:12:17","modified_gmt":"2024-11-14T13:12:17","slug":"master","status":"publish","type":"page","link":"https:\/\/coscyl.com\/en\/master\/","title":{"rendered":"M\u00e1ster"},"content":{"rendered":"<div data-elementor-type=\"wp-page\" data-elementor-id=\"3474\" class=\"elementor elementor-3474\" data-elementor-post-type=\"page\">\n\t\t\t\t<div class=\"elementor-element elementor-element-1122903 e-con-full e-flex e-con e-parent\" data-id=\"1122903\" data-element_type=\"container\">\n\t\t\t\t<div class=\"elementor-element elementor-element-872b847 elementor-widget elementor-widget-heading\" data-id=\"872b847\" data-element_type=\"widget\" data-widget_type=\"heading.default\">\n\t\t\t\t<div class=\"elementor-widget-container\">\n\t\t\t\t\t<h2 class=\"elementor-heading-title elementor-size-default\">M\u00e1ster en Ense\u00f1anzas Art\u00edsticas de Interpretaci\u00f3n Musical<\/h2>\t\t\t\t<\/div>\n\t\t\t\t<\/div>\n\t\t\t\t<div class=\"elementor-element elementor-element-e8be251 elementor-widget-divider--view-line elementor-widget elementor-widget-divider\" data-id=\"e8be251\" data-element_type=\"widget\" data-widget_type=\"divider.default\">\n\t\t\t\t<div class=\"elementor-widget-container\">\n\t\t\t\t\t\t\t<div class=\"elementor-divider\">\n\t\t\t<span class=\"elementor-divider-separator\">\n\t\t\t\t\t\t<\/span>\n\t\t<\/div>\n\t\t\t\t\t\t<\/div>\n\t\t\t\t<\/div>\n\t\t<div class=\"elementor-element elementor-element-e577121 e-con-full e-flex e-con e-child\" data-id=\"e577121\" data-element_type=\"container\">\n\t\t\t\t<div class=\"elementor-element elementor-element-5d38d1c elementor-align-left elementor-widget__width-initial elementor-invisible elementor-widget elementor-widget-button\" data-id=\"5d38d1c\" data-element_type=\"widget\" data-settings=\"{&quot;_animation&quot;:&quot;fadeInLeft&quot;}\" data-widget_type=\"button.default\">\n\t\t\t\t<div class=\"elementor-widget-container\">\n\t\t\t\t\t\t\t\t\t<div class=\"elementor-button-wrapper\">\n\t\t\t\t\t<a class=\"elementor-button elementor-button-link elementor-size-sm\" href=\"https:\/\/coscyl.com\/en\/acceso-a-master\/\">\n\t\t\t\t\t\t<span class=\"elementor-button-content-wrapper\">\n\t\t\t\t\t\t<span class=\"elementor-button-icon\">\n\t\t\t\t<svg xmlns=\"http:\/\/www.w3.org\/2000\/svg\" xmlns:xlink=\"http:\/\/www.w3.org\/1999\/xlink\" xmlns:serif=\"http:\/\/www.serif.com\/\" width=\"100%\" height=\"100%\" viewbox=\"0 0 293 220\" xml:space=\"preserve\" style=\"fill-rule:evenodd;clip-rule:evenodd;stroke-linejoin:round;stroke-miterlimit:2;\">    <g transform=\"matrix(1,0,0,1,-203.94,-240.46)\">        <g transform=\"matrix(1,0,0,1,-6.06,72.48)\">            <path d=\"M376.74,371.22L392.58,387.06L502.12,277.52L392.58,167.98L376.74,183.816L459.24,266.316L210,266.316L210,288.718L459.24,288.718L376.74,371.22Z\" style=\"fill-rule:nonzero;\"><\/path>        <\/g>    <\/g><\/svg>\t\t\t<\/span>\n\t\t\t\t\t\t\t\t\t<span class=\"elementor-button-text\">ACCESO AL M\u00c1STER<\/span>\n\t\t\t\t\t<\/span>\n\t\t\t\t\t<\/a>\n\t\t\t\t<\/div>\n\t\t\t\t\t\t\t\t<\/div>\n\t\t\t\t<\/div>\n\t\t\t\t<div class=\"elementor-element elementor-element-3d21ccf elementor-align-left elementor-widget__width-initial elementor-invisible elementor-widget elementor-widget-button\" data-id=\"3d21ccf\" data-element_type=\"widget\" data-settings=\"{&quot;_animation&quot;:&quot;fadeInLeft&quot;}\" data-widget_type=\"button.default\">\n\t\t\t\t<div class=\"elementor-widget-container\">\n\t\t\t\t\t\t\t\t\t<div class=\"elementor-button-wrapper\">\n\t\t\t\t\t<a class=\"elementor-button elementor-button-link elementor-size-sm\" href=\"https:\/\/coscyl.com\/en\/matricula-master\/\">\n\t\t\t\t\t\t<span class=\"elementor-button-content-wrapper\">\n\t\t\t\t\t\t<span class=\"elementor-button-icon\">\n\t\t\t\t<svg xmlns=\"http:\/\/www.w3.org\/2000\/svg\" xmlns:xlink=\"http:\/\/www.w3.org\/1999\/xlink\" xmlns:serif=\"http:\/\/www.serif.com\/\" width=\"100%\" height=\"100%\" viewbox=\"0 0 293 220\" xml:space=\"preserve\" style=\"fill-rule:evenodd;clip-rule:evenodd;stroke-linejoin:round;stroke-miterlimit:2;\">    <g transform=\"matrix(1,0,0,1,-203.94,-240.46)\">        <g transform=\"matrix(1,0,0,1,-6.06,72.48)\">            <path d=\"M376.74,371.22L392.58,387.06L502.12,277.52L392.58,167.98L376.74,183.816L459.24,266.316L210,266.316L210,288.718L459.24,288.718L376.74,371.22Z\" style=\"fill-rule:nonzero;\"><\/path>        <\/g>    <\/g><\/svg>\t\t\t<\/span>\n\t\t\t\t\t\t\t\t\t<span class=\"elementor-button-text\">MATRICULACI\u00d3N<\/span>\n\t\t\t\t\t<\/span>\n\t\t\t\t\t<\/a>\n\t\t\t\t<\/div>\n\t\t\t\t\t\t\t\t<\/div>\n\t\t\t\t<\/div>\n\t\t\t\t<\/div>\n\t\t\t\t<\/div>\n\t\t<div class=\"elementor-element elementor-element-3763fca e-con-full e-flex e-con e-parent\" data-id=\"3763fca\" data-element_type=\"container\" id=\"master-content\" data-settings=\"{&quot;background_background&quot;:&quot;classic&quot;}\">\n\t\t<div class=\"elementor-element elementor-element-c2ee0c0 e-con-full e-flex elementor-invisible e-con e-child\" data-id=\"c2ee0c0\" data-element_type=\"container\" data-settings=\"{&quot;animation&quot;:&quot;fadeIn&quot;}\">\n\t\t<div class=\"elementor-element elementor-element-18676a2 e-con-full e-flex e-con e-child\" data-id=\"18676a2\" data-element_type=\"container\">\n\t\t\t\t<div class=\"elementor-element elementor-element-2293580 elementor-widget elementor-widget-text-editor\" data-id=\"2293580\" data-element_type=\"widget\" data-widget_type=\"text-editor.default\">\n\t\t\t\t<div class=\"elementor-widget-container\">\n\t\t\t\t\t\t\t\t\t<h3>DESCRIPCI\u00d3N<\/h3><p>El programa de M\u00e1ster en ense\u00f1anzas art\u00edsticas de interpretaci\u00f3n musical de la Consejer\u00eda de Educaci\u00f3n de la Junta de Castilla y Le\u00f3n es un proyecto innovador que pretende ofrecer una formaci\u00f3n especializada en una de las salidas profesionales m\u00e1s importantes para el m\u00fasico de hoy. Est\u00e1 dirigido a aquellos instrumentistas que hayan finalizado sus estudios superiores y deseen alcanzar el m\u00e1ximo nivel en la interpretaci\u00f3n musical, ya sea solista, de c\u00e1mara u orquestal.<\/p><p>Con la implantaci\u00f3n de este M\u00e1ster en el Conservatorio Superior de M\u00fasica de Castilla y Le\u00f3n se quiere cubrir la necesidad de especializaci\u00f3n en el \u00e1mbito interpretativo que cualquier m\u00fasico con una proyecci\u00f3n futura en este \u00e1mbito necesitar\u00e1, una vez concluidos sus estudios superiores. Se considera una gran ventaja la posibilidad de ofrecer esta especializaci\u00f3n en cualquiera de los tres \u00e1mbitos en que se divide la interpretaci\u00f3n musical: Solista, M\u00fasica de C\u00e1mara y Orquesta.<\/p><p>La especialidad de Solista pretende llevar al m\u00fasico al m\u00e1ximo nivel de dominio de su instrumento, de la interpretaci\u00f3n musical y de los factores que conllevan la exposici\u00f3n individual (o con pianista acompa\u00f1ante) ante el p\u00fablico.<\/p><p>La especialidad de M\u00fasica de C\u00e1mara exigir\u00e1 un alto nivel de dominio del instrumento por parte del alumno y le formar\u00e1 en todos los aspectos propios de la m\u00fasica de c\u00e1mara, preparando al estudiante para el complejo trabajo del profesional int\u00e9rprete de este tipo de m\u00fasica.<\/p><p>Por \u00faltimo, la especialidad de Orquesta pretende preparar al alumno para la actividad profesional en la orquesta sinf\u00f3nica con una especial atenci\u00f3n a la pr\u00e1ctica.\u00a0En la especialidad de orquesta\u00a0las asignaturas\u00a0de \u201cOrquesta\u201d y de \u201cPr\u00e1cticas de interpretaci\u00f3n\u201d (pr\u00e1cticas externas) se desarrollar\u00e1n\u00a0en\u00a0cinco programas de\u00a0la temporada de conciertos de la Orquesta Sinf\u00f3nica de Castilla y Le\u00f3n, OSCYL.<\/p><p><strong>Especialidades:<\/strong>\u00a0Orquesta, Solista o M\u00fasica de C\u00e1mara<\/p><p><strong>Duraci\u00f3n:\u00a0<\/strong>Un curso acad\u00e9mico.<\/p><p><strong>N\u00famero de cr\u00e9ditos ECTS:<\/strong>\u00a060<\/p><p>(M\u00e1ster homologado\u00a0mediante la<a href=\"http:\/\/www.coscyl.com\/wp-content\/uploads\/2023\/07\/Orden766-2015-HomologacionMaster.pdf\" target=\"_blank\" rel=\"noopener noreferrer\">\u00a0ORDEN ECD\/766\/2015, de 20 de abril<\/a>)<\/p><p>Plan de estudios:\u00a0<a href=\"http:\/\/www.coscyl.com\/wp-content\/uploads\/2023\/07\/Orden-publicacion-plan-de-estudios-master-mayo-2018.pdf\">ORDEN EDU\/514\/2018, de 16 de mayo<\/a><\/p><h3>\u00a0<\/h3><h3>PLAN DE ESTUDIOS<\/h3><p>Este m\u00e1ster comprende 60 cr\u00e9ditos ECTS distribuidos en un m\u00f3dulo com\u00fan en el que est\u00e1n incluidas las pr\u00e1cticas y el Trabajo fin de m\u00e1ster, un m\u00f3dulo obligatorio de especialidad y un m\u00f3dulo optativo.<\/p><p>M\u00f3dulo com\u00fan: 20 ECTS<br \/>M\u00f3dulo obligatorio de especialidad: 30 ECTS<br \/>M\u00f3dulo optativo: 10 ECTS<\/p><p><em>En la especialidad de orquesta las asignaturas de \u201cOrquesta\u201d y de \u201cPr\u00e1cticas de interpretaci\u00f3n\u201d (pr\u00e1cticas externas) se desarrollar\u00e1n en cinco programas de la temporada de conciertos de la Orquesta Sinf\u00f3nica de Castilla y Le\u00f3n, OSCYL.<\/em><\/p><p><strong>Actualmente este m\u00e1ster est\u00e1 dirigido a las siguientes especialidades instrumentales:<\/strong><\/p><p><strong>Especialidad Solista<\/strong>: clave, clarinete, contrabajo, fagot, flauta de pico, flauta travesera, guitarra, oboe, percusi\u00f3n, piano, saxof\u00f3n, tromb\u00f3n, trompa, trompeta, viola, viola da gamba, viol\u00edn y violonchelo.<\/p><p><strong>Especialidad de M\u00fasica de c\u00e1mara<\/strong>: cualquier instrumento\u00a0salvo los de m\u00fasica antigua.<\/p><p><strong>Especialidad de Orquesta<\/strong>: arpa, clarinete, contrabajo, fagot, flauta travesera, oboe, percusi\u00f3n, tromb\u00f3n, trompa, trompeta, viola, viol\u00edn y violonchelo.<\/p><p>(Lenguas utilizadas a lo largo del proceso formativo: espa\u00f1ol. En alg\u00fan caso se podr\u00eda utilizar como medio de comunicaci\u00f3n el idioma ingl\u00e9s.)<\/p><h3>PRECIO<\/h3><p>Prueba de acceso a m\u00e1ster en ense\u00f1anzas art\u00edsticas: 30,36\u20ac<\/p><p>Servicios de secretar\u00eda:<br \/>\u2013\u00a0 Apertura de expediente acad\u00e9mico: 30,36\u20ac<br \/>\u2013\u00a0 Servicios Administrativos: 21,05\u20ac<\/p><p>Precio por cr\u00e9dito ECTS M\u00e1ster: 44,27\u20ac<\/p><p><strong>TOTAL <\/strong>(incluida prueba de acceso, servicios de secretar\u00eda y curso completo):\u00a0<strong>2737,97\u20ac<\/strong><\/p><p>(Existen bonificaciones y descuentos disponibles para ciertos casos. Toda la informaci\u00f3n sobre el coste econ\u00f3mico asociado a este programa de estudios se puede consultar en el Decreto 11\/2015, de 29 de enero, por el que se fijan los precios p\u00fablicos de las ense\u00f1anzas de r\u00e9gimen especial en la Comunidad de Castilla y Le\u00f3n, prorrogados para el curso 2021-2022)<\/p><p><strong>BECAS<\/strong><\/p><p>Los alumnos del Master que cumplan con los requisitos establecidos podr\u00e1n solicitar la Beca del Ministerio de Educaci\u00f3n, Cultura y Deporte al amparo de lo establecido en el Real Decreto 1721\/2007, de 21 de diciembre (como referencia: Resoluci\u00f3n de 31 de julio de 2020 de la Secretar\u00eda de Estado de Educaci\u00f3n, Formaci\u00f3n Profesional y Universidades, por la que se convocan becas de car\u00e1cter general para el curso acad\u00e9mico 2020-2021, para estudiantes que cursen estudios postobligatorios).<\/p><p>Los alumnos becados por el Ministerio de Educaci\u00f3n, Cultura y Deporte estar\u00e1n exentos del pago de los precios p\u00fablicos establecidos en el Anexo II y por el concepto de primera matr\u00edcula establecido en el Anexo I del Decreto 11\/2015 de 29 de enero, por el que se fijan los precios p\u00fablicos por las ense\u00f1anzas de r\u00e9gimen especial en la Comunidad de Castilla y Le\u00f3n para el curso acad\u00e9mico 2015-2016 (prorrogados para el curso\u00a02021-2022).<\/p><p>Los alumnos que cumplan con los requisitos establecidos y hayan solicitado la beca del Ministerio de Educaci\u00f3n, Cultura y Deporte podr\u00e1n solicitar la beca de la Comunidad de Castilla y Le\u00f3n (como referencia a resoluci\u00f3n de convocatoria para el curso 2020-2021: ORDEN de 19 de\u00a0agosto de 2020, por la que se convocan ayudas para el alumnado que curse ense\u00f1anzas de Bachillerato, Formaci\u00f3n Profesional o Ense\u00f1anzas Art\u00edsticas en determinados centros de la Comunidad de Castilla y Le\u00f3n, en el curso 2020-2021).<\/p>\t\t\t\t\t\t\t\t<\/div>\n\t\t\t\t<\/div>\n\t\t\t\t<\/div>\n\t\t<div class=\"elementor-element elementor-element-b8da2fe e-flex e-con-boxed e-con e-child\" data-id=\"b8da2fe\" data-element_type=\"container\" data-settings=\"{&quot;background_background&quot;:&quot;classic&quot;}\">\n\t\t\t\t\t<div class=\"e-con-inner\">\n\t\t\t\t<div class=\"elementor-element elementor-element-d90757c elementor-widget elementor-widget-elementskit-simple-tab\" data-id=\"d90757c\" data-element_type=\"widget\" id=\"master-info\" data-widget_type=\"elementskit-simple-tab.default\">\n\t\t\t\t<div class=\"elementor-widget-container\">\n\t\t\t\t\t<div class=\"ekit-wid-con\" >        <div class=\"elementkit-tab-wraper   elementskit-fitcontent-tab\">\n            <ul class=\"nav nav-tabs elementkit-tab-nav\">\n                                    <li class=\"elementkit-nav-item elementor-repeater-item-b6218cf\">\n                        <a class=\"elementkit-nav-link  active show left-pos\" id=\"content-b6218cf69e8e9c017f3c-tab\" data-ekit-handler-id=\"tab-b6218cf\" data-ekit-toggle=\"tab\" data-target=\"#content-b6218cf69e8e9c017f3c\" href=\"#Content-b6218cf69e8e9c017f3c\"\n                            data-ekit-toggle-trigger=\"click\"\n                            aria-describedby=\"Content-b6218cf69e8e9c017f3c\">\n                            <span class=\"icon icon-book elementskit-tab-icon\"><\/span>                            <span class=\"elementskit-tab-title\"> <\/span>\n                        <\/a>\n                    <\/li>\n                                        <li class=\"elementkit-nav-item elementor-repeater-item-65f8b30\">\n                        <a class=\"elementkit-nav-link  left-pos\" id=\"content-65f8b3069e8e9c017f3c-tab\" data-ekit-handler-id=\"tab-65f8b30\" data-ekit-toggle=\"tab\" data-target=\"#content-65f8b3069e8e9c017f3c\" href=\"#Content-65f8b3069e8e9c017f3c\"\n                            data-ekit-toggle-trigger=\"click\"\n                            aria-describedby=\"Content-65f8b3069e8e9c017f3c\">\n                            <span class=\"icon icon-document elementskit-tab-icon\"><\/span>                            <span class=\"elementskit-tab-title\"> <\/span>\n                        <\/a>\n                    <\/li>\n                                        <li class=\"elementkit-nav-item elementor-repeater-item-9e15e78\">\n                        <a class=\"elementkit-nav-link  left-pos\" id=\"content-9e15e7869e8e9c017f3c-tab\" data-ekit-handler-id=\"tab-9e15e78\" data-ekit-toggle=\"tab\" data-target=\"#content-9e15e7869e8e9c017f3c\" href=\"#Content-9e15e7869e8e9c017f3c\"\n                            data-ekit-toggle-trigger=\"click\"\n                            aria-describedby=\"Content-9e15e7869e8e9c017f3c\">\n                            <span class=\"icon icon-plus-circle elementskit-tab-icon\"><\/span>                            <span class=\"elementskit-tab-title\"> <\/span>\n                        <\/a>\n                    <\/li>\n                                <\/ul>\n\n            <div class=\"tab-content elementkit-tab-content\">\n                                    <div class=\"tab-pane elementkit-tab-pane elementor-repeater-item-b6218cf  active show\" id=\"content-b6218cf69e8e9c017f3c\" role=\"tabpanel\"\n                         aria-labelledby=\"content-b6218cf69e8e9c017f3c-tab\">\n                        <div class=\"animated fadeIn\">\n                            <h3 style=\"text-align: center;\">PLAN DE ESTUDIOS<\/h3><p><a href=\"http:\/\/www.coscyl.com\/wp-content\/uploads\/2023\/07\/Master-planestudios.jpg\"><img fetchpriority=\"high\" decoding=\"async\" class=\"aligncenter wp-image-3495 size-full\" src=\"http:\/\/www.coscyl.com\/wp-content\/uploads\/2023\/07\/Master-planestudios.jpg\" alt=\"\" width=\"931\" height=\"1325\" srcset=\"https:\/\/coscyl.com\/wp-content\/uploads\/2023\/07\/Master-planestudios.jpg 931w, https:\/\/coscyl.com\/wp-content\/uploads\/2023\/07\/Master-planestudios-211x300.jpg 211w, https:\/\/coscyl.com\/wp-content\/uploads\/2023\/07\/Master-planestudios-720x1024.jpg 720w, https:\/\/coscyl.com\/wp-content\/uploads\/2023\/07\/Master-planestudios-768x1093.jpg 768w, https:\/\/coscyl.com\/wp-content\/uploads\/2023\/07\/Master-planestudios-8x12.jpg 8w\" sizes=\"(max-width: 931px) 100vw, 931px\" \/><\/a><\/p>                        <\/div>\n                    <\/div>\n                                    <div class=\"tab-pane elementkit-tab-pane elementor-repeater-item-65f8b30\" id=\"content-65f8b3069e8e9c017f3c\" role=\"tabpanel\"\n                         aria-labelledby=\"content-65f8b3069e8e9c017f3c-tab\">\n                        <div class=\"animated fadeIn\">\n                            <h3 style=\"text-align: center;\">GU\u00cdAS ACAD\u00c9MICAS Y DOCENTES<\/h3><p>Pinche en el siguiente enlace para descargar la\u00a0<a href=\"http:\/\/www.coscyl.com\/wp-content\/uploads\/2023\/07\/2_MASTER.pdf\" target=\"_blank\" rel=\"noopener noreferrer\" download=\"2_MASTER\">GU\u00cdA ACAD\u00c9MICA<\/a>\u00a0de estas ense\u00f1anzas perteneciente al curso actual.<\/p><p>Para descargar la gu\u00eda docente de cada asignatura, pinche en el nombre de la asignatura correspondiente:<\/p><h4>\u00a0<\/h4><h4>M\u00d3DULO COM\u00daN<\/h4><p><a href=\"http:\/\/www.coscyl.com\/wp-content\/uploads\/2025\/1-1-MC-Practicas-de-Interpretacion.pdf\" target=\"_blank\" rel=\"noopener noreferrer\" download=\"3_MASTER\">Pr\u00e1cticas de interpretaci\u00f3n<\/a><br \/><a href=\"http:\/\/www.coscyl.com\/wp-content\/uploads\/2025\/1-2-MC-GUIA-DOCENTE_Metodologia_Master-2025-26-1.pdf\" target=\"_blank\" rel=\"noopener noreferrer\" download=\"4_MASTER\">Metodolog\u00eda de la investigaci\u00f3n musical<\/a><br \/><a href=\"https:\/\/coscyl.com\/wp-content\/uploads\/2025\/MASTER-MC-Analisis-para-la-interpretacion-Musical-2025-2026.pdf\" target=\"_blank\" rel=\"noopener noreferrer\" download=\"5_MASTER\">An\u00e1lisis para la interpretaci\u00f3n musical<\/a><br \/><a href=\"http:\/\/www.coscyl.com\/wp-content\/uploads\/2025\/1-4-MC-Trabajo-Fin-de-Master.pdf\" target=\"_blank\" rel=\"noopener noreferrer\" download=\"6_MASTER\">Trabajo fin de m\u00e1ster<\/a><\/p><h2>\u00a0<\/h2><h4>M\u00d3DULO OBLIGATORIO DE ESPECIALIDAD<\/h4><p><strong>Especialidad Solista:<\/strong><\/p><p><a href=\"http:\/\/www.coscyl.com\/wp-content\/uploads\/2025\/2-1-MO-Solista-Interpretacion-solista-2025-26.pdf\" target=\"_blank\" rel=\"noopener noreferrer\" download=\"7_MASTER\">Interpretaci\u00f3n solista<\/a><br \/><a href=\"http:\/\/www.coscyl.com\/wp-content\/uploads\/2024\/2-2-MO-Solista-Interpretacion-Instrumentista-de-Tecla-Acompanante.pdf\" target=\"_blank\" rel=\"noopener noreferrer\" download=\"8_MASTER\">Interpretaci\u00f3n con instrumentista de tecla<br \/>acompa\u00f1ante<\/a><\/p><p><strong>Especialidad de M\u00fasica de c\u00e1mara:<\/strong><\/p><p><a href=\"https:\/\/coscyl.com\/wp-content\/uploads\/2024\/2-3-MO-Musica-de-Camara-Musica-de-Camara.pdf\" target=\"_blank\" rel=\"noopener noreferrer\" download=\"9_MASTER\">M\u00fasica de c\u00e1mara<\/a><br \/><a href=\"https:\/\/coscyl.com\/wp-content\/uploads\/2024\/11\/2-4-MO-Musica-de-Camara-Taller-de-Musica-Contemporanea.pdf\" target=\"_blank\" rel=\"noopener noreferrer\" download=\"10_MASTER\">Taller de m\u00fasica contempor\u00e1nea<\/a><\/p><p><strong>Especialidad de Orquesta:<\/strong><\/p><p><a href=\"https:\/\/coscyl.com\/wp-content\/uploads\/2024\/11\/2-5-MO-Orquesta-Orquesta-practicas-externas.pdf\" target=\"_blank\" rel=\"noopener noreferrer\" download=\"11_MASTER\">Orquesta<\/a><br \/><a href=\"https:\/\/coscyl.com\/wp-content\/uploads\/2024\/11\/2-6-MO-Orquesta-Pasajes-Orquestales.pdf\" target=\"_blank\" rel=\"noopener noreferrer\" download=\"12_MASTER\">Pasajes orquestales<\/a><\/p><h2>\u00a0<\/h2><h4>M\u00d3DULO OPTATIVO<\/h4><p><a href=\"http:\/\/www.coscyl.com\/wp-content\/uploads\/2023\/07\/13_MASTER.pdf\" download=\"13_MASTER\">Acompa\u00f1amiento_vocal<\/a><br \/><a href=\"https:\/\/coscyl.com\/wp-content\/uploads\/2024\/11\/3-01-MOP-Optativa-Introduccion-a-la-autogestion-artistica_MASTER-2425-2.pdf\" target=\"_blank\" rel=\"noopener noreferrer\" download=\"14_MASTER\">Autogesti\u00f3n art\u00edstica<\/a><br \/><a href=\"http:\/\/www.coscyl.com\/wp-content\/uploads\/2023\/07\/15_MASTER.pdf\" target=\"_blank\" rel=\"noopener noreferrer\" download=\"15_MASTER\">Ensemble de saxofones<\/a><br \/><a href=\"https:\/\/coscyl.com\/wp-content\/uploads\/2024\/3-02-MOP-MASTER-Ergonomia-y-tecnicas-de-concentracion.pdf\" target=\"_blank\" rel=\"noopener noreferrer\" download=\"16_MASTER\">Ergonom\u00eda y t\u00e9cnicas de concentraci\u00f3n<\/a><br \/><a href=\"https:\/\/coscyl.com\/wp-content\/uploads\/2024\/3-05-MOP-Guia_docente_Fundamentacion_Tecnica_Pianistica_MASTER_2024-25.pdf\" target=\"_blank\" rel=\"noopener noreferrer\" download=\"17_MASTER\">Fundamentaci\u00f3n de t\u00e9cnica pian\u00edstica<\/a><br \/><a href=\"http:\/\/www.coscyl.com\/wp-content\/uploads\/2023\/07\/18_MASTER.pdf\" target=\"_blank\" rel=\"noopener noreferrer\" download=\"18_MASTER\">Iniciaci\u00f3n a la direcci\u00f3n de orquesta y conjuntos<br \/>instrumentales<\/a><\/p><p><a href=\"https:\/\/coscyl.com\/wp-content\/uploads\/2024\/11\/3-04-MOP-Optativa-Master-Improvisacion-historica.pdf\">Improvisaci\u00f3n hist\u00f3rica<\/a><\/p><p><a href=\"https:\/\/coscyl.com\/wp-content\/uploads\/2024\/11\/3-07-MOP-Interpretacion-Musical-con-Nuevos-Medios.pdf\" target=\"_blank\" rel=\"noopener noreferrer\" download=\"19_MASTER\">Interpretaci\u00f3n musical con nuevos medios<\/a><br \/><a href=\"https:\/\/coscyl.com\/wp-content\/uploads\/2024\/11\/3-08-MOP-Introduccion-al-Jazz.pdf\" target=\"_blank\" rel=\"noopener noreferrer\" download=\"20_MASTER\">Introducci\u00f3n al Jazz<\/a><br \/><a href=\"https:\/\/coscyl.com\/wp-content\/uploads\/2024\/3-09-MOP-La-tradicion-interpretativa.pdf\" download=\"21_MASTER\">La tradici\u00f3n interpretativa<\/a><br \/><a href=\"http:\/\/www.coscyl.com\/wp-content\/uploads\/2023\/07\/22_MASTER.pdf\" target=\"_blank\" rel=\"noopener noreferrer\" download=\"22_MASTER\">Los estilos interpretativos en el repertorio rom\u00e1ntico<br \/>para piano<\/a><br \/><a href=\"http:\/\/www.coscyl.com\/wp-content\/uploads\/2023\/07\/23_MASTER.pdf\" target=\"_blank\" rel=\"noopener noreferrer\" download=\"23_MASTER\">Orquesta barroca<\/a><br \/><a href=\"https:\/\/coscyl.com\/wp-content\/uploads\/2025\/3-11-MOP-Orquesta-Master-1.pdf\" target=\"_blank\" rel=\"noopener noreferrer\" download=\"24_MASTER\">Orquesta sinf\u00f3nica<\/a><br \/><a href=\"https:\/\/coscyl.com\/wp-content\/uploads\/2024\/11\/3-13-MOP-Repertorio-contemporaneo-para-piano.pdf\" target=\"_blank\" rel=\"noopener noreferrer\" download=\"25_MASTER\">Repertorio contempor\u00e1neo para piano<\/a><br \/><a href=\"https:\/\/coscyl.com\/wp-content\/uploads\/2024\/3-12-MOP-Guia_docente_TaCoS_MASTER_2023-24.pdf\" target=\"_blank\" rel=\"noopener noreferrer\" download=\"26_MASTER\">Taller de m\u00fasica contempor\u00e1nea<\/a><\/p>                        <\/div>\n                    <\/div>\n                                    <div class=\"tab-pane elementkit-tab-pane elementor-repeater-item-9e15e78\" id=\"content-9e15e7869e8e9c017f3c\" role=\"tabpanel\"\n                         aria-labelledby=\"content-9e15e7869e8e9c017f3c-tab\">\n                        <div class=\"animated fadeIn\">\n                            <h3 style=\"text-align: center;\">M\u00c1S INFORMACI\u00d3N<\/h3><p><a href=\"http:\/\/www.coscyl.com\/wp-content\/uploads\/2023\/07\/27_MASTER.pdf\">Descripci\u00f3n de m\u00f3dulos y asignaturas<\/a><\/p><p><a href=\"http:\/\/www.coscyl.com\/wp-content\/uploads\/2023\/07\/28_MASTER.pdf\">Competencias a adquirir por el estudiante<\/a><\/p><p><a href=\"http:\/\/www.coscyl.com\/wp-content\/uploads\/2023\/07\/29_MASTER.pdf\">Memoria de homologaci\u00f3n del T\u00edtulo<\/a><\/p>                        <\/div>\n                    <\/div>\n                                \n            <\/div>\n                    <\/div>\n    <\/div>\t\t\t\t<\/div>\n\t\t\t\t<\/div>\n\t\t\t\t<div class=\"elementor-element elementor-element-f93503f elementor-widget elementor-widget-image\" data-id=\"f93503f\" data-element_type=\"widget\" data-widget_type=\"image.default\">\n\t\t\t\t<div class=\"elementor-widget-container\">\n\t\t\t\t\t\t\t\t\t\t\t\t\t\t\t\t<a href=\"http:\/\/www.coscyl.com\/wp-content\/uploads\/2023\/07\/MASTER-COSCYL-Folleto-21-22.pdf\" target=\"_blank\">\n\t\t\t\t\t\t\t<img decoding=\"async\" width=\"681\" height=\"1024\" src=\"https:\/\/coscyl.com\/wp-content\/uploads\/2023\/07\/Master20-Cartel-681x1024.jpg\" class=\"attachment-large size-large wp-image-3479\" alt=\"\" srcset=\"https:\/\/coscyl.com\/wp-content\/uploads\/2023\/07\/Master20-Cartel-681x1024.jpg 681w, https:\/\/coscyl.com\/wp-content\/uploads\/2023\/07\/Master20-Cartel-200x300.jpg 200w, https:\/\/coscyl.com\/wp-content\/uploads\/2023\/07\/Master20-Cartel-768x1154.jpg 768w, https:\/\/coscyl.com\/wp-content\/uploads\/2023\/07\/Master20-Cartel-8x12.jpg 8w, https:\/\/coscyl.com\/wp-content\/uploads\/2023\/07\/Master20-Cartel.jpg 903w\" sizes=\"(max-width: 681px) 100vw, 681px\" \/>\t\t\t\t\t\t\t\t<\/a>\n\t\t\t\t\t\t\t\t\t\t\t\t\t\t\t<\/div>\n\t\t\t\t<\/div>\n\t\t\t\t\t<\/div>\n\t\t\t\t<\/div>\n\t\t\t\t<\/div>\n\t\t\t\t<\/div>\n\t\t\t\t<\/div>","protected":false},"excerpt":{"rendered":"<p>M\u00e1ster en Ense\u00f1anzas Art\u00edsticas de Interpretaci\u00f3n Musical ACCESO AL M\u00c1STER MATRICULACI\u00d3N DESCRIPCI\u00d3N El programa de M\u00e1ster en ense\u00f1anzas art\u00edsticas de interpretaci\u00f3n musical de la Consejer\u00eda de Educaci\u00f3n de la Junta de Castilla y Le\u00f3n es un proyecto innovador que pretende ofrecer una formaci\u00f3n especializada en una de las salidas profesionales m\u00e1s importantes para el m\u00fasico [&hellip;]<\/p>","protected":false},"author":1,"featured_media":0,"parent":0,"menu_order":0,"comment_status":"closed","ping_status":"closed","template":"elementor_header_footer","meta":{"footnotes":""},"class_list":["post-3474","page","type-page","status-publish","hentry"],"_links":{"self":[{"href":"https:\/\/coscyl.com\/en\/wp-json\/wp\/v2\/pages\/3474","targetHints":{"allow":["GET"]}}],"collection":[{"href":"https:\/\/coscyl.com\/en\/wp-json\/wp\/v2\/pages"}],"about":[{"href":"https:\/\/coscyl.com\/en\/wp-json\/wp\/v2\/types\/page"}],"author":[{"embeddable":true,"href":"https:\/\/coscyl.com\/en\/wp-json\/wp\/v2\/users\/1"}],"replies":[{"embeddable":true,"href":"https:\/\/coscyl.com\/en\/wp-json\/wp\/v2\/comments?post=3474"}],"version-history":[{"count":88,"href":"https:\/\/coscyl.com\/en\/wp-json\/wp\/v2\/pages\/3474\/revisions"}],"predecessor-version":[{"id":9990,"href":"https:\/\/coscyl.com\/en\/wp-json\/wp\/v2\/pages\/3474\/revisions\/9990"}],"wp:attachment":[{"href":"https:\/\/coscyl.com\/en\/wp-json\/wp\/v2\/media?parent=3474"}],"curies":[{"name":"wp","href":"https:\/\/api.w.org\/{rel}","templated":true}]}}