{"id":3419,"date":"2023-07-13T16:57:08","date_gmt":"2023-07-13T16:57:08","guid":{"rendered":"http:\/\/www.coscyl.com\/?page_id=3419"},"modified":"2025-12-26T07:09:46","modified_gmt":"2025-12-26T06:09:46","slug":"etnomusicologia","status":"publish","type":"page","link":"https:\/\/coscyl.com\/en\/etnomusicologia\/","title":{"rendered":"Etnomusicolog\u00eda"},"content":{"rendered":"<div data-elementor-type=\"wp-page\" data-elementor-id=\"3419\" class=\"elementor elementor-3419\" data-elementor-post-type=\"page\">\n\t\t\t\t<div class=\"elementor-element elementor-element-14d58024 e-con-full e-flex e-con e-parent\" data-id=\"14d58024\" data-element_type=\"container\">\n\t\t<div class=\"elementor-element elementor-element-a08db6c e-con-full e-flex e-con e-child\" data-id=\"a08db6c\" data-element_type=\"container\">\n\t\t\t\t<div class=\"elementor-element elementor-element-73d75067 elementor-widget elementor-widget-heading\" data-id=\"73d75067\" data-element_type=\"widget\" data-widget_type=\"heading.default\">\n\t\t\t\t<div class=\"elementor-widget-container\">\n\t\t\t\t\t<h2 class=\"elementor-heading-title elementor-size-default\">T\u00edtulo Superior de M\u00fasica<\/h2>\t\t\t\t<\/div>\n\t\t\t\t<\/div>\n\t\t\t\t<div class=\"elementor-element elementor-element-375db606 elementor-widget elementor-widget-heading\" data-id=\"375db606\" data-element_type=\"widget\" data-widget_type=\"heading.default\">\n\t\t\t\t<div class=\"elementor-widget-container\">\n\t\t\t\t\t<h2 class=\"elementor-heading-title elementor-size-default\">Itinerario de Etnomusicolog\u00eda<\/h2>\t\t\t\t<\/div>\n\t\t\t\t<\/div>\n\t\t\t\t<div class=\"elementor-element elementor-element-62c2263a elementor-widget-divider--view-line elementor-widget elementor-widget-divider\" data-id=\"62c2263a\" data-element_type=\"widget\" data-widget_type=\"divider.default\">\n\t\t\t\t<div class=\"elementor-widget-container\">\n\t\t\t\t\t\t\t<div class=\"elementor-divider\">\n\t\t\t<span class=\"elementor-divider-separator\">\n\t\t\t\t\t\t<\/span>\n\t\t<\/div>\n\t\t\t\t\t\t<\/div>\n\t\t\t\t<\/div>\n\t\t\t\t<\/div>\n\t\t\t\t<\/div>\n\t\t<div class=\"elementor-element elementor-element-50673a91 e-con-full e-flex e-con e-parent\" data-id=\"50673a91\" data-element_type=\"container\" id=\"itinerario\" data-settings=\"{&quot;background_background&quot;:&quot;classic&quot;}\">\n\t\t<div class=\"elementor-element elementor-element-6dfb1300 e-con-full e-grid e-con e-child\" data-id=\"6dfb1300\" data-element_type=\"container\">\n\t\t<div class=\"elementor-element elementor-element-58bc31e7 e-flex e-con-boxed e-con e-child\" data-id=\"58bc31e7\" data-element_type=\"container\">\n\t\t\t\t\t<div class=\"e-con-inner\">\n\t\t\t\t<div class=\"elementor-element elementor-element-67414be elementor-widget elementor-widget-heading\" data-id=\"67414be\" data-element_type=\"widget\" data-widget_type=\"heading.default\">\n\t\t\t\t<div class=\"elementor-widget-container\">\n\t\t\t\t\t<h2 class=\"elementor-heading-title elementor-size-default\">Plan de Estudios<\/h2>\t\t\t\t<\/div>\n\t\t\t\t<\/div>\n\t\t\t\t<div class=\"elementor-element elementor-element-6a1fa4ba elementor-widget elementor-widget-image\" data-id=\"6a1fa4ba\" data-element_type=\"widget\" data-widget_type=\"image.default\">\n\t\t\t\t<div class=\"elementor-widget-container\">\n\t\t\t\t\t\t\t\t\t\t\t\t\t\t\t\t<a href=\"http:\/\/www.coscyl.com\/wp-content\/uploads\/2023\/07\/Plan_est_Etnomusicologia.jpg\" data-elementor-open-lightbox=\"yes\" data-elementor-lightbox-title=\"Plan_est_Etnomusicologia\" data-e-action-hash=\"#elementor-action%3Aaction%3Dlightbox%26settings%3DeyJpZCI6MzQyMSwidXJsIjoiaHR0cHM6XC9cL2Nvc2N5bC5jb21cL3dwLWNvbnRlbnRcL3VwbG9hZHNcLzIwMjNcLzA3XC9QbGFuX2VzdF9FdG5vbXVzaWNvbG9naWEuanBnIn0%3D\">\n\t\t\t\t\t\t\t<img fetchpriority=\"high\" decoding=\"async\" width=\"1654\" height=\"2339\" src=\"https:\/\/coscyl.com\/wp-content\/uploads\/2023\/07\/Plan_est_Etnomusicologia.jpg\" class=\"attachment-full size-full wp-image-3421\" alt=\"\" srcset=\"https:\/\/coscyl.com\/wp-content\/uploads\/2023\/07\/Plan_est_Etnomusicologia.jpg 1654w, https:\/\/coscyl.com\/wp-content\/uploads\/2023\/07\/Plan_est_Etnomusicologia-212x300.jpg 212w, https:\/\/coscyl.com\/wp-content\/uploads\/2023\/07\/Plan_est_Etnomusicologia-724x1024.jpg 724w, https:\/\/coscyl.com\/wp-content\/uploads\/2023\/07\/Plan_est_Etnomusicologia-768x1086.jpg 768w, https:\/\/coscyl.com\/wp-content\/uploads\/2023\/07\/Plan_est_Etnomusicologia-1086x1536.jpg 1086w, https:\/\/coscyl.com\/wp-content\/uploads\/2023\/07\/Plan_est_Etnomusicologia-1448x2048.jpg 1448w, https:\/\/coscyl.com\/wp-content\/uploads\/2023\/07\/Plan_est_Etnomusicologia-8x12.jpg 8w\" sizes=\"(max-width: 1654px) 100vw, 1654px\" \/>\t\t\t\t\t\t\t\t<\/a>\n\t\t\t\t\t\t\t\t\t\t\t\t\t\t\t<\/div>\n\t\t\t\t<\/div>\n\t\t\t\t\t<\/div>\n\t\t\t\t<\/div>\n\t\t\t\t<div class=\"elementor-element elementor-element-622d220a elementor-widget elementor-widget-text-editor\" data-id=\"622d220a\" data-element_type=\"widget\" data-widget_type=\"text-editor.default\">\n\t\t\t\t<div class=\"elementor-widget-container\">\n\t\t\t\t\t\t\t\t\t<p>Desde este enlace se puede descargar la <a href=\"https:\/\/coscyl.com\/wp-content\/uploads\/2025\/12\/Etnomusicologia.pdf\">Gu\u00eda acad\u00e9mica de la especialidad de Musicolog\u00eda, itinerario de ETNOMUSICOLOG\u00cdA<\/a>. Para ver la Gu\u00eda docente de una asignatura concreta, pinche m\u00e1s abajo en el nombre de la asignatura correspondiente.<\/p><h3>\u00a0<\/h3><h3>CURSO 1\u00ba<\/h3><p><a href=\"https:\/\/coscyl.com\/wp-content\/uploads\/2023\/07\/Guia-Docente-Historia-de-la-musica-I.pdf\" target=\"_blank\" rel=\"noopener noreferrer\" download=\"1_Etnomusicologia\">Historia de la m\u00fasica I<\/a><\/p><p><a href=\"http:\/\/www.coscyl.com\/wp-content\/uploads\/2023\/11\/Armonia-I-Clave-Organo-Musicologia-y-Etnomusicologia.pdf\" target=\"_blank\" rel=\"noopener noreferrer\" download=\"2_Etnomusicologia\">Armon\u00eda I<\/a><\/p><p><a href=\"http:\/\/www.coscyl.com\/wp-content\/uploads\/2023\/11\/Educacion-Auditiva-I.pdf\" target=\"_blank\" rel=\"noopener noreferrer\" download=\"3_Etnomusicologia\">Educaci\u00f3n auditiva I<\/a><\/p><p><a href=\"http:\/\/www.coscyl.com\/wp-content\/uploads\/2023\/11\/Antropologia-de-la-musica.pdf\" target=\"_blank\" rel=\"noopener noreferrer\" download=\"4_Etnomusicologia\">Antropolog\u00eda de la m\u00fasica<\/a><\/p><p><a href=\"http:\/\/www.coscyl.com\/wp-content\/uploads\/2023\/11\/Historia-de-la-etnomusicologia.pdf\" target=\"_blank\" rel=\"noopener noreferrer\" download=\"5_Etnomusicologia\">Historia de la etnomusicolog\u00eda<\/a><\/p><p><a href=\"http:\/\/www.coscyl.com\/wp-content\/uploads\/2023\/11\/Idioma-extranjero-I-y-II.pdf\" target=\"_blank\" rel=\"noopener noreferrer\" download=\"6_Etnomusicologia\">Idioma extranjero I<\/a><\/p><p><a href=\"http:\/\/www.coscyl.com\/wp-content\/uploads\/2023\/11\/Tradiciones-musicales-en-Espana-I.pdf\" target=\"_blank\" rel=\"noopener noreferrer\" download=\"7_Etnomusicologia\">Tradiciones musicales en Espa\u00f1a I<\/a><\/p><p><a href=\"http:\/\/www.coscyl.com\/wp-content\/uploads\/2024\/Instrumento-de-tecla-complementario-I-corregido.pdf\" target=\"_blank\" rel=\"noopener noreferrer\" download=\"8_Etnomusicologia\">Instrumento de tecla complementario I<\/a><\/p><p><a href=\"http:\/\/www.coscyl.com\/wp-content\/uploads\/2023\/11\/Instrumentos-del-mundo-I-II-III-y-IV.pdf\" target=\"_blank\" rel=\"noopener noreferrer\" download=\"9_Etnomusicologia\">Instrumentos musicales del mundo I<\/a><\/p><p><a href=\"https:\/\/coscyl.com\/wp-content\/uploads\/2025\/Coro-I_GRADO_2025_2026_BLANCA.pdf\">Coro I<\/a><\/p><p><a href=\"http:\/\/www.coscyl.com\/wp-content\/uploads\/2023\/11\/Transcripcion-I.pdf\" target=\"_blank\" rel=\"noopener noreferrer\" download=\"11_Etnomusicologia\">Transcripci\u00f3n I<\/a><\/p><p><a href=\"http:\/\/www.coscyl.com\/wp-content\/uploads\/2023\/11\/Tecnologia-musical-Interpretacion-y-Musicologia.pdf\" target=\"_blank\" rel=\"noopener noreferrer\" download=\"12_Etnomusicologia\">Tecnolog\u00eda musical<\/a><\/p><h3>\u00a0<\/h3><h3>CURSO 2\u00ba<\/h3><p><a href=\"http:\/\/www.coscyl.com\/wp-content\/uploads\/2025\/2025-GD-Historia-de-la-Musica-II-Abellan-Fernandez.pdf\" target=\"_blank\" rel=\"noopener noreferrer\" download=\"13_Etnomusicologia\">Historia de la m\u00fasica II<\/a><\/p><p><a href=\"http:\/\/www.coscyl.com\/wp-content\/uploads\/2023\/11\/Armonia-II-Etnomusicologia.pdf\" target=\"_blank\" rel=\"noopener noreferrer\" download=\"14_Etnomusicologia\">Armon\u00eda II<\/a><\/p><p><a href=\"http:\/\/www.coscyl.com\/wp-content\/uploads\/2023\/11\/Educacion-Auditiva-II.pdf\" target=\"_blank\" rel=\"noopener noreferrer\" download=\"15_Etnomusicologia\">Educaci\u00f3n auditiva II<\/a><\/p><p><a href=\"http:\/\/www.coscyl.com\/wp-content\/uploads\/2024\/01\/Archivistica_2023.pdf\" target=\"_blank\" rel=\"noopener\">Archiv\u00edstica y biblioteconom\u00eda<\/a><\/p><p><a href=\"http:\/\/www.coscyl.com\/wp-content\/uploads\/2023\/11\/Idioma-extranjero-I-y-II.pdf\" target=\"_blank\" rel=\"noopener noreferrer\" download=\"17_Etnomusicologia\">Idioma extranjero II<\/a><\/p><p><a href=\"http:\/\/www.coscyl.com\/wp-content\/uploads\/2023\/11\/Metodologia-de-la-investigacion-etnomusicologica-I.pdf\" target=\"_blank\" rel=\"noopener noreferrer\" download=\"18_Etnomusicologia\">Metodolog\u00eda de la investigaci\u00f3n<br \/>etnomusicol\u00f3gica I<\/a><\/p><p><a href=\"http:\/\/www.coscyl.com\/wp-content\/uploads\/2023\/11\/Tradiciones-musicales-en-el-mundo-II.pdf\" target=\"_blank\" rel=\"noopener noreferrer\" download=\"19_Etnomusicologia\">Tradiciones musicales en Espa\u00f1a II<\/a><\/p><p><a href=\"http:\/\/www.coscyl.com\/wp-content\/uploads\/2024\/Instrumento-de-tecla-complementario-II-corregido.pdf\" target=\"_blank\" rel=\"noopener noreferrer\" download=\"20_Etnomusicologia\">Instrumento de tecla complementario II<\/a><\/p><p><a href=\"http:\/\/www.coscyl.com\/wp-content\/uploads\/2023\/11\/Instrumentos-del-mundo-I-II-III-y-IV.pdf\" target=\"_blank\" rel=\"noopener noreferrer\" download=\"21_Etnomusicologia\">Instrumentos musicales del mundo II<\/a><\/p><p><a href=\"https:\/\/coscyl.com\/wp-content\/uploads\/2024\/10\/Coro_II_GRADO_2024-2025.pdf\" target=\"_blank\" rel=\"noopener noreferrer\" download=\"22_Etnomusicologia\">Coro II<\/a><\/p><p><a href=\"http:\/\/www.coscyl.com\/wp-content\/uploads\/2023\/11\/Analisis-I-Interpretacion-y-Etnomusicologia.pdf\" target=\"_blank\" rel=\"noopener noreferrer\" download=\"23_Etnomusicologia\">An\u00e1lisis I<\/a><\/p><p><a href=\"http:\/\/www.coscyl.com\/wp-content\/uploads\/2023\/11\/Transcripcion-II.pdf\" target=\"_blank\" rel=\"noopener noreferrer\" download=\"24_Etnomusicologia\">Transcripci\u00f3n II<\/a><\/p><p><a href=\"http:\/\/www.coscyl.com\/wp-content\/uploads\/2023\/11\/Organologia-y-acustica-Musicologia-y-Etnomusicologia.pdf\" target=\"_blank\" rel=\"noopener noreferrer\" download=\"25_Etnomusicologia\">Organolog\u00eda y ac\u00fastica<\/a><\/p><h3>\u00a0<\/h3><h3>CURSO 3\u00ba<\/h3><p><a href=\"http:\/\/www.coscyl.com\/wp-content\/uploads\/2023\/11\/Sociologia-de-la-musica-I.pdf\" target=\"_blank\" rel=\"noopener noreferrer\" download=\"26_Etnomusicologia\">Sociolog\u00eda de la m\u00fasica I<\/a><\/p><p><a href=\"http:\/\/www.coscyl.com\/wp-content\/uploads\/2025\/Metodologia-de-la-investigacion-etnomusicologica-II.pdf\" target=\"_blank\" rel=\"noopener noreferrer\" download=\"27_Etnomusicologia\">Metodolog\u00eda de la investigaci\u00f3n<br \/>etnomusicol\u00f3gica II<\/a><\/p><p><a href=\"http:\/\/www.coscyl.com\/wp-content\/uploads\/2023\/11\/Trabajo-de-campo-I.pdf\" target=\"_blank\" rel=\"noopener noreferrer\" download=\"28_Etnomusicologia\">Trabajo de campo I<\/a><\/p><p><a href=\"http:\/\/www.coscyl.com\/wp-content\/uploads\/2023\/11\/Tradiciones-musicales-en-el-mundo-I.pdf\" target=\"_blank\" rel=\"noopener noreferrer\" download=\"29_Etnomusicologia\">Tradiciones musicales en el mundo I<\/a><\/p><p><a href=\"http:\/\/www.coscyl.com\/wp-content\/uploads\/2023\/11\/Instrumentos-del-mundo-I-II-III-y-IV.pdf\" target=\"_blank\" rel=\"noopener noreferrer\" download=\"30_Etnomusicologia\">Instrumentos musicales del mundo III<\/a><\/p><p><a href=\"http:\/\/www.coscyl.com\/wp-content\/uploads\/2024\/01\/Segundo-instrumento-musicologia-revisada-sept2017.pdf\" target=\"_blank\" rel=\"noopener\">Segundo instrumento<\/a>\u00a0\/\u00a0<a href=\"http:\/\/www.coscyl.com\/wp-content\/uploads\/2024\/Improvisacion-I-todos-excepto-mus-antigua-Contrabajo-Percusion-y-Saxofon.pdf\" target=\"_blank\" rel=\"noopener noreferrer\" download=\"32_Etnomusicologia\">Improvisaci\u00f3n I<\/a><\/p><p><a href=\"http:\/\/www.coscyl.com\/wp-content\/uploads\/2023\/11\/Musica-de-ensemble-etnomusicologia-2022_23.pdf\" target=\"_blank\" rel=\"noopener noreferrer\" download=\"33_Etnomusicologia\">M\u00fasica de ensemble<\/a><\/p><p><a href=\"http:\/\/www.coscyl.com\/wp-content\/uploads\/2023\/11\/Analisis-II-Interpretacion-y-Etnomusicologia.pdf\" target=\"_blank\" rel=\"noopener noreferrer\" download=\"34_Etnomusicologia\">An\u00e1lisis II<\/a><\/p><p><a href=\"http:\/\/www.coscyl.com\/wp-content\/uploads\/2023\/11\/Transcripcion-III-.pdf\" target=\"_blank\" rel=\"noopener noreferrer\" download=\"35_Etnomusicologia\">Transcripci\u00f3n III<\/a><\/p><p><a href=\"http:\/\/www.coscyl.com\/wp-content\/uploads\/2023\/11\/Tecnicas-de-edicion-etnomusicologica-I-1.pdf\" target=\"_blank\" rel=\"noopener noreferrer\" download=\"36_Etnomusicologia\">T\u00e9cnicas de edici\u00f3n etnomusicol\u00f3gica I<\/a><\/p><h3>\u00a0<\/h3><h3>CURSO 4\u00ba<\/h3><p><a href=\"http:\/\/www.coscyl.com\/wp-content\/uploads\/2023\/11\/Sociologia-de-la-musica-II.pdf\" target=\"_blank\" rel=\"noopener noreferrer\" download=\"37_Etnomusicologia\">Sociolog\u00eda de la m\u00fasica II<\/a><\/p><p><a href=\"http:\/\/www.coscyl.com\/wp-content\/uploads\/2023\/11\/Trabajo-de-campo-II.pdf\" target=\"_blank\" rel=\"noopener noreferrer\" download=\"38_Etnomusicologia\">Trabajo de campo II<\/a><\/p><p><a href=\"http:\/\/www.coscyl.com\/wp-content\/uploads\/2023\/11\/Tradiciones-musicales-en-el-mundo-II.pdf\" target=\"_blank\" rel=\"noopener noreferrer\" download=\"39_Etnomusicologia\">Tradiciones musicales en el mundo II<\/a><\/p><p><a href=\"http:\/\/www.coscyl.com\/wp-content\/uploads\/2023\/11\/Instrumentos-del-mundo-I-II-III-y-IV.pdf\" target=\"_blank\" rel=\"noopener noreferrer\" download=\"40_Etnomusicologia\">Instrumentos musicales del mundo IV<\/a><\/p><p><a href=\"http:\/\/www.coscyl.com\/wp-content\/uploads\/2023\/11\/Sistemas-Musicales-del-Mundo.pdf\" target=\"_blank\" rel=\"noopener noreferrer\" download=\"41_Etnomusicologia\">Sistemas musicales del mundo<\/a><\/p><p><a href=\"http:\/\/www.coscyl.com\/wp-content\/uploads\/2023\/11\/Tecnicas-de-edicion-etnomusicologica-II-1.pdf\" target=\"_blank\" rel=\"noopener noreferrer\" download=\"42_Etnomusicologia\">T\u00e9cnicas de edici\u00f3n etnomusicol\u00f3gica II<\/a><\/p><p><a href=\"https:\/\/coscyl.com\/en\/asignaturas-optativas\/\">ASIGNATURAS OPTATIVAS<\/a><\/p><p><a href=\"http:\/\/www.coscyl.com\/wp-content\/uploads\/2024\/01\/Trabajo_fin_estudios_MUSICOLOGIA.pdf\" target=\"_blank\" rel=\"noopener\">TRABAJO FIN DE ESTUDIOS<\/a><\/p>\t\t\t\t\t\t\t\t<\/div>\n\t\t\t\t<\/div>\n\t\t\t\t<\/div>\n\t\t\t\t<\/div>\n\t\t\t\t<\/div>","protected":false},"excerpt":{"rendered":"<p>T\u00edtulo Superior de M\u00fasica Itinerario de Etnomusicolog\u00eda Plan de Estudios Desde este enlace se puede descargar la Gu\u00eda acad\u00e9mica de la especialidad de Musicolog\u00eda, itinerario de ETNOMUSICOLOG\u00cdA. Para ver la Gu\u00eda docente de una asignatura concreta, pinche m\u00e1s abajo en el nombre de la asignatura correspondiente. \u00a0 CURSO 1\u00ba Historia de la m\u00fasica I Armon\u00eda [&hellip;]<\/p>","protected":false},"author":1,"featured_media":0,"parent":0,"menu_order":0,"comment_status":"closed","ping_status":"closed","template":"elementor_header_footer","meta":{"footnotes":""},"class_list":["post-3419","page","type-page","status-publish","hentry"],"_links":{"self":[{"href":"https:\/\/coscyl.com\/en\/wp-json\/wp\/v2\/pages\/3419","targetHints":{"allow":["GET"]}}],"collection":[{"href":"https:\/\/coscyl.com\/en\/wp-json\/wp\/v2\/pages"}],"about":[{"href":"https:\/\/coscyl.com\/en\/wp-json\/wp\/v2\/types\/page"}],"author":[{"embeddable":true,"href":"https:\/\/coscyl.com\/en\/wp-json\/wp\/v2\/users\/1"}],"replies":[{"embeddable":true,"href":"https:\/\/coscyl.com\/en\/wp-json\/wp\/v2\/comments?post=3419"}],"version-history":[{"count":31,"href":"https:\/\/coscyl.com\/en\/wp-json\/wp\/v2\/pages\/3419\/revisions"}],"predecessor-version":[{"id":11905,"href":"https:\/\/coscyl.com\/en\/wp-json\/wp\/v2\/pages\/3419\/revisions\/11905"}],"wp:attachment":[{"href":"https:\/\/coscyl.com\/en\/wp-json\/wp\/v2\/media?parent=3419"}],"curies":[{"name":"wp","href":"https:\/\/api.w.org\/{rel}","templated":true}]}}