{"id":3358,"date":"2023-07-13T16:51:51","date_gmt":"2023-07-13T16:51:51","guid":{"rendered":"http:\/\/www.coscyl.com\/?page_id=3358"},"modified":"2025-12-26T18:31:27","modified_gmt":"2025-12-26T17:31:27","slug":"musicologia","status":"publish","type":"page","link":"https:\/\/coscyl.com\/en\/musicologia\/","title":{"rendered":"Musicolog\u00eda"},"content":{"rendered":"<div data-elementor-type=\"wp-page\" data-elementor-id=\"3358\" class=\"elementor elementor-3358\" data-elementor-post-type=\"page\">\n\t\t\t\t<div class=\"elementor-element elementor-element-70b9f4fb e-con-full e-flex e-con e-parent\" data-id=\"70b9f4fb\" data-element_type=\"container\">\n\t\t<div class=\"elementor-element elementor-element-31e75e6d e-con-full e-flex e-con e-child\" data-id=\"31e75e6d\" data-element_type=\"container\">\n\t\t\t\t<div class=\"elementor-element elementor-element-3a317118 elementor-widget elementor-widget-heading\" data-id=\"3a317118\" data-element_type=\"widget\" data-widget_type=\"heading.default\">\n\t\t\t\t<div class=\"elementor-widget-container\">\n\t\t\t\t\t<h2 class=\"elementor-heading-title elementor-size-default\">T\u00edtulo Superior de M\u00fasica<\/h2>\t\t\t\t<\/div>\n\t\t\t\t<\/div>\n\t\t\t\t<div class=\"elementor-element elementor-element-599623cd elementor-widget elementor-widget-heading\" data-id=\"599623cd\" data-element_type=\"widget\" data-widget_type=\"heading.default\">\n\t\t\t\t<div class=\"elementor-widget-container\">\n\t\t\t\t\t<h2 class=\"elementor-heading-title elementor-size-default\">Itinerario de Musicolog\u00eda<\/h2>\t\t\t\t<\/div>\n\t\t\t\t<\/div>\n\t\t\t\t<div class=\"elementor-element elementor-element-ab56494 elementor-widget-divider--view-line elementor-widget elementor-widget-divider\" data-id=\"ab56494\" data-element_type=\"widget\" data-widget_type=\"divider.default\">\n\t\t\t\t<div class=\"elementor-widget-container\">\n\t\t\t\t\t\t\t<div class=\"elementor-divider\">\n\t\t\t<span class=\"elementor-divider-separator\">\n\t\t\t\t\t\t<\/span>\n\t\t<\/div>\n\t\t\t\t\t\t<\/div>\n\t\t\t\t<\/div>\n\t\t\t\t<\/div>\n\t\t\t\t<\/div>\n\t\t<div class=\"elementor-element elementor-element-5813ea1d e-con-full e-flex e-con e-parent\" data-id=\"5813ea1d\" data-element_type=\"container\" id=\"itinerario\" data-settings=\"{&quot;background_background&quot;:&quot;classic&quot;}\">\n\t\t<div class=\"elementor-element elementor-element-328489aa e-con-full e-grid e-con e-child\" data-id=\"328489aa\" data-element_type=\"container\">\n\t\t<div class=\"elementor-element elementor-element-3b55ac98 e-flex e-con-boxed e-con e-child\" data-id=\"3b55ac98\" data-element_type=\"container\">\n\t\t\t\t\t<div class=\"e-con-inner\">\n\t\t\t\t<div class=\"elementor-element elementor-element-7700c69c elementor-widget elementor-widget-heading\" data-id=\"7700c69c\" data-element_type=\"widget\" data-widget_type=\"heading.default\">\n\t\t\t\t<div class=\"elementor-widget-container\">\n\t\t\t\t\t<h2 class=\"elementor-heading-title elementor-size-default\">Plan de Estudios<\/h2>\t\t\t\t<\/div>\n\t\t\t\t<\/div>\n\t\t\t\t<div class=\"elementor-element elementor-element-50409f4b elementor-widget elementor-widget-image\" data-id=\"50409f4b\" data-element_type=\"widget\" data-widget_type=\"image.default\">\n\t\t\t\t<div class=\"elementor-widget-container\">\n\t\t\t\t\t\t\t\t\t\t\t\t\t\t\t\t<a href=\"http:\/\/www.coscyl.com\/wp-content\/uploads\/2023\/07\/Plan_est_Musicologia.jpg\" data-elementor-open-lightbox=\"yes\" data-elementor-lightbox-title=\"Plan_est_Musicologia\" data-e-action-hash=\"#elementor-action%3Aaction%3Dlightbox%26settings%3DeyJpZCI6MzM2MCwidXJsIjoiaHR0cHM6XC9cL2Nvc2N5bC5jb21cL3dwLWNvbnRlbnRcL3VwbG9hZHNcLzIwMjNcLzA3XC9QbGFuX2VzdF9NdXNpY29sb2dpYS5qcGcifQ%3D%3D\">\n\t\t\t\t\t\t\t<img fetchpriority=\"high\" decoding=\"async\" width=\"1654\" height=\"2339\" src=\"https:\/\/coscyl.com\/wp-content\/uploads\/2023\/07\/Plan_est_Musicologia.jpg\" class=\"attachment-full size-full wp-image-3360\" alt=\"\" srcset=\"https:\/\/coscyl.com\/wp-content\/uploads\/2023\/07\/Plan_est_Musicologia.jpg 1654w, https:\/\/coscyl.com\/wp-content\/uploads\/2023\/07\/Plan_est_Musicologia-212x300.jpg 212w, https:\/\/coscyl.com\/wp-content\/uploads\/2023\/07\/Plan_est_Musicologia-724x1024.jpg 724w, https:\/\/coscyl.com\/wp-content\/uploads\/2023\/07\/Plan_est_Musicologia-768x1086.jpg 768w, https:\/\/coscyl.com\/wp-content\/uploads\/2023\/07\/Plan_est_Musicologia-1086x1536.jpg 1086w, https:\/\/coscyl.com\/wp-content\/uploads\/2023\/07\/Plan_est_Musicologia-1448x2048.jpg 1448w, https:\/\/coscyl.com\/wp-content\/uploads\/2023\/07\/Plan_est_Musicologia-8x12.jpg 8w\" sizes=\"(max-width: 1654px) 100vw, 1654px\" \/>\t\t\t\t\t\t\t\t<\/a>\n\t\t\t\t\t\t\t\t\t\t\t\t\t\t\t<\/div>\n\t\t\t\t<\/div>\n\t\t\t\t\t<\/div>\n\t\t\t\t<\/div>\n\t\t\t\t<div class=\"elementor-element elementor-element-7acc451d elementor-widget elementor-widget-text-editor\" data-id=\"7acc451d\" data-element_type=\"widget\" data-widget_type=\"text-editor.default\">\n\t\t\t\t<div class=\"elementor-widget-container\">\n\t\t\t\t\t\t\t\t\t<p>Desde este enlace se puede descargar la <a href=\"https:\/\/coscyl.com\/wp-content\/uploads\/2025\/12\/Musicologia.pdf\">gu\u00eda docente del itinerario de MUSICOLOG\u00cdA<\/a>. Para ver la Gu\u00eda docente de una asignatura concreta, pinche m\u00e1s abajo en el nombre de la asignatura correspondiente.<\/p><h3>\u00a0<\/h3><h3>CURSO 1\u00ba<\/h3><p><a href=\"http:\/\/www.coscyl.com\/wp-content\/uploads\/2023\/11\/Armonia-I-Clave-Organo-Musicologia-y-Etnomusicologia.pdf\" target=\"_blank\" rel=\"noopener noreferrer\" download=\"1_Musicologia\">Armon\u00eda I<\/a><\/p><p><a href=\"http:\/\/www.coscyl.com\/wp-content\/uploads\/2023\/11\/Educacion-Auditiva-I.pdf\" target=\"_blank\" rel=\"noopener noreferrer\" download=\"2_Musicologia\">Educaci\u00f3n auditiva I<\/a><\/p><p><a href=\"http:\/\/www.coscyl.com\/wp-content\/uploads\/2023\/11\/Historia-de-la-Musica-Pretonal.pdf\" target=\"_blank\" rel=\"noopener noreferrer\" download=\"3_Musicologia\">Historia de la m\u00fasica pretonal<\/a><\/p><p><a href=\"http:\/\/www.coscyl.com\/wp-content\/uploads\/2023\/11\/Fundamentos-de-etnomusicologia.pdf\" target=\"_blank\" rel=\"noopener noreferrer\" download=\"4_Musicologia\">Fundamentos de etnomusicolog\u00eda<\/a><\/p><p><a href=\"http:\/\/www.coscyl.com\/wp-content\/uploads\/2023\/11\/Idioma-extranjero-I-y-II.pdf\" target=\"_blank\" rel=\"noopener noreferrer\" download=\"5_Musicologia\">Idioma extranjero I<\/a><\/p><p><a href=\"https:\/\/coscyl.com\/wp-content\/uploads\/2024\/11\/GUIA-DOCENTE-Metodologia-I.-Musicologia-2024-25.pdf\" target=\"_blank\" rel=\"noopener noreferrer\" download=\"6_Musicologia\">Metodolog\u00eda de la investigaci\u00f3n musicol\u00f3gica I<\/a><\/p><p><a href=\"http:\/\/www.coscyl.com\/wp-content\/uploads\/2024\/Instrumento-de-tecla-complementario-I-corregido.pdf\" target=\"_blank\" rel=\"noopener noreferrer\" download=\"7_Musicologia\">Instrumento de tecla complementario I<\/a><\/p><p><a href=\"http:\/\/www.coscyl.com\/wp-content\/uploads\/2023\/11\/Instrumentos-del-mundo-I-II-III-y-IV.pdf\" target=\"_blank\" rel=\"noopener noreferrer\" download=\"8_Musicologia\">Instrumentos musicales del mundo I<\/a><\/p><p><a href=\"https:\/\/coscyl.com\/wp-content\/uploads\/2025\/Coro-I_GRADO_2025_2026_BLANCA.pdf\">Coro I<\/a><\/p><p><a href=\"http:\/\/www.coscyl.com\/wp-content\/uploads\/2023\/11\/Analisis-de-la-musica-pretonal.pdf\" target=\"_blank\" rel=\"noopener noreferrer\" download=\"10_Musicologia\">An\u00e1lisis de la m\u00fasica pretonal<\/a><\/p><p><a href=\"https:\/\/coscyl.com\/wp-content\/uploads\/2024\/11\/GUIA-DOCENTE-Notacion-I.2024-25.pdf\">Notaci\u00f3n I<\/a><\/p><p><a href=\"http:\/\/www.coscyl.com\/wp-content\/uploads\/2023\/11\/Organologia-y-acustica-Musicologia-y-Etnomusicologia.pdf\" target=\"_blank\" rel=\"noopener noreferrer\" download=\"12_Musicologia\">Organolog\u00eda y ac\u00fastica<\/a><\/p><p><a href=\"http:\/\/www.coscyl.com\/wp-content\/uploads\/2023\/11\/Tecnologia-musical-Interpretacion-y-Musicologia.pdf\" target=\"_blank\" rel=\"noopener noreferrer\" download=\"13_Musicologia\">Tecnolog\u00eda musical<\/a><\/p><h3>\u00a0<\/h3><h3>CURSO 2\u00ba<\/h3><p><a href=\"http:\/\/www.coscyl.com\/wp-content\/uploads\/2024\/01\/GUIA-DOCENTE-Historia-de-la-musica-occidental-I-2023-24-.pdf\" target=\"_blank\" rel=\"noopener\">Historia de la m\u00fasica occidental I<\/a><\/p><p><a href=\"http:\/\/www.coscyl.com\/wp-content\/uploads\/2023\/11\/Educacion-Auditiva-II.pdf\" target=\"_blank\" rel=\"noopener noreferrer\" download=\"15_Musicologia\">Educaci\u00f3n auditiva II<\/a><\/p><p><a href=\"https:\/\/coscyl.com\/wp-content\/uploads\/2023\/11\/Contrapunto-I-Interpretacion-Musicologia.pdf\" target=\"_blank\" rel=\"noopener noreferrer\" download=\"16_Musicologia\">Contrapunto I<\/a><\/p><p><a href=\"http:\/\/www.coscyl.com\/wp-content\/uploads\/2023\/11\/Idioma-extranjero-I-y-II.pdf\" target=\"_blank\" rel=\"noopener noreferrer\" download=\"17_Musicologia\">Idioma extranjero II<\/a><\/p><p><a href=\"https:\/\/coscyl.com\/wp-content\/uploads\/2024\/11\/GUIA-DOCENTE-Metodologia-II.-Musicologia-2024-25.pdf\" target=\"_blank\" rel=\"noopener noreferrer\" download=\"18_Musicologia\">Metodolog\u00eda de la investigaci\u00f3n musicol\u00f3gica II<\/a><\/p><p><a href=\"https:\/\/coscyl.com\/wp-content\/uploads\/2025\/10\/2025-GD-Canto-Gregoriano-I-Abellan-de-la-Rosa.pdf\">Canto Gregoriano I <\/a><\/p><p><a href=\"http:\/\/www.coscyl.com\/wp-content\/uploads\/2024\/Instrumento-de-tecla-complementario-II-corregido.pdf\" target=\"_blank\" rel=\"noopener noreferrer\" download=\"20_Musicologia\">Instrumento de tecla complementario II<\/a><\/p><p><a href=\"https:\/\/coscyl.com\/wp-content\/uploads\/2024\/10\/Coro_II_GRADO_2024-2025.pdf\" target=\"_blank\" rel=\"noopener noreferrer\" download=\"21_Musicologia\">Coro II<\/a><\/p><p><a href=\"http:\/\/www.coscyl.com\/wp-content\/uploads\/2024\/01\/GUIA-DOCENTE-Analisis-I-2023-24-.pdf\" target=\"_blank\" rel=\"noopener\">An\u00e1lisis I<\/a><\/p><p><a href=\"http:\/\/www.coscyl.com\/wp-content\/uploads\/2023\/11\/Musica-de-tradicion-oral.pdf\" target=\"_blank\" rel=\"noopener noreferrer\" download=\"23_Musicologia\">M\u00fasica de tradici\u00f3n oral<\/a><\/p><p><a href=\"http:\/\/www.coscyl.com\/wp-content\/uploads\/2023\/11\/Notacion-II.pdf\" target=\"_blank\" rel=\"noopener noreferrer\" download=\"24_Musicologia\">Notaci\u00f3n II<\/a><\/p><h3>\u00a0<\/h3><h3>CURSO 3\u00ba<\/h3><p><a href=\"http:\/\/www.coscyl.com\/wp-content\/uploads\/2024\/01\/GUIA-DOCENTE-Historia-de-la-musica-occidental-II-2023-24-.pdf\" target=\"_blank\" rel=\"noopener\">Historia de la m\u00fasica occidental II<\/a><\/p><p><a href=\"http:\/\/www.coscyl.com\/wp-content\/uploads\/2023\/11\/Contrapunto-II-Interpretacion-Musicologia.pdf\" target=\"_blank\" rel=\"noopener noreferrer\" download=\"26_Musicologia\">Contrapunto II<\/a><\/p><p><a href=\"https:\/\/coscyl.com\/wp-content\/uploads\/2025\/10\/2025-GD-Estetica-y-Filosofia-de-la-Musica-hasta-el-s-XVIII.pdf\">Est\u00e9tica y filosof\u00eda de la m\u00fasica hasta el s.XVIII<\/a><\/p><p><a href=\"https:\/\/coscyl.com\/wp-content\/uploads\/2025\/Fuentes-historicas-I.-Musicologia.-.pdf\" target=\"_blank\" rel=\"noopener noreferrer\" download=\"28_Musicologia\">Fuentes hist\u00f3ricas I<\/a><\/p><p><a href=\"https:\/\/coscyl.com\/wp-content\/uploads\/2025\/10\/2025-GD-Canto-Gregoriano-II-Abellan-de-la-Rosa.pdf\">Canto gregoriano II<\/a><\/p><p><a href=\"http:\/\/www.coscyl.com\/wp-content\/uploads\/2024\/Optativa-Piano-como-segundo-instrumento-corregido.pdf\" target=\"_blank\" rel=\"noopener noreferrer\" download=\"30_Musicologia\">Segundo instrumento<\/a>\u00a0\/\u00a0<a href=\"http:\/\/www.coscyl.com\/wp-content\/uploads\/2024\/Improvisacion-I-todos-excepto-mus-antigua-Contrabajo-Percusion-y-Saxofon.pdf\" target=\"_blank\" rel=\"noopener noreferrer\" download=\"31_Musicologia\">Improvisaci\u00f3n I<\/a><\/p><p><a href=\"http:\/\/www.coscyl.com\/wp-content\/uploads\/2024\/01\/Musica-de-ensemble-musicologia-2023-24.pdf\" target=\"_blank\" rel=\"noopener\">M\u00fasica de ensemble<\/a><\/p><p><a href=\"http:\/\/www.coscyl.com\/wp-content\/uploads\/2023\/11\/Analisis-II.pdf\" target=\"_blank\" rel=\"noopener noreferrer\" download=\"33_Musicologia\">An\u00e1lisis II<\/a><\/p><p><a href=\"http:\/\/www.coscyl.com\/wp-content\/uploads\/2023\/11\/Notacion-III.pdf\" target=\"_blank\" rel=\"noopener noreferrer\" download=\"34_Musicologia\">Notaci\u00f3n III<\/a><\/p><p><a href=\"https:\/\/coscyl.com\/wp-content\/uploads\/2023\/11\/Recursos-Informaticos-aplicados-a-la-musicologia.pdf\" target=\"_blank\" rel=\"noopener noreferrer\" download=\"35_Musicologia\">Recursos inform\u00e1ticos aplicados a la musicolog\u00eda<\/a><\/p><h3>\u00a0<\/h3><h3>CURSO 4\u00ba<\/h3><p><a href=\"http:\/\/www.coscyl.com\/wp-content\/uploads\/2023\/11\/Estetica-y-filosofia-de-la-Musica-de-los-siglo-XIX-al-XXI.pdf\" target=\"_blank\" rel=\"noopener noreferrer\" download=\"36_Musicologia\">Est\u00e9tica y filosof\u00eda de la m\u00fasica de los ss.XIX al XXI<\/a><\/p><p><a href=\"https:\/\/coscyl.com\/wp-content\/uploads\/2024\/01\/HISTORIA-DE-LA-MUSICA-CONTEMPORANEA.pdf\" target=\"_blank\" rel=\"noopener noreferrer\" download=\"37_Musicologia\">Historia de la m\u00fasica contempor\u00e1nea<\/a><\/p><p><a href=\"http:\/\/www.coscyl.com\/wp-content\/uploads\/2024\/01\/Archivistica_2023.pdf\" target=\"_blank\" rel=\"noopener\">Archiv\u00edstica y biblioteconom\u00eda<\/a><\/p><p><a href=\"http:\/\/www.coscyl.com\/wp-content\/uploads\/2024\/01\/GUIA-DOCENTE-Critica-Musical.-2023-24-.pdf\" target=\"_blank\" rel=\"noopener\">Cr\u00edtica musical<\/a><\/p><p><a href=\"http:\/\/www.coscyl.com\/wp-content\/uploads\/2024\/01\/GUIA-DOCENTE-Fuentes-historicas-II.-Musicologia.-2023-24-.pdf\" target=\"_blank\" rel=\"noopener\">Fuentes hist\u00f3ricas II<\/a><\/p><p><a href=\"https:\/\/coscyl.com\/wp-content\/uploads\/2025\/11\/Analisis-de-la-Musica-Contemporanea.-.pdf\" target=\"_blank\" rel=\"noopener noreferrer\" download=\"41_Musicologia\">An\u00e1lisis de la m\u00fasica contempor\u00e1nea I<\/a><\/p><p><a href=\"http:\/\/www.coscyl.com\/wp-content\/uploads\/2024\/01\/GUIA-DOCENTE-Filologia-Musical-2023-24-.pdf\" target=\"_blank\" rel=\"noopener\">Filolog\u00eda musical<\/a><\/p><p><a href=\"https:\/\/coscyl.com\/en\/asignaturas-optativas\/\">ASIGNATURAS OPTATIVAS<\/a><\/p><p><a href=\"http:\/\/www.coscyl.com\/wp-content\/uploads\/2024\/01\/Trabajo_fin_estudios_MUSICOLOGIA.pdf\" target=\"_blank\" rel=\"noopener\">TRABAJO FIN DE ESTUDIOS<\/a><\/p>\t\t\t\t\t\t\t\t<\/div>\n\t\t\t\t<\/div>\n\t\t\t\t<\/div>\n\t\t\t\t<\/div>\n\t\t\t\t<\/div>","protected":false},"excerpt":{"rendered":"<p>T\u00edtulo Superior de M\u00fasica Itinerario de Musicolog\u00eda Plan de Estudios Desde este enlace se puede descargar la gu\u00eda docente del itinerario de MUSICOLOG\u00cdA. Para ver la Gu\u00eda docente de una asignatura concreta, pinche m\u00e1s abajo en el nombre de la asignatura correspondiente. \u00a0 CURSO 1\u00ba Armon\u00eda I Educaci\u00f3n auditiva I Historia de la m\u00fasica pretonal [&hellip;]<\/p>","protected":false},"author":1,"featured_media":0,"parent":0,"menu_order":0,"comment_status":"closed","ping_status":"closed","template":"elementor_header_footer","meta":{"footnotes":""},"class_list":["post-3358","page","type-page","status-publish","hentry"],"_links":{"self":[{"href":"https:\/\/coscyl.com\/en\/wp-json\/wp\/v2\/pages\/3358","targetHints":{"allow":["GET"]}}],"collection":[{"href":"https:\/\/coscyl.com\/en\/wp-json\/wp\/v2\/pages"}],"about":[{"href":"https:\/\/coscyl.com\/en\/wp-json\/wp\/v2\/types\/page"}],"author":[{"embeddable":true,"href":"https:\/\/coscyl.com\/en\/wp-json\/wp\/v2\/users\/1"}],"replies":[{"embeddable":true,"href":"https:\/\/coscyl.com\/en\/wp-json\/wp\/v2\/comments?post=3358"}],"version-history":[{"count":73,"href":"https:\/\/coscyl.com\/en\/wp-json\/wp\/v2\/pages\/3358\/revisions"}],"predecessor-version":[{"id":11925,"href":"https:\/\/coscyl.com\/en\/wp-json\/wp\/v2\/pages\/3358\/revisions\/11925"}],"wp:attachment":[{"href":"https:\/\/coscyl.com\/en\/wp-json\/wp\/v2\/media?parent=3358"}],"curies":[{"name":"wp","href":"https:\/\/api.w.org\/{rel}","templated":true}]}}