{"id":3218,"date":"2023-07-13T16:35:13","date_gmt":"2023-07-13T16:35:13","guid":{"rendered":"http:\/\/www.coscyl.com\/?page_id=3218"},"modified":"2026-02-11T09:04:35","modified_gmt":"2026-02-11T08:04:35","slug":"viola-da-gamba","status":"publish","type":"page","link":"https:\/\/coscyl.com\/en\/viola-da-gamba\/","title":{"rendered":"Viola da Gamba"},"content":{"rendered":"<div data-elementor-type=\"wp-page\" data-elementor-id=\"3218\" class=\"elementor elementor-3218\" data-elementor-post-type=\"page\">\n\t\t\t\t<div class=\"elementor-element elementor-element-30dc35da e-con-full e-flex e-con e-parent\" data-id=\"30dc35da\" data-element_type=\"container\">\n\t\t<div class=\"elementor-element elementor-element-2dec74f1 e-con-full e-flex e-con e-child\" data-id=\"2dec74f1\" data-element_type=\"container\">\n\t\t\t\t<div class=\"elementor-element elementor-element-692ab6f4 elementor-widget elementor-widget-heading\" data-id=\"692ab6f4\" data-element_type=\"widget\" data-widget_type=\"heading.default\">\n\t\t\t\t<div class=\"elementor-widget-container\">\n\t\t\t\t\t<h2 class=\"elementor-heading-title elementor-size-default\">T\u00edtulo Superior de M\u00fasica<\/h2>\t\t\t\t<\/div>\n\t\t\t\t<\/div>\n\t\t\t\t<div class=\"elementor-element elementor-element-63f59dc8 elementor-widget elementor-widget-heading\" data-id=\"63f59dc8\" data-element_type=\"widget\" data-widget_type=\"heading.default\">\n\t\t\t\t<div class=\"elementor-widget-container\">\n\t\t\t\t\t<h2 class=\"elementor-heading-title elementor-size-default\">Itinerario de Viola da Gamba<\/h2>\t\t\t\t<\/div>\n\t\t\t\t<\/div>\n\t\t\t\t<div class=\"elementor-element elementor-element-27b6cd6e elementor-widget-divider--view-line elementor-widget elementor-widget-divider\" data-id=\"27b6cd6e\" data-element_type=\"widget\" data-widget_type=\"divider.default\">\n\t\t\t\t<div class=\"elementor-widget-container\">\n\t\t\t\t\t\t\t<div class=\"elementor-divider\">\n\t\t\t<span class=\"elementor-divider-separator\">\n\t\t\t\t\t\t<\/span>\n\t\t<\/div>\n\t\t\t\t\t\t<\/div>\n\t\t\t\t<\/div>\n\t\t\t\t<\/div>\n\t\t\t\t<\/div>\n\t\t<div class=\"elementor-element elementor-element-337b4e9 e-con-full e-flex e-con e-parent\" data-id=\"337b4e9\" data-element_type=\"container\" id=\"itinerario\" data-settings=\"{&quot;background_background&quot;:&quot;classic&quot;}\">\n\t\t<div class=\"elementor-element elementor-element-7d3ef4 e-con-full e-grid e-con e-child\" data-id=\"7d3ef4\" data-element_type=\"container\">\n\t\t<div class=\"elementor-element elementor-element-471cd5a5 e-flex e-con-boxed e-con e-child\" data-id=\"471cd5a5\" data-element_type=\"container\">\n\t\t\t\t\t<div class=\"e-con-inner\">\n\t\t\t\t<div class=\"elementor-element elementor-element-741deedb elementor-widget elementor-widget-heading\" data-id=\"741deedb\" data-element_type=\"widget\" data-widget_type=\"heading.default\">\n\t\t\t\t<div class=\"elementor-widget-container\">\n\t\t\t\t\t<h2 class=\"elementor-heading-title elementor-size-default\">Plan de Estudios<\/h2>\t\t\t\t<\/div>\n\t\t\t\t<\/div>\n\t\t\t\t<div class=\"elementor-element elementor-element-26493424 elementor-widget elementor-widget-image\" data-id=\"26493424\" data-element_type=\"widget\" data-widget_type=\"image.default\">\n\t\t\t\t<div class=\"elementor-widget-container\">\n\t\t\t\t\t\t\t\t\t\t\t\t\t\t\t\t<a href=\"http:\/\/www.coscyl.com\/wp-content\/uploads\/2023\/07\/Plan_est_ViolaGamba.jpg\" data-elementor-open-lightbox=\"yes\" data-elementor-lightbox-title=\"Plan_est_ViolaGamba\" data-e-action-hash=\"#elementor-action%3Aaction%3Dlightbox%26settings%3DeyJpZCI6MzIyMCwidXJsIjoiaHR0cHM6XC9cL2Nvc2N5bC5jb21cL3dwLWNvbnRlbnRcL3VwbG9hZHNcLzIwMjNcLzA3XC9QbGFuX2VzdF9WaW9sYUdhbWJhLmpwZyJ9\">\n\t\t\t\t\t\t\t<img fetchpriority=\"high\" decoding=\"async\" width=\"1654\" height=\"2339\" src=\"https:\/\/coscyl.com\/wp-content\/uploads\/2023\/07\/Plan_est_ViolaGamba.jpg\" class=\"attachment-full size-full wp-image-3220\" alt=\"\" srcset=\"https:\/\/coscyl.com\/wp-content\/uploads\/2023\/07\/Plan_est_ViolaGamba.jpg 1654w, https:\/\/coscyl.com\/wp-content\/uploads\/2023\/07\/Plan_est_ViolaGamba-212x300.jpg 212w, https:\/\/coscyl.com\/wp-content\/uploads\/2023\/07\/Plan_est_ViolaGamba-724x1024.jpg 724w, https:\/\/coscyl.com\/wp-content\/uploads\/2023\/07\/Plan_est_ViolaGamba-768x1086.jpg 768w, https:\/\/coscyl.com\/wp-content\/uploads\/2023\/07\/Plan_est_ViolaGamba-1086x1536.jpg 1086w, https:\/\/coscyl.com\/wp-content\/uploads\/2023\/07\/Plan_est_ViolaGamba-1448x2048.jpg 1448w, https:\/\/coscyl.com\/wp-content\/uploads\/2023\/07\/Plan_est_ViolaGamba-8x12.jpg 8w\" sizes=\"(max-width: 1654px) 100vw, 1654px\" \/>\t\t\t\t\t\t\t\t<\/a>\n\t\t\t\t\t\t\t\t\t\t\t\t\t\t\t<\/div>\n\t\t\t\t<\/div>\n\t\t\t\t\t<\/div>\n\t\t\t\t<\/div>\n\t\t\t\t<div class=\"elementor-element elementor-element-2e975799 elementor-widget elementor-widget-text-editor\" data-id=\"2e975799\" data-element_type=\"widget\" data-widget_type=\"text-editor.default\">\n\t\t\t\t<div class=\"elementor-widget-container\">\n\t\t\t\t\t\t\t\t\t<p>Desde este enlace se puede descargar la <a href=\"https:\/\/coscyl.com\/wp-content\/uploads\/2026\/02\/Viola-da-gamba.pdf\">Gu\u00eda acad\u00e9mica de la especialidad de Interpretaci\u00f3n, itinerario de VIOLA DA GAMBA<\/a>. Para ver la Gu\u00eda docente de una asignatura concreta, pinche m\u00e1s abajo en el nombre de la asignatura correspondiente.<\/p><h3>\u00a0<\/h3><h3>CURSO 1\u00ba<\/h3><p><a href=\"http:\/\/www.coscyl.com\/wp-content\/uploads\/2023\/07\/Guia-Docente-Historia-de-la-musica-I.pdf\">Historia de la m\u00fasica I<\/a><\/p><p><a href=\"http:\/\/www.coscyl.com\/wp-content\/uploads\/2023\/11\/Armonia-I-Interpretacion.pdf\" target=\"_blank\" rel=\"noopener noreferrer\" download=\"2_ViolaDaGamba\">Armon\u00eda I<\/a><\/p><p><a href=\"http:\/\/www.coscyl.com\/wp-content\/uploads\/2023\/11\/Educacion-Auditiva-I.pdf\">Educaci\u00f3n auditiva I<\/a><\/p><p><a href=\"http:\/\/www.coscyl.com\/wp-content\/uploads\/2023\/11\/Viola-da-gamba-I.pdf\" target=\"_blank\" rel=\"noopener noreferrer\" download=\"4_ViolaDaGamba\">Viola da gamba I<\/a><\/p><p><a href=\"http:\/\/www.coscyl.com\/wp-content\/uploads\/2023\/11\/Ergonomia-y-prevencion-de-lesiones.pdf\">Ergonom\u00eda y prevenci\u00f3n de lesiones<\/a><\/p><p><a href=\"http:\/\/www.coscyl.com\/wp-content\/uploads\/2023\/11\/Tecnicas-de-concentracion.pdf\">T\u00e9cnicas de concentraci\u00f3n<\/a><\/p><p><a href=\"http:\/\/www.coscyl.com\/wp-content\/uploads\/2023\/11\/Idioma-extranjero-I-y-II.pdf\">Idioma extranjero I<\/a><\/p><p><a href=\"http:\/\/www.coscyl.com\/wp-content\/uploads\/2023\/11\/Tecnologia-musical-Interpretacion-y-Musicologia.pdf\">Tecnolog\u00eda musical<\/a><\/p><p><a href=\"http:\/\/www.coscyl.com\/wp-content\/uploads\/2024\/Instrumento-de-tecla-complementario-I-corregido.pdf\" target=\"_blank\" rel=\"noopener noreferrer\" download=\"9_ViolaDaGamba\">Instrumento de tecla complementario I<\/a><\/p><p><a href=\"http:\/\/www.coscyl.com\/wp-content\/uploads\/2023\/11\/Repertorio-con-clavecinista-acompanante-I.pdf\" target=\"_blank\" rel=\"noopener noreferrer\" download=\"10_ViolaDaGamba\">Repertorio con clavecinista acompa\u00f1ante I<\/a><\/p><p><a href=\"http:\/\/www.coscyl.com\/wp-content\/uploads\/2023\/11\/Consort-I.pdf\" target=\"_blank\" rel=\"noopener noreferrer\" download=\"11_ViolaDaGamba\">Consort I<\/a><\/p><p><a href=\"https:\/\/coscyl.com\/wp-content\/uploads\/2025\/Coro-I_GRADO_2025_2026_BLANCA.pdf\">Coro I<\/a><\/p><h3>\u00a0<\/h3><h3>CURSO 2\u00ba<\/h3><p><a href=\"http:\/\/www.coscyl.com\/wp-content\/uploads\/2025\/2025-GD-Historia-de-la-Musica-II-Abellan-Fernandez.pdf\">Historia de la m\u00fasica II<\/a><\/p><p><a href=\"http:\/\/www.coscyl.com\/wp-content\/uploads\/2023\/11\/Educacion-Auditiva-II.pdf\">Educaci\u00f3n auditiva II<\/a><\/p><p><a href=\"http:\/\/www.coscyl.com\/wp-content\/uploads\/2023\/11\/Viola-da-gamba-II.pdf\" target=\"_blank\" rel=\"noopener noreferrer\" download=\"15_ViolaDaGamba\">Viola da gamba II<\/a><\/p><p><a href=\"http:\/\/www.coscyl.com\/wp-content\/uploads\/2023\/11\/Analisis-de-la-musica-pretonal.pdf\" target=\"_blank\" rel=\"noopener noreferrer\" download=\"16_ViolaDaGamba\">An\u00e1lisis de la m\u00fasica pretonal<\/a><\/p><p><a href=\"http:\/\/www.coscyl.com\/wp-content\/uploads\/2023\/11\/2023-GD-Organologia-Abellan-de-la-Rosa.pdf\">Organolog\u00eda<\/a><\/p><p><a href=\"http:\/\/www.coscyl.com\/wp-content\/uploads\/2024\/Instrumento-de-tecla-complementario-II-corregido.pdf\" target=\"_blank\" rel=\"noopener noreferrer\" download=\"18_ViolaDaGamba\">Instrumento de tecla complementario II<\/a><\/p><p><a href=\"http:\/\/www.coscyl.com\/wp-content\/uploads\/2023\/11\/Repertorio-con-clavecinista-acompanante-II.pdf\" target=\"_blank\" rel=\"noopener noreferrer\" download=\"19_ViolaDaGamba\">Repertorio con clavecinista acompa\u00f1ante II<\/a><\/p><p><a href=\"http:\/\/www.coscyl.com\/wp-content\/uploads\/2023\/11\/Consort-II.pdf\" target=\"_blank\" rel=\"noopener noreferrer\" download=\"20_ViolaDaGamba\">Consort II<\/a><\/p><p><a href=\"https:\/\/coscyl.com\/wp-content\/uploads\/2024\/10\/Coro_II_GRADO_2024-2025.pdf\">Coro II<\/a><\/p><p><a href=\"http:\/\/www.coscyl.com\/wp-content\/uploads\/2023\/11\/Musica-de-Camara-I-Musica-Antigua.pdf\" target=\"_blank\" rel=\"noopener noreferrer\" download=\"22_ViolaDaGamba\">M\u00fasica de c\u00e1mara I<\/a><\/p><h3>\u00a0<\/h3><h3>CURSO 3\u00ba<\/h3><p><a href=\"http:\/\/www.coscyl.com\/wp-content\/uploads\/2023\/11\/Metodologia-de-la-investigacion-musical-Composicion-e-Interpretacion-curso-2023-24.pdf\">Metodolog\u00eda de la investigaci\u00f3n musical<\/a><\/p><p><a href=\"http:\/\/www.coscyl.com\/wp-content\/uploads\/2023\/11\/Viola-da-gamba-III.pdf\" target=\"_blank\" rel=\"noopener noreferrer\" download=\"24_ViolaDaGamba\">Viola da gamba III<\/a><\/p><p><a href=\"http:\/\/www.coscyl.com\/wp-content\/uploads\/2023\/11\/Analisis-I-Interpretacion-y-Etnomusicologia.pdf\" download=\"25_ViolaDaGamba\">Analisis I<\/a><\/p><p><a href=\"http:\/\/www.coscyl.com\/wp-content\/uploads\/2023\/11\/Danzas-Historicas.pdf\" target=\"_blank\" rel=\"noopener noreferrer\" download=\"26_ViolaDaGamba\">Danzas hist\u00f3ricas<\/a><\/p><p><a href=\"http:\/\/www.coscyl.com\/wp-content\/uploads\/2025\/Fuentes-historicas-I.-Instrumentos-de-Musica-Antigua.-.pdf\" target=\"_blank\" rel=\"noopener noreferrer\" download=\"27_ViolaDaGamba\">Fuentes hist\u00f3ricas I<\/a><\/p><p><a href=\"http:\/\/www.coscyl.com\/wp-content\/uploads\/2023\/11\/Repertorio-con-clavecinista-acompanante-III.pdf\" target=\"_blank\" rel=\"noopener noreferrer\" download=\"28_ViolaDaGamba\">Repertorio con clavecinista acompa\u00f1ante III<\/a><\/p><p><a href=\"http:\/\/www.coscyl.com\/wp-content\/uploads\/2023\/11\/Consort-III.pdf\" target=\"_blank\" rel=\"noopener noreferrer\" download=\"29_ViolaDaGamba\">Consort III<\/a><\/p><p><a href=\"http:\/\/www.coscyl.com\/wp-content\/uploads\/2023\/11\/Musica-de-Camara-II-Musica-Antigua.pdf\" target=\"_blank\" rel=\"noopener noreferrer\" download=\"30_ViolaDaGamba\">M\u00fasica de c\u00e1mara II<\/a><\/p><p><a href=\"http:\/\/www.coscyl.com\/wp-content\/uploads\/2023\/11\/Orquesta-barroca.pdf\" target=\"_blank\" rel=\"noopener noreferrer\" download=\"31_ViolaDaGamba\">Orquesta barroca<\/a><\/p><h3>\u00a0<\/h3><h3>CURSO 4\u00ba<\/h3><p><a href=\"http:\/\/www.coscyl.com\/wp-content\/uploads\/2023\/11\/Viola-da-gamba-IV.pdf\" target=\"_blank\" rel=\"noopener noreferrer\" download=\"32_ViolaDaGamba\">Viola da gamba IV<\/a><\/p><p><a href=\"http:\/\/www.coscyl.com\/wp-content\/uploads\/2023\/11\/Analisis-II-Interpretacion-y-Etnomusicologia.pdf\">An\u00e1lisis II<\/a><\/p><p><a href=\"http:\/\/www.coscyl.com\/wp-content\/uploads\/2024\/01\/GUIA-DOCENTE-Fuentes-historicas-II.-Instrumentos-de-Musica-Antigua.-2023-24-.pdf\" target=\"_blank\" rel=\"noopener\">Fuentes hist\u00f3ricas II<\/a><\/p><p><a href=\"http:\/\/www.coscyl.com\/wp-content\/uploads\/2023\/11\/Repertorio-con-clavecinista-acompanante-IV.pdf\" target=\"_blank\" rel=\"noopener noreferrer\" download=\"35_ViolaDaGamba\">Repertorio con clavecinista acompa\u00f1ante IV<\/a><\/p><p><a href=\"http:\/\/www.coscyl.com\/wp-content\/uploads\/2023\/11\/Consort-IV.pdf\" target=\"_blank\" rel=\"noopener noreferrer\" download=\"36_ViolaDaGamba\">Consort IV<\/a><\/p><p><a href=\"http:\/\/www.coscyl.com\/wp-content\/uploads\/2023\/11\/Musica-de-Camara-III-Musica-Antigua.pdf\" target=\"_blank\" rel=\"noopener noreferrer\" download=\"37_ViolaDaGamba\">M\u00fasica de c\u00e1mara III<\/a><\/p><p><a href=\"https:\/\/coscyl.com\/en\/asignaturas-optativas\/\">ASIGNATURAS OPTATIVAS<\/a><\/p><p><a href=\"http:\/\/www.coscyl.com\/wp-content\/uploads\/2024\/Gua-Docente-TFG.pdf\" target=\"_blank\" rel=\"noopener\">TRABAJO FIN DE GRADO<\/a><\/p>\t\t\t\t\t\t\t\t<\/div>\n\t\t\t\t<\/div>\n\t\t\t\t<\/div>\n\t\t\t\t<\/div>\n\t\t\t\t<\/div>","protected":false},"excerpt":{"rendered":"<p>T\u00edtulo Superior de M\u00fasica Itinerario de Viola da Gamba Plan de Estudios Desde este enlace se puede descargar la Gu\u00eda acad\u00e9mica de la especialidad de Interpretaci\u00f3n, itinerario de VIOLA DA GAMBA. Para ver la Gu\u00eda docente de una asignatura concreta, pinche m\u00e1s abajo en el nombre de la asignatura correspondiente. \u00a0 CURSO 1\u00ba Historia de [&hellip;]<\/p>","protected":false},"author":1,"featured_media":0,"parent":0,"menu_order":0,"comment_status":"closed","ping_status":"closed","template":"elementor_header_footer","meta":{"footnotes":""},"class_list":["post-3218","page","type-page","status-publish","hentry"],"_links":{"self":[{"href":"https:\/\/coscyl.com\/en\/wp-json\/wp\/v2\/pages\/3218","targetHints":{"allow":["GET"]}}],"collection":[{"href":"https:\/\/coscyl.com\/en\/wp-json\/wp\/v2\/pages"}],"about":[{"href":"https:\/\/coscyl.com\/en\/wp-json\/wp\/v2\/types\/page"}],"author":[{"embeddable":true,"href":"https:\/\/coscyl.com\/en\/wp-json\/wp\/v2\/users\/1"}],"replies":[{"embeddable":true,"href":"https:\/\/coscyl.com\/en\/wp-json\/wp\/v2\/comments?post=3218"}],"version-history":[{"count":31,"href":"https:\/\/coscyl.com\/en\/wp-json\/wp\/v2\/pages\/3218\/revisions"}],"predecessor-version":[{"id":12371,"href":"https:\/\/coscyl.com\/en\/wp-json\/wp\/v2\/pages\/3218\/revisions\/12371"}],"wp:attachment":[{"href":"https:\/\/coscyl.com\/en\/wp-json\/wp\/v2\/media?parent=3218"}],"curies":[{"name":"wp","href":"https:\/\/api.w.org\/{rel}","templated":true}]}}