{"id":3169,"date":"2023-07-13T16:30:34","date_gmt":"2023-07-13T16:30:34","guid":{"rendered":"http:\/\/www.coscyl.com\/?page_id=3169"},"modified":"2026-02-11T09:03:13","modified_gmt":"2026-02-11T08:03:13","slug":"viola","status":"publish","type":"page","link":"https:\/\/coscyl.com\/en\/viola\/","title":{"rendered":"Viola"},"content":{"rendered":"<div data-elementor-type=\"wp-page\" data-elementor-id=\"3169\" class=\"elementor elementor-3169\" data-elementor-post-type=\"page\">\n\t\t\t\t<div class=\"elementor-element elementor-element-4c9f5907 e-con-full e-flex e-con e-parent\" data-id=\"4c9f5907\" data-element_type=\"container\">\n\t\t<div class=\"elementor-element elementor-element-7ad5c219 e-con-full e-flex e-con e-child\" data-id=\"7ad5c219\" data-element_type=\"container\">\n\t\t\t\t<div class=\"elementor-element elementor-element-1e28c490 elementor-widget elementor-widget-heading\" data-id=\"1e28c490\" data-element_type=\"widget\" data-widget_type=\"heading.default\">\n\t\t\t\t<div class=\"elementor-widget-container\">\n\t\t\t\t\t<h2 class=\"elementor-heading-title elementor-size-default\">T\u00edtulo Superior de M\u00fasica<\/h2>\t\t\t\t<\/div>\n\t\t\t\t<\/div>\n\t\t\t\t<div class=\"elementor-element elementor-element-dda1cc0 elementor-widget elementor-widget-heading\" data-id=\"dda1cc0\" data-element_type=\"widget\" data-widget_type=\"heading.default\">\n\t\t\t\t<div class=\"elementor-widget-container\">\n\t\t\t\t\t<h2 class=\"elementor-heading-title elementor-size-default\">Itinerario de Viola<\/h2>\t\t\t\t<\/div>\n\t\t\t\t<\/div>\n\t\t\t\t<div class=\"elementor-element elementor-element-1d6ea43 elementor-widget-divider--view-line elementor-widget elementor-widget-divider\" data-id=\"1d6ea43\" data-element_type=\"widget\" data-widget_type=\"divider.default\">\n\t\t\t\t<div class=\"elementor-widget-container\">\n\t\t\t\t\t\t\t<div class=\"elementor-divider\">\n\t\t\t<span class=\"elementor-divider-separator\">\n\t\t\t\t\t\t<\/span>\n\t\t<\/div>\n\t\t\t\t\t\t<\/div>\n\t\t\t\t<\/div>\n\t\t\t\t<\/div>\n\t\t\t\t<\/div>\n\t\t<div class=\"elementor-element elementor-element-5d99c6aa e-con-full e-flex e-con e-parent\" data-id=\"5d99c6aa\" data-element_type=\"container\" id=\"itinerario\" data-settings=\"{&quot;background_background&quot;:&quot;classic&quot;}\">\n\t\t<div class=\"elementor-element elementor-element-30f92a03 e-con-full e-grid e-con e-child\" data-id=\"30f92a03\" data-element_type=\"container\">\n\t\t<div class=\"elementor-element elementor-element-4cba2a35 e-flex e-con-boxed e-con e-child\" data-id=\"4cba2a35\" data-element_type=\"container\">\n\t\t\t\t\t<div class=\"e-con-inner\">\n\t\t\t\t<div class=\"elementor-element elementor-element-520c35d4 elementor-widget elementor-widget-heading\" data-id=\"520c35d4\" data-element_type=\"widget\" data-widget_type=\"heading.default\">\n\t\t\t\t<div class=\"elementor-widget-container\">\n\t\t\t\t\t<h2 class=\"elementor-heading-title elementor-size-default\">Plan de Estudios<\/h2>\t\t\t\t<\/div>\n\t\t\t\t<\/div>\n\t\t\t\t<div class=\"elementor-element elementor-element-7ad3f803 elementor-widget elementor-widget-image\" data-id=\"7ad3f803\" data-element_type=\"widget\" data-widget_type=\"image.default\">\n\t\t\t\t<div class=\"elementor-widget-container\">\n\t\t\t\t\t\t\t\t\t\t\t\t\t\t\t\t<a href=\"http:\/\/www.coscyl.com\/wp-content\/uploads\/2023\/07\/Plan_est_Viola.jpg\" data-elementor-open-lightbox=\"yes\" data-elementor-lightbox-title=\"Plan_est_Viola\" data-e-action-hash=\"#elementor-action%3Aaction%3Dlightbox%26settings%3DeyJpZCI6MzE3MSwidXJsIjoiaHR0cHM6XC9cL2Nvc2N5bC5jb21cL3dwLWNvbnRlbnRcL3VwbG9hZHNcLzIwMjNcLzA3XC9QbGFuX2VzdF9WaW9sYS5qcGcifQ%3D%3D\">\n\t\t\t\t\t\t\t<img fetchpriority=\"high\" decoding=\"async\" width=\"1654\" height=\"2339\" src=\"https:\/\/coscyl.com\/wp-content\/uploads\/2023\/07\/Plan_est_Viola.jpg\" class=\"attachment-full size-full wp-image-3171\" alt=\"\" srcset=\"https:\/\/coscyl.com\/wp-content\/uploads\/2023\/07\/Plan_est_Viola.jpg 1654w, https:\/\/coscyl.com\/wp-content\/uploads\/2023\/07\/Plan_est_Viola-212x300.jpg 212w, https:\/\/coscyl.com\/wp-content\/uploads\/2023\/07\/Plan_est_Viola-724x1024.jpg 724w, https:\/\/coscyl.com\/wp-content\/uploads\/2023\/07\/Plan_est_Viola-768x1086.jpg 768w, https:\/\/coscyl.com\/wp-content\/uploads\/2023\/07\/Plan_est_Viola-1086x1536.jpg 1086w, https:\/\/coscyl.com\/wp-content\/uploads\/2023\/07\/Plan_est_Viola-1448x2048.jpg 1448w, https:\/\/coscyl.com\/wp-content\/uploads\/2023\/07\/Plan_est_Viola-8x12.jpg 8w\" sizes=\"(max-width: 1654px) 100vw, 1654px\" \/>\t\t\t\t\t\t\t\t<\/a>\n\t\t\t\t\t\t\t\t\t\t\t\t\t\t\t<\/div>\n\t\t\t\t<\/div>\n\t\t\t\t\t<\/div>\n\t\t\t\t<\/div>\n\t\t\t\t<div class=\"elementor-element elementor-element-109f3097 elementor-widget elementor-widget-text-editor\" data-id=\"109f3097\" data-element_type=\"widget\" data-widget_type=\"text-editor.default\">\n\t\t\t\t<div class=\"elementor-widget-container\">\n\t\t\t\t\t\t\t\t\t<p>Desde este enlace se puede descargar la <a href=\"https:\/\/coscyl.com\/wp-content\/uploads\/2026\/02\/Viola.pdf\">Gu\u00eda acad\u00e9mica de la especialidad de Interpretaci\u00f3n, itinerario de VIOL<\/a>A. Para ver la Gu\u00eda docente de una asignatura concreta, pinche m\u00e1s abajo en el nombre de la asignatura correspondiente.<\/p><h3>\u00a0<\/h3><h3>CURSO 1\u00ba<\/h3><p><a href=\"http:\/\/www.coscyl.com\/wp-content\/uploads\/2023\/07\/Guia-Docente-Historia-de-la-musica-I.pdf\">Historia de la m\u00fasica I<\/a><\/p><p><a href=\"http:\/\/www.coscyl.com\/wp-content\/uploads\/2023\/11\/Armonia-I-Interpretacion.pdf\">Armon\u00eda I<\/a><\/p><p><a href=\"http:\/\/www.coscyl.com\/wp-content\/uploads\/2023\/11\/Educacion-Auditiva-I.pdf\">Educaci\u00f3n auditiva I<\/a><\/p><p><a href=\"http:\/\/www.coscyl.com\/wp-content\/uploads\/2023\/11\/Viola-I.pdf\" target=\"_blank\" rel=\"noopener noreferrer\" download=\"4_Viola\">Viola I<\/a><\/p><p><a href=\"http:\/\/www.coscyl.com\/wp-content\/uploads\/2023\/11\/Ergonomia-y-prevencion-de-lesiones.pdf\">Ergonom\u00eda y prevenci\u00f3n de lesiones<\/a><\/p><p><a href=\"http:\/\/www.coscyl.com\/wp-content\/uploads\/2023\/11\/Tecnicas-de-concentracion.pdf\">T\u00e9cnicas de concentraci\u00f3n<\/a><\/p><p><a href=\"http:\/\/www.coscyl.com\/wp-content\/uploads\/2023\/11\/Idioma-extranjero-I-y-II.pdf\">Idioma extranjero I<\/a><\/p><p><a href=\"http:\/\/www.coscyl.com\/wp-content\/uploads\/2023\/11\/Tecnologia-musical-Interpretacion-y-Musicologia.pdf\">Tecnolog\u00eda musical<\/a><\/p><p><a href=\"http:\/\/www.coscyl.com\/wp-content\/uploads\/2024\/Piano-Complementario-I-corregido.pdf\">Piano complementario I<\/a><\/p><p><a href=\"http:\/\/www.coscyl.com\/wp-content\/uploads\/2023\/11\/REPERTORIO-conpianistaacompanante-I-.pdf\">Repertorio con pianista acompa\u00f1ante I<\/a><\/p><p><a href=\"https:\/\/coscyl.com\/wp-content\/uploads\/2025\/Coro-I_GRADO_2025_2026_BLANCA.pdf\">Coro I<\/a><\/p><p><a href=\"https:\/\/coscyl.com\/wp-content\/uploads\/2025\/Orquesta-I-25-26.pdf\">Orquesta I<\/a><\/p><h3>\u00a0<\/h3><h3>CURSO 2\u00ba<\/h3><p><a href=\"http:\/\/www.coscyl.com\/wp-content\/uploads\/2025\/2025-GD-Historia-de-la-Musica-II-Abellan-Fernandez.pdf\">Historia de la m\u00fasica II<\/a><\/p><p><a href=\"http:\/\/www.coscyl.com\/wp-content\/uploads\/2023\/11\/Educacion-Auditiva-II.pdf\">Educaci\u00f3n auditiva II<\/a><\/p><p><a href=\"http:\/\/www.coscyl.com\/wp-content\/uploads\/2023\/11\/Viola-II.pdf\" target=\"_blank\" rel=\"noopener noreferrer\" download=\"15_Viola\">Viola II<\/a><\/p><p><a href=\"http:\/\/www.coscyl.com\/wp-content\/uploads\/2023\/11\/Analisis-I-Interpretacion-y-Etnomusicologia.pdf\">An\u00e1lisis I<\/a><\/p><p><a href=\"http:\/\/www.coscyl.com\/wp-content\/uploads\/2023\/11\/2023-GD-Organologia-Abellan-de-la-Rosa.pdf\">Organolog\u00eda<\/a><\/p><p><a href=\"http:\/\/www.coscyl.com\/wp-content\/uploads\/2024\/Piano-Complementario-II-corregido.pdf\">Piano complementario II<\/a><\/p><p><a href=\"http:\/\/www.coscyl.com\/wp-content\/uploads\/2023\/11\/REPERTORIO-conpianistaacompanante-II-.pdf\" target=\"_blank\" rel=\"noopener noreferrer\" download=\"20_Viola\">Repertorio con pianista acompa\u00f1ante II<\/a><\/p><p><a href=\"http:\/\/www.coscyl.com\/wp-content\/uploads\/2024\/Musica_de_Camara_I_GRADO_2024-2025-1.pdf\">M\u00fasica de c\u00e1mara I<\/a><\/p><p><a href=\"http:\/\/www.coscyl.com\/wp-content\/uploads\/2025\/Orquesta-II-25-26.pdf\">Orquesta II<\/a><\/p><p><a href=\"https:\/\/coscyl.com\/wp-content\/uploads\/2024\/11\/Orquesta-III-GRADO-24-25.pdf\">Orquesta III<\/a><\/p><h3>\u00a0<\/h3><h3>CURSO 3\u00ba<\/h3><p><a href=\"http:\/\/www.coscyl.com\/wp-content\/uploads\/2023\/11\/Metodologia-de-la-investigacion-musical-Composicion-e-Interpretacion-curso-2023-24.pdf\">Metodolog\u00eda de la investigaci\u00f3n musical<\/a><\/p><p><a href=\"http:\/\/www.coscyl.com\/wp-content\/uploads\/2023\/11\/Viola-III.pdf\" target=\"_blank\" rel=\"noopener noreferrer\" download=\"25_Viola\">Viola III<\/a><\/p><p><a href=\"http:\/\/www.coscyl.com\/wp-content\/uploads\/2023\/11\/Analisis-II-Interpretacion-y-Etnomusicologia.pdf\">An\u00e1lisis II<\/a><\/p><p><a href=\"http:\/\/www.coscyl.com\/wp-content\/uploads\/2024\/Improvisacion-I-todos-excepto-mus-antigua-Contrabajo-Percusion-y-Saxofon.pdf\" target=\"_blank\" rel=\"noopener noreferrer\" download=\"18_Viola\">Improvisaci\u00f3n I<\/a><\/p><p><a href=\"http:\/\/www.coscyl.com\/wp-content\/uploads\/2023\/11\/REPERTORIO-conpianistaacompanante-III.pdf\" target=\"_blank\" rel=\"noopener noreferrer\" download=\"28_Viola\">Repertorio con pianista acompa\u00f1ante III<\/a><\/p><p><a href=\"http:\/\/www.coscyl.com\/wp-content\/uploads\/2023\/11\/Repertorio-orquestal-I-Viola.pdf\" target=\"_blank\" rel=\"noopener noreferrer\" download=\"29_Viola\">Repertorio orquestal I<\/a><\/p><p><a href=\"http:\/\/www.coscyl.com\/wp-content\/uploads\/2024\/Musica_de_Camara_II_GRADO_2024-2025-1.pdf\">M\u00fasica de c\u00e1mara II<\/a><\/p><p><a href=\"https:\/\/coscyl.com\/wp-content\/uploads\/2023\/11\/Cuarteto-de-cuerda-1_GRAD0_2024-2025.pdf\">Cuarteto de Cuerda I<\/a><\/p><p><a href=\"https:\/\/coscyl.com\/wp-content\/uploads\/2025\/Orquesta-IV-25-26-1.pdf\">Orquesta IV<\/a><\/p><p><a href=\"http:\/\/www.coscyl.com\/wp-content\/uploads\/2025\/Orquesta-V-25-26.pdf\">Orquesta V<\/a><\/p><h3>CURSO 4\u00ba<\/h3><p><a href=\"http:\/\/www.coscyl.com\/wp-content\/uploads\/2023\/11\/Viola-IV.pdf\" target=\"_blank\" rel=\"noopener noreferrer\" download=\"34_Viola\">Viola IV<\/a><\/p><p><a href=\"http:\/\/www.coscyl.com\/wp-content\/uploads\/2025\/Analisis-de-la-musica-contemporanea-I-Interpretacion.pdf\">An\u00e1lisis de la m\u00fasica contempor\u00e1nea I<\/a><\/p><p><a href=\"http:\/\/www.coscyl.com\/wp-content\/uploads\/2023\/11\/Repertorio-orquestal-II-Viola.pdf\" target=\"_blank\" rel=\"noopener noreferrer\" download=\"36_Viola\">Repertorio orquestal II<\/a><\/p><p><a href=\"http:\/\/www.coscyl.com\/wp-content\/uploads\/2023\/11\/REPERTORIO-conpianistaacompananteIV.pdf\" target=\"_blank\" rel=\"noopener noreferrer\" download=\"37_Viola\">Repertorio con pianista acompa\u00f1ante IV<\/a><\/p><p><a href=\"http:\/\/www.coscyl.com\/wp-content\/uploads\/2023\/11\/guia-docente-cuarteto-de-cuerda-2.pdf\" target=\"_blank\" rel=\"noopener noreferrer\" download=\"38_Viola\">Cuarteto de cuerda II<\/a><\/p><p><a href=\"http:\/\/www.coscyl.com\/wp-content\/uploads\/2025\/Orquesta-VI-25-26.pdf\">Orquesta VI<\/a><\/p><p><a href=\"https:\/\/coscyl.com\/en\/asignaturas-optativas\/\">ASIGNATURAS OPTATIVAS<\/a><\/p><p><a href=\"http:\/\/www.coscyl.com\/wp-content\/uploads\/2024\/Gua-Docente-TFG.pdf\" target=\"_blank\" rel=\"noopener\">TRABAJO FIN DE GRADO<\/a><\/p>\t\t\t\t\t\t\t\t<\/div>\n\t\t\t\t<\/div>\n\t\t\t\t<\/div>\n\t\t\t\t<\/div>\n\t\t\t\t<\/div>","protected":false},"excerpt":{"rendered":"<p>T\u00edtulo Superior de M\u00fasica Itinerario de Viola Plan de Estudios Desde este enlace se puede descargar la Gu\u00eda acad\u00e9mica de la especialidad de Interpretaci\u00f3n, itinerario de VIOLA. Para ver la Gu\u00eda docente de una asignatura concreta, pinche m\u00e1s abajo en el nombre de la asignatura correspondiente. \u00a0 CURSO 1\u00ba Historia de la m\u00fasica I Armon\u00eda [&hellip;]<\/p>","protected":false},"author":1,"featured_media":0,"parent":0,"menu_order":0,"comment_status":"closed","ping_status":"closed","template":"elementor_header_footer","meta":{"footnotes":""},"class_list":["post-3169","page","type-page","status-publish","hentry"],"_links":{"self":[{"href":"https:\/\/coscyl.com\/en\/wp-json\/wp\/v2\/pages\/3169","targetHints":{"allow":["GET"]}}],"collection":[{"href":"https:\/\/coscyl.com\/en\/wp-json\/wp\/v2\/pages"}],"about":[{"href":"https:\/\/coscyl.com\/en\/wp-json\/wp\/v2\/types\/page"}],"author":[{"embeddable":true,"href":"https:\/\/coscyl.com\/en\/wp-json\/wp\/v2\/users\/1"}],"replies":[{"embeddable":true,"href":"https:\/\/coscyl.com\/en\/wp-json\/wp\/v2\/comments?post=3169"}],"version-history":[{"count":40,"href":"https:\/\/coscyl.com\/en\/wp-json\/wp\/v2\/pages\/3169\/revisions"}],"predecessor-version":[{"id":12367,"href":"https:\/\/coscyl.com\/en\/wp-json\/wp\/v2\/pages\/3169\/revisions\/12367"}],"wp:attachment":[{"href":"https:\/\/coscyl.com\/en\/wp-json\/wp\/v2\/media?parent=3169"}],"curies":[{"name":"wp","href":"https:\/\/api.w.org\/{rel}","templated":true}]}}