{"id":2993,"date":"2023-07-13T16:13:47","date_gmt":"2023-07-13T16:13:47","guid":{"rendered":"http:\/\/www.coscyl.com\/?page_id=2993"},"modified":"2026-02-11T08:59:24","modified_gmt":"2026-02-11T07:59:24","slug":"trompa","status":"publish","type":"page","link":"https:\/\/coscyl.com\/en\/trompa\/","title":{"rendered":"Trompa"},"content":{"rendered":"<div data-elementor-type=\"wp-page\" data-elementor-id=\"2993\" class=\"elementor elementor-2993\" data-elementor-post-type=\"page\">\n\t\t\t\t<div class=\"elementor-element elementor-element-5207a202 e-con-full e-flex e-con e-parent\" data-id=\"5207a202\" data-element_type=\"container\">\n\t\t<div class=\"elementor-element elementor-element-38d862f e-con-full e-flex e-con e-child\" data-id=\"38d862f\" data-element_type=\"container\">\n\t\t\t\t<div class=\"elementor-element elementor-element-740cd82e elementor-widget elementor-widget-heading\" data-id=\"740cd82e\" data-element_type=\"widget\" data-widget_type=\"heading.default\">\n\t\t\t\t<div class=\"elementor-widget-container\">\n\t\t\t\t\t<h2 class=\"elementor-heading-title elementor-size-default\">T\u00edtulo Superior de M\u00fasica<\/h2>\t\t\t\t<\/div>\n\t\t\t\t<\/div>\n\t\t\t\t<div class=\"elementor-element elementor-element-3a576031 elementor-widget elementor-widget-heading\" data-id=\"3a576031\" data-element_type=\"widget\" data-widget_type=\"heading.default\">\n\t\t\t\t<div class=\"elementor-widget-container\">\n\t\t\t\t\t<h2 class=\"elementor-heading-title elementor-size-default\">Itinerario de Trompa<\/h2>\t\t\t\t<\/div>\n\t\t\t\t<\/div>\n\t\t\t\t<div class=\"elementor-element elementor-element-fbaacf6 elementor-widget-divider--view-line elementor-widget elementor-widget-divider\" data-id=\"fbaacf6\" data-element_type=\"widget\" data-widget_type=\"divider.default\">\n\t\t\t\t<div class=\"elementor-widget-container\">\n\t\t\t\t\t\t\t<div class=\"elementor-divider\">\n\t\t\t<span class=\"elementor-divider-separator\">\n\t\t\t\t\t\t<\/span>\n\t\t<\/div>\n\t\t\t\t\t\t<\/div>\n\t\t\t\t<\/div>\n\t\t\t\t<\/div>\n\t\t\t\t<\/div>\n\t\t<div class=\"elementor-element elementor-element-44f6d4b e-con-full e-flex e-con e-parent\" data-id=\"44f6d4b\" data-element_type=\"container\" id=\"itinerario\" data-settings=\"{&quot;background_background&quot;:&quot;classic&quot;}\">\n\t\t<div class=\"elementor-element elementor-element-4edc2339 e-con-full e-grid e-con e-child\" data-id=\"4edc2339\" data-element_type=\"container\">\n\t\t<div class=\"elementor-element elementor-element-1e15d345 e-flex e-con-boxed e-con e-child\" data-id=\"1e15d345\" data-element_type=\"container\">\n\t\t\t\t\t<div class=\"e-con-inner\">\n\t\t\t\t<div class=\"elementor-element elementor-element-4643b4f9 elementor-widget elementor-widget-heading\" data-id=\"4643b4f9\" data-element_type=\"widget\" data-widget_type=\"heading.default\">\n\t\t\t\t<div class=\"elementor-widget-container\">\n\t\t\t\t\t<h2 class=\"elementor-heading-title elementor-size-default\">Plan de Estudios<\/h2>\t\t\t\t<\/div>\n\t\t\t\t<\/div>\n\t\t\t\t<div class=\"elementor-element elementor-element-43606b10 elementor-widget elementor-widget-image\" data-id=\"43606b10\" data-element_type=\"widget\" data-widget_type=\"image.default\">\n\t\t\t\t<div class=\"elementor-widget-container\">\n\t\t\t\t\t\t\t\t\t\t\t\t\t\t\t\t<a href=\"http:\/\/www.coscyl.com\/wp-content\/uploads\/2023\/07\/Plan_est_Trompa.jpg\" data-elementor-open-lightbox=\"yes\" data-elementor-lightbox-title=\"Plan_est_Trompa\" data-e-action-hash=\"#elementor-action%3Aaction%3Dlightbox%26settings%3DeyJpZCI6Mjk5NSwidXJsIjoiaHR0cHM6XC9cL2Nvc2N5bC5jb21cL3dwLWNvbnRlbnRcL3VwbG9hZHNcLzIwMjNcLzA3XC9QbGFuX2VzdF9Ucm9tcGEuanBnIn0%3D\">\n\t\t\t\t\t\t\t<img fetchpriority=\"high\" decoding=\"async\" width=\"1654\" height=\"2339\" src=\"https:\/\/coscyl.com\/wp-content\/uploads\/2023\/07\/Plan_est_Trompa.jpg\" class=\"attachment-full size-full wp-image-2995\" alt=\"\" srcset=\"https:\/\/coscyl.com\/wp-content\/uploads\/2023\/07\/Plan_est_Trompa.jpg 1654w, https:\/\/coscyl.com\/wp-content\/uploads\/2023\/07\/Plan_est_Trompa-212x300.jpg 212w, https:\/\/coscyl.com\/wp-content\/uploads\/2023\/07\/Plan_est_Trompa-724x1024.jpg 724w, https:\/\/coscyl.com\/wp-content\/uploads\/2023\/07\/Plan_est_Trompa-768x1086.jpg 768w, https:\/\/coscyl.com\/wp-content\/uploads\/2023\/07\/Plan_est_Trompa-1086x1536.jpg 1086w, https:\/\/coscyl.com\/wp-content\/uploads\/2023\/07\/Plan_est_Trompa-1448x2048.jpg 1448w, https:\/\/coscyl.com\/wp-content\/uploads\/2023\/07\/Plan_est_Trompa-8x12.jpg 8w\" sizes=\"(max-width: 1654px) 100vw, 1654px\" \/>\t\t\t\t\t\t\t\t<\/a>\n\t\t\t\t\t\t\t\t\t\t\t\t\t\t\t<\/div>\n\t\t\t\t<\/div>\n\t\t\t\t\t<\/div>\n\t\t\t\t<\/div>\n\t\t\t\t<div class=\"elementor-element elementor-element-35f4eee8 elementor-widget elementor-widget-text-editor\" data-id=\"35f4eee8\" data-element_type=\"widget\" data-widget_type=\"text-editor.default\">\n\t\t\t\t<div class=\"elementor-widget-container\">\n\t\t\t\t\t\t\t\t\t<p>Desde este enlace se puede descargar la <a href=\"https:\/\/coscyl.com\/wp-content\/uploads\/2026\/02\/Trompa.pdf\">Gu\u00eda acad\u00e9mica de la especialidad de Interpretaci\u00f3n, itinerario de TROMPA<\/a>. Para ver la Gu\u00eda docente de una asignatura concreta, pinche m\u00e1s abajo en el nombre de la asignatura correspondiente.<\/p><div>\u00a0<\/div><h3>CURSO 1\u00ba<\/h3><p><a href=\"http:\/\/www.coscyl.com\/wp-content\/uploads\/2023\/07\/Guia-Docente-Historia-de-la-musica-I.pdf\">Historia de la m\u00fasica I<\/a><\/p><p><a href=\"http:\/\/www.coscyl.com\/wp-content\/uploads\/2023\/11\/Armonia-I-Interpretacion.pdf\">Armon\u00eda I<\/a><\/p><p><a href=\"http:\/\/www.coscyl.com\/wp-content\/uploads\/2023\/11\/Educacion-Auditiva-I.pdf\">Educaci\u00f3n auditiva I<\/a><\/p><p><a href=\"http:\/\/www.coscyl.com\/wp-content\/uploads\/2023\/11\/Trompa-I.pdf\" target=\"_blank\" rel=\"noopener noreferrer\" download=\"4_Trompa\">Trompa I<\/a><\/p><p><a href=\"http:\/\/www.coscyl.com\/wp-content\/uploads\/2023\/11\/Ergonomia-y-prevencion-de-lesiones.pdf\">Ergonom\u00eda y prevenci\u00f3n de lesiones<\/a><\/p><p><a href=\"http:\/\/www.coscyl.com\/wp-content\/uploads\/2023\/11\/Tecnicas-de-concentracion.pdf\">T\u00e9cnicas de concentraci\u00f3n<\/a><\/p><p><a href=\"http:\/\/www.coscyl.com\/wp-content\/uploads\/2023\/11\/Idioma-extranjero-I-y-II.pdf\">Idioma extranjero I<\/a><\/p><p><a href=\"http:\/\/www.coscyl.com\/wp-content\/uploads\/2023\/11\/Tecnologia-musical-Interpretacion-y-Musicologia.pdf\">Tecnolog\u00eda musical<\/a><\/p><p><a href=\"http:\/\/www.coscyl.com\/wp-content\/uploads\/2024\/Piano-Complementario-I-corregido.pdf\">Piano complementario I<\/a><\/p><p><a href=\"http:\/\/www.coscyl.com\/wp-content\/uploads\/2023\/11\/REPERTORIO-conpianistaacompanante-I-.pdf\">Repertorio con pianista acompa\u00f1ante I<\/a><\/p><p><a href=\"https:\/\/coscyl.com\/wp-content\/uploads\/2025\/Coro-I_GRADO_2025_2026_BLANCA.pdf\">Coro I<\/a><\/p><p><a href=\"https:\/\/coscyl.com\/wp-content\/uploads\/2025\/Orquesta-I-25-26.pdf\">Orquesta I<\/a>\u00a0\/\u00a0<a href=\"http:\/\/www.coscyl.com\/wp-content\/uploads\/2023\/07\/13_Trombon.pdf\" target=\"_blank\" rel=\"noopener noreferrer\" download=\"13_Trombon\">Repertorio orquestal conjunto I<\/a><\/p><h3>\u00a0<\/h3><h3>CURSO 2\u00ba<\/h3><p><a href=\"http:\/\/www.coscyl.com\/wp-content\/uploads\/2025\/2025-GD-Historia-de-la-Musica-II-Abellan-Fernandez.pdf\">Historia de la m\u00fasica II<\/a><\/p><p><a href=\"http:\/\/www.coscyl.com\/wp-content\/uploads\/2023\/11\/Educacion-Auditiva-II.pdf\">Educaci\u00f3n auditiva II<\/a><\/p><p><a href=\"http:\/\/www.coscyl.com\/wp-content\/uploads\/2023\/11\/Trompa-II.pdf\" target=\"_blank\" rel=\"noopener noreferrer\" download=\"16_Trompa\">Trompa II<\/a><\/p><p><a href=\"http:\/\/www.coscyl.com\/wp-content\/uploads\/2023\/11\/Analisis-I-Interpretacion-y-Etnomusicologia.pdf\">An\u00e1lisis I<\/a><\/p><p><a href=\"http:\/\/www.coscyl.com\/wp-content\/uploads\/2023\/11\/2023-GD-Organologia-Abellan-de-la-Rosa.pdf\">Organolog\u00eda<\/a><\/p><p><a href=\"http:\/\/www.coscyl.com\/wp-content\/uploads\/2024\/Piano-Complementario-II-corregido.pdf\">Piano complementario II<\/a><\/p><p><a href=\"http:\/\/www.coscyl.com\/wp-content\/uploads\/2023\/11\/REPERTORIO-conpianistaacompanante-II-.pdf\" target=\"_blank\" rel=\"noopener noreferrer\" download=\"20_Trombon\">Repertorio con pianista acompa\u00f1ante II<\/a><\/p><p><a href=\"http:\/\/www.coscyl.com\/wp-content\/uploads\/2025\/Tecnica_vocal_instrumentistas_metal_I_GRADO_2025-2026.pdf\" target=\"_blank\" rel=\"noopener noreferrer\" download=\"21_Trombon\">T\u00e9cnica vocal para instrumentistas de viento metal<\/a><\/p><p><a href=\"https:\/\/coscyl.com\/wp-content\/uploads\/2025\/Grupo-de-viento-y-percusion-I-1.pdf\">Grupo de viento y percusio\u0301n I<\/a><\/p><p><a href=\"https:\/\/coscyl.com\/wp-content\/uploads\/2024\/Grupo-de-viento-y-percusion-II-GRADO-024-25-corregido-1.pdf\">Grupo de viento y percusio\u0301n II<\/a><\/p><p><a href=\"http:\/\/www.coscyl.com\/wp-content\/uploads\/2024\/Musica_de_Camara_I_GRADO_2024-2025-1.pdf\">M\u00fasica de c\u00e1mara I<\/a> \/ Quinteto de metal I<\/p><p><a href=\"http:\/\/www.coscyl.com\/wp-content\/uploads\/2025\/Orquesta-II-25-26.pdf\">Orquesta II<\/a>\u00a0\/\u00a0<a href=\"http:\/\/www.coscyl.com\/wp-content\/uploads\/2023\/11\/Repertorio-orquestal-conjunto-II.pdf\" target=\"_blank\" rel=\"noopener noreferrer\" download=\"26_Trombon\">Repertorio orquestal conjunto II<\/a><\/p><p><a href=\"https:\/\/coscyl.com\/wp-content\/uploads\/2024\/11\/Orquesta-III-GRADO-24-25.pdf\">Orquesta III<\/a>\u00a0\/\u00a0<a href=\"http:\/\/www.coscyl.com\/wp-content\/uploads\/2023\/11\/Repertorio-orquestal-conjunto-II.pdf\" target=\"_blank\" rel=\"noopener noreferrer\" download=\"26_Trombon\">Repertorio orquestal conjunto III<\/a><\/p><h3>\u00a0<\/h3><h3>CURSO 3\u00ba<\/h3><p><a href=\"http:\/\/www.coscyl.com\/wp-content\/uploads\/2023\/11\/Metodologia-de-la-investigacion-musical-Composicion-e-Interpretacion-curso-2023-24.pdf\">Metodolog\u00eda de la investigaci\u00f3n musical<\/a><\/p><p><a href=\"http:\/\/www.coscyl.com\/wp-content\/uploads\/2023\/11\/Trompa-III.pdf\" target=\"_blank\" rel=\"noopener noreferrer\" download=\"30_Trompa\">Trompa III<\/a><\/p><p><a href=\"http:\/\/www.coscyl.com\/wp-content\/uploads\/2023\/11\/Analisis-II-Interpretacion-y-Etnomusicologia.pdf\">An\u00e1lisis II<\/a><\/p><p><a href=\"http:\/\/www.coscyl.com\/wp-content\/uploads\/2024\/Improvisacion-I-todos-excepto-mus-antigua-Contrabajo-Percusion-y-Saxofon.pdf\">Improvisaci\u00f3n I<\/a><\/p><p><a href=\"http:\/\/www.coscyl.com\/wp-content\/uploads\/2023\/11\/Repertorio-orquestal-I-Trompa.pdf\" target=\"_blank\" rel=\"noopener noreferrer\" download=\"33_Trombon\">Repertorio orquestal I<\/a><\/p><p><a href=\"http:\/\/www.coscyl.com\/wp-content\/uploads\/2023\/11\/REPERTORIO-conpianistaacompanante-III.pdf\" target=\"_blank\" rel=\"noopener noreferrer\" download=\"34_Trombon\">Repertorio con pianista acompa\u00f1ante III<\/a><\/p><p><a href=\"https:\/\/coscyl.com\/wp-content\/uploads\/2024\/Grupo-de-viento-y-percusion-III_GRADO_2024-25-corregido.pdf\">Grupo de viento y percusio\u0301n III<\/a><\/p><p><a href=\"https:\/\/coscyl.com\/wp-content\/uploads\/2024\/Grupo-de-viento-y-percusion-III_GRADO_2024-25-corregido-1.pdf\">Grupo de viento y percusio\u0301n IV<\/a><\/p><p><a href=\"http:\/\/www.coscyl.com\/wp-content\/uploads\/2024\/Musica_de_Camara_II_GRADO_2024-2025-1.pdf\">M\u00fasica de c\u00e1mara II<\/a> \/ Quinteto de metal II<\/p><p><a href=\"https:\/\/coscyl.com\/wp-content\/uploads\/2025\/QUINTETO-I.pdf\" target=\"_blank\" rel=\"noopener\">Quinteto de viento I<\/a><\/p><p><a href=\"https:\/\/coscyl.com\/wp-content\/uploads\/2025\/Orquesta-IV-25-26-1.pdf\">Orquesta IV<\/a>\u00a0\/\u00a0<a href=\"http:\/\/www.coscyl.com\/wp-content\/uploads\/2023\/11\/Repertorio-orquestal-conjunto-IV.pdf\" target=\"_blank\" rel=\"noopener noreferrer\" download=\"39_Trombon\">Repertorio orquestal conjunto IV<\/a><\/p><p><a href=\"http:\/\/www.coscyl.com\/wp-content\/uploads\/2025\/Orquesta-V-25-26.pdf\">Orquesta V<\/a><a href=\"http:\/\/www.coscyl.com\/wp-content\/uploads\/2023\/07\/40_Trombon.pdf\" target=\"_blank\" rel=\"noopener noreferrer\" download=\"40_Trombon\">\u00a0<\/a>\u00a0\/\u00a0<a href=\"http:\/\/www.coscyl.com\/wp-content\/uploads\/2023\/11\/Repertorio-orquestal-conjunto-V.pdf\" target=\"_blank\" rel=\"noopener noreferrer\" download=\"41_Trombon\">Repertorio orquestal conjunto V<\/a><\/p><h3>\u00a0<\/h3><h3>CURSO 4\u00ba<\/h3><p><a href=\"http:\/\/www.coscyl.com\/wp-content\/uploads\/2023\/11\/Trompa-IV.pdf\" target=\"_blank\" rel=\"noopener noreferrer\" download=\"43_Trompa\">Trompa IV<\/a><\/p><p><a href=\"http:\/\/www.coscyl.com\/wp-content\/uploads\/2025\/Analisis-de-la-musica-contemporanea-I-Interpretacion.pdf\">An\u00e1lisis de la m\u00fasica contempor\u00e1nea I<\/a><\/p><p><a href=\"http:\/\/www.coscyl.com\/wp-content\/uploads\/2023\/11\/Repertorio-orquestal-II-Trompa.pdf\" target=\"_blank\" rel=\"noopener noreferrer\" download=\"45_Trompa\">Repertorio orquestal II<\/a><\/p><p><a href=\"http:\/\/www.coscyl.com\/wp-content\/uploads\/2023\/11\/REPERTORIO-conpianistaacompananteIV.pdf\" target=\"_blank\" rel=\"noopener noreferrer\" download=\"45_Trombon\">Repertorio con pianista acompa\u00f1ante IV<\/a><\/p><p><a href=\"https:\/\/coscyl.com\/wp-content\/uploads\/2024\/Grupo-de-viento-y-percusion-V_GRADO_2024-25-corregido.pdf\">Grupo de viento y percusio\u0301n V<\/a><\/p><p><a href=\"https:\/\/coscyl.com\/wp-content\/uploads\/2024\/Grupo-de-viento-y-percusion-VI_GRADO_2024-25-corregido.pdf\">Grupo de viento y percusio\u0301n VI<\/a><\/p><p><a href=\"http:\/\/www.coscyl.com\/wp-content\/uploads\/2025\/QUINTETO-II-.pdf\" target=\"_blank\" rel=\"noopener\">Quinteto de viento II<\/a><\/p><p><a href=\"http:\/\/www.coscyl.com\/wp-content\/uploads\/2025\/Orquesta-VI-25-26.pdf\">Orquesta VI<\/a> \u00a0\/\u00a0<a href=\"http:\/\/www.coscyl.com\/wp-content\/uploads\/2023\/11\/Repertorio-orquestal-conjunto-VI.pdf\" target=\"_blank\" rel=\"noopener noreferrer\" download=\"49_Trombon\">Repertorio orquestal conjunto VI<\/a><\/p><p><a href=\"https:\/\/coscyl.com\/en\/asignaturas-optativas\/\">ASIGNATURAS OPTATIVAS<\/a><\/p><p><a href=\"http:\/\/www.coscyl.com\/wp-content\/uploads\/2024\/Gua-Docente-TFG.pdf\" target=\"_blank\" rel=\"noopener\">TRABAJO FIN DE GRADO<\/a><\/p>\t\t\t\t\t\t\t\t<\/div>\n\t\t\t\t<\/div>\n\t\t\t\t<\/div>\n\t\t\t\t<\/div>\n\t\t\t\t<\/div>","protected":false},"excerpt":{"rendered":"<p>T\u00edtulo Superior de M\u00fasica Itinerario de Trompa Plan de Estudios Desde este enlace se puede descargar la Gu\u00eda acad\u00e9mica de la especialidad de Interpretaci\u00f3n, itinerario de TROMPA. Para ver la Gu\u00eda docente de una asignatura concreta, pinche m\u00e1s abajo en el nombre de la asignatura correspondiente. \u00a0 CURSO 1\u00ba Historia de la m\u00fasica I Armon\u00eda [&hellip;]<\/p>","protected":false},"author":1,"featured_media":0,"parent":0,"menu_order":0,"comment_status":"closed","ping_status":"closed","template":"elementor_header_footer","meta":{"footnotes":""},"class_list":["post-2993","page","type-page","status-publish","hentry"],"_links":{"self":[{"href":"https:\/\/coscyl.com\/en\/wp-json\/wp\/v2\/pages\/2993","targetHints":{"allow":["GET"]}}],"collection":[{"href":"https:\/\/coscyl.com\/en\/wp-json\/wp\/v2\/pages"}],"about":[{"href":"https:\/\/coscyl.com\/en\/wp-json\/wp\/v2\/types\/page"}],"author":[{"embeddable":true,"href":"https:\/\/coscyl.com\/en\/wp-json\/wp\/v2\/users\/1"}],"replies":[{"embeddable":true,"href":"https:\/\/coscyl.com\/en\/wp-json\/wp\/v2\/comments?post=2993"}],"version-history":[{"count":52,"href":"https:\/\/coscyl.com\/en\/wp-json\/wp\/v2\/pages\/2993\/revisions"}],"predecessor-version":[{"id":12355,"href":"https:\/\/coscyl.com\/en\/wp-json\/wp\/v2\/pages\/2993\/revisions\/12355"}],"wp:attachment":[{"href":"https:\/\/coscyl.com\/en\/wp-json\/wp\/v2\/media?parent=2993"}],"curies":[{"name":"wp","href":"https:\/\/api.w.org\/{rel}","templated":true}]}}