{"id":2726,"date":"2023-07-13T11:53:54","date_gmt":"2023-07-13T11:53:54","guid":{"rendered":"http:\/\/www.coscyl.com\/?page_id=2726"},"modified":"2026-02-11T08:51:28","modified_gmt":"2026-02-11T07:51:28","slug":"organo","status":"publish","type":"page","link":"https:\/\/coscyl.com\/en\/organo\/","title":{"rendered":"\u00d3rgano"},"content":{"rendered":"<div data-elementor-type=\"wp-page\" data-elementor-id=\"2726\" class=\"elementor elementor-2726\" data-elementor-post-type=\"page\">\n\t\t\t\t<div class=\"elementor-element elementor-element-4dae0212 e-con-full e-flex e-con e-parent\" data-id=\"4dae0212\" data-element_type=\"container\">\n\t\t<div class=\"elementor-element elementor-element-2603c9ec e-con-full e-flex e-con e-child\" data-id=\"2603c9ec\" data-element_type=\"container\">\n\t\t\t\t<div class=\"elementor-element elementor-element-7e078ddf elementor-widget elementor-widget-heading\" data-id=\"7e078ddf\" data-element_type=\"widget\" data-widget_type=\"heading.default\">\n\t\t\t\t<div class=\"elementor-widget-container\">\n\t\t\t\t\t<h2 class=\"elementor-heading-title elementor-size-default\">T\u00edtulo Superior de M\u00fasica<\/h2>\t\t\t\t<\/div>\n\t\t\t\t<\/div>\n\t\t\t\t<div class=\"elementor-element elementor-element-56d9fa75 elementor-widget elementor-widget-heading\" data-id=\"56d9fa75\" data-element_type=\"widget\" data-widget_type=\"heading.default\">\n\t\t\t\t<div class=\"elementor-widget-container\">\n\t\t\t\t\t<h2 class=\"elementor-heading-title elementor-size-default\">Itinerario de \u00d3rgano<\/h2>\t\t\t\t<\/div>\n\t\t\t\t<\/div>\n\t\t\t\t<div class=\"elementor-element elementor-element-2d956db4 elementor-widget-divider--view-line elementor-widget elementor-widget-divider\" data-id=\"2d956db4\" data-element_type=\"widget\" data-widget_type=\"divider.default\">\n\t\t\t\t<div class=\"elementor-widget-container\">\n\t\t\t\t\t\t\t<div class=\"elementor-divider\">\n\t\t\t<span class=\"elementor-divider-separator\">\n\t\t\t\t\t\t<\/span>\n\t\t<\/div>\n\t\t\t\t\t\t<\/div>\n\t\t\t\t<\/div>\n\t\t\t\t<\/div>\n\t\t\t\t<\/div>\n\t\t<div class=\"elementor-element elementor-element-1016a35a e-con-full e-flex e-con e-parent\" data-id=\"1016a35a\" data-element_type=\"container\" id=\"itinerario\" data-settings=\"{&quot;background_background&quot;:&quot;classic&quot;}\">\n\t\t<div class=\"elementor-element elementor-element-6ad56119 e-con-full e-grid e-con e-child\" data-id=\"6ad56119\" data-element_type=\"container\">\n\t\t<div class=\"elementor-element elementor-element-60c91456 e-flex e-con-boxed e-con e-child\" data-id=\"60c91456\" data-element_type=\"container\">\n\t\t\t\t\t<div class=\"e-con-inner\">\n\t\t\t\t<div class=\"elementor-element elementor-element-eb0a9bf elementor-widget elementor-widget-heading\" data-id=\"eb0a9bf\" data-element_type=\"widget\" data-widget_type=\"heading.default\">\n\t\t\t\t<div class=\"elementor-widget-container\">\n\t\t\t\t\t<h2 class=\"elementor-heading-title elementor-size-default\">Plan de Estudios<\/h2>\t\t\t\t<\/div>\n\t\t\t\t<\/div>\n\t\t\t\t<div class=\"elementor-element elementor-element-188c801 elementor-widget elementor-widget-image\" data-id=\"188c801\" data-element_type=\"widget\" data-widget_type=\"image.default\">\n\t\t\t\t<div class=\"elementor-widget-container\">\n\t\t\t\t\t\t\t\t\t\t\t\t\t\t\t\t<a href=\"http:\/\/www.coscyl.com\/wp-content\/uploads\/2023\/07\/Plan_est_Organo.jpg\" data-elementor-open-lightbox=\"yes\" data-elementor-lightbox-title=\"Plan_est_Organo\" data-e-action-hash=\"#elementor-action%3Aaction%3Dlightbox%26settings%3DeyJpZCI6MjcyOSwidXJsIjoiaHR0cHM6XC9cL2Nvc2N5bC5jb21cL3dwLWNvbnRlbnRcL3VwbG9hZHNcLzIwMjNcLzA3XC9QbGFuX2VzdF9Pcmdhbm8uanBnIn0%3D\">\n\t\t\t\t\t\t\t<img fetchpriority=\"high\" decoding=\"async\" width=\"1654\" height=\"2339\" src=\"https:\/\/coscyl.com\/wp-content\/uploads\/2023\/07\/Plan_est_Organo.jpg\" class=\"attachment-full size-full wp-image-2729\" alt=\"\" srcset=\"https:\/\/coscyl.com\/wp-content\/uploads\/2023\/07\/Plan_est_Organo.jpg 1654w, https:\/\/coscyl.com\/wp-content\/uploads\/2023\/07\/Plan_est_Organo-212x300.jpg 212w, https:\/\/coscyl.com\/wp-content\/uploads\/2023\/07\/Plan_est_Organo-724x1024.jpg 724w, https:\/\/coscyl.com\/wp-content\/uploads\/2023\/07\/Plan_est_Organo-768x1086.jpg 768w, https:\/\/coscyl.com\/wp-content\/uploads\/2023\/07\/Plan_est_Organo-1086x1536.jpg 1086w, https:\/\/coscyl.com\/wp-content\/uploads\/2023\/07\/Plan_est_Organo-1448x2048.jpg 1448w, https:\/\/coscyl.com\/wp-content\/uploads\/2023\/07\/Plan_est_Organo-8x12.jpg 8w\" sizes=\"(max-width: 1654px) 100vw, 1654px\" \/>\t\t\t\t\t\t\t\t<\/a>\n\t\t\t\t\t\t\t\t\t\t\t\t\t\t\t<\/div>\n\t\t\t\t<\/div>\n\t\t\t\t\t<\/div>\n\t\t\t\t<\/div>\n\t\t\t\t<div class=\"elementor-element elementor-element-3c95e0d0 elementor-widget elementor-widget-text-editor\" data-id=\"3c95e0d0\" data-element_type=\"widget\" data-widget_type=\"text-editor.default\">\n\t\t\t\t<div class=\"elementor-widget-container\">\n\t\t\t\t\t\t\t\t\t<p>Desde este enlace se puede descargar la <a href=\"https:\/\/coscyl.com\/wp-content\/uploads\/2026\/02\/Organo.pdf\">Gu\u00eda acad\u00e9mica de la especialidad de Interpretaci\u00f3n, itinerario de \u00d3RGANO<\/a>. Para ver la Gu\u00eda docente de una asignatura concreta, pinche m\u00e1s abajo en el nombre de la asignatura correspondiente.<\/p><h3>\u00a0<\/h3><h3>CURSO 1\u00ba<\/h3><p><a href=\"http:\/\/www.coscyl.com\/wp-content\/uploads\/2023\/07\/Guia-Docente-Historia-de-la-musica-I.pdf\">Historia de la m\u00fasica I<\/a><\/p><p><a href=\"http:\/\/www.coscyl.com\/wp-content\/uploads\/2023\/11\/Armonia-I-Clave-Organo-Musicologia-y-Etnomusicologia.pdf\" target=\"_blank\" rel=\"noopener noreferrer\" download=\"2_Organo\">Armon\u00eda I<\/a><\/p><p><a href=\"http:\/\/www.coscyl.com\/wp-content\/uploads\/2023\/11\/Educacion-Auditiva-I.pdf\">Educaci\u00f3n auditiva I<\/a><\/p><p><a href=\"http:\/\/www.coscyl.com\/wp-content\/uploads\/2023\/11\/Organo-I.pdf\" target=\"_blank\" rel=\"noopener noreferrer\" download=\"4_Organo\">\u00d3rgano I<\/a><\/p><p><a href=\"http:\/\/www.coscyl.com\/wp-content\/uploads\/2023\/11\/Ergonomia-y-prevencion-de-lesiones.pdf\">Ergonom\u00eda y prevenci\u00f3n de lesiones<\/a><\/p><p><a href=\"http:\/\/www.coscyl.com\/wp-content\/uploads\/2023\/11\/Fundamentos_de_Organeria.pdf\" target=\"_blank\" rel=\"noopener noreferrer\" download=\"6_Organo\">Fundamentos de organer\u00eda<\/a><\/p><p><a href=\"http:\/\/www.coscyl.com\/wp-content\/uploads\/2023\/11\/Tecnicas-de-concentracion.pdf\">T\u00e9cnicas de concentraci\u00f3n<\/a><\/p><p><a href=\"http:\/\/www.coscyl.com\/wp-content\/uploads\/2023\/11\/Idioma-extranjero-I-y-II.pdf\">Idioma extranjero I<\/a><\/p><p><a href=\"http:\/\/www.coscyl.com\/wp-content\/uploads\/2023\/11\/Tecnologia-musical-Interpretacion-y-Musicologia.pdf\">Tecnolog\u00eda musical<\/a><\/p><p><a href=\"http:\/\/www.coscyl.com\/wp-content\/uploads\/2023\/11\/Continuo-I.pdf\" target=\"_blank\" rel=\"noopener noreferrer\" download=\"10_Organo\">Continuo I<\/a><\/p><p><a href=\"http:\/\/www.coscyl.com\/wp-content\/uploads\/2023\/11\/Improvisacion-organistica-I.pdf\" target=\"_blank\" rel=\"noopener noreferrer\" download=\"11_Organo\">Improvisaci\u00f3n organ\u00edstica I<\/a><\/p><p><a href=\"https:\/\/coscyl.com\/wp-content\/uploads\/2025\/Coro-I_GRADO_2025_2026_BLANCA.pdf\">Coro I<\/a><\/p><h3>\u00a0<\/h3><h3>CURSO 2\u00ba<\/h3><p><a href=\"https:\/\/www.coscyl.com\/wp-content\/uploads\/2025\/2025-GD-Historia-de-la-Musica-II-Abellan-Fernandez.pdf\">Historia de la m\u00fasica II<\/a><\/p><p><a href=\"http:\/\/www.coscyl.com\/wp-content\/uploads\/2023\/11\/Educacion-Auditiva-II.pdf\">Educaci\u00f3n auditiva II<\/a><\/p><p><a href=\"http:\/\/www.coscyl.com\/wp-content\/uploads\/2023\/11\/Organo-II.pdf\" target=\"_blank\" rel=\"noopener noreferrer\" download=\"15_Organo\">\u00d3rgano II<\/a><\/p><p><a href=\"http:\/\/www.coscyl.com\/wp-content\/uploads\/2023\/11\/Analisis-de-la-musica-pretonal.pdf\" target=\"_blank\" rel=\"noopener noreferrer\" download=\"16_Organo\">An\u00e1lisis de la m\u00fasica pretonal<\/a><\/p><p><a href=\"http:\/\/www.coscyl.com\/wp-content\/uploads\/2023\/11\/Contrapunto-I-Interpretacion-Musicologia.pdf\" target=\"_blank\" rel=\"noopener noreferrer\" download=\"17_Organo\">Contrapunto I<\/a><\/p><p><a href=\"http:\/\/www.coscyl.com\/wp-content\/uploads\/2023\/11\/2023-GD-Organologia-Abellan-de-la-Rosa.pdf\" target=\"_blank\" rel=\"noopener noreferrer\" download=\"18_Organo\">Organolog\u00eda<\/a><\/p><p><a href=\"https:\/\/coscyl.com\/wp-content\/uploads\/2025\/10\/2025-GD-Canto-Gregoriano-I-Abellan-de-la-Rosa.pdf\">Canto gregoriano I<\/a><\/p><p><a href=\"http:\/\/www.coscyl.com\/wp-content\/uploads\/2023\/11\/Continuo-II.pdf\" download=\"20_Organo\">Continuo II<\/a><\/p><p><a href=\"http:\/\/www.coscyl.com\/wp-content\/uploads\/2023\/11\/Improvisacion-organistica-II.pdf\" target=\"_blank\" rel=\"noopener noreferrer\" download=\"21_Organo\">Improvisaci\u00f3n organ\u00edstica II<\/a><\/p><p><a href=\"https:\/\/coscyl.com\/wp-content\/uploads\/2024\/10\/Coro_II_GRADO_2024-2025.pdf\">Coro II<\/a><\/p><p><a href=\"http:\/\/www.coscyl.com\/wp-content\/uploads\/2023\/11\/Musica-de-Camara-I-Musica-Antigua.pdf\" target=\"_blank\" rel=\"noopener noreferrer\" download=\"23_Organo\">M\u00fasica de c\u00e1mara I<\/a><\/p><h3>\u00a0<\/h3><h3>CURSO 3\u00ba<\/h3><p><a href=\"http:\/\/www.coscyl.com\/wp-content\/uploads\/2023\/11\/Metodologia-de-la-investigacion-musical-Composicion-e-Interpretacion-curso-2023-24.pdf\">Metodolog\u00eda de la investigaci\u00f3n musical<\/a><\/p><p><a href=\"http:\/\/www.coscyl.com\/wp-content\/uploads\/2023\/11\/Organo-III.pdf\" target=\"_blank\" rel=\"noopener noreferrer\" download=\"25_Organo\">\u00d3rgano III<\/a><\/p><p><a href=\"http:\/\/www.coscyl.com\/wp-content\/uploads\/2023\/11\/Analisis-I-Interpretacion-y-Etnomusicologia.pdf\" target=\"_blank\" rel=\"noopener noreferrer\" download=\"26_Organo\">An\u00e1lisis I<\/a><\/p><p><a href=\"http:\/\/www.coscyl.com\/wp-content\/uploads\/2023\/11\/Contrapunto-II-Interpretacion-Musicologia.pdf\" target=\"_blank\" rel=\"noopener noreferrer\" download=\"27_Organo\">Contrapunto II<\/a><\/p><p><a href=\"http:\/\/www.coscyl.com\/wp-content\/uploads\/2025\/Fuentes-historicas-I.-Instrumentos-de-Musica-Antigua.-.pdf\" target=\"_blank\" rel=\"noopener noreferrer\" download=\"28_Organo\">Fuentes hist\u00f3ricas I<\/a><\/p><p><a href=\"http:\/\/www.coscyl.com\/wp-content\/uploads\/2023\/11\/Historia-del-Organo-I.pdf\" target=\"_blank\" rel=\"noopener noreferrer\" download=\"29_Organo\">H\u00aa del \u00d3rgano y evoluci\u00f3n estil\u00edstica del repertorio I<\/a><\/p><p><a href=\"https:\/\/coscyl.com\/wp-content\/uploads\/2025\/10\/2025-GD-Canto-Gregoriano-II-Abellan-de-la-Rosa.pdf\">Canto gregoriano II<\/a><\/p><p><a href=\"http:\/\/www.coscyl.com\/wp-content\/uploads\/2023\/11\/Continuo-III.pdf\">Continuo III<\/a><\/p><p><a href=\"http:\/\/www.coscyl.com\/wp-content\/uploads\/2023\/11\/Improvisacion-organistica-III.pdf\" target=\"_blank\" rel=\"noopener noreferrer\" download=\"32_Organo\">Improvisaci\u00f3n organ\u00edstica III<\/a><\/p><p><a href=\"http:\/\/www.coscyl.com\/wp-content\/uploads\/2023\/11\/Musica-de-Camara-II-Musica-Antigua.pdf\" download=\"33_Organo\">M\u00fasica de c\u00e1mara II<\/a><\/p><h3>\u00a0<\/h3><h3>CURSO 4\u00ba<\/h3><p><a href=\"http:\/\/www.coscyl.com\/wp-content\/uploads\/2023\/11\/Organo-IV.pdf\" target=\"_blank\" rel=\"noopener noreferrer\" download=\"34_Organo\">\u00d3rgano IV<\/a><\/p><p><a href=\"http:\/\/www.coscyl.com\/wp-content\/uploads\/2023\/11\/Analisis-II-Interpretacion-y-Etnomusicologia.pdf\" target=\"_blank\" rel=\"noopener noreferrer\" download=\"35_Organo\">An\u00e1lisis II<\/a><\/p><p><a href=\"http:\/\/www.coscyl.com\/wp-content\/uploads\/2024\/01\/GUIA-DOCENTE-Fuentes-historicas-II.-Instrumentos-de-Musica-Antigua.-2023-24-.pdf\" target=\"_blank\" rel=\"noopener\">Fuentes hist\u00f3ricas II<\/a><\/p><p><a href=\"http:\/\/www.coscyl.com\/wp-content\/uploads\/2023\/11\/Historia-del-Organo-II.pdf\" target=\"_blank\" rel=\"noopener noreferrer\" download=\"37_Organo\">H\u00aa del \u00d3rgano y evoluci\u00f3n estil\u00edstica del repertorio II<\/a><\/p><p><a href=\"https:\/\/coscyl.com\/en\/asignaturas-optativas\/\">ASIGNATURAS OPTATIVAS<\/a><\/p><p><a href=\"http:\/\/www.coscyl.com\/wp-content\/uploads\/2024\/Gua-Docente-TFG.pdf\" target=\"_blank\" rel=\"noopener\">TRABAJO FIN DE GRADO<\/a><\/p>\t\t\t\t\t\t\t\t<\/div>\n\t\t\t\t<\/div>\n\t\t\t\t<\/div>\n\t\t\t\t<\/div>\n\t\t\t\t<\/div>","protected":false},"excerpt":{"rendered":"<p>T\u00edtulo Superior de M\u00fasica Itinerario de \u00d3rgano Plan de Estudios Desde este enlace se puede descargar la Gu\u00eda acad\u00e9mica de la especialidad de Interpretaci\u00f3n, itinerario de \u00d3RGANO. Para ver la Gu\u00eda docente de una asignatura concreta, pinche m\u00e1s abajo en el nombre de la asignatura correspondiente. \u00a0 CURSO 1\u00ba Historia de la m\u00fasica I Armon\u00eda [&hellip;]<\/p>","protected":false},"author":1,"featured_media":0,"parent":0,"menu_order":0,"comment_status":"closed","ping_status":"closed","template":"elementor_header_footer","meta":{"footnotes":""},"class_list":["post-2726","page","type-page","status-publish","hentry"],"_links":{"self":[{"href":"https:\/\/coscyl.com\/en\/wp-json\/wp\/v2\/pages\/2726","targetHints":{"allow":["GET"]}}],"collection":[{"href":"https:\/\/coscyl.com\/en\/wp-json\/wp\/v2\/pages"}],"about":[{"href":"https:\/\/coscyl.com\/en\/wp-json\/wp\/v2\/types\/page"}],"author":[{"embeddable":true,"href":"https:\/\/coscyl.com\/en\/wp-json\/wp\/v2\/users\/1"}],"replies":[{"embeddable":true,"href":"https:\/\/coscyl.com\/en\/wp-json\/wp\/v2\/comments?post=2726"}],"version-history":[{"count":43,"href":"https:\/\/coscyl.com\/en\/wp-json\/wp\/v2\/pages\/2726\/revisions"}],"predecessor-version":[{"id":12335,"href":"https:\/\/coscyl.com\/en\/wp-json\/wp\/v2\/pages\/2726\/revisions\/12335"}],"wp:attachment":[{"href":"https:\/\/coscyl.com\/en\/wp-json\/wp\/v2\/media?parent=2726"}],"curies":[{"name":"wp","href":"https:\/\/api.w.org\/{rel}","templated":true}]}}