{"id":2629,"date":"2023-07-13T11:34:15","date_gmt":"2023-07-13T11:34:15","guid":{"rendered":"http:\/\/www.coscyl.com\/?page_id=2629"},"modified":"2026-02-11T08:48:28","modified_gmt":"2026-02-11T07:48:28","slug":"guitarra","status":"publish","type":"page","link":"https:\/\/coscyl.com\/en\/guitarra\/","title":{"rendered":"Guitarra"},"content":{"rendered":"<div data-elementor-type=\"wp-page\" data-elementor-id=\"2629\" class=\"elementor elementor-2629\" data-elementor-post-type=\"page\">\n\t\t\t\t<div class=\"elementor-element elementor-element-1da54329 e-con-full e-flex e-con e-parent\" data-id=\"1da54329\" data-element_type=\"container\">\n\t\t<div class=\"elementor-element elementor-element-46bb4bc e-con-full e-flex e-con e-child\" data-id=\"46bb4bc\" data-element_type=\"container\">\n\t\t\t\t<div class=\"elementor-element elementor-element-3b671021 elementor-widget elementor-widget-heading\" data-id=\"3b671021\" data-element_type=\"widget\" data-widget_type=\"heading.default\">\n\t\t\t\t<div class=\"elementor-widget-container\">\n\t\t\t\t\t<h2 class=\"elementor-heading-title elementor-size-default\">T\u00edtulo Superior de M\u00fasica<\/h2>\t\t\t\t<\/div>\n\t\t\t\t<\/div>\n\t\t\t\t<div class=\"elementor-element elementor-element-24d5e elementor-widget elementor-widget-heading\" data-id=\"24d5e\" data-element_type=\"widget\" data-widget_type=\"heading.default\">\n\t\t\t\t<div class=\"elementor-widget-container\">\n\t\t\t\t\t<h2 class=\"elementor-heading-title elementor-size-default\">Itinerario de Guitarra<\/h2>\t\t\t\t<\/div>\n\t\t\t\t<\/div>\n\t\t\t\t<div class=\"elementor-element elementor-element-2685e2dd elementor-widget-divider--view-line elementor-widget elementor-widget-divider\" data-id=\"2685e2dd\" data-element_type=\"widget\" data-widget_type=\"divider.default\">\n\t\t\t\t<div class=\"elementor-widget-container\">\n\t\t\t\t\t\t\t<div class=\"elementor-divider\">\n\t\t\t<span class=\"elementor-divider-separator\">\n\t\t\t\t\t\t<\/span>\n\t\t<\/div>\n\t\t\t\t\t\t<\/div>\n\t\t\t\t<\/div>\n\t\t\t\t<\/div>\n\t\t\t\t<\/div>\n\t\t<div class=\"elementor-element elementor-element-501b5206 e-con-full e-flex e-con e-parent\" data-id=\"501b5206\" data-element_type=\"container\" id=\"itinerario\" data-settings=\"{&quot;background_background&quot;:&quot;classic&quot;}\">\n\t\t<div class=\"elementor-element elementor-element-3378fa9b e-con-full e-grid e-con e-child\" data-id=\"3378fa9b\" data-element_type=\"container\">\n\t\t<div class=\"elementor-element elementor-element-2092259 e-flex e-con-boxed e-con e-child\" data-id=\"2092259\" data-element_type=\"container\">\n\t\t\t\t\t<div class=\"e-con-inner\">\n\t\t\t\t<div class=\"elementor-element elementor-element-684b1906 elementor-widget elementor-widget-heading\" data-id=\"684b1906\" data-element_type=\"widget\" data-widget_type=\"heading.default\">\n\t\t\t\t<div class=\"elementor-widget-container\">\n\t\t\t\t\t<h2 class=\"elementor-heading-title elementor-size-default\">Plan de Estudios<\/h2>\t\t\t\t<\/div>\n\t\t\t\t<\/div>\n\t\t\t\t<div class=\"elementor-element elementor-element-adf4c74 elementor-widget elementor-widget-image\" data-id=\"adf4c74\" data-element_type=\"widget\" data-widget_type=\"image.default\">\n\t\t\t\t<div class=\"elementor-widget-container\">\n\t\t\t\t\t\t\t\t\t\t\t\t\t\t\t\t<a href=\"http:\/\/www.coscyl.com\/wp-content\/uploads\/2023\/07\/Plan_est_Guitarra.jpg\" data-elementor-open-lightbox=\"yes\" data-elementor-lightbox-title=\"Plan_est_Guitarra\" data-e-action-hash=\"#elementor-action%3Aaction%3Dlightbox%26settings%3DeyJpZCI6MjYzMSwidXJsIjoiaHR0cHM6XC9cL2Nvc2N5bC5jb21cL3dwLWNvbnRlbnRcL3VwbG9hZHNcLzIwMjNcLzA3XC9QbGFuX2VzdF9HdWl0YXJyYS5qcGcifQ%3D%3D\">\n\t\t\t\t\t\t\t<img fetchpriority=\"high\" decoding=\"async\" width=\"680\" height=\"888\" src=\"https:\/\/coscyl.com\/wp-content\/uploads\/2023\/07\/Plan_est_Guitarra.jpg\" class=\"attachment-full size-full wp-image-2631\" alt=\"\" srcset=\"https:\/\/coscyl.com\/wp-content\/uploads\/2023\/07\/Plan_est_Guitarra.jpg 680w, https:\/\/coscyl.com\/wp-content\/uploads\/2023\/07\/Plan_est_Guitarra-230x300.jpg 230w, https:\/\/coscyl.com\/wp-content\/uploads\/2023\/07\/Plan_est_Guitarra-9x12.jpg 9w\" sizes=\"(max-width: 680px) 100vw, 680px\" \/>\t\t\t\t\t\t\t\t<\/a>\n\t\t\t\t\t\t\t\t\t\t\t\t\t\t\t<\/div>\n\t\t\t\t<\/div>\n\t\t\t\t\t<\/div>\n\t\t\t\t<\/div>\n\t\t\t\t<div class=\"elementor-element elementor-element-17402786 elementor-widget elementor-widget-text-editor\" data-id=\"17402786\" data-element_type=\"widget\" data-widget_type=\"text-editor.default\">\n\t\t\t\t<div class=\"elementor-widget-container\">\n\t\t\t\t\t\t\t\t\t<p>Desde este enlace se puede descargar la <a href=\"https:\/\/coscyl.com\/wp-content\/uploads\/2026\/02\/Guitarra.pdf\">Gu\u00eda acad\u00e9mica de la especialidad de Interpretaci\u00f3n, itinerario de GUITARRA<\/a>. Para ver la Gu\u00eda docente de una asignatura concreta, pinche m\u00e1s abajo en el nombre de la asignatura correspondiente.<\/p><h3>\u00a0<\/h3><h3>CURSO 1\u00ba<\/h3><p><a href=\"http:\/\/www.coscyl.com\/wp-content\/uploads\/2023\/07\/Guia-Docente-Historia-de-la-musica-I.pdf\">Historia de la m\u00fasica I<\/a><\/p><p><a href=\"http:\/\/www.coscyl.com\/wp-content\/uploads\/2023\/11\/Armonia-I-Interpretacion.pdf\">Armon\u00eda I<\/a><\/p><p><a href=\"http:\/\/www.coscyl.com\/wp-content\/uploads\/2023\/11\/Educacion-Auditiva-I.pdf\">Educaci\u00f3n auditiva I<\/a><\/p><p><a href=\"http:\/\/www.coscyl.com\/wp-content\/uploads\/2025\/Guitarra-I.pdf\" target=\"_blank\" rel=\"noopener noreferrer\" download=\"4_Guitarra\">Guitarra I<\/a><\/p><p><a href=\"http:\/\/www.coscyl.com\/wp-content\/uploads\/2023\/11\/Ergonomia-y-prevencion-de-lesiones.pdf\">Ergonom\u00eda y prevenci\u00f3n de lesiones<\/a><\/p><p><a href=\"http:\/\/www.coscyl.com\/wp-content\/uploads\/2023\/11\/Tecnicas-de-concentracion.pdf\">T\u00e9cnicas de concentraci\u00f3n<\/a><\/p><p><a href=\"http:\/\/www.coscyl.com\/wp-content\/uploads\/2023\/11\/Idioma-extranjero-I-y-II.pdf\">Idioma extranjero I<\/a><\/p><p><a href=\"http:\/\/www.coscyl.com\/wp-content\/uploads\/2023\/11\/Tecnologia-musical-Interpretacion-y-Musicologia.pdf\">Tecnolog\u00eda musical<\/a><\/p><p><a href=\"http:\/\/www.coscyl.com\/wp-content\/uploads\/2024\/Piano-Complementario-I-corregido.pdf\">Piano complementario I<\/a><a href=\"http:\/\/www.coscyl.com\/wp-content\/uploads\/2023\/07\/5_Guitarra.pdf\" target=\"_blank\" rel=\"noopener noreferrer\" download=\"5_Guitarra\"><br \/><\/a><\/p><p><a href=\"http:\/\/www.coscyl.com\/wp-content\/uploads\/2023\/11\/Repentizacion-y-Transposicion-1.pdf\" target=\"_blank\" rel=\"noopener noreferrer\" download=\"10_Guitarra\">Repentizaci\u00f3n y transposici\u00f3n<\/a><\/p><p><a href=\"https:\/\/coscyl.com\/wp-content\/uploads\/2025\/Coro-I_GRADO_2025_2026_BLANCA.pdf\">Coro I<\/a><\/p><h3>\u00a0<\/h3><h3>CURSO 2\u00ba<\/h3><p><a href=\"https:\/\/www.coscyl.com\/wp-content\/uploads\/2025\/2025-GD-Historia-de-la-Musica-II-Abellan-Fernandez.pdf\">Historia de la m\u00fasica II<\/a><\/p><p><a href=\"http:\/\/www.coscyl.com\/wp-content\/uploads\/2023\/11\/Educacion-Auditiva-II.pdf\">Educaci\u00f3n auditiva II<\/a><\/p><p><a href=\"http:\/\/www.coscyl.com\/wp-content\/uploads\/2025\/Guitarra-II.pdf\">Guitarra II<\/a><\/p><p><a href=\"http:\/\/www.coscyl.com\/wp-content\/uploads\/2023\/11\/Analisis-I-Interpretacion-y-Etnomusicologia.pdf\">An\u00e1lisis I<\/a><\/p><p><a href=\"http:\/\/www.coscyl.com\/wp-content\/uploads\/2023\/11\/2023-GD-Organologia-Abellan-de-la-Rosa.pdf\">Organolog\u00eda<\/a><\/p><p><a href=\"https:\/\/coscyl.com\/wp-content\/uploads\/2025\/09\/Armonia-aplicada-al-instrumento-guitarra.pdf\">Armoni\u0301a aplicada al instrumento-guitarra<\/a><\/p><p><a href=\"https:\/\/coscyl.com\/wp-content\/uploads\/2024\/10\/Coro_II_GRADO_2024-2025.pdf\">Coro II<\/a><\/p><p><a href=\"http:\/\/www.coscyl.com\/wp-content\/uploads\/2024\/Musica_de_Camara_I_GRADO_2024-2025-1.pdf\">M\u00fasica de c\u00e1mara I<\/a><\/p><h3>\u00a0<\/h3><h3>CURSO 3\u00ba<\/h3><p><a href=\"http:\/\/www.coscyl.com\/wp-content\/uploads\/2023\/11\/Metodologia-de-la-investigacion-musical-Composicion-e-Interpretacion-curso-2023-24.pdf\">Metodolog\u00eda de la investigaci\u00f3n musical<\/a><\/p><p><a href=\"http:\/\/www.coscyl.com\/wp-content\/uploads\/2025\/Guitarra-III.pdf\" target=\"_blank\" rel=\"noopener noreferrer\" download=\"21_Guitarra\">Guitarra III<\/a><\/p><p><a href=\"http:\/\/www.coscyl.com\/wp-content\/uploads\/2023\/11\/Analisis-II-Interpretacion-y-Etnomusicologia.pdf\">An\u00e1lisis II<\/a><\/p><p><a href=\"http:\/\/www.coscyl.com\/wp-content\/uploads\/2024\/Improvisacion-I-todos-excepto-mus-antigua-Contrabajo-Percusion-y-Saxofon.pdf\">Improvisaci\u00f3n I<\/a><\/p><p><a href=\"http:\/\/www.coscyl.com\/wp-content\/uploads\/2025\/Evolucion-estilistica-del-repertorio-para-guitarra.pdf\" target=\"_blank\" rel=\"noopener noreferrer\" download=\"23_Guitarra\">Evoluci\u00f3n estil\u00edstica del repertorio para<br \/>guitarra<\/a><\/p><p><a href=\"http:\/\/www.coscyl.com\/wp-content\/uploads\/2023\/11\/Tablatura.pdf\" target=\"_blank\" rel=\"noopener noreferrer\" download=\"25_Guitarra\">Tablatura<\/a><\/p><p><a href=\"http:\/\/www.coscyl.com\/wp-content\/uploads\/2024\/Musica_de_Camara_II_GRADO_2024-2025-1.pdf\">M\u00fasica de c\u00e1mara II<\/a><\/p><h3>\u00a0<\/h3><h3>CURSO 4\u00ba<\/h3><p><a href=\"https:\/\/coscyl.com\/wp-content\/uploads\/2025\/Guitarra-IV.pdf\">Guitarra IV<\/a><\/p><p><a href=\"http:\/\/www.coscyl.com\/wp-content\/uploads\/2025\/Analisis-de-la-musica-contemporanea-I-Interpretacion.pdf\">An\u00e1lisis de la m\u00fasica contempor\u00e1nea I<\/a><\/p><p><a href=\"http:\/\/www.coscyl.com\/wp-content\/uploads\/2023\/11\/Repertoriopara-GUITARRA-con-pianista-acompanante.pdf\" target=\"_blank\" rel=\"noopener noreferrer\" download=\"29_Guitarra\">Repertorio para guitarra con pianista acompa\u00f1ante<\/a><\/p><p><a href=\"http:\/\/www.coscyl.com\/wp-content\/uploads\/2024\/Musica_de_Camara_III_GRADO_2024-2025-1.pdf\" target=\"_blank\" rel=\"noopener noreferrer\" download=\"30_Guitarra\">M\u00fasica de c\u00e1mara III<\/a><\/p><p><a href=\"https:\/\/coscyl.com\/en\/asignaturas-optativas\/\">ASIGNATURAS OPTATIVAS<\/a><\/p><p><a href=\"http:\/\/www.coscyl.com\/wp-content\/uploads\/2024\/Gua-Docente-TFG.pdf\" target=\"_blank\" rel=\"noopener\">TRABAJO FIN DE GRADO<\/a><\/p>\t\t\t\t\t\t\t\t<\/div>\n\t\t\t\t<\/div>\n\t\t\t\t<\/div>\n\t\t\t\t<\/div>\n\t\t\t\t<\/div>","protected":false},"excerpt":{"rendered":"<p>T\u00edtulo Superior de M\u00fasica Itinerario de Guitarra Plan de Estudios Desde este enlace se puede descargar la Gu\u00eda acad\u00e9mica de la especialidad de Interpretaci\u00f3n, itinerario de GUITARRA. Para ver la Gu\u00eda docente de una asignatura concreta, pinche m\u00e1s abajo en el nombre de la asignatura correspondiente. \u00a0 CURSO 1\u00ba Historia de la m\u00fasica I Armon\u00eda [&hellip;]<\/p>","protected":false},"author":1,"featured_media":0,"parent":0,"menu_order":0,"comment_status":"closed","ping_status":"closed","template":"elementor_header_footer","meta":{"footnotes":""},"class_list":["post-2629","page","type-page","status-publish","hentry"],"_links":{"self":[{"href":"https:\/\/coscyl.com\/en\/wp-json\/wp\/v2\/pages\/2629","targetHints":{"allow":["GET"]}}],"collection":[{"href":"https:\/\/coscyl.com\/en\/wp-json\/wp\/v2\/pages"}],"about":[{"href":"https:\/\/coscyl.com\/en\/wp-json\/wp\/v2\/types\/page"}],"author":[{"embeddable":true,"href":"https:\/\/coscyl.com\/en\/wp-json\/wp\/v2\/users\/1"}],"replies":[{"embeddable":true,"href":"https:\/\/coscyl.com\/en\/wp-json\/wp\/v2\/comments?post=2629"}],"version-history":[{"count":37,"href":"https:\/\/coscyl.com\/en\/wp-json\/wp\/v2\/pages\/2629\/revisions"}],"predecessor-version":[{"id":12327,"href":"https:\/\/coscyl.com\/en\/wp-json\/wp\/v2\/pages\/2629\/revisions\/12327"}],"wp:attachment":[{"href":"https:\/\/coscyl.com\/en\/wp-json\/wp\/v2\/media?parent=2629"}],"curies":[{"name":"wp","href":"https:\/\/api.w.org\/{rel}","templated":true}]}}