{"id":2347,"date":"2023-07-13T11:05:21","date_gmt":"2023-07-13T11:05:21","guid":{"rendered":"http:\/\/www.coscyl.com\/?page_id=2347"},"modified":"2026-02-11T08:41:13","modified_gmt":"2026-02-11T07:41:13","slug":"canto","status":"publish","type":"page","link":"https:\/\/coscyl.com\/en\/canto\/","title":{"rendered":"Canto"},"content":{"rendered":"<div data-elementor-type=\"wp-page\" data-elementor-id=\"2347\" class=\"elementor elementor-2347\" data-elementor-post-type=\"page\">\n\t\t\t\t<div class=\"elementor-element elementor-element-718fb489 e-con-full e-flex e-con e-parent\" data-id=\"718fb489\" data-element_type=\"container\">\n\t\t<div class=\"elementor-element elementor-element-12a92392 e-con-full e-flex e-con e-child\" data-id=\"12a92392\" data-element_type=\"container\">\n\t\t\t\t<div class=\"elementor-element elementor-element-73e4713b elementor-widget elementor-widget-heading\" data-id=\"73e4713b\" data-element_type=\"widget\" data-widget_type=\"heading.default\">\n\t\t\t\t<div class=\"elementor-widget-container\">\n\t\t\t\t\t<h2 class=\"elementor-heading-title elementor-size-default\">T\u00edtulo Superior de M\u00fasica<\/h2>\t\t\t\t<\/div>\n\t\t\t\t<\/div>\n\t\t\t\t<div class=\"elementor-element elementor-element-1271f768 elementor-widget elementor-widget-heading\" data-id=\"1271f768\" data-element_type=\"widget\" data-widget_type=\"heading.default\">\n\t\t\t\t<div class=\"elementor-widget-container\">\n\t\t\t\t\t<h2 class=\"elementor-heading-title elementor-size-default\">Itinerario de Canto<\/h2>\t\t\t\t<\/div>\n\t\t\t\t<\/div>\n\t\t\t\t<div class=\"elementor-element elementor-element-53a06c0 elementor-widget-divider--view-line elementor-widget elementor-widget-divider\" data-id=\"53a06c0\" data-element_type=\"widget\" data-widget_type=\"divider.default\">\n\t\t\t\t<div class=\"elementor-widget-container\">\n\t\t\t\t\t\t\t<div class=\"elementor-divider\">\n\t\t\t<span class=\"elementor-divider-separator\">\n\t\t\t\t\t\t<\/span>\n\t\t<\/div>\n\t\t\t\t\t\t<\/div>\n\t\t\t\t<\/div>\n\t\t\t\t<\/div>\n\t\t\t\t<\/div>\n\t\t<div class=\"elementor-element elementor-element-20a171dc e-con-full e-flex e-con e-parent\" data-id=\"20a171dc\" data-element_type=\"container\" id=\"itinerario\" data-settings=\"{&quot;background_background&quot;:&quot;classic&quot;}\">\n\t\t<div class=\"elementor-element elementor-element-1b9cd8b e-con-full e-grid e-con e-child\" data-id=\"1b9cd8b\" data-element_type=\"container\">\n\t\t<div class=\"elementor-element elementor-element-5a10c61 e-flex e-con-boxed e-con e-child\" data-id=\"5a10c61\" data-element_type=\"container\">\n\t\t\t\t\t<div class=\"e-con-inner\">\n\t\t\t\t<div class=\"elementor-element elementor-element-7c28421a elementor-widget elementor-widget-heading\" data-id=\"7c28421a\" data-element_type=\"widget\" data-widget_type=\"heading.default\">\n\t\t\t\t<div class=\"elementor-widget-container\">\n\t\t\t\t\t<h2 class=\"elementor-heading-title elementor-size-default\">Plan de Estudios<\/h2>\t\t\t\t<\/div>\n\t\t\t\t<\/div>\n\t\t\t\t<div class=\"elementor-element elementor-element-399f26e0 elementor-widget elementor-widget-image\" data-id=\"399f26e0\" data-element_type=\"widget\" data-widget_type=\"image.default\">\n\t\t\t\t<div class=\"elementor-widget-container\">\n\t\t\t\t\t\t\t\t\t\t\t\t\t\t\t\t<a href=\"http:\/\/www.coscyl.com\/wp-content\/uploads\/2023\/07\/Plan_est_Canto.jpg\" data-elementor-open-lightbox=\"yes\" data-elementor-lightbox-title=\"Plan_est_Canto\" data-e-action-hash=\"#elementor-action%3Aaction%3Dlightbox%26settings%3DeyJpZCI6MjM0NiwidXJsIjoiaHR0cHM6XC9cL2Nvc2N5bC5jb21cL3dwLWNvbnRlbnRcL3VwbG9hZHNcLzIwMjNcLzA3XC9QbGFuX2VzdF9DYW50by5qcGcifQ%3D%3D\">\n\t\t\t\t\t\t\t<img fetchpriority=\"high\" decoding=\"async\" width=\"1654\" height=\"2339\" src=\"https:\/\/coscyl.com\/wp-content\/uploads\/2023\/07\/Plan_est_Canto.jpg\" class=\"attachment-full size-full wp-image-2346\" alt=\"\" srcset=\"https:\/\/coscyl.com\/wp-content\/uploads\/2023\/07\/Plan_est_Canto.jpg 1654w, https:\/\/coscyl.com\/wp-content\/uploads\/2023\/07\/Plan_est_Canto-212x300.jpg 212w, https:\/\/coscyl.com\/wp-content\/uploads\/2023\/07\/Plan_est_Canto-724x1024.jpg 724w, https:\/\/coscyl.com\/wp-content\/uploads\/2023\/07\/Plan_est_Canto-768x1086.jpg 768w, https:\/\/coscyl.com\/wp-content\/uploads\/2023\/07\/Plan_est_Canto-1086x1536.jpg 1086w, https:\/\/coscyl.com\/wp-content\/uploads\/2023\/07\/Plan_est_Canto-1448x2048.jpg 1448w, https:\/\/coscyl.com\/wp-content\/uploads\/2023\/07\/Plan_est_Canto-8x12.jpg 8w\" sizes=\"(max-width: 1654px) 100vw, 1654px\" \/>\t\t\t\t\t\t\t\t<\/a>\n\t\t\t\t\t\t\t\t\t\t\t\t\t\t\t<\/div>\n\t\t\t\t<\/div>\n\t\t\t\t\t<\/div>\n\t\t\t\t<\/div>\n\t\t\t\t<div class=\"elementor-element elementor-element-41302ca0 elementor-widget elementor-widget-text-editor\" data-id=\"41302ca0\" data-element_type=\"widget\" data-widget_type=\"text-editor.default\">\n\t\t\t\t<div class=\"elementor-widget-container\">\n\t\t\t\t\t\t\t\t\t<p>Desde este enlace se puede descargar la Gu\u00eda acad\u00e9mica de la <a href=\"https:\/\/coscyl.com\/wp-content\/uploads\/2026\/02\/Canto.pdf\">especialidad de Interpretaci\u00f3n, itinerario de CANTO<\/a><a title=\"Canto - plan de estudios\" href=\"https:\/\/coscyl.com\/canto-planestudios\/index.php?option=com_content&amp;view=article&amp;id=501&amp;catid=142\">.<\/a>\u00a0Para<br \/>ver la Gu\u00eda docente de una asignatura concreta, pinche m\u00e1s abajo en el nombre de la asignatura correspondiente.<\/p><h3>\u00a0<\/h3><h3>CURSO 1\u00ba<\/h3><p><a href=\"http:\/\/www.coscyl.com\/wp-content\/uploads\/2023\/07\/Guia-Docente-Historia-de-la-musica-I.pdf\">Historia de la m\u00fasica I<\/a><\/p><p><a href=\"http:\/\/www.coscyl.com\/wp-content\/uploads\/2023\/11\/Armonia-I-Interpretacion.pdf\">Armon\u00eda I<\/a><\/p><p><a href=\"http:\/\/www.coscyl.com\/wp-content\/uploads\/2023\/11\/Educacion-Auditiva-I.pdf\">Educaci\u00f3n auditiva I<\/a><\/p><p><a href=\"http:\/\/www.coscyl.com\/wp-content\/uploads\/2023\/11\/Canto-I.pdf\" target=\"_blank\" rel=\"noopener noreferrer\" download=\"4_Canto\">Canto I<\/a><\/p><p><a href=\"http:\/\/www.coscyl.com\/wp-content\/uploads\/2023\/11\/Ergonomia-y-prevencion-de-lesiones.pdf\">Ergonom\u00eda y prevenci\u00f3n de lesiones<\/a><\/p><p><a href=\"http:\/\/www.coscyl.com\/wp-content\/uploads\/2023\/11\/Tecnicas-de-concentracion.pdf\">T\u00e9cnicas de concentraci\u00f3n<\/a><\/p><p><a href=\"http:\/\/www.coscyl.com\/wp-content\/uploads\/2023\/11\/Analisis-del-teatro-lirico.pdf\" target=\"_blank\" rel=\"noopener noreferrer\" download=\"7_Canto\">An\u00e1lisis del teatro l\u00edrico I<\/a><\/p><p><a href=\"http:\/\/www.coscyl.com\/wp-content\/uploads\/2023\/11\/Frances-I-y-II.pdf\" target=\"_blank\" rel=\"noopener noreferrer\" download=\"8_Canto\">Franc\u00e9s I<\/a><\/p><p><a href=\"http:\/\/www.coscyl.com\/wp-content\/uploads\/2023\/11\/Italiano-I-y-II.pdf\" target=\"_blank\" rel=\"noopener noreferrer\" download=\"9_Canto\">Italiano I<\/a><\/p><p><a href=\"http:\/\/www.coscyl.com\/wp-content\/uploads\/2023\/11\/Tecnologia-musical-Interpretacion-y-Musicologia.pdf\">Tecnolog\u00eda musical<\/a><\/p><p><a href=\"http:\/\/www.coscyl.com\/wp-content\/uploads\/2024\/Piano-Complementario-I-corregido.pdf\">Piano complementario I<\/a><\/p><p><a href=\"https:\/\/coscyl.com\/wp-content\/uploads\/2026\/01\/Guia-docente-2025-26-Repertorio-vocal-I.pdf\">Repertorio vocal y estil\u00edstico I<\/a><\/p><p><a href=\"https:\/\/coscyl.com\/wp-content\/uploads\/2026\/01\/Guia-docente-TECNICAS-ESCENICAS-I.pdf\">T\u00e9cnicas esc\u00e9nicas I<\/a><\/p><p><a href=\"https:\/\/coscyl.com\/wp-content\/uploads\/2026\/01\/Guia-docente-2025-26-Concertacion-I.pdf\">Concertaci\u00f3n de \u00f3pera y oratorio I<\/a><\/p><p><a href=\"https:\/\/coscyl.com\/wp-content\/uploads\/2026\/01\/Guia-docente-TALLER-DE-OPERA-y-ESCENA-I.pdf\">TALLER DE O\u0301PERA y ESCENA I<\/a><\/p><h3>\u00a0<\/h3><h3>CURSO 2\u00ba<\/h3><p><a href=\"https:\/\/www.coscyl.com\/wp-content\/uploads\/2025\/2025-GD-Historia-de-la-Musica-II-Abellan-Fernandez.pdf\">Historia de la m\u00fasica II<\/a><\/p><p><a href=\"http:\/\/www.coscyl.com\/wp-content\/uploads\/2023\/11\/Educacion-Auditiva-II.pdf\">Educaci\u00f3n auditiva II<\/a><\/p><p><a href=\"http:\/\/www.coscyl.com\/wp-content\/uploads\/2023\/11\/Canto-II.pdf\" target=\"_blank\" rel=\"noopener noreferrer\" download=\"18_Canto\">Canto II<\/a><\/p><p><a href=\"http:\/\/www.coscyl.com\/wp-content\/uploads\/2023\/11\/Analisis-I-Interpretacion-y-Etnomusicologia.pdf\">An\u00e1lisis I<\/a><\/p><p><a href=\"http:\/\/www.coscyl.com\/wp-content\/uploads\/2023\/11\/Frances-I-y-II.pdf\" target=\"_blank\" rel=\"noopener noreferrer\" download=\"20_Canto\">Franc\u00e9s II<\/a><\/p><p><a href=\"http:\/\/www.coscyl.com\/wp-content\/uploads\/2023\/11\/Historia-del-repertorio-del-canto-I.pdf\" target=\"_blank\" rel=\"noopener noreferrer\" download=\"21_Canto\">Historia del repertorio de canto I<\/a><\/p><p><a href=\"http:\/\/www.coscyl.com\/wp-content\/uploads\/2023\/11\/Italiano-I-y-II.pdf\" target=\"_blank\" rel=\"noopener noreferrer\" download=\"22_Canto\">Italiano II<\/a><\/p><p><a href=\"http:\/\/www.coscyl.com\/wp-content\/uploads\/2024\/Piano-Complementario-II-corregido.pdf\">Piano complementario II<\/a><\/p><p><a href=\"https:\/\/coscyl.com\/wp-content\/uploads\/2026\/01\/Guia-docente-2025-26-Repertorio-vocal-II.pdf\">Repertorio vocal y estil\u00edstico II<\/a><\/p><p><a href=\"https:\/\/coscyl.com\/wp-content\/uploads\/2026\/01\/Guia-docente-TECNICAS-ESCENICAS-II-1.pdf\">T\u00e9cnicas esc\u00e9nicas II<\/a><\/p><p><a href=\"https:\/\/coscyl.com\/wp-content\/uploads\/2026\/01\/Guia-docente-2025-26-Concertacion-II.pdf\">Concertaci\u00f3n de \u00f3pera y oratorio II<\/a><\/p><p><a href=\"https:\/\/coscyl.com\/wp-content\/uploads\/2026\/01\/Guia-docente-TALLER-DE-OPERA-y-ESCENA-II.pdf\">Taller de \u00f3pera y escena II<\/a><\/p><h3>\u00a0<\/h3><h3>CURSO 3\u00ba<\/h3><p><a href=\"http:\/\/www.coscyl.com\/wp-content\/uploads\/2023\/11\/Metodologia-de-la-investigacion-musical-Composicion-e-Interpretacion-curso-2023-24.pdf\">Metodolog\u00eda de la investigaci\u00f3n musical<\/a><\/p><p><a href=\"http:\/\/www.coscyl.com\/wp-content\/uploads\/2023\/11\/Canto-III.pdf\" target=\"_blank\" rel=\"noopener noreferrer\" download=\"29_Canto\">Canto III<\/a><\/p><p><a href=\"http:\/\/www.coscyl.com\/wp-content\/uploads\/2023\/11\/Aleman-I-canto.pdf\" target=\"_blank\" rel=\"noopener noreferrer\" download=\"30_Canto\">Alem\u00e1n I<\/a><\/p><p><a href=\"http:\/\/www.coscyl.com\/wp-content\/uploads\/2023\/11\/Analisis-II-Interpretacion-y-Etnomusicologia.pdf\">An\u00e1lisis II<\/a><\/p><p><a href=\"http:\/\/www.coscyl.com\/wp-content\/uploads\/2023\/11\/Historia-del-repertorio-del-canto-II.pdf\" target=\"_blank\" rel=\"noopener noreferrer\" download=\"32_Canto\">Historia del repertorio de canto II<\/a><\/p><p><a href=\"http:\/\/www.coscyl.com\/wp-content\/uploads\/2024\/Improvisacion-I-todos-excepto-mus-antigua-Contrabajo-Percusion-y-Saxofon.pdf\">Improvisaci\u00f3n I<\/a><\/p><p><a href=\"http:\/\/www.coscyl.com\/wp-content\/uploads\/2024\/Piano-complementario-III-corregido.pdf\" target=\"_blank\" rel=\"noopener\">Piano complementario III<\/a><\/p><p><a href=\"https:\/\/coscyl.com\/wp-content\/uploads\/2026\/01\/Guia-docente-2025-26-Repertorio-vocal-III.pdf\">Repertorio vocal y estil\u00edstico III<\/a><\/p><p><a href=\"https:\/\/coscyl.com\/wp-content\/uploads\/2026\/01\/Guia-docente-TECNICAS-ESCENICAS-III.pdf\">T\u00e9cnicas esc\u00e9nicas III<\/a><\/p><p><a href=\"https:\/\/coscyl.com\/wp-content\/uploads\/2026\/01\/Guia-docente-2025-26-Concertacion-III.pdf\">Concertaci\u00f3n de \u00f3pera y oratorio III<\/a><\/p><p><a href=\"https:\/\/coscyl.com\/wp-content\/uploads\/2026\/01\/Guia-docente-TALLER-DE-OPERA-y-ESCENA-III.pdf\">Taller de \u00f3pera y escena III<\/a><\/p><h3>\u00a0<\/h3><h3>CURSO 4\u00ba<\/h3><p><a href=\"https:\/\/coscyl.com\/wp-content\/uploads\/2026\/01\/Guia-Docente-Ingles-aplicado-al-canto.pdf\">Ingle\u0301s<\/a><\/p><p><a href=\"http:\/\/www.coscyl.com\/wp-content\/uploads\/2023\/11\/Aleman-II-canto.pdf\" target=\"_blank\" rel=\"noopener noreferrer\" download=\"40_Canto\">Alem\u00e1n II<\/a><\/p><p><a href=\"http:\/\/www.coscyl.com\/wp-content\/uploads\/2025\/Analisis-de-la-musica-contemporanea-I-Interpretacion.pdf\">An\u00e1lisis de la m\u00fasica contempor\u00e1nea I<\/a><\/p><p><a href=\"http:\/\/www.coscyl.com\/wp-content\/uploads\/2023\/11\/Historia-del-repertorio-del-canto-III.pdf\" target=\"_blank\" rel=\"noopener noreferrer\" download=\"42_Canto\">Historia del repertorio de canto III<\/a><\/p><p><a href=\"http:\/\/www.coscyl.com\/wp-content\/uploads\/2023\/11\/Ingles_Canto.pdf\" target=\"_blank\" rel=\"noopener noreferrer\" download=\"43_Canto\">Ingl\u00e9s<\/a><\/p><p><a href=\"https:\/\/coscyl.com\/wp-content\/uploads\/2026\/01\/Guia-docente-2025-26-Repertorio-vocal-IV-1.pdf\">Repertorio vocal y estil\u00edstico III<\/a><\/p><p><a href=\"https:\/\/coscyl.com\/wp-content\/uploads\/2026\/01\/Guia-docente-TECNICAS-ESCENICAS-IV.pdf\">T\u00e9cnicas esc\u00e9nicas IV<\/a><\/p><p><a href=\"https:\/\/coscyl.com\/wp-content\/uploads\/2026\/01\/Guia-docente-2025-26-Repertorio-vocal-IV.pdf\">Concertaci\u00f3n de \u00f3pera y oratorio IV<\/a><\/p><p><a href=\"https:\/\/coscyl.com\/wp-content\/uploads\/2026\/01\/Guia-docente-TALLER-DE-OPERA-y-ESCENA-IV.pdf\">Taller de \u00f3pera y escena IV<\/a><\/p><p><a href=\"https:\/\/coscyl.com\/en\/asignaturas-optativas\/\">ASIGNATURAS OPTATIVAS<\/a><\/p><p><a href=\"http:\/\/www.coscyl.com\/wp-content\/uploads\/2024\/Gua-Docente-TFG.pdf\">TRABAJO FIN DE GRADO<\/a><\/p>\t\t\t\t\t\t\t\t<\/div>\n\t\t\t\t<\/div>\n\t\t\t\t<\/div>\n\t\t\t\t<\/div>\n\t\t\t\t<\/div>","protected":false},"excerpt":{"rendered":"<p>T\u00edtulo Superior de M\u00fasica Itinerario de Canto Plan de Estudios Desde este enlace se puede descargar la Gu\u00eda acad\u00e9mica de la especialidad de Interpretaci\u00f3n, itinerario de CANTO.\u00a0Paraver la Gu\u00eda docente de una asignatura concreta, pinche m\u00e1s abajo en el nombre de la asignatura correspondiente. \u00a0 CURSO 1\u00ba Historia de la m\u00fasica I Armon\u00eda I Educaci\u00f3n [&hellip;]<\/p>","protected":false},"author":1,"featured_media":0,"parent":0,"menu_order":0,"comment_status":"closed","ping_status":"closed","template":"elementor_header_footer","meta":{"footnotes":""},"class_list":["post-2347","page","type-page","status-publish","hentry"],"_links":{"self":[{"href":"https:\/\/coscyl.com\/en\/wp-json\/wp\/v2\/pages\/2347","targetHints":{"allow":["GET"]}}],"collection":[{"href":"https:\/\/coscyl.com\/en\/wp-json\/wp\/v2\/pages"}],"about":[{"href":"https:\/\/coscyl.com\/en\/wp-json\/wp\/v2\/types\/page"}],"author":[{"embeddable":true,"href":"https:\/\/coscyl.com\/en\/wp-json\/wp\/v2\/users\/1"}],"replies":[{"embeddable":true,"href":"https:\/\/coscyl.com\/en\/wp-json\/wp\/v2\/comments?post=2347"}],"version-history":[{"count":79,"href":"https:\/\/coscyl.com\/en\/wp-json\/wp\/v2\/pages\/2347\/revisions"}],"predecessor-version":[{"id":12307,"href":"https:\/\/coscyl.com\/en\/wp-json\/wp\/v2\/pages\/2347\/revisions\/12307"}],"wp:attachment":[{"href":"https:\/\/coscyl.com\/en\/wp-json\/wp\/v2\/media?parent=2347"}],"curies":[{"name":"wp","href":"https:\/\/api.w.org\/{rel}","templated":true}]}}