{"id":2078,"date":"2023-07-13T08:09:46","date_gmt":"2023-07-13T08:09:46","guid":{"rendered":"http:\/\/www.coscyl.com\/?page_id=2078"},"modified":"2025-09-15T13:06:02","modified_gmt":"2025-09-15T11:06:02","slug":"matricula-master","status":"publish","type":"page","link":"https:\/\/coscyl.com\/en\/matricula-master\/","title":{"rendered":"Matr\u00edcula M\u00e1ster"},"content":{"rendered":"<div data-elementor-type=\"wp-page\" data-elementor-id=\"2078\" class=\"elementor elementor-2078\" data-elementor-post-type=\"page\">\n\t\t\t\t<div class=\"elementor-element elementor-element-1122903 e-con-full e-flex e-con e-parent\" data-id=\"1122903\" data-element_type=\"container\">\n\t\t\t\t<div class=\"elementor-element elementor-element-872b847 elementor-widget elementor-widget-heading\" data-id=\"872b847\" data-element_type=\"widget\" data-widget_type=\"heading.default\">\n\t\t\t\t<div class=\"elementor-widget-container\">\n\t\t\t\t\t<h2 class=\"elementor-heading-title elementor-size-default\">Matr\u00edcula Curso 2025-2026<\/h2>\t\t\t\t<\/div>\n\t\t\t\t<\/div>\n\t\t\t\t<div class=\"elementor-element elementor-element-a4a9272 elementor-widget elementor-widget-heading\" data-id=\"a4a9272\" data-element_type=\"widget\" data-widget_type=\"heading.default\">\n\t\t\t\t<div class=\"elementor-widget-container\">\n\t\t\t\t\t<h2 class=\"elementor-heading-title elementor-size-default\">M\u00e1ster en Interpretaci\u00f3n Musical<\/h2>\t\t\t\t<\/div>\n\t\t\t\t<\/div>\n\t\t\t\t<div class=\"elementor-element elementor-element-e8be251 elementor-widget-divider--view-line elementor-widget elementor-widget-divider\" data-id=\"e8be251\" data-element_type=\"widget\" data-widget_type=\"divider.default\">\n\t\t\t\t<div class=\"elementor-widget-container\">\n\t\t\t\t\t\t\t<div class=\"elementor-divider\">\n\t\t\t<span class=\"elementor-divider-separator\">\n\t\t\t\t\t\t<\/span>\n\t\t<\/div>\n\t\t\t\t\t\t<\/div>\n\t\t\t\t<\/div>\n\t\t\t\t<\/div>\n\t\t<div class=\"elementor-element elementor-element-3763fca e-con-full e-flex e-con e-parent\" data-id=\"3763fca\" data-element_type=\"container\" data-settings=\"{&quot;background_background&quot;:&quot;classic&quot;}\">\n\t\t<div class=\"elementor-element elementor-element-c2ee0c0 e-con-full e-flex elementor-invisible e-con e-child\" data-id=\"c2ee0c0\" data-element_type=\"container\" data-settings=\"{&quot;animation&quot;:&quot;fadeIn&quot;}\">\n\t\t\t\t<div class=\"elementor-element elementor-element-57e28b5 elementor-widget__width-initial faq elementor-widget elementor-widget-toggle\" data-id=\"57e28b5\" data-element_type=\"widget\" data-widget_type=\"toggle.default\">\n\t\t\t\t<div class=\"elementor-widget-container\">\n\t\t\t\t\t\t\t<div class=\"elementor-toggle\">\n\t\t\t\t\t\t\t<div class=\"elementor-toggle-item\">\n\t\t\t\t\t<h5 id=\"elementor-tab-title-9211\" class=\"elementor-tab-title\" data-tab=\"1\" role=\"button\" aria-controls=\"elementor-tab-content-9211\" aria-expanded=\"false\">\n\t\t\t\t\t\t\t\t\t\t\t\t<span class=\"elementor-toggle-icon elementor-toggle-icon-right\" aria-hidden=\"true\">\n\t\t\t\t\t\t\t\t\t\t\t\t\t\t\t<span class=\"elementor-toggle-icon-closed\"><svg xmlns=\"http:\/\/www.w3.org\/2000\/svg\" id=\"a\" width=\"43.104\" height=\"45.888\" viewbox=\"0 0 43.104 45.888\"><polygon points=\"24.096 20.16 24.096 0 19.008 0 19.008 20.16 0 20.16 0 25.248 19.008 25.248 19.008 45.888 24.096 45.888 24.096 25.248 43.104 25.248 43.104 20.16 24.096 20.16\"><\/polygon><\/svg><\/span>\n\t\t\t\t\t\t\t\t<span class=\"elementor-toggle-icon-opened\"><svg xmlns=\"http:\/\/www.w3.org\/2000\/svg\" id=\"a\" width=\"43\" height=\"6\" viewbox=\"0 0 43 6\"><rect width=\"43\" height=\"6\"><\/rect><\/svg><\/span>\n\t\t\t\t\t\t\t\t\t\t\t\t\t<\/span>\n\t\t\t\t\t\t\t\t\t\t\t\t<a class=\"elementor-toggle-title\" tabindex=\"0\">PLAZOS DE MATR\u00cdCULA<\/a>\n\t\t\t\t\t<\/h5>\n\n\t\t\t\t\t<div id=\"elementor-tab-content-9211\" class=\"elementor-tab-content elementor-clearfix\" data-tab=\"1\" role=\"region\" aria-labelledby=\"elementor-tab-title-9211\"><div class=\"et_pb_toggle_content clearfix\"><div class=\"et_pb_column et_pb_column_4_4 et_pb_column_2 et_pb_css_mix_blend_mode_passthrough et-last-child\"><div class=\"et_pb_module et_pb_text et_pb_text_2 et_pb_text_align_left et_pb_bg_layout_light\"><div class=\"et_pb_text_inner\"><div class=\"et_pb_module et_pb_text et_pb_text_2 et_pb_text_align_left et_pb_bg_layout_light\"><div class=\"et_pb_text_inner\"><p>Del 21 de junio al 16 de julio de 2025:<\/p><ul><li>Estudiantes de nuevo ingreso<\/li><\/ul><p>Del 8 al 26 de septiembre:<\/p><ul><li>Periodo extraordinario de matr\u00edcula para estudiantes del centro<\/li><\/ul><p>Del 22 al 26 de septiembre:<\/p><ul><li>Estudiantes de nuevo ingreso que han obtenido plaza tras las pruebas de acceso de septiembre<\/li><\/ul><p>Hasta el 8 de octubre se pueden hacer modificaciones de la matr\u00edcula. Para ello se puede acceder al siguiente <a href=\"https:\/\/coscyl.com\/wp-content\/uploads\/2023\/07\/MASTER-Solicitud-modificacion-matricula-1.pdf\">formulario<\/a>.<\/p><\/div><\/div><\/div><\/div><\/div><\/div><\/div>\n\t\t\t\t<\/div>\n\t\t\t\t\t\t\t<div class=\"elementor-toggle-item\">\n\t\t\t\t\t<h5 id=\"elementor-tab-title-9212\" class=\"elementor-tab-title\" data-tab=\"2\" role=\"button\" aria-controls=\"elementor-tab-content-9212\" aria-expanded=\"false\">\n\t\t\t\t\t\t\t\t\t\t\t\t<span class=\"elementor-toggle-icon elementor-toggle-icon-right\" aria-hidden=\"true\">\n\t\t\t\t\t\t\t\t\t\t\t\t\t\t\t<span class=\"elementor-toggle-icon-closed\"><svg xmlns=\"http:\/\/www.w3.org\/2000\/svg\" id=\"a\" width=\"43.104\" height=\"45.888\" viewbox=\"0 0 43.104 45.888\"><polygon points=\"24.096 20.16 24.096 0 19.008 0 19.008 20.16 0 20.16 0 25.248 19.008 25.248 19.008 45.888 24.096 45.888 24.096 25.248 43.104 25.248 43.104 20.16 24.096 20.16\"><\/polygon><\/svg><\/span>\n\t\t\t\t\t\t\t\t<span class=\"elementor-toggle-icon-opened\"><svg xmlns=\"http:\/\/www.w3.org\/2000\/svg\" id=\"a\" width=\"43\" height=\"6\" viewbox=\"0 0 43 6\"><rect width=\"43\" height=\"6\"><\/rect><\/svg><\/span>\n\t\t\t\t\t\t\t\t\t\t\t\t\t<\/span>\n\t\t\t\t\t\t\t\t\t\t\t\t<a class=\"elementor-toggle-title\" tabindex=\"0\">PROCESO DE MATRICULACI\u00d3N<\/a>\n\t\t\t\t\t<\/h5>\n\n\t\t\t\t\t<div id=\"elementor-tab-content-9212\" class=\"elementor-tab-content elementor-clearfix\" data-tab=\"2\" role=\"region\" aria-labelledby=\"elementor-tab-title-9212\"><p>El proceso de matriculaci\u00f3n se compone de 3 pasos:<\/p><ul><li>Matriculaci\u00f3n online<\/li><li>Abono de tasas de matr\u00edcula<\/li><li>Env\u00edo del justificante de pago<\/li><\/ul><p>Este m\u00e1ster est\u00e1 concebido para realizarse de forma completa en un curso. Sin embargo, se autoriza tambi\u00e9n la matr\u00edcula parcial bajo las siguientes condiciones:<\/p><ol><li>La matr\u00edcula el primer a\u00f1o ha de incluir el m\u00f3dulo obligatorio de especialidad completo y, en la especialidad de Orquesta, la asignatura de\u00a0<em>Pr\u00e1cticas de interpretaci\u00f3n<\/em>*. El alumno que no supere alguna de estas asignaturas durante el primer a\u00f1o deber\u00e1 matricularse de forma continua de las mismas hasta que las supere, salvo en el caso de las asignaturas de Pr\u00e1cticas de Interpretaci\u00f3n y de Orquesta en que no se permite y cuya no superaci\u00f3n supondr\u00eda la obligaci\u00f3n de abandonar el M\u00e1ster.<\/li><li>La matr\u00edcula del Trabajo fin de m\u00e1ster se podr\u00e1 realizar cuando el alumno haya superado o est\u00e9 matriculado de todas las dem\u00e1s asignaturas del m\u00e1ster.<\/li><\/ol><p><strong>\u00a0\u00a0\u00a0\u00a0\u00a0\u00a0<\/strong><\/p><p>Se recomienda contactar con jefatura de estudios de M\u00e1ster en caso de realizar matr\u00edcula parcial.<\/p><p>Se recomienda contactar con el tutor del M\u00e1ster o jefatura de estudios de M\u00e1ster si se necesita orientaci\u00f3n o informaci\u00f3n sobre las asignaturas optativas (entre las ofertadas dos asignaturas optativas de 5 ECTS cada una seg\u00fan el deseo de especializaci\u00f3n del alumno).<\/p><p><strong>\u00a0<\/strong><\/p><p><strong>Al finalizar el proceso, se obtiene un justificante de pago necesario para realizar el pago de las tasas de matr\u00edcula (ver secci\u00f3n \u201cTASAS DE MATR\u00cdCULA\u201d) que deber\u00e1 enviarse a secretariaadministrativa@coscyl.com<\/strong><\/p><p><strong>\u00a0<\/strong>______________________________________<\/p><p>(*) Asignaturas de matriculaci\u00f3n obligatoria por especialidad en caso de matr\u00edcula parcial (en el caso de la especialidad de Orquesta 36 ECTS y para las especialidades de Solista y M\u00fasica de C\u00e1mara 30):<\/p><p><strong>Especialidad Solista:<\/strong><\/p><ul><li>Interpretaci\u00f3n solista: 25 ECTS<\/li><li>Interpretaci\u00f3n con instrumentista de tecla acompa\u00f1ante: 5 ECTS<\/li><\/ul><p><strong>Especialidad M\u00fasica de C\u00e1mara:<\/strong><\/p><ul><li>M\u00fasica de c\u00e1mara: 25 ECTS<\/li><li>Taller de m\u00fasica contempor\u00e1nea: 5 ECTS<\/li><\/ul><p><strong>Especialidad Orquesta:<\/strong><\/p><ul><li>Pr\u00e1cticas de interpretaci\u00f3n (pr\u00e1cticas externas): 6 ECTS<\/li><li>Orquesta (pr\u00e1cticas externas): 15 ECTS<\/li><li>Pasajes orquestales: 15 ECTS<\/li><\/ul><\/div>\n\t\t\t\t<\/div>\n\t\t\t\t\t\t\t<div class=\"elementor-toggle-item\">\n\t\t\t\t\t<h5 id=\"elementor-tab-title-9213\" class=\"elementor-tab-title\" data-tab=\"3\" role=\"button\" aria-controls=\"elementor-tab-content-9213\" aria-expanded=\"false\">\n\t\t\t\t\t\t\t\t\t\t\t\t<span class=\"elementor-toggle-icon elementor-toggle-icon-right\" aria-hidden=\"true\">\n\t\t\t\t\t\t\t\t\t\t\t\t\t\t\t<span class=\"elementor-toggle-icon-closed\"><svg xmlns=\"http:\/\/www.w3.org\/2000\/svg\" id=\"a\" width=\"43.104\" height=\"45.888\" viewbox=\"0 0 43.104 45.888\"><polygon points=\"24.096 20.16 24.096 0 19.008 0 19.008 20.16 0 20.16 0 25.248 19.008 25.248 19.008 45.888 24.096 45.888 24.096 25.248 43.104 25.248 43.104 20.16 24.096 20.16\"><\/polygon><\/svg><\/span>\n\t\t\t\t\t\t\t\t<span class=\"elementor-toggle-icon-opened\"><svg xmlns=\"http:\/\/www.w3.org\/2000\/svg\" id=\"a\" width=\"43\" height=\"6\" viewbox=\"0 0 43 6\"><rect width=\"43\" height=\"6\"><\/rect><\/svg><\/span>\n\t\t\t\t\t\t\t\t\t\t\t\t\t<\/span>\n\t\t\t\t\t\t\t\t\t\t\t\t<a class=\"elementor-toggle-title\" tabindex=\"0\">TASAS Y FORMAS DE PAGO<\/a>\n\t\t\t\t\t<\/h5>\n\n\t\t\t\t\t<div id=\"elementor-tab-content-9213\" class=\"elementor-tab-content elementor-clearfix\" data-tab=\"3\" role=\"region\" aria-labelledby=\"elementor-tab-title-9213\"><div class=\"et_pb_toggle_content clearfix\"><p><em>Toda la informaci\u00f3n contenida en esta secci\u00f3n se puede consultar en el <a href=\"https:\/\/coscyl.com\/wp-content\/uploads\/2025\/05\/BOCYL-D-21062024-1.pdf\">DECRETO 11\/2024, de 20 de junio, por el que se establecen los precios p\u00fablicos por las ense\u00f1anzas de r\u00e9gimen especial en la Comunidad de Castilla y Le\u00f3n.<\/a><\/em><\/p><p>Tras realizar la solicitud de matr\u00edcula online, es necesario abonar las tasas de matr\u00edcula, empleando el resguardo de pago que se obtiene al finalizar el proceso de inscripci\u00f3n.<\/p><h5>PRECIOS P\u00daBLICOS, CURSO 2024\/2025<\/h5><p>El importe de la matr\u00edcula ser\u00e1 el resultado de sumar el precio de todos los cr\u00e9ditos ECTS en los que el alumnado solicite matricularse, m\u00e1s los servicios de secretar\u00eda.<\/p><table class=\"alignleft\" border=\"1\" cellspacing=\"5\" cellpadding=\"0\"><tbody><tr><td><p><strong>Precio por cr\u00e9dito ECTS<\/strong><\/p><\/td><td>44,27\u20ac<\/td><\/tr><tr><td><p><strong>Precio por servicios de Secretar\u00eda<\/strong><\/p><\/td><td><p>Apertura de expediente: 30,36\u20ac (se abona solamente la primera vez que el alumno se matricula en el centro)<\/p><p>Servicios administrativos: 21,05\u20ac (se abona cada curso escolar)<\/p><\/td><\/tr><tr><td><p><strong>Seguro escolar<\/strong><\/p><\/td><td>1,12\u20ac (Obligatorio s\u00f3lo para menores de 28 a\u00f1os)<\/td><\/tr><\/tbody><\/table><h3>\u00a0<\/h3><p><strong>Los solicitantes de beca de estudios no pagan ninguna cantidad en concepto de precios p\u00fablicos, servicios administrativos o apertura de expediente\u00a0en el momento de realizar la solicitud de matr\u00edcula.<\/strong><\/p><h3>Reducciones y bonificaciones<\/h3><ul><li>Miembros de familia numerosa general:\u00a0<strong>50% de reducci\u00f3n<\/strong>\u00a0<strong>del importe.<\/strong><\/li><li>Miembros de familia numerosa especial, alumnos con discapacidad, v\u00edctimas de actos terroristas y v\u00edctimas de violencia de g\u00e9nero:\u00a0<strong>100% de reducci\u00f3n<\/strong>\u00a0<strong>del importe.<\/strong><\/li><\/ul><p>Para m\u00e1s detalles sobre cada tipo de reducci\u00f3n\/exenci\u00f3n, ver m\u00e1s abajo la secci\u00f3n \u201cReducciones en los precios p\u00fablicos y situaciones especiales\u201d.<\/p><p><strong>Es necesario elegir la forma de pago en el momento de la inscripci\u00f3n. Existe la posibilidad de hacerlo mediante un solo pago \u00fanico (a realizar en el momento de solicitar la matr\u00edcula), o bien de fraccionarlo en tres pagos, que ser\u00e1n ingresados en las fechas y cuant\u00edas siguientes:<\/strong><\/p><ul><li>Primer pago: El 40% del importe de todos los cr\u00e9ditos ECTS m\u00e1s los precios de los servicios de secretar\u00eda, que se abonar\u00e1 al solicitar la matr\u00edcula.<\/li><li>Segundo pago: El 30% del importe de todos los cr\u00e9ditos ECTS, que se abonar\u00e1 entre el 1 y el 15 de diciembre de 2018.<\/li><li>tercer pago: El 30% restante, que se abonar\u00e1 entre el 1 y el 15 de marzo de 2019.<\/li><\/ul><p><em>(una vez realizada la matr\u00edcula, su posterior anulaci\u00f3n no supondr\u00e1 la devoluci\u00f3n del pago efectuado ni, en su caso, la exoneraci\u00f3n de las cuant\u00edas a\u00fan no ingresadas).<\/em><\/p><h3>Liquidaci\u00f3n de los precios p\u00fablicos<\/h3><p>Para abonar los precios p\u00fablicos se debe acudir con el justificante de pago que se obtiene al terminar la matr\u00edcula online\u00a0(4 copias)\u00a0a cualquier oficina bancaria. Tambi\u00e9n\u00a0podr\u00e1 realizarse una transferencia al siguiente n\u00famero de cuenta:<\/p><table border=\"1\" cellspacing=\"5\" cellpadding=\"1\"><tbody><tr><td><strong>Titular: COSCYL<\/strong><br \/><strong>UNICAJA: IBAN ES13 2103 2200 1900 3167 1179<\/strong><br \/><strong>Concepto: \u201cMatr\u00edcula\u201d y nombre completo del alumno<\/strong><\/td><\/tr><\/tbody><\/table><p>El justificante de pago deber\u00e1 enviarse a secretariaadministrativa@coscyl.com,\u00a0con fecha l\u00edmite de 20 de julio de 2022<\/p><h3>Seguro Escolar<\/h3><p>Es obligatorio para alumnos menores de 28 a\u00f1os\u00a0<u>abonar 1.12\u20ac en concepto de seguro escolar junto con la matr\u00edcula<\/u>.<\/p><p>Alternativamente, se podr\u00e1 realizar\u00a0<strong>el pago de 1,12 \u20ac del seguro escolar<\/strong>\u00a0mediante un ingreso\/transferencia en la siguiente cuenta:<\/p><p>UNICAJA: ES13 2103 2200 1900 3167 1179<br \/>Concepto: \u201cSeguro escolar\u201d y nombre del estudiante.<\/p><p>El justificante de este ingreso\/transferencia ser\u00e1 enviado junto con el resto de documentaci\u00f3n al centro por correo electr\u00f3nico a secretariaadministrativa@coscyl.com<\/p><p>En caso de tener el seguro escolar pagado por estar cursando otros estudios, se deber\u00e1 aportar un justificante de dicho seguro escolar.<\/p><h3>Reducciones en los precios p\u00fablicos y situaciones especiales<\/h3><p><strong>Alumnado que solicite beca de estudios<\/strong><\/p><p>Estos alumnos\u00a0<strong><em>no abonar\u00e1n ninguna cantidad en concepto de precios de la matr\u00edcula al formalizar su solicitud<\/em><\/strong>. Una vez solicitada la beca de estudios, se entregar\u00e1 en secretar\u00eda una copia de dicha solicitud.<br \/>Cuando se resuelva la convocatoria de becas, el alumnado beneficiario de beca estar\u00e1 exento del pago de los precios p\u00fablicos y deber\u00e1 presentar en secretar\u00eda la credencial correspondiente en el plazo m\u00e1ximo de 10 d\u00edas h\u00e1biles despu\u00e9s de su recepci\u00f3n, debiendo, en caso contrario, satisfacer los precios correspondientes a la matr\u00edcula que efectuaron.<br \/>El alumnado al que le sea denegada o revocada la beca, estar\u00e1 obligado a abonar los precios p\u00fablicos correspondientes a la matr\u00edcula formalizada en un plazo de 10 d\u00edas.<\/p><p><strong>Familias numerosas<\/strong><\/p><p>Se aplicar\u00e1 una bonificaci\u00f3n del 50% al alumnado miembro de una familia numerosa de categor\u00eda general, o del 100% en caso de familias numerosas de categor\u00eda especial.<\/p><p><strong>Alumnado con discapacidad<\/strong><\/p><p>Est\u00e1 exento del pago de los precios p\u00fablicos el alumnado que en el momento de formalizar la matr\u00edcula acredite tener reconocido un grado de discapacidad igual o superior al 33%.<br \/>Para comprobar esta circunstancia el alumnado deber\u00e1 entregar una fotocopia compulsada de la tarjeta acreditativa del grado de discapacidad o del certificado o resoluci\u00f3n sobre reconocimiento de grado de discapacidad dictados por el \u00f3rgano competente en esta materia.<\/p><p><strong>V\u00edctimas de actos terroristas<\/strong><\/p><p>Est\u00e1 exento del pago de los precios p\u00fablicos el alumnado que haya sido v\u00edctima de actos terroristas o sea hijo o c\u00f3nyuge no separado legalmente de fallecidos o heridos en actos terroristas.<br \/>La condici\u00f3n de v\u00edctima del terrorismo deber\u00e1 acreditarse al formalizar la matr\u00edcula mediante fotocopia compulsada del informe preceptivo del Ministerio del Interior de la resoluci\u00f3n de reconocimiento, por parte de la Administraci\u00f3n General del Estado, de pensi\u00f3n extraordinaria por acto de terrorismo o de sentencia judicial firme, en que se hubiese reconocido.<\/p><p><strong>V\u00edctimas de violencia de g\u00e9nero<\/strong><\/p><p>Est\u00e1 exento del pago de los precios p\u00fablicos el alumnado que haya sido reconocido como v\u00edctima de violencia de g\u00e9nero y aqu\u00e9l cuyas progenitoras la sufran.<br \/>Dicha circunstancia se deber\u00e1 acreditar al formalizar la matr\u00edcula mediante fotocopia compulsada de la resoluci\u00f3n judicial otorgando la orden de protecci\u00f3n o acordando medida cautelar, o de la sentencia firme que declare que la mujer padeci\u00f3 violencia, o de la certificaci\u00f3n o informe de los servicios sociales o sanitarios de la administraci\u00f3n p\u00fablica auton\u00f3mica o local, o del informe de la Inspecci\u00f3n de Trabajo y de la Seguridad Social.<\/p><p><strong>Becas (<\/strong>pr\u00f3ximamente<strong>)<\/strong><\/p><\/div><\/div>\n\t\t\t\t<\/div>\n\t\t\t\t\t\t\t<div class=\"elementor-toggle-item\">\n\t\t\t\t\t<h5 id=\"elementor-tab-title-9214\" class=\"elementor-tab-title\" data-tab=\"4\" role=\"button\" aria-controls=\"elementor-tab-content-9214\" aria-expanded=\"false\">\n\t\t\t\t\t\t\t\t\t\t\t\t<span class=\"elementor-toggle-icon elementor-toggle-icon-right\" aria-hidden=\"true\">\n\t\t\t\t\t\t\t\t\t\t\t\t\t\t\t<span class=\"elementor-toggle-icon-closed\"><svg xmlns=\"http:\/\/www.w3.org\/2000\/svg\" id=\"a\" width=\"43.104\" height=\"45.888\" viewbox=\"0 0 43.104 45.888\"><polygon points=\"24.096 20.16 24.096 0 19.008 0 19.008 20.16 0 20.16 0 25.248 19.008 25.248 19.008 45.888 24.096 45.888 24.096 25.248 43.104 25.248 43.104 20.16 24.096 20.16\"><\/polygon><\/svg><\/span>\n\t\t\t\t\t\t\t\t<span class=\"elementor-toggle-icon-opened\"><svg xmlns=\"http:\/\/www.w3.org\/2000\/svg\" id=\"a\" width=\"43\" height=\"6\" viewbox=\"0 0 43 6\"><rect width=\"43\" height=\"6\"><\/rect><\/svg><\/span>\n\t\t\t\t\t\t\t\t\t\t\t\t\t<\/span>\n\t\t\t\t\t\t\t\t\t\t\t\t<a class=\"elementor-toggle-title\" tabindex=\"0\">ACCESO A MATRICULACI\u00d3N ONLINE<\/a>\n\t\t\t\t\t<\/h5>\n\n\t\t\t\t\t<div id=\"elementor-tab-content-9214\" class=\"elementor-tab-content elementor-clearfix\" data-tab=\"4\" role=\"region\" aria-labelledby=\"elementor-tab-title-9214\"><p><strong><span style=\"color: #000000;\">Junio<\/span><\/strong><\/p><p><strong><span style=\"color: #ff0000;\">[NUEVO]<\/span><\/strong><span style=\"color: #000000;\">Abierto el plazo de matr\u00edcula para alumnos de nuevo ingreso en M\u00e1ster. Periodo de matriculaci\u00f3n: del 23\u00a0 junio al 16 de julio. <a href=\"https:\/\/www.codex.pro\/codexpro\/open\/ingress.do?centreId=13&amp;id=677&amp;ingressType=enroll&amp;schoolYearId=285\">acceso a codex<\/a><\/span><\/p><p class=\"et_pb_toggle_title\"><span style=\"font-size: 16px;\">La realizaci\u00f3n de la matr\u00edcula online se realiza en nuestra plataforma de gesti\u00f3n CodexPro. Es imprescindible emplear el mismo DNI y contrase\u00f1a de las pruebas de acceso. Los datos solicitados se refieren siempre al aspirante.<\/span><\/p><div class=\"et_pb_toggle_content clearfix\"><p><strong>IMPORTANTE: Se recuerda a aquellos candidatos pendientes de aportar la titulaci\u00f3n requerida, que deben entregarla en Secretar\u00eda Administrativa para poder iniciar el proceso de matriculaci\u00f3n.<br \/><\/strong><\/p><p><strong><br \/><a href=\"https:\/\/coscyl.com\/wp-content\/uploads\/2025\/06\/OPTATIVAS-MASTER-BREVE-DESCRIPCION.pdf\">ASIGNATURAS OPTATIVAS (curso 2025-2026)<\/a><\/strong><\/p><p><strong><span style=\"color: #ff0000;\">[NUEVO]<\/span> <a href=\"https:\/\/www.codex.pro\/codexpro\/open\/ingress.do?centreId=13&amp;id=676&amp;ingressType=enroll&amp;schoolYearId=285\" target=\"_blank\" rel=\"noopener\">MATRICULACI\u00d3N alumnado de nuevo ingreso (aprobados en junio de 2025)<\/a><\/strong><\/p><p>\u00a0 \u00a0 \u2022\u00a0<a href=\"http:\/\/www.coscyl.com\/wp-content\/uploads\/2023\/07\/Ejemplo-Matriculacion-\u2013-Nuevos-alumnos.pdf\">Ejemplo de matriculaci\u00f3n de alumnado de nuevo ingreso, tras superar las pruebas de acceso<\/a><\/p><div>\u00a0<\/div><p><b>MATRICULACI\u00d3N alumnado que contin\u00faa estudios en el COSCYL\u00a0<\/b><\/p><p>Se puede realizar la matricula en septiembre a trav\u00e9s del siguiente enlace:<\/p><p><a href=\"https:\/\/www.codex.pro\/codexpro\/open\/ingress.do?centreId=13&amp;id=677&amp;ingressType=enroll&amp;schoolYearId=285\">https:\/\/www.codex.pro\/codexpro\/open\/ingress.do?centreId=13&amp;id=677&amp;ingressType=enroll&amp;schoolYearId=285<\/a><\/p><p>\u00a0 \u00a0 \u2022\u00a0<a href=\"http:\/\/www.coscyl.com\/wp-content\/uploads\/2023\/07\/Ejemplo-Matriculacion-\u2013-Antiguos-alumnos.pdf\">Ejemplo de matriculaci\u00f3n de alumnado que contin\u00faa sus estudios en el COSCYL<\/a><\/p><\/div><\/div>\n\t\t\t\t<\/div>\n\t\t\t\t\t\t\t<div class=\"elementor-toggle-item\">\n\t\t\t\t\t<h5 id=\"elementor-tab-title-9215\" class=\"elementor-tab-title\" data-tab=\"5\" role=\"button\" aria-controls=\"elementor-tab-content-9215\" aria-expanded=\"false\">\n\t\t\t\t\t\t\t\t\t\t\t\t<span class=\"elementor-toggle-icon elementor-toggle-icon-right\" aria-hidden=\"true\">\n\t\t\t\t\t\t\t\t\t\t\t\t\t\t\t<span class=\"elementor-toggle-icon-closed\"><svg xmlns=\"http:\/\/www.w3.org\/2000\/svg\" id=\"a\" width=\"43.104\" height=\"45.888\" viewbox=\"0 0 43.104 45.888\"><polygon points=\"24.096 20.16 24.096 0 19.008 0 19.008 20.16 0 20.16 0 25.248 19.008 25.248 19.008 45.888 24.096 45.888 24.096 25.248 43.104 25.248 43.104 20.16 24.096 20.16\"><\/polygon><\/svg><\/span>\n\t\t\t\t\t\t\t\t<span class=\"elementor-toggle-icon-opened\"><svg xmlns=\"http:\/\/www.w3.org\/2000\/svg\" id=\"a\" width=\"43\" height=\"6\" viewbox=\"0 0 43 6\"><rect width=\"43\" height=\"6\"><\/rect><\/svg><\/span>\n\t\t\t\t\t\t\t\t\t\t\t\t\t<\/span>\n\t\t\t\t\t\t\t\t\t\t\t\t<a class=\"elementor-toggle-title\" tabindex=\"0\">ENV\u00cdO DE LA DOCUMENTACI\u00d3N<\/a>\n\t\t\t\t\t<\/h5>\n\n\t\t\t\t\t<div id=\"elementor-tab-content-9215\" class=\"elementor-tab-content elementor-clearfix\" data-tab=\"5\" role=\"region\" aria-labelledby=\"elementor-tab-title-9215\"><p class=\"et_pb_toggle_title\"><span style=\"font-size: 16px;\">Inmediatamente despu\u00e9s de realizar la matricula online, se remitir\u00e1 al centro toda la documentaci\u00f3n:<\/span><\/p><div class=\"et_pb_toggle_content clearfix\"><ul><li>Justificante de pago realizado, o justificante correspondiente para la reducci\u00f3n \/ exenci\u00f3n de pago.<\/li><\/ul><p>La matr\u00edcula no se considerar\u00e1 confirmada si no se recibe en Secretar\u00eda Administrativa la documentaci\u00f3n, as\u00ed como si no se subsanan los errores detectados.<\/p><\/div><\/div>\n\t\t\t\t<\/div>\n\t\t\t\t\t\t\t\t<\/div>\n\t\t\t\t\t\t<\/div>\n\t\t\t\t<\/div>\n\t\t\t\t<\/div>\n\t\t\t\t<\/div>\n\t\t\t\t<\/div>","protected":false},"excerpt":{"rendered":"<p>Matr\u00edcula Curso 2025-2026 M\u00e1ster en Interpretaci\u00f3n Musical PLAZOS DE MATR\u00cdCULA Del 21 de junio al 16 de julio de 2025: Estudiantes de nuevo ingreso Del 8 al 26 de septiembre: Periodo extraordinario de matr\u00edcula para estudiantes del centro Del 22 al 26 de septiembre: Estudiantes de nuevo ingreso que han obtenido plaza tras las pruebas [&hellip;]<\/p>","protected":false},"author":1,"featured_media":0,"parent":0,"menu_order":0,"comment_status":"closed","ping_status":"closed","template":"elementor_header_footer","meta":{"footnotes":""},"class_list":["post-2078","page","type-page","status-publish","hentry"],"_links":{"self":[{"href":"https:\/\/coscyl.com\/en\/wp-json\/wp\/v2\/pages\/2078","targetHints":{"allow":["GET"]}}],"collection":[{"href":"https:\/\/coscyl.com\/en\/wp-json\/wp\/v2\/pages"}],"about":[{"href":"https:\/\/coscyl.com\/en\/wp-json\/wp\/v2\/types\/page"}],"author":[{"embeddable":true,"href":"https:\/\/coscyl.com\/en\/wp-json\/wp\/v2\/users\/1"}],"replies":[{"embeddable":true,"href":"https:\/\/coscyl.com\/en\/wp-json\/wp\/v2\/comments?post=2078"}],"version-history":[{"count":88,"href":"https:\/\/coscyl.com\/en\/wp-json\/wp\/v2\/pages\/2078\/revisions"}],"predecessor-version":[{"id":11470,"href":"https:\/\/coscyl.com\/en\/wp-json\/wp\/v2\/pages\/2078\/revisions\/11470"}],"wp:attachment":[{"href":"https:\/\/coscyl.com\/en\/wp-json\/wp\/v2\/media?parent=2078"}],"curies":[{"name":"wp","href":"https:\/\/api.w.org\/{rel}","templated":true}]}}