{"id":2059,"date":"2023-07-13T07:55:49","date_gmt":"2023-07-13T07:55:49","guid":{"rendered":"http:\/\/www.coscyl.com\/?page_id=2059"},"modified":"2025-09-04T12:01:29","modified_gmt":"2025-09-04T10:01:29","slug":"matricula-grado","status":"publish","type":"page","link":"https:\/\/coscyl.com\/en\/matricula-grado\/","title":{"rendered":"Matr\u00edcula Grado"},"content":{"rendered":"<div data-elementor-type=\"wp-page\" data-elementor-id=\"2059\" class=\"elementor elementor-2059\" data-elementor-post-type=\"page\">\n\t\t\t\t<div class=\"elementor-element elementor-element-1122903 e-con-full e-flex e-con e-parent\" data-id=\"1122903\" data-element_type=\"container\">\n\t\t\t\t<div class=\"elementor-element elementor-element-872b847 elementor-widget elementor-widget-heading\" data-id=\"872b847\" data-element_type=\"widget\" data-widget_type=\"heading.default\">\n\t\t\t\t<div class=\"elementor-widget-container\">\n\t\t\t\t\t<h2 class=\"elementor-heading-title elementor-size-default\">Matr\u00edcula Curso 2025-2026<\/h2>\t\t\t\t<\/div>\n\t\t\t\t<\/div>\n\t\t\t\t<div class=\"elementor-element elementor-element-a4a9272 elementor-widget elementor-widget-heading\" data-id=\"a4a9272\" data-element_type=\"widget\" data-widget_type=\"heading.default\">\n\t\t\t\t<div class=\"elementor-widget-container\">\n\t\t\t\t\t<h2 class=\"elementor-heading-title elementor-size-default\">Grado en Ense\u00f1anzas Art\u00edsticas Superiores de M\u00fasica<\/h2>\t\t\t\t<\/div>\n\t\t\t\t<\/div>\n\t\t\t\t<div class=\"elementor-element elementor-element-e8be251 elementor-widget-divider--view-line elementor-widget elementor-widget-divider\" data-id=\"e8be251\" data-element_type=\"widget\" data-widget_type=\"divider.default\">\n\t\t\t\t<div class=\"elementor-widget-container\">\n\t\t\t\t\t\t\t<div class=\"elementor-divider\">\n\t\t\t<span class=\"elementor-divider-separator\">\n\t\t\t\t\t\t<\/span>\n\t\t<\/div>\n\t\t\t\t\t\t<\/div>\n\t\t\t\t<\/div>\n\t\t\t\t<\/div>\n\t\t<div class=\"elementor-element elementor-element-3763fca e-con-full e-flex e-con e-parent\" data-id=\"3763fca\" data-element_type=\"container\" data-settings=\"{&quot;background_background&quot;:&quot;classic&quot;}\">\n\t\t<div class=\"elementor-element elementor-element-c2ee0c0 e-con-full e-flex elementor-invisible e-con e-child\" data-id=\"c2ee0c0\" data-element_type=\"container\" data-settings=\"{&quot;animation&quot;:&quot;fadeIn&quot;}\">\n\t\t\t\t<div class=\"elementor-element elementor-element-57e28b5 elementor-widget__width-initial faq elementor-widget elementor-widget-toggle\" data-id=\"57e28b5\" data-element_type=\"widget\" data-widget_type=\"toggle.default\">\n\t\t\t\t<div class=\"elementor-widget-container\">\n\t\t\t\t\t\t\t<div class=\"elementor-toggle\">\n\t\t\t\t\t\t\t<div class=\"elementor-toggle-item\">\n\t\t\t\t\t<h5 id=\"elementor-tab-title-9211\" class=\"elementor-tab-title\" data-tab=\"1\" role=\"button\" aria-controls=\"elementor-tab-content-9211\" aria-expanded=\"false\">\n\t\t\t\t\t\t\t\t\t\t\t\t<span class=\"elementor-toggle-icon elementor-toggle-icon-right\" aria-hidden=\"true\">\n\t\t\t\t\t\t\t\t\t\t\t\t\t\t\t<span class=\"elementor-toggle-icon-closed\"><svg xmlns=\"http:\/\/www.w3.org\/2000\/svg\" id=\"a\" width=\"43.104\" height=\"45.888\" viewbox=\"0 0 43.104 45.888\"><polygon points=\"24.096 20.16 24.096 0 19.008 0 19.008 20.16 0 20.16 0 25.248 19.008 25.248 19.008 45.888 24.096 45.888 24.096 25.248 43.104 25.248 43.104 20.16 24.096 20.16\"><\/polygon><\/svg><\/span>\n\t\t\t\t\t\t\t\t<span class=\"elementor-toggle-icon-opened\"><svg xmlns=\"http:\/\/www.w3.org\/2000\/svg\" id=\"a\" width=\"43\" height=\"6\" viewbox=\"0 0 43 6\"><rect width=\"43\" height=\"6\"><\/rect><\/svg><\/span>\n\t\t\t\t\t\t\t\t\t\t\t\t\t<\/span>\n\t\t\t\t\t\t\t\t\t\t\t\t<a class=\"elementor-toggle-title\" tabindex=\"0\">PLAZOS DE MATR\u00cdCULA<\/a>\n\t\t\t\t\t<\/h5>\n\n\t\t\t\t\t<div id=\"elementor-tab-content-9211\" class=\"elementor-tab-content elementor-clearfix\" data-tab=\"1\" role=\"region\" aria-labelledby=\"elementor-tab-title-9211\"><div class=\"et_pb_toggle_content clearfix\"><div class=\"et_pb_column et_pb_column_4_4 et_pb_column_2 et_pb_css_mix_blend_mode_passthrough et-last-child\"><div class=\"et_pb_module et_pb_text et_pb_text_2 et_pb_text_align_left et_pb_bg_layout_light\"><div class=\"et_pb_text_inner\"><div class=\"et_pb_module et_pb_text et_pb_text_2 et_pb_text_align_left et_pb_bg_layout_light\"><div class=\"et_pb_text_inner\"><ul><li>Estudiantes del centro con todas las asignaturas superadas en junio: Del 25 de junio al 31 de julio de 2025.<\/li><\/ul><ul><li>Estudiantes de nuevo ingreso: Del di\u0301a siguiente al que se publique el listado de admitidos al centro hasta el di\u0301a 16 de julio de 2025:<\/li><\/ul><ul><li>Periodo extraordinario de matr\u00edcula para estudiantes del centro: Del 4 al 18 de septiembre de 2025:<\/li><\/ul><ul><li>Estudiantes de nuevo ingreso que han obtenido plaza tras las pruebas de acceso de septiembre: Del di\u0301a siguiente al que se publique el listado de admitidos hasta el di\u0301a 25 de septiembre de 2025:<\/li><\/ul><p>Plazo para la <a href=\"https:\/\/coscyl.com\/wp-content\/uploads\/2023\/07\/Solicitud-modificar-matricula-1.pdf\" target=\"_blank\" rel=\"noopener\">modificaci\u00f3n de matr\u00edcula<\/a>: Hasta 9 de octubre de 2025<\/p><\/div><\/div><\/div><\/div><\/div><\/div><\/div>\n\t\t\t\t<\/div>\n\t\t\t\t\t\t\t<div class=\"elementor-toggle-item\">\n\t\t\t\t\t<h5 id=\"elementor-tab-title-9212\" class=\"elementor-tab-title\" data-tab=\"2\" role=\"button\" aria-controls=\"elementor-tab-content-9212\" aria-expanded=\"false\">\n\t\t\t\t\t\t\t\t\t\t\t\t<span class=\"elementor-toggle-icon elementor-toggle-icon-right\" aria-hidden=\"true\">\n\t\t\t\t\t\t\t\t\t\t\t\t\t\t\t<span class=\"elementor-toggle-icon-closed\"><svg xmlns=\"http:\/\/www.w3.org\/2000\/svg\" id=\"a\" width=\"43.104\" height=\"45.888\" viewbox=\"0 0 43.104 45.888\"><polygon points=\"24.096 20.16 24.096 0 19.008 0 19.008 20.16 0 20.16 0 25.248 19.008 25.248 19.008 45.888 24.096 45.888 24.096 25.248 43.104 25.248 43.104 20.16 24.096 20.16\"><\/polygon><\/svg><\/span>\n\t\t\t\t\t\t\t\t<span class=\"elementor-toggle-icon-opened\"><svg xmlns=\"http:\/\/www.w3.org\/2000\/svg\" id=\"a\" width=\"43\" height=\"6\" viewbox=\"0 0 43 6\"><rect width=\"43\" height=\"6\"><\/rect><\/svg><\/span>\n\t\t\t\t\t\t\t\t\t\t\t\t\t<\/span>\n\t\t\t\t\t\t\t\t\t\t\t\t<a class=\"elementor-toggle-title\" tabindex=\"0\">PLAN DE ESTUDIOS<\/a>\n\t\t\t\t\t<\/h5>\n\n\t\t\t\t\t<div id=\"elementor-tab-content-9212\" class=\"elementor-tab-content elementor-clearfix\" data-tab=\"2\" role=\"region\" aria-labelledby=\"elementor-tab-title-9212\"><div class=\"et_pb_toggle_content clearfix\"><div class=\"et_pb_module et_pb_text et_pb_text_5 et_pb_text_align_left et_pb_bg_layout_light\"><div class=\"et_pb_text_inner\"><p>Cada curso consta de 60 cr\u00e9ditos ECTS y la matr\u00edcula se realiza de manera telem\u00e1tica en nuestra plataforma de gesti\u00f3n CodexPro. Por lo tanto, recomendamos que cada a\u00f1o la matr\u00edcula online sume 60 cr\u00e9ditos respetando la configuraci\u00f3n de cada plan de estudios.<\/p><ul><li>Si alg\u00fan estudiante necesita matricularse de m\u00e1s de 60 ECTS: Deber\u00e1 entregar el formulario de\u00a0<a href=\"http:\/\/www.coscyl.com\/wp-content\/uploads\/2023\/07\/Solicitud-matricula-en-asignaturas-cursos-superiores.pdf\"><b>ampliaci\u00f3n de matr\u00edcula<\/b><\/a>, solicitando asignaturas adicionales,\u00a0en Jefatura de Estudios, que valorar\u00e1 cada caso.\u00a0<\/li><\/ul><ul><li>Si alg\u00fan estudiante necesita matricularse de menos de 60 cr\u00e9ditos: Deber\u00e1 tener en cuenta que el m\u00e1ximo n\u00famero de a\u00f1os de permanencia en el centro es seis, y\u00a0que la administraci\u00f3n no concede becas si la matriculaci\u00f3n es inferior a 60 cr\u00e9ditos. Adem\u00e1s, si es tu primer a\u00f1o en primer curso, solo se permitir\u00e1n matr\u00edculas\u00a0inferiores a 60 ECTS por causas que habr\u00e1 de justificar en Secretar\u00eda: estar trabajando, enfermedad grave, discapacidad \u2265 33%, tener \u2265 55 a\u00f1os, estar al cuidado de dependientes o estar\u00a0cursando varias especialidades a la vez en este centro.<\/li><\/ul><\/div><\/div><\/div><\/div>\n\t\t\t\t<\/div>\n\t\t\t\t\t\t\t<div class=\"elementor-toggle-item\">\n\t\t\t\t\t<h5 id=\"elementor-tab-title-9213\" class=\"elementor-tab-title\" data-tab=\"3\" role=\"button\" aria-controls=\"elementor-tab-content-9213\" aria-expanded=\"false\">\n\t\t\t\t\t\t\t\t\t\t\t\t<span class=\"elementor-toggle-icon elementor-toggle-icon-right\" aria-hidden=\"true\">\n\t\t\t\t\t\t\t\t\t\t\t\t\t\t\t<span class=\"elementor-toggle-icon-closed\"><svg xmlns=\"http:\/\/www.w3.org\/2000\/svg\" id=\"a\" width=\"43.104\" height=\"45.888\" viewbox=\"0 0 43.104 45.888\"><polygon points=\"24.096 20.16 24.096 0 19.008 0 19.008 20.16 0 20.16 0 25.248 19.008 25.248 19.008 45.888 24.096 45.888 24.096 25.248 43.104 25.248 43.104 20.16 24.096 20.16\"><\/polygon><\/svg><\/span>\n\t\t\t\t\t\t\t\t<span class=\"elementor-toggle-icon-opened\"><svg xmlns=\"http:\/\/www.w3.org\/2000\/svg\" id=\"a\" width=\"43\" height=\"6\" viewbox=\"0 0 43 6\"><rect width=\"43\" height=\"6\"><\/rect><\/svg><\/span>\n\t\t\t\t\t\t\t\t\t\t\t\t\t<\/span>\n\t\t\t\t\t\t\t\t\t\t\t\t<a class=\"elementor-toggle-title\" tabindex=\"0\">TASAS Y FORMA DE PAGO<\/a>\n\t\t\t\t\t<\/h5>\n\n\t\t\t\t\t<div id=\"elementor-tab-content-9213\" class=\"elementor-tab-content elementor-clearfix\" data-tab=\"3\" role=\"region\" aria-labelledby=\"elementor-tab-title-9213\"><table><tbody><tr><td><strong>PAGO \u00daNICO<\/strong><\/td><td><strong>PAGO FRACCIONADO<\/strong><\/td><\/tr><tr><td><ul><li>Apertura de expediente (solo primera vez en el COSCYL): 30,36\u20ac<\/li><li>Servicios administrativos: 21,05\u20ac<\/li><li>Seguro escolar: 1,12\u20ac<\/li><li>Total de cr\u00e9ditos: 22,06\u20ac *por cada cr\u00e9dito ECTS<\/li><\/ul><p><strong>(El justificante de pago deber\u00e1 enviarse inmediatamente tras realizar la matr\u00edcula)<\/strong><\/p><\/td><td><p><strong>PRIMER<\/strong>\u00a0<strong>PLAZO:<\/strong><\/p><ul><li>Apertura de expediente (solo primera vez en el COSCYL): 30,36\u20ac<\/li><li>Servicios administrativos: 21,05\u20ac<\/li><li>Seguro escolar: 1,12\u20ac<\/li><li>40% del total de cr\u00e9ditos: 22,06\u20ac *por cada cr\u00e9dito ECTS<\/li><\/ul><p><strong>(El justificante de pago del primer plazo deber\u00e1 enviarse inmediatamente tras realizar la matr\u00edcula)<\/strong><\/p><p><strong>________________________________________<\/strong><\/p><p><strong>SEGUNDO PLAZO:<\/strong><\/p><ul><li>30% del total de cr\u00e9ditos: 22,06\u20ac *por cada cr\u00e9dito ECTS<\/li><\/ul><p><strong>(Per\u00edodo de pago: del 1 al 15 de diciembre)<\/strong><\/p><p><strong>________________________________________<\/strong><\/p><p><strong>TERCER PLAZO:<\/strong><\/p><ul><li>30% del total de cr\u00e9ditos: 22,06\u20ac *por cada cr\u00e9dito ECTS<\/li><\/ul><p><strong>(Per\u00edodo de pago: del 1 al 15 de marzo)<\/strong><\/p><\/td><\/tr><\/tbody><\/table><div class=\"et_pb_module et_pb_text et_pb_text_11 et_pb_text_align_left et_pb_bg_layout_light\"><div class=\"et_pb_text_inner\"><p><strong>*<\/strong>\u00a033,19 \u20ac cada cr\u00e9dito de aquella asignatura no superada que deba repetirse una vez. 53,03 \u20ac cada cr\u00e9dito de aquella asignatura no superada que se repita m\u00e1s de una vez.<\/p><\/div><\/div><div class=\"et_pb_module et_pb_text et_pb_text_12 et_pb_text_align_left et_pb_bg_layout_light\"><div class=\"et_pb_text_inner\"><blockquote><p>Entidad:\u00a0<strong>UNICAJA<\/strong><br \/>N\u00famero de cuenta bancaria IBAN:\u00a0<strong>ES13 2103 2200 1900 3167 1179<\/strong><br \/>C\u00f3digo BIC\/SWIFT para ingresos desde el extranjero:\u00a0<strong>UCJAES2M<\/strong><br \/>Titular:\u00a0<strong>COSCYL<\/strong><br \/>Concepto: \u201c<strong>Matr\u00edcula + [nombre completo del\/de la estudiante]<\/strong>\u201c<\/p><\/blockquote><\/div><\/div><h4>\u00a0<\/h4><h4><strong>SEGURO ESCOLAR<\/strong><\/h4><p>Es obligatorio para estudiantes menores de 28 a\u00f1os\u00a0abonar 1.12\u20ac en concepto de seguro escolar junto con la matr\u00edcula.<\/p><p>Alternativamente, se podr\u00e1 realizar\u00a0<strong>el pago de 1,12 \u20ac del seguro escolar\u00a0<\/strong>mediante un ingreso\/transferencia en la siguiente cuenta:<\/p><p><strong>UNICAJA: ES1321032200190031671179<\/strong><br \/><strong>Concepto: \u201cSeguro escolar\u201d y nombre del estudiante.<\/strong><\/p><p>El justificante de este ingreso\/transferencia ser\u00e1 enviado junto con el resto de documentaci\u00f3n al centro por correo electr\u00f3nico a\u00a0<strong>secretariaadministrativa@coscyl.com<\/strong><\/p><p>En caso de tener el seguro escolar pagado por estar cursando otros estudios, se deber\u00e1 aportar un justificante de dicho seguro escolar.<\/p><\/div>\n\t\t\t\t<\/div>\n\t\t\t\t\t\t\t<div class=\"elementor-toggle-item\">\n\t\t\t\t\t<h5 id=\"elementor-tab-title-9214\" class=\"elementor-tab-title\" data-tab=\"4\" role=\"button\" aria-controls=\"elementor-tab-content-9214\" aria-expanded=\"false\">\n\t\t\t\t\t\t\t\t\t\t\t\t<span class=\"elementor-toggle-icon elementor-toggle-icon-right\" aria-hidden=\"true\">\n\t\t\t\t\t\t\t\t\t\t\t\t\t\t\t<span class=\"elementor-toggle-icon-closed\"><svg xmlns=\"http:\/\/www.w3.org\/2000\/svg\" id=\"a\" width=\"43.104\" height=\"45.888\" viewbox=\"0 0 43.104 45.888\"><polygon points=\"24.096 20.16 24.096 0 19.008 0 19.008 20.16 0 20.16 0 25.248 19.008 25.248 19.008 45.888 24.096 45.888 24.096 25.248 43.104 25.248 43.104 20.16 24.096 20.16\"><\/polygon><\/svg><\/span>\n\t\t\t\t\t\t\t\t<span class=\"elementor-toggle-icon-opened\"><svg xmlns=\"http:\/\/www.w3.org\/2000\/svg\" id=\"a\" width=\"43\" height=\"6\" viewbox=\"0 0 43 6\"><rect width=\"43\" height=\"6\"><\/rect><\/svg><\/span>\n\t\t\t\t\t\t\t\t\t\t\t\t\t<\/span>\n\t\t\t\t\t\t\t\t\t\t\t\t<a class=\"elementor-toggle-title\" tabindex=\"0\">REDUCCIONES Y EXENCIONES DE PAGO<\/a>\n\t\t\t\t\t<\/h5>\n\n\t\t\t\t\t<div id=\"elementor-tab-content-9214\" class=\"elementor-tab-content elementor-clearfix\" data-tab=\"4\" role=\"region\" aria-labelledby=\"elementor-tab-title-9214\"><p class=\"et_pb_toggle_title\"><span style=\"font-size: 16px;\">Aportando los justificantes correspondientes, existe derecho a las siguientes reducciones y exenciones:<\/span><\/p><div class=\"et_pb_toggle_content clearfix\"><div class=\"et_pb_row et_pb_row_7\"><div class=\"et_pb_column et_pb_column_1_2 et_pb_column_9 et_pb_css_mix_blend_mode_passthrough et-last-child\"><div class=\"et_pb_module et_pb_text et_pb_text_15 beneficios et_pb_text_align_left et_pb_bg_layout_light\"><div>\u00a0<\/div><div><strong>POR ASUNTOS ACAD\u00c9MICOS:<\/strong><\/div><div class=\"et_pb_text_inner\">\u00a0<\/div><ul><li>Matr\u00edcula de Honor global en segundo curso de Bachillerato (EXENTO DE PAGO)<\/li><li>Premio Extraordinario de Bachillerato en Castilla y Le\u00f3n (EXENTO DE PAGO)<\/li><li>Premio Extraordinario de Ense\u00f1anzas Profesionales de M\u00fasica en Castilla y Le\u00f3n (EXENTO DE PAGO)<\/li><li>Por obtenci\u00f3n de Sobresalientes en el COSCYL (Descuento de 22,06\u20ac por cada cr\u00e9dito ECTS en el que se ha obtenido Sobresaliente en el curso inmediatamente anterior)<\/li><\/ul><p><strong><br \/>POR ASUNTOS PERSONALES:<\/strong><\/p><ul><li>Miembro de familia numerosa especial (EXENTO DE PAGO)<\/li><li>Miembro de familia numerosa general (REDUCCI\u00d3N DEL 50%)<\/li><li>Discapacidad igual o superior al 33% (EXENTO DE PAGO)<\/li><li>V\u00edctimas de terrorismo (tambi\u00e9n hijo o c\u00f3nyuge) (EXENTO DE PAGO)<\/li><li>V\u00edctima de violencia de g\u00e9nero (EXENTO DE PAGO)<\/li><\/ul><\/div><\/div><\/div><div class=\"et_pb_row et_pb_row_8\"><div class=\"et_pb_column et_pb_column_4_4 et_pb_column_10 et_pb_css_mix_blend_mode_passthrough et-last-child\"><div class=\"et_pb_module et_pb_text et_pb_text_16 et_pb_text_align_left et_pb_bg_layout_light\"><div class=\"et_pb_text_inner\"><p>Las personas solicitantes de beca podr\u00e1n formalizar la matr\u00edcula sin previo pago de los precios p\u00fablicos establecidos, acreditando esta circunstancia mediante una copia de la solicitud. Una vez resuelta la convocatoria de becas, quienes hayan resultado beneficiarias deber\u00e1n presentar la credencial correspondiente en la Secretar\u00eda Administrativa del centro en el plazo m\u00e1ximo de 10 d\u00edas h\u00e1biles despu\u00e9s de su recepci\u00f3n; en el caso de hab\u00e9rseles denegado la beca deber\u00e1n satisfacer los precios correspondientes en el plazo m\u00e1ximo de 10 d\u00edas h\u00e1biles.<\/p><\/div><\/div><\/div><\/div><\/div><\/div>\n\t\t\t\t<\/div>\n\t\t\t\t\t\t\t<div class=\"elementor-toggle-item\">\n\t\t\t\t\t<h5 id=\"elementor-tab-title-9215\" class=\"elementor-tab-title\" data-tab=\"5\" role=\"button\" aria-controls=\"elementor-tab-content-9215\" aria-expanded=\"false\">\n\t\t\t\t\t\t\t\t\t\t\t\t<span class=\"elementor-toggle-icon elementor-toggle-icon-right\" aria-hidden=\"true\">\n\t\t\t\t\t\t\t\t\t\t\t\t\t\t\t<span class=\"elementor-toggle-icon-closed\"><svg xmlns=\"http:\/\/www.w3.org\/2000\/svg\" id=\"a\" width=\"43.104\" height=\"45.888\" viewbox=\"0 0 43.104 45.888\"><polygon points=\"24.096 20.16 24.096 0 19.008 0 19.008 20.16 0 20.16 0 25.248 19.008 25.248 19.008 45.888 24.096 45.888 24.096 25.248 43.104 25.248 43.104 20.16 24.096 20.16\"><\/polygon><\/svg><\/span>\n\t\t\t\t\t\t\t\t<span class=\"elementor-toggle-icon-opened\"><svg xmlns=\"http:\/\/www.w3.org\/2000\/svg\" id=\"a\" width=\"43\" height=\"6\" viewbox=\"0 0 43 6\"><rect width=\"43\" height=\"6\"><\/rect><\/svg><\/span>\n\t\t\t\t\t\t\t\t\t\t\t\t\t<\/span>\n\t\t\t\t\t\t\t\t\t\t\t\t<a class=\"elementor-toggle-title\" tabindex=\"0\">ACCESO A MATRICULACI\u00d3N ONLINE<\/a>\n\t\t\t\t\t<\/h5>\n\n\t\t\t\t\t<div id=\"elementor-tab-content-9215\" class=\"elementor-tab-content elementor-clearfix\" data-tab=\"5\" role=\"region\" aria-labelledby=\"elementor-tab-title-9215\"><div class=\"et_pb_toggle_content clearfix\"><p><strong>SEPTIEMBRE<\/strong><\/p><p>Estudiantes de nuevo ingreso que han obtenido plaza tras las pruebas de acceso de septiembre: Del di\u0301a siguiente al que se publique el listado de admitidos hasta el di\u0301a 25 de septiembre de 2025<\/p><p>\u2022\u00a0<a href=\"http:\/\/www.coscyl.com\/wp-content\/uploads\/2023\/07\/Ejemplo-Matriculacion-%E2%80%93-Nuevos-alumnos.pdf\">Ejemplo de matriculaci\u00f3n de alumnado de nuevo ingreso, tras superar las pruebas de acceso<\/a><\/p><p>Antes de iniciar la matriculaci\u00f3n online es imprescindible conocer bien la configuraci\u00f3n del\u00a0<strong>plan de estudios<\/strong> de cada especialidad (<a href=\"https:\/\/coscyl.com\/en\/especialidad-de-composicion\/\" target=\"_blank\" rel=\"noopener\">Composici\u00f3n<\/a>, <a href=\"https:\/\/coscyl.com\/en\/especialidad-de-interpretacion\/\" target=\"_blank\" rel=\"noopener\">Interpretaci\u00f3n<\/a> o <a href=\"https:\/\/coscyl.com\/en\/especialidad-de-musicologia-y-etnomusicologia\/\" target=\"_blank\" rel=\"noopener\">Musicolog\u00eda<\/a>) e itinerario, as\u00ed como el listado de las asignaturas optativas que se ofertan este a\u00f1o lectivo.<\/p><p><span style=\"color: #ff0000;\"><span style=\"color: #000000;\">Fecha l\u00edmite: <span style=\"color: #ff0000;\"><strong>25 de septiembre de 2025 inclusive<\/strong><\/span>. <a href=\"https:\/\/www.codex.pro\/codexpro\/open\/ingress.do?centreId=13&amp;id=685&amp;ingressType=enroll&amp;schoolYearId=286\">Enlace a codex para realizar la matr\u00edcula<\/a><\/span><\/span><\/p><p>La realizaci\u00f3n de la matr\u00edcula online se realiza en nuestra plataforma de gesti\u00f3n CodexPro. Es imprescindible emplear el mismo DNI y contrase\u00f1a de las pruebas de acceso. Los datos solicitados se refieren siempre al aspirante.<\/p><p><strong>IMPORTANTE: Se recuerda a aquellos candidatos pendientes de aportar la titulaci\u00f3n requerida, que deben entregarla en Secretar\u00eda Administrativa para poder iniciar el proceso de matriculaci\u00f3n.<br \/><\/strong><\/p><p><strong><a href=\"https:\/\/coscyl.com\/wp-content\/uploads\/2025\/07\/OPTATIVAS-2025-2026-OFERTA.pdf\">OPTATIVAS 2025-2026 OFERTA<\/a><\/strong><\/p><p><strong>OTRA DOCUMENTACI\u00d3N<\/strong><\/p><p><strong><a href=\"https:\/\/coscyl.com\/wp-content\/uploads\/2025\/06\/Solicitud-de-reconocimiento-de-vreditos.pdf\">Solicitud de reconocimiento de cre\u0301ditos<\/a><\/strong><\/p><p><strong><a href=\"https:\/\/coscyl.com\/wp-content\/uploads\/2025\/06\/Solicitud-de-transferencia-de-creditos.pdf\">Solicitud de transferencia de cre\u0301ditos<\/a><\/strong><\/p><\/div><p><b>MATRICULACI\u00d3N alumnado que contin\u00faa estudios en el COSCYL\u00a0<\/b><\/p><p>Plazo abierto<span style=\"color: #ff0000;\"> <strong>[NUEVO] <\/strong><\/span><\/p><p><span style=\"color: #ff0000;\"><span style=\"color: #000000;\">Fecha l\u00edmite: <span style=\"color: #ff0000;\"><strong>18<\/strong><\/span><span style=\"color: #ff0000;\"><strong> de septiembre de 2025 inclusive. <\/strong><a href=\"https:\/\/www.codex.pro\/codexpro\/open\/ingress.do?centreId=13&amp;id=683&amp;ingressType=enroll&amp;schoolYearId=286\">Enlace a codex para realizar la matr\u00edcula<\/a><\/span><\/span><\/span><\/p><p>\u00a0<\/p><p>\u00a0 \u00a0 \u2022\u00a0<a href=\"http:\/\/www.coscyl.com\/wp-content\/uploads\/2023\/07\/Ejemplo-Matriculacion-%E2%80%93-Antiguos-alumnos.pdf\">Ejemplo de matriculaci\u00f3n de alumnado que contin\u00faa sus estudios en el COSCYL<\/a><\/p><\/div>\n\t\t\t\t<\/div>\n\t\t\t\t\t\t\t<div class=\"elementor-toggle-item\">\n\t\t\t\t\t<h5 id=\"elementor-tab-title-9216\" class=\"elementor-tab-title\" data-tab=\"6\" role=\"button\" aria-controls=\"elementor-tab-content-9216\" aria-expanded=\"false\">\n\t\t\t\t\t\t\t\t\t\t\t\t<span class=\"elementor-toggle-icon elementor-toggle-icon-right\" aria-hidden=\"true\">\n\t\t\t\t\t\t\t\t\t\t\t\t\t\t\t<span class=\"elementor-toggle-icon-closed\"><svg xmlns=\"http:\/\/www.w3.org\/2000\/svg\" id=\"a\" width=\"43.104\" height=\"45.888\" viewbox=\"0 0 43.104 45.888\"><polygon points=\"24.096 20.16 24.096 0 19.008 0 19.008 20.16 0 20.16 0 25.248 19.008 25.248 19.008 45.888 24.096 45.888 24.096 25.248 43.104 25.248 43.104 20.16 24.096 20.16\"><\/polygon><\/svg><\/span>\n\t\t\t\t\t\t\t\t<span class=\"elementor-toggle-icon-opened\"><svg xmlns=\"http:\/\/www.w3.org\/2000\/svg\" id=\"a\" width=\"43\" height=\"6\" viewbox=\"0 0 43 6\"><rect width=\"43\" height=\"6\"><\/rect><\/svg><\/span>\n\t\t\t\t\t\t\t\t\t\t\t\t\t<\/span>\n\t\t\t\t\t\t\t\t\t\t\t\t<a class=\"elementor-toggle-title\" tabindex=\"0\">ENV\u00cdO DE LA DOCUMENTACI\u00d3N<\/a>\n\t\t\t\t\t<\/h5>\n\n\t\t\t\t\t<div id=\"elementor-tab-content-9216\" class=\"elementor-tab-content elementor-clearfix\" data-tab=\"6\" role=\"region\" aria-labelledby=\"elementor-tab-title-9216\"><p class=\"et_pb_toggle_title\"><span style=\"font-size: 16px;\">Tras realizar la matricula online, deber\u00e1 enviarse a <\/span><strong style=\"font-size: 16px;\">secretariaadministrativa@coscyl.com\u00a0<\/strong><span style=\"font-size: 16px;\">la siguiente documentaci\u00f3n:<\/span><\/p><div class=\"et_pb_toggle_content clearfix\"><div class=\"et_pb_module et_pb_text et_pb_text_24 et_pb_text_align_left et_pb_bg_layout_light\"><div class=\"et_pb_text_inner\"><ul><li>Justificante de pago realizado o documento justificativo para reducci\u00f3n o exenci\u00f3n de pago.\u00a0<\/li><li>Preferencia de profesor\u00a0para alumnos de nuevo ingreso y situaciones particulares.\u00a0<a href=\"https:\/\/coscyl.com\/wp-content\/uploads\/2024\/06\/PREFERENCIA-PROFESOR.pdf\" target=\"_blank\" rel=\"noopener\">Descargar solicitud<\/a>.<\/li><\/ul><p>La matr\u00edcula no se considerar\u00e1 confirmada si no se recibe en Secretar\u00eda Administrativa la documentaci\u00f3n, as\u00ed como si no se subsanan los errores detectados.<\/p><\/div><\/div><\/div><\/div>\n\t\t\t\t<\/div>\n\t\t\t\t\t\t\t\t<\/div>\n\t\t\t\t\t\t<\/div>\n\t\t\t\t<\/div>\n\t\t\t\t<\/div>\n\t\t\t\t<\/div>\n\t\t\t\t<\/div>","protected":false},"excerpt":{"rendered":"<p>Matr\u00edcula Curso 2025-2026 Grado en Ense\u00f1anzas Art\u00edsticas Superiores de M\u00fasica PLAZOS DE MATR\u00cdCULA Estudiantes del centro con todas las asignaturas superadas en junio: Del 25 de junio al 31 de julio de 2025. Estudiantes de nuevo ingreso: Del di\u0301a siguiente al que se publique el listado de admitidos al centro hasta el di\u0301a 16 de [&hellip;]<\/p>","protected":false},"author":1,"featured_media":0,"parent":0,"menu_order":0,"comment_status":"closed","ping_status":"closed","template":"elementor_header_footer","meta":{"footnotes":""},"class_list":["post-2059","page","type-page","status-publish","hentry"],"_links":{"self":[{"href":"https:\/\/coscyl.com\/en\/wp-json\/wp\/v2\/pages\/2059","targetHints":{"allow":["GET"]}}],"collection":[{"href":"https:\/\/coscyl.com\/en\/wp-json\/wp\/v2\/pages"}],"about":[{"href":"https:\/\/coscyl.com\/en\/wp-json\/wp\/v2\/types\/page"}],"author":[{"embeddable":true,"href":"https:\/\/coscyl.com\/en\/wp-json\/wp\/v2\/users\/1"}],"replies":[{"embeddable":true,"href":"https:\/\/coscyl.com\/en\/wp-json\/wp\/v2\/comments?post=2059"}],"version-history":[{"count":172,"href":"https:\/\/coscyl.com\/en\/wp-json\/wp\/v2\/pages\/2059\/revisions"}],"predecessor-version":[{"id":11396,"href":"https:\/\/coscyl.com\/en\/wp-json\/wp\/v2\/pages\/2059\/revisions\/11396"}],"wp:attachment":[{"href":"https:\/\/coscyl.com\/en\/wp-json\/wp\/v2\/media?parent=2059"}],"curies":[{"name":"wp","href":"https:\/\/api.w.org\/{rel}","templated":true}]}}