{"id":1653,"date":"2023-07-06T10:38:49","date_gmt":"2023-07-06T10:38:49","guid":{"rendered":"http:\/\/www.coscyl.com\/?page_id=1653"},"modified":"2023-09-20T08:19:53","modified_gmt":"2023-09-20T08:19:53","slug":"garantia-de-calidad","status":"publish","type":"page","link":"https:\/\/coscyl.com\/en\/garantia-de-calidad\/","title":{"rendered":"Garant\u00eda de Calidad"},"content":{"rendered":"<div data-elementor-type=\"wp-page\" data-elementor-id=\"1653\" class=\"elementor elementor-1653\" data-elementor-post-type=\"page\">\n\t\t\t\t<div class=\"elementor-element elementor-element-4436f2e e-con-full e-flex elementor-invisible e-con e-parent\" data-id=\"4436f2e\" data-element_type=\"container\" data-settings=\"{&quot;animation&quot;:&quot;fadeIn&quot;}\">\n\t\t\t\t<div class=\"elementor-element elementor-element-26106b9 elementor-invisible elementor-widget elementor-widget-heading\" data-id=\"26106b9\" data-element_type=\"widget\" data-settings=\"{&quot;_animation&quot;:&quot;fadeIn&quot;}\" data-widget_type=\"heading.default\">\n\t\t\t\t<div class=\"elementor-widget-container\">\n\t\t\t\t\t<h2 class=\"elementor-heading-title elementor-size-default\">Garant\u00eda de Calidad<\/h2>\t\t\t\t<\/div>\n\t\t\t\t<\/div>\n\t\t\t\t<div class=\"elementor-element elementor-element-4890710 elementor-widget-divider--view-line elementor-widget elementor-widget-divider\" data-id=\"4890710\" data-element_type=\"widget\" data-widget_type=\"divider.default\">\n\t\t\t\t<div class=\"elementor-widget-container\">\n\t\t\t\t\t\t\t<div class=\"elementor-divider\">\n\t\t\t<span class=\"elementor-divider-separator\">\n\t\t\t\t\t\t<\/span>\n\t\t<\/div>\n\t\t\t\t\t\t<\/div>\n\t\t\t\t<\/div>\n\t\t<div class=\"elementor-element elementor-element-be833b9 e-con-full e-flex e-con e-parent\" data-id=\"be833b9\" data-element_type=\"container\">\n\t\t<div class=\"elementor-element elementor-element-16f2d0a e-con-full e-flex e-con e-parent\" data-id=\"16f2d0a\" data-element_type=\"container\">\n\t\t\t\t<div class=\"elementor-element elementor-element-d7687db elementor-widget__width-initial elementor-invisible elementor-widget elementor-widget-heading\" data-id=\"d7687db\" data-element_type=\"widget\" data-settings=\"{&quot;_animation&quot;:&quot;fadeIn&quot;}\" data-widget_type=\"heading.default\">\n\t\t\t\t<div class=\"elementor-widget-container\">\n\t\t\t\t\t<h2 class=\"elementor-heading-title elementor-size-default\">Sistema Interno de Garant\u00eda de Calidad<\/h2>\t\t\t\t<\/div>\n\t\t\t\t<\/div>\n\t\t\t\t<div class=\"elementor-element elementor-element-6ac7333 elementor-widget elementor-widget-text-editor\" data-id=\"6ac7333\" data-element_type=\"widget\" data-widget_type=\"text-editor.default\">\n\t\t\t\t<div class=\"elementor-widget-container\">\n\t\t\t\t\t\t\t\t\t<p><span class=\"TextRun SCXW150372587 BCX0\" lang=\"ES-ES\" xml:lang=\"ES-ES\" data-contrast=\"auto\"><span class=\"NormalTextRun SCXW150372587 BCX0\">El Sistema Interno de Garant\u00eda de la Calidad (SIGC) del COSCYL tiene como finalidad\u00a0la realizaci\u00f3n de un seguimiento y evaluaci\u00f3n del desarrollo de las ense\u00f1anzas conducentes a los t\u00edtulos de Grado en Ense\u00f1anzas Art\u00edsticas\u00a0Superiores de M\u00fasica y M\u00e1ster en Ense\u00f1anzas Art\u00edsticas\u00a0de Interpretaci\u00f3n Musical impartidos en dicho centro, para garantizar que los objetivos establecidos para cada uno de los t\u00edtulos son alcanzados con la mayor eficacia.<\/span><\/span><\/p><p>Sus principales objetivos son\u00a0mejorar la calidad de la actividad docente y de gesti\u00f3n del centro, fomentar la excelencia educativa a partir de la participaci\u00f3n activa de toda la comunidad educativa, y constituirse en un \u00f3rgano de evaluaci\u00f3n y desarrollo de nuevas iniciativas.<\/p>\t\t\t\t\t\t\t\t<\/div>\n\t\t\t\t<\/div>\n\t\t\t\t<div class=\"elementor-element elementor-element-3704109 elementor-view-default elementor-widget elementor-widget-icon\" data-id=\"3704109\" data-element_type=\"widget\" data-widget_type=\"icon.default\">\n\t\t\t\t<div class=\"elementor-widget-container\">\n\t\t\t\t\t\t\t<div class=\"elementor-icon-wrapper\">\n\t\t\t<div class=\"elementor-icon\">\n\t\t\t<i aria-hidden=\"true\" class=\"icon icon-inbox1\"><\/i>\t\t\t<\/div>\n\t\t<\/div>\n\t\t\t\t\t\t<\/div>\n\t\t\t\t<\/div>\n\t\t\t\t<div class=\"elementor-element elementor-element-531d963 elementor-widget__width-initial elementor-invisible elementor-widget elementor-widget-heading\" data-id=\"531d963\" data-element_type=\"widget\" data-settings=\"{&quot;_animation&quot;:&quot;fadeIn&quot;}\" data-widget_type=\"heading.default\">\n\t\t\t\t<div class=\"elementor-widget-container\">\n\t\t\t\t\t<h2 class=\"elementor-heading-title elementor-size-default\">Buz\u00f3n del SIGC<\/h2>\t\t\t\t<\/div>\n\t\t\t\t<\/div>\n\t\t\t\t<div class=\"elementor-element elementor-element-4c45bfb elementor-widget elementor-widget-text-editor\" data-id=\"4c45bfb\" data-element_type=\"widget\" data-widget_type=\"text-editor.default\">\n\t\t\t\t<div class=\"elementor-widget-container\">\n\t\t\t\t\t\t\t\t\t<p>Acceso desde el \u00c1rea Privada<\/p>\t\t\t\t\t\t\t\t<\/div>\n\t\t\t\t<\/div>\n\t\t\t\t<div class=\"elementor-element elementor-element-de76b9f elementor-align-left elementor-widget__width-initial main-btn elementor-invisible elementor-widget elementor-widget-button\" data-id=\"de76b9f\" data-element_type=\"widget\" data-settings=\"{&quot;_animation&quot;:&quot;fadeIn&quot;,&quot;_animation_delay&quot;:400}\" data-widget_type=\"button.default\">\n\t\t\t\t<div class=\"elementor-widget-container\">\n\t\t\t\t\t\t\t\t\t<div class=\"elementor-button-wrapper\">\n\t\t\t\t\t<a class=\"elementor-button elementor-button-link elementor-size-sm\" href=\"https:\/\/coscyl.com\/en\/area-privada-estudiantes\/\">\n\t\t\t\t\t\t<span class=\"elementor-button-content-wrapper\">\n\t\t\t\t\t\t\t\t\t<span class=\"elementor-button-text\">Estudiantes<\/span>\n\t\t\t\t\t<\/span>\n\t\t\t\t\t<\/a>\n\t\t\t\t<\/div>\n\t\t\t\t\t\t\t\t<\/div>\n\t\t\t\t<\/div>\n\t\t\t\t<div class=\"elementor-element elementor-element-16aa1b7 elementor-align-left elementor-widget__width-initial main-btn elementor-invisible elementor-widget elementor-widget-button\" data-id=\"16aa1b7\" data-element_type=\"widget\" data-settings=\"{&quot;_animation&quot;:&quot;fadeIn&quot;,&quot;_animation_delay&quot;:400}\" data-widget_type=\"button.default\">\n\t\t\t\t<div class=\"elementor-widget-container\">\n\t\t\t\t\t\t\t\t\t<div class=\"elementor-button-wrapper\">\n\t\t\t\t\t<a class=\"elementor-button elementor-button-link elementor-size-sm\" href=\"https:\/\/coscyl.com\/en\/area-privada-docentes\/\">\n\t\t\t\t\t\t<span class=\"elementor-button-content-wrapper\">\n\t\t\t\t\t\t\t\t\t<span class=\"elementor-button-text\">Docentes<\/span>\n\t\t\t\t\t<\/span>\n\t\t\t\t\t<\/a>\n\t\t\t\t<\/div>\n\t\t\t\t\t\t\t\t<\/div>\n\t\t\t\t<\/div>\n\t\t\t\t<div class=\"elementor-element elementor-element-b2d8ef2 elementor-align-left elementor-widget__width-initial main-btn elementor-invisible elementor-widget elementor-widget-button\" data-id=\"b2d8ef2\" data-element_type=\"widget\" data-settings=\"{&quot;_animation&quot;:&quot;fadeIn&quot;,&quot;_animation_delay&quot;:400}\" data-widget_type=\"button.default\">\n\t\t\t\t<div class=\"elementor-widget-container\">\n\t\t\t\t\t\t\t\t\t<div class=\"elementor-button-wrapper\">\n\t\t\t\t\t<a class=\"elementor-button elementor-button-link elementor-size-sm\" href=\"https:\/\/coscyl.com\/en\/area-privada-pas\/\">\n\t\t\t\t\t\t<span class=\"elementor-button-content-wrapper\">\n\t\t\t\t\t\t\t\t\t<span class=\"elementor-button-text\">PAS<\/span>\n\t\t\t\t\t<\/span>\n\t\t\t\t\t<\/a>\n\t\t\t\t<\/div>\n\t\t\t\t\t\t\t\t<\/div>\n\t\t\t\t<\/div>\n\t\t\t\t<\/div>\n\t\t\t\t<div class=\"elementor-element elementor-element-6671467 elementor-widget__width-initial elementor-widget elementor-widget-toggle\" data-id=\"6671467\" data-element_type=\"widget\" id=\"garantia-calidad\" data-widget_type=\"toggle.default\">\n\t\t\t\t<div class=\"elementor-widget-container\">\n\t\t\t\t\t\t\t<div class=\"elementor-toggle\">\n\t\t\t\t\t\t\t<div class=\"elementor-toggle-item\">\n\t\t\t\t\t<h5 id=\"elementor-tab-title-1071\" class=\"elementor-tab-title\" data-tab=\"1\" role=\"button\" aria-controls=\"elementor-tab-content-1071\" aria-expanded=\"false\">\n\t\t\t\t\t\t\t\t\t\t\t\t<span class=\"elementor-toggle-icon elementor-toggle-icon-right\" aria-hidden=\"true\">\n\t\t\t\t\t\t\t\t\t\t\t\t\t\t\t<span class=\"elementor-toggle-icon-closed\"><svg xmlns=\"http:\/\/www.w3.org\/2000\/svg\" id=\"a\" width=\"43.104\" height=\"45.888\" viewbox=\"0 0 43.104 45.888\"><polygon points=\"24.096 20.16 24.096 0 19.008 0 19.008 20.16 0 20.16 0 25.248 19.008 25.248 19.008 45.888 24.096 45.888 24.096 25.248 43.104 25.248 43.104 20.16 24.096 20.16\"><\/polygon><\/svg><\/span>\n\t\t\t\t\t\t\t\t<span class=\"elementor-toggle-icon-opened\"><svg xmlns=\"http:\/\/www.w3.org\/2000\/svg\" id=\"a\" width=\"43\" height=\"6\" viewbox=\"0 0 43 6\"><rect width=\"43\" height=\"6\"><\/rect><\/svg><\/span>\n\t\t\t\t\t\t\t\t\t\t\t\t\t<\/span>\n\t\t\t\t\t\t\t\t\t\t\t\t<a class=\"elementor-toggle-title\" tabindex=\"0\">Comisi\u00f3n del Sistema Interno de Garant\u00eda de Calidad Educativa<\/a>\n\t\t\t\t\t<\/h5>\n\n\t\t\t\t\t<div id=\"elementor-tab-content-1071\" class=\"elementor-tab-content elementor-clearfix\" data-tab=\"1\" role=\"region\" aria-labelledby=\"elementor-tab-title-1071\"><div class=\"et_pb_toggle_content clearfix\"><p class=\"v1western\">Es el \u00f3rgano competente para implementar y llevar a cabo este sistema de garant\u00eda de la calidad:<\/p><ul><li class=\"v1western\"><strong>Lorenzo Meseguer Luj\u00f1an<\/strong>, Director (<a href=\"mailto:direccion@coscyl.com\" rel=\"noreferrer\">direccion@coscyl.com<\/a>)<\/li><\/ul><div style=\"text-align: justify;\">\u00a0<\/div><ul><li class=\"v1western\"><strong>Tomas Mart\u00edn L\u00f3pez<\/strong>, Coordinador del Sistema Interno de Garant\u00eda de la Calidad (<a href=\"mailto:sigc@coscyl.com\" rel=\"noreferrer\">sigc@coscyl.com<\/a>)<\/li><\/ul><div style=\"text-align: justify;\">\u00a0<\/div><ul><li class=\"v1western\"><strong>Samuel Ma\u00edllo de Pablo<\/strong>, Secretario acad\u00e9mico (<a href=\"mailto:secretario@coscyl.com\" rel=\"noreferrer\">secretario@coscyl.com<\/a>)<\/li><\/ul><div style=\"text-align: justify;\">\u00a0<\/div><ul><li class=\"v1western\"><b>\u00c1lvaro Mart\u00edn S\u00e1nchez<\/b>, Jefe de Estudios Superiores (<a href=\"mailto:jefatura@coscyl.com\" rel=\"noreferrer\">jefatura@coscyl.com<\/a>)<\/li><\/ul><div style=\"text-align: justify;\">\u00a0<\/div><ul><li class=\"v1western\"><strong>Dimitri van Halderen<\/strong>, Jefe de Estudios de M\u00e1ster (<a href=\"mailto:master@coscyl.com\" rel=\"noreferrer\">master@coscyl.com<\/a>)<\/li><\/ul><div style=\"text-align: justify;\">\u00a0<\/div><ul><li class=\"v1western\"><strong>Yolanda Alonso<\/strong>, Representante del profesorado de los Estudios Superiores<\/li><\/ul><div style=\"text-align: justify;\">\u00a0<\/div><ul><li class=\"v1western\"><strong>Dan Segura<\/strong>, Representante del profesorado de M\u00e1ster<\/li><\/ul><div style=\"text-align: justify;\">\u00a0<\/div><ul><li class=\"v1western\"><strong>Samuel Tejada Tejada<\/strong>, Representante del alumnado de los Estudios Superiores<\/li><\/ul><div style=\"text-align: justify;\">\u00a0<\/div><ul><li class=\"v1western\"><strong>\u00c1ngela L\u00f3pez S\u00e1nchez<\/strong>, Representante del alumnado de M\u00e1ster<\/li><\/ul><\/div><\/div>\n\t\t\t\t<\/div>\n\t\t\t\t\t\t\t<div class=\"elementor-toggle-item\">\n\t\t\t\t\t<h5 id=\"elementor-tab-title-1072\" class=\"elementor-tab-title\" data-tab=\"2\" role=\"button\" aria-controls=\"elementor-tab-content-1072\" aria-expanded=\"false\">\n\t\t\t\t\t\t\t\t\t\t\t\t<span class=\"elementor-toggle-icon elementor-toggle-icon-right\" aria-hidden=\"true\">\n\t\t\t\t\t\t\t\t\t\t\t\t\t\t\t<span class=\"elementor-toggle-icon-closed\"><svg xmlns=\"http:\/\/www.w3.org\/2000\/svg\" id=\"a\" width=\"43.104\" height=\"45.888\" viewbox=\"0 0 43.104 45.888\"><polygon points=\"24.096 20.16 24.096 0 19.008 0 19.008 20.16 0 20.16 0 25.248 19.008 25.248 19.008 45.888 24.096 45.888 24.096 25.248 43.104 25.248 43.104 20.16 24.096 20.16\"><\/polygon><\/svg><\/span>\n\t\t\t\t\t\t\t\t<span class=\"elementor-toggle-icon-opened\"><svg xmlns=\"http:\/\/www.w3.org\/2000\/svg\" id=\"a\" width=\"43\" height=\"6\" viewbox=\"0 0 43 6\"><rect width=\"43\" height=\"6\"><\/rect><\/svg><\/span>\n\t\t\t\t\t\t\t\t\t\t\t\t\t<\/span>\n\t\t\t\t\t\t\t\t\t\t\t\t<a class=\"elementor-toggle-title\" tabindex=\"0\">Buz\u00f3n permanente de atenci\u00f3n a al comunidad educativa<\/a>\n\t\t\t\t\t<\/h5>\n\n\t\t\t\t\t<div id=\"elementor-tab-content-1072\" class=\"elementor-tab-content elementor-clearfix\" data-tab=\"2\" role=\"region\" aria-labelledby=\"elementor-tab-title-1072\"><p class=\"v1western\">La comunidad educativa del COSCYL puede en todo momento dejar sus dudas, sugerencias, quejas y comentarios, completando el siguiente formulario de manera an\u00f3nima.<\/p><p class=\"v1western\">Tambi\u00e9n puede hacerlo en cada uno de los cuestionarios de satisfacci\u00f3n que se mandan cada a\u00f1o y contactando con el coordinador del SIGC o sus representantes en la comisi\u00f3n.<\/p><\/div>\n\t\t\t\t<\/div>\n\t\t\t\t\t\t\t<div class=\"elementor-toggle-item\">\n\t\t\t\t\t<h5 id=\"elementor-tab-title-1073\" class=\"elementor-tab-title\" data-tab=\"3\" role=\"button\" aria-controls=\"elementor-tab-content-1073\" aria-expanded=\"false\">\n\t\t\t\t\t\t\t\t\t\t\t\t<span class=\"elementor-toggle-icon elementor-toggle-icon-right\" aria-hidden=\"true\">\n\t\t\t\t\t\t\t\t\t\t\t\t\t\t\t<span class=\"elementor-toggle-icon-closed\"><svg xmlns=\"http:\/\/www.w3.org\/2000\/svg\" id=\"a\" width=\"43.104\" height=\"45.888\" viewbox=\"0 0 43.104 45.888\"><polygon points=\"24.096 20.16 24.096 0 19.008 0 19.008 20.16 0 20.16 0 25.248 19.008 25.248 19.008 45.888 24.096 45.888 24.096 25.248 43.104 25.248 43.104 20.16 24.096 20.16\"><\/polygon><\/svg><\/span>\n\t\t\t\t\t\t\t\t<span class=\"elementor-toggle-icon-opened\"><svg xmlns=\"http:\/\/www.w3.org\/2000\/svg\" id=\"a\" width=\"43\" height=\"6\" viewbox=\"0 0 43 6\"><rect width=\"43\" height=\"6\"><\/rect><\/svg><\/span>\n\t\t\t\t\t\t\t\t\t\t\t\t\t<\/span>\n\t\t\t\t\t\t\t\t\t\t\t\t<a class=\"elementor-toggle-title\" tabindex=\"0\">Cuestionarios de Satisfacci\u00f3n vigentes<\/a>\n\t\t\t\t\t<\/h5>\n\n\t\t\t\t\t<div id=\"elementor-tab-content-1073\" class=\"elementor-tab-content elementor-clearfix\" data-tab=\"3\" role=\"region\" aria-labelledby=\"elementor-tab-title-1073\"><p><strong>ALUMNADO ACTUAL<\/strong><\/p><ul><li><a href=\"http:\/\/www.coscyl.com\/wp-content\/uploads\/2023\/07\/Satisfaccion-alumnado-de-los-Estudios-Superiores.pdf\">Satisfacci\u00f3n del alumnado de Estudios Superiores<\/a><\/li><li><a href=\"http:\/\/www.coscyl.com\/wp-content\/uploads\/2023\/07\/Satisfaccion-alumnado-del-Master.pdf\">Satisfacci\u00f3n del alumnado de M\u00e1ster<\/a><\/li><li><a href=\"http:\/\/www.coscyl.com\/wp-content\/uploads\/2023\/07\/Satisfaccion-alumnos-sobre-la-docencia-en-los-Estudios-Superiores.pdf\">Satisfacci\u00f3n del alumnado sobre la docencia de Estudios Superiores<\/a><\/li><li><a href=\"http:\/\/www.coscyl.com\/wp-content\/uploads\/2023\/07\/Satisfaccion-alumnos-sobre-la-docencia-en-el-Master.pdf\">Satisfacci\u00f3n del alumnado sobre la docencia de M\u00e1ster<\/a><\/li><\/ul><p>\u00a0<\/p><p><strong>ALUMNADO EGRESADO<\/strong><\/p><ul><li><a href=\"http:\/\/www.coscyl.com\/wp-content\/uploads\/2023\/07\/Satisfaccion-egresados-de-los-Estudios-Superiores.pdf\">Satisfacci\u00f3n del alumnado egresado de Estudios Superiores<\/a><\/li><li><a href=\"http:\/\/www.coscyl.com\/wp-content\/uploads\/2023\/07\/Satisfaccion-egresados-del-Master.pdf\">Satisfacci\u00f3n del alumnado egresado de M\u00e1ster<\/a><\/li><\/ul><p>\u00a0<\/p><p><strong>PROFESORADO<\/strong><\/p><ul><li><a href=\"http:\/\/www.coscyl.com\/wp-content\/uploads\/2023\/07\/Satisfaccion-profesorado-de-los-Estudios-Superiores.pdf\">Satisfacci\u00f3n del profesorado de Estudios Superiores<\/a><\/li><li><a href=\"http:\/\/www.coscyl.com\/wp-content\/uploads\/2023\/07\/Satisfaccion-profesorado-de-Master.pdf\">Satisfacci\u00f3n del profesorado de M\u00e1ster<\/a><\/li><li><a href=\"http:\/\/www.coscyl.com\/wp-content\/uploads\/2023\/07\/Satisfaccion-tutores-academicos-de-Master.pdf\">Satisfacci\u00f3n de tutores acad\u00e9micos de pr\u00e1cticas de M\u00e1ster<\/a><\/li><li><a href=\"http:\/\/www.coscyl.com\/wp-content\/uploads\/2023\/07\/Satisfaccion-tutores-de-practicas-de-Master.pdf\">Satisfacci\u00f3n de tutores de pr\u00e1cticas de la entidad colaboradora de M\u00e1ster<\/a><\/li><\/ul><p>\u00a0<\/p><p><strong>PAS<\/strong><\/p><ul><li><a href=\"http:\/\/www.coscyl.com\/wp-content\/uploads\/2023\/07\/Satisfaccion-personal-administracion-y-servicios.pdf\">Satisfacci\u00f3n del Personal de Administraci\u00f3n y Servicios<\/a><\/li><\/ul><\/div>\n\t\t\t\t<\/div>\n\t\t\t\t\t\t\t<div class=\"elementor-toggle-item\">\n\t\t\t\t\t<h5 id=\"elementor-tab-title-1074\" class=\"elementor-tab-title\" data-tab=\"4\" role=\"button\" aria-controls=\"elementor-tab-content-1074\" aria-expanded=\"false\">\n\t\t\t\t\t\t\t\t\t\t\t\t<span class=\"elementor-toggle-icon elementor-toggle-icon-right\" aria-hidden=\"true\">\n\t\t\t\t\t\t\t\t\t\t\t\t\t\t\t<span class=\"elementor-toggle-icon-closed\"><svg xmlns=\"http:\/\/www.w3.org\/2000\/svg\" id=\"a\" width=\"43.104\" height=\"45.888\" viewbox=\"0 0 43.104 45.888\"><polygon points=\"24.096 20.16 24.096 0 19.008 0 19.008 20.16 0 20.16 0 25.248 19.008 25.248 19.008 45.888 24.096 45.888 24.096 25.248 43.104 25.248 43.104 20.16 24.096 20.16\"><\/polygon><\/svg><\/span>\n\t\t\t\t\t\t\t\t<span class=\"elementor-toggle-icon-opened\"><svg xmlns=\"http:\/\/www.w3.org\/2000\/svg\" id=\"a\" width=\"43\" height=\"6\" viewbox=\"0 0 43 6\"><rect width=\"43\" height=\"6\"><\/rect><\/svg><\/span>\n\t\t\t\t\t\t\t\t\t\t\t\t\t<\/span>\n\t\t\t\t\t\t\t\t\t\t\t\t<a class=\"elementor-toggle-title\" tabindex=\"0\">Resultados de la Evaluaci\u00f3n del SIGC<\/a>\n\t\t\t\t\t<\/h5>\n\n\t\t\t\t\t<div id=\"elementor-tab-content-1074\" class=\"elementor-tab-content elementor-clearfix\" data-tab=\"4\" role=\"region\" aria-labelledby=\"elementor-tab-title-1074\"><p>Pr\u00f3ximamente<\/p><\/div>\n\t\t\t\t<\/div>\n\t\t\t\t\t\t\t<div class=\"elementor-toggle-item\">\n\t\t\t\t\t<h5 id=\"elementor-tab-title-1075\" class=\"elementor-tab-title\" data-tab=\"5\" role=\"button\" aria-controls=\"elementor-tab-content-1075\" aria-expanded=\"false\">\n\t\t\t\t\t\t\t\t\t\t\t\t<span class=\"elementor-toggle-icon elementor-toggle-icon-right\" aria-hidden=\"true\">\n\t\t\t\t\t\t\t\t\t\t\t\t\t\t\t<span class=\"elementor-toggle-icon-closed\"><svg xmlns=\"http:\/\/www.w3.org\/2000\/svg\" id=\"a\" width=\"43.104\" height=\"45.888\" viewbox=\"0 0 43.104 45.888\"><polygon points=\"24.096 20.16 24.096 0 19.008 0 19.008 20.16 0 20.16 0 25.248 19.008 25.248 19.008 45.888 24.096 45.888 24.096 25.248 43.104 25.248 43.104 20.16 24.096 20.16\"><\/polygon><\/svg><\/span>\n\t\t\t\t\t\t\t\t<span class=\"elementor-toggle-icon-opened\"><svg xmlns=\"http:\/\/www.w3.org\/2000\/svg\" id=\"a\" width=\"43\" height=\"6\" viewbox=\"0 0 43 6\"><rect width=\"43\" height=\"6\"><\/rect><\/svg><\/span>\n\t\t\t\t\t\t\t\t\t\t\t\t\t<\/span>\n\t\t\t\t\t\t\t\t\t\t\t\t<a class=\"elementor-toggle-title\" tabindex=\"0\">Plan de Desarrollo de la Calidad y Excelencia Educativa de los SIGC<\/a>\n\t\t\t\t\t<\/h5>\n\n\t\t\t\t\t<div id=\"elementor-tab-content-1075\" class=\"elementor-tab-content elementor-clearfix\" data-tab=\"5\" role=\"region\" aria-labelledby=\"elementor-tab-title-1075\"><p>Pr\u00f3ximamente<\/p><\/div>\n\t\t\t\t<\/div>\n\t\t\t\t\t\t\t<div class=\"elementor-toggle-item\">\n\t\t\t\t\t<h5 id=\"elementor-tab-title-1076\" class=\"elementor-tab-title\" data-tab=\"6\" role=\"button\" aria-controls=\"elementor-tab-content-1076\" aria-expanded=\"false\">\n\t\t\t\t\t\t\t\t\t\t\t\t<span class=\"elementor-toggle-icon elementor-toggle-icon-right\" aria-hidden=\"true\">\n\t\t\t\t\t\t\t\t\t\t\t\t\t\t\t<span class=\"elementor-toggle-icon-closed\"><svg xmlns=\"http:\/\/www.w3.org\/2000\/svg\" id=\"a\" width=\"43.104\" height=\"45.888\" viewbox=\"0 0 43.104 45.888\"><polygon points=\"24.096 20.16 24.096 0 19.008 0 19.008 20.16 0 20.16 0 25.248 19.008 25.248 19.008 45.888 24.096 45.888 24.096 25.248 43.104 25.248 43.104 20.16 24.096 20.16\"><\/polygon><\/svg><\/span>\n\t\t\t\t\t\t\t\t<span class=\"elementor-toggle-icon-opened\"><svg xmlns=\"http:\/\/www.w3.org\/2000\/svg\" id=\"a\" width=\"43\" height=\"6\" viewbox=\"0 0 43 6\"><rect width=\"43\" height=\"6\"><\/rect><\/svg><\/span>\n\t\t\t\t\t\t\t\t\t\t\t\t\t<\/span>\n\t\t\t\t\t\t\t\t\t\t\t\t<a class=\"elementor-toggle-title\" tabindex=\"0\">Acreditaci\u00f3n del M\u00e1ster en Interpretaci\u00f3n Musical (ACSUCYL)<\/a>\n\t\t\t\t\t<\/h5>\n\n\t\t\t\t\t<div id=\"elementor-tab-content-1076\" class=\"elementor-tab-content elementor-clearfix\" data-tab=\"6\" role=\"region\" aria-labelledby=\"elementor-tab-title-1076\"><ul><li><a href=\"http:\/\/www.coscyl.com\/wp-content\/uploads\/2023\/07\/ACSUCYL-2021-MEnsArt_InterpretacionMusical.pdf\">Informe final de la comisi\u00f3n de evaluaci\u00f3n de titulaciones<\/a> (07.05.2021)<\/li><\/ul><\/div>\n\t\t\t\t<\/div>\n\t\t\t\t\t\t\t\t<\/div>\n\t\t\t\t\t\t<\/div>\n\t\t\t\t<\/div>\n\t\t\t\t<\/div>\n\t\t\t\t<\/div>\n\t\t\t\t<\/div>","protected":false},"excerpt":{"rendered":"<p>Garant\u00eda de Calidad Sistema Interno de Garant\u00eda de Calidad El Sistema Interno de Garant\u00eda de la Calidad (SIGC) del COSCYL tiene como finalidad\u00a0la realizaci\u00f3n de un seguimiento y evaluaci\u00f3n del desarrollo de las ense\u00f1anzas conducentes a los t\u00edtulos de Grado en Ense\u00f1anzas Art\u00edsticas\u00a0Superiores de M\u00fasica y M\u00e1ster en Ense\u00f1anzas Art\u00edsticas\u00a0de Interpretaci\u00f3n Musical impartidos en dicho [&hellip;]<\/p>","protected":false},"author":1,"featured_media":0,"parent":0,"menu_order":0,"comment_status":"closed","ping_status":"closed","template":"elementor_header_footer","meta":{"footnotes":""},"class_list":["post-1653","page","type-page","status-publish","hentry"],"_links":{"self":[{"href":"https:\/\/coscyl.com\/en\/wp-json\/wp\/v2\/pages\/1653","targetHints":{"allow":["GET"]}}],"collection":[{"href":"https:\/\/coscyl.com\/en\/wp-json\/wp\/v2\/pages"}],"about":[{"href":"https:\/\/coscyl.com\/en\/wp-json\/wp\/v2\/types\/page"}],"author":[{"embeddable":true,"href":"https:\/\/coscyl.com\/en\/wp-json\/wp\/v2\/users\/1"}],"replies":[{"embeddable":true,"href":"https:\/\/coscyl.com\/en\/wp-json\/wp\/v2\/comments?post=1653"}],"version-history":[{"count":70,"href":"https:\/\/coscyl.com\/en\/wp-json\/wp\/v2\/pages\/1653\/revisions"}],"predecessor-version":[{"id":5434,"href":"https:\/\/coscyl.com\/en\/wp-json\/wp\/v2\/pages\/1653\/revisions\/5434"}],"wp:attachment":[{"href":"https:\/\/coscyl.com\/en\/wp-json\/wp\/v2\/media?parent=1653"}],"curies":[{"name":"wp","href":"https:\/\/api.w.org\/{rel}","templated":true}]}}