{"id":1579,"date":"2023-07-05T18:43:58","date_gmt":"2023-07-05T18:43:58","guid":{"rendered":"http:\/\/www.coscyl.com\/?page_id=1579"},"modified":"2023-09-20T08:17:18","modified_gmt":"2023-09-20T08:17:18","slug":"instalaciones","status":"publish","type":"page","link":"https:\/\/coscyl.com\/en\/instalaciones\/","title":{"rendered":"Instalaciones"},"content":{"rendered":"<div data-elementor-type=\"wp-page\" data-elementor-id=\"1579\" class=\"elementor elementor-1579\" data-elementor-post-type=\"page\">\n\t\t\t\t<div class=\"elementor-element elementor-element-4436f2e e-con-full e-flex elementor-invisible e-con e-parent\" data-id=\"4436f2e\" data-element_type=\"container\" data-settings=\"{&quot;animation&quot;:&quot;fadeIn&quot;}\">\n\t\t\t\t<div class=\"elementor-element elementor-element-26106b9 elementor-invisible elementor-widget elementor-widget-heading\" data-id=\"26106b9\" data-element_type=\"widget\" data-settings=\"{&quot;_animation&quot;:&quot;fadeIn&quot;}\" data-widget_type=\"heading.default\">\n\t\t\t\t<div class=\"elementor-widget-container\">\n\t\t\t\t\t<h2 class=\"elementor-heading-title elementor-size-default\">Instalaciones<\/h2>\t\t\t\t<\/div>\n\t\t\t\t<\/div>\n\t\t\t\t<div class=\"elementor-element elementor-element-4890710 elementor-widget-divider--view-line elementor-widget elementor-widget-divider\" data-id=\"4890710\" data-element_type=\"widget\" data-widget_type=\"divider.default\">\n\t\t\t\t<div class=\"elementor-widget-container\">\n\t\t\t\t\t\t\t<div class=\"elementor-divider\">\n\t\t\t<span class=\"elementor-divider-separator\">\n\t\t\t\t\t\t<\/span>\n\t\t<\/div>\n\t\t\t\t\t\t<\/div>\n\t\t\t\t<\/div>\n\t\t<div class=\"elementor-element elementor-element-a247d97 e-con-full e-grid e-con e-parent\" data-id=\"a247d97\" data-element_type=\"container\">\n\t\t<div class=\"elementor-element elementor-element-2a81a13 e-con-full e-flex elementor-invisible e-con e-parent\" data-id=\"2a81a13\" data-element_type=\"container\" data-settings=\"{&quot;animation&quot;:&quot;fadeIn&quot;,&quot;animation_delay&quot;:500}\">\n\t\t\t\t<div class=\"elementor-element elementor-element-a521b3d elementor-invisible elementor-widget elementor-widget-heading\" data-id=\"a521b3d\" data-element_type=\"widget\" data-settings=\"{&quot;_animation&quot;:&quot;fadeIn&quot;}\" data-widget_type=\"heading.default\">\n\t\t\t\t<div class=\"elementor-widget-container\">\n\t\t\t\t\t<h2 class=\"elementor-heading-title elementor-size-default\">\"Dise\u00f1ado arquitect\u00f3nicamente para la ense\u00f1anza de la m\u00fasica en nivel superior\"<\/h2>\t\t\t\t<\/div>\n\t\t\t\t<\/div>\n\t\t\t\t<div class=\"elementor-element elementor-element-60ca563 elementor-invisible elementor-widget elementor-widget-text-editor\" data-id=\"60ca563\" data-element_type=\"widget\" data-settings=\"{&quot;_animation&quot;:&quot;fadeIn&quot;}\" data-widget_type=\"text-editor.default\">\n\t\t\t\t<div class=\"elementor-widget-container\">\n\t\t\t\t\t\t\t\t\t<p>Dise\u00f1ado arquitect\u00f3nicamente para la ense\u00f1anza de la m\u00fasica en nivel superior, el <strong>Conservatorio Superior de Castilla y Le\u00f3n<\/strong>&nbsp;re\u00fane todas las caracter\u00edsticas y servicios que exige su finalidad.<\/p>\n<ul>\n<li><strong>Zona de gesti\u00f3n<\/strong>&nbsp;y&nbsp;<strong>administraci\u00f3n<\/strong>&nbsp;en espacio independiente, de f\u00e1cil acceso desde el interior y exterior del edificio.<\/li><\/ul><div><br><\/div><ul>\n<li><strong>Sala de profesores<\/strong>&nbsp;con una amplia zona para claustros y reuniones colectivas, y peque\u00f1os espacios para charla y convivencia en grupos reducidos.<\/li><\/ul><div><br><\/div><ul>\n<li><strong>5 despachos<\/strong>&nbsp;para los distintos departamentos, seminarios, tutor\u00edas, grupos de trabajo y otras necesidades de la actividad docente. Todas ellas disponen de sistema inform\u00e1tico y acceso a las redes de comunicaci\u00f3n.<\/li>\n<\/ul>\t\t\t\t\t\t\t\t<\/div>\n\t\t\t\t<\/div>\n\t\t\t\t<div class=\"elementor-element elementor-element-b6b9cae elementor-invisible elementor-widget elementor-widget-image\" data-id=\"b6b9cae\" data-element_type=\"widget\" data-settings=\"{&quot;_animation&quot;:&quot;fadeIn&quot;}\" data-widget_type=\"image.default\">\n\t\t\t\t<div class=\"elementor-widget-container\">\n\t\t\t\t\t\t\t\t\t\t\t\t\t\t\t<img fetchpriority=\"high\" decoding=\"async\" width=\"800\" height=\"533\" src=\"https:\/\/coscyl.com\/wp-content\/uploads\/2023\/08\/Foto-orquesta-Coscyl-Jun-2023-1024x682.jpg\" class=\"attachment-large size-large wp-image-4758\" alt=\"\" srcset=\"https:\/\/coscyl.com\/wp-content\/uploads\/2023\/08\/Foto-orquesta-Coscyl-Jun-2023-1024x682.jpg 1024w, https:\/\/coscyl.com\/wp-content\/uploads\/2023\/08\/Foto-orquesta-Coscyl-Jun-2023-300x200.jpg 300w, https:\/\/coscyl.com\/wp-content\/uploads\/2023\/08\/Foto-orquesta-Coscyl-Jun-2023-768x511.jpg 768w, https:\/\/coscyl.com\/wp-content\/uploads\/2023\/08\/Foto-orquesta-Coscyl-Jun-2023-1536x1022.jpg 1536w, https:\/\/coscyl.com\/wp-content\/uploads\/2023\/08\/Foto-orquesta-Coscyl-Jun-2023-2048x1363.jpg 2048w, https:\/\/coscyl.com\/wp-content\/uploads\/2023\/08\/Foto-orquesta-Coscyl-Jun-2023-18x12.jpg 18w\" sizes=\"(max-width: 800px) 100vw, 800px\" \/>\t\t\t\t\t\t\t\t\t\t\t\t\t\t\t<\/div>\n\t\t\t\t<\/div>\n\t\t\t\t<\/div>\n\t\t<div class=\"elementor-element elementor-element-dbc09e8 e-con-full elementor-hidden-tablet elementor-hidden-mobile e-flex elementor-invisible e-con e-parent\" data-id=\"dbc09e8\" data-element_type=\"container\" data-settings=\"{&quot;background_background&quot;:&quot;classic&quot;,&quot;animation&quot;:&quot;fadeInRight&quot;,&quot;animation_delay&quot;:0}\">\n\t\t\t\t<\/div>\n\t\t\t\t<\/div>\n\t\t\t\t<\/div>\n\t\t<div class=\"elementor-element elementor-element-a1c8b35 e-con-full e-flex e-con e-parent\" data-id=\"a1c8b35\" data-element_type=\"container\" data-settings=\"{&quot;background_background&quot;:&quot;classic&quot;}\">\n\t\t\t\t<div class=\"elementor-element elementor-element-be3b726 elementor-widget__width-inherit elementor-invisible elementor-widget elementor-widget-heading\" data-id=\"be3b726\" data-element_type=\"widget\" data-settings=\"{&quot;_animation&quot;:&quot;fadeIn&quot;}\" data-widget_type=\"heading.default\">\n\t\t\t\t<div class=\"elementor-widget-container\">\n\t\t\t\t\t<h2 class=\"elementor-heading-title elementor-size-default\">M\u00e1s servicios<\/h2>\t\t\t\t<\/div>\n\t\t\t\t<\/div>\n\t\t\t\t<\/div>\n\t\t<div class=\"elementor-element elementor-element-87867c5 e-con-full e-grid e-con e-parent\" data-id=\"87867c5\" data-element_type=\"container\" data-settings=\"{&quot;background_background&quot;:&quot;classic&quot;}\">\n\t\t\t\t<div class=\"elementor-element elementor-element-5e8e1fd elementor-invisible elementor-widget elementor-widget-text-editor\" data-id=\"5e8e1fd\" data-element_type=\"widget\" data-settings=\"{&quot;_animation&quot;:&quot;fadeIn&quot;}\" data-widget_type=\"text-editor.default\">\n\t\t\t\t<div class=\"elementor-widget-container\">\n\t\t\t\t\t\t\t\t\t<ul><li><strong>47 aulas insonorizadas<\/strong>\u00a0con dotaci\u00f3n completa en instrumentos, mobiliario, equipos de reproducci\u00f3n y grabaci\u00f3n de sonidos y complementos.<\/li><\/ul><p>\u00a0<\/p><ul><li><strong>16 cabinas<\/strong>\u00a0individuales de estudio con la correspondiente dotaci\u00f3n, convenientemente aisladas e insonorizadas.<\/li><\/ul><p>\u00a0<\/p><ul><li><strong>2 salas tipo anfiteatro,<\/strong>\u00a0aptas para ensayos, audiciones de alumnos y conciertos de c\u00e1mara con asistencia de p\u00fablico, clases y cursos a grupos numerosos.<\/li><\/ul><p>\u00a0<\/p><ul><li><strong>Sala de alumnos<\/strong>\u00a0para reuniones, asociaciones y otras necesidades de convivencia del alumnado. Dispone de conexi\u00f3n a Internet.<\/li><\/ul><p>\u00a0<\/p><ul><li><strong>Auditorio<\/strong>\u00a0dotado de un escenario con capacidad para orquesta sinf\u00f3nica y con aforo para 400 espectadores.<\/li><\/ul><p>\u00a0<\/p><ul><li><strong>Sala de grabaci\u00f3n<\/strong>\u00a0comunicada con el auditorio y con equipo profesional para toma de sonido e imagen.<\/li><\/ul>\t\t\t\t\t\t\t\t<\/div>\n\t\t\t\t<\/div>\n\t\t\t\t<div class=\"elementor-element elementor-element-9f6df20 elementor-invisible elementor-widget elementor-widget-text-editor\" data-id=\"9f6df20\" data-element_type=\"widget\" data-settings=\"{&quot;_animation&quot;:&quot;fadeIn&quot;}\" data-widget_type=\"text-editor.default\">\n\t\t\t\t<div class=\"elementor-widget-container\">\n\t\t\t\t\t\t\t\t\t<ul><li><strong>Biblioteca<\/strong>\u00a0especializada con 20.000 vol\u00famenes, con servicio de pr\u00e9stamo a profesores y alumnos.<\/li><\/ul><p>\u00a0<\/p><ul><li><strong>Cafeter\u00eda<\/strong>\u00a0<strong>y restaurante<\/strong>\u00a0gestionados por profesionales del ramo, con precios asequibles. El buen estilo del servicio viene haciendo de este recinto uno de los espacios de convivencia preferido por el alumnado.<\/li><\/ul><p>\u00a0<\/p><ul><li><strong>56 taquillas<\/strong>\u00a0de diferentes dimensiones para el alumnado.<\/li><\/ul><p>\u00a0<\/p><ul><li><strong>Jardines<\/strong>\u00a0y zonas de descanso en el exterior del edificio, estructuras para anclaje de bicicletas y patines.<\/li><\/ul>\t\t\t\t\t\t\t\t<\/div>\n\t\t\t\t<\/div>\n\t\t\t\t<\/div>\n\t\t\t\t<\/div>","protected":false},"excerpt":{"rendered":"<p>Instalaciones \u00abDise\u00f1ado arquitect\u00f3nicamente para la ense\u00f1anza de la m\u00fasica en nivel superior\u00bb Dise\u00f1ado arquitect\u00f3nicamente para la ense\u00f1anza de la m\u00fasica en nivel superior, el Conservatorio Superior de Castilla y Le\u00f3n&nbsp;re\u00fane todas las caracter\u00edsticas y servicios que exige su finalidad. Zona de gesti\u00f3n&nbsp;y&nbsp;administraci\u00f3n&nbsp;en espacio independiente, de f\u00e1cil acceso desde el interior y exterior del edificio. Sala [&hellip;]<\/p>","protected":false},"author":1,"featured_media":0,"parent":0,"menu_order":0,"comment_status":"closed","ping_status":"closed","template":"elementor_header_footer","meta":{"footnotes":""},"class_list":["post-1579","page","type-page","status-publish","hentry"],"_links":{"self":[{"href":"https:\/\/coscyl.com\/en\/wp-json\/wp\/v2\/pages\/1579","targetHints":{"allow":["GET"]}}],"collection":[{"href":"https:\/\/coscyl.com\/en\/wp-json\/wp\/v2\/pages"}],"about":[{"href":"https:\/\/coscyl.com\/en\/wp-json\/wp\/v2\/types\/page"}],"author":[{"embeddable":true,"href":"https:\/\/coscyl.com\/en\/wp-json\/wp\/v2\/users\/1"}],"replies":[{"embeddable":true,"href":"https:\/\/coscyl.com\/en\/wp-json\/wp\/v2\/comments?post=1579"}],"version-history":[{"count":55,"href":"https:\/\/coscyl.com\/en\/wp-json\/wp\/v2\/pages\/1579\/revisions"}],"predecessor-version":[{"id":5428,"href":"https:\/\/coscyl.com\/en\/wp-json\/wp\/v2\/pages\/1579\/revisions\/5428"}],"wp:attachment":[{"href":"https:\/\/coscyl.com\/en\/wp-json\/wp\/v2\/media?parent=1579"}],"curies":[{"name":"wp","href":"https:\/\/api.w.org\/{rel}","templated":true}]}}